{"id":1404,"date":"2019-01-16T00:00:00","date_gmt":"2019-01-15T21:00:00","guid":{"rendered":"https:\/\/bodur.com.tr\/urun\/takim-arabali-calisma-masasi-bd-36-15-21"},"modified":"2026-03-20T14:36:39","modified_gmt":"2026-03-20T11:36:39","slug":"tool-cart-work-desk-bd-36-15-21","status":"publish","type":"product","link":"https:\/\/bodur.com.tr\/en\/urun\/takim-arabali-calisma-masasi-bd-36-15-21","title":{"rendered":"BD.36.15.21"},"content":{"rendered":"","protected":false},"excerpt":{"rendered":"<p><span style=\"color: #275da4; font-size: 20px; letter-spacing: -0.3px; font-weight: 500; line-height: 26px;\"> Developed as a reliable and robust solution for industrial environments, the 36.15.21 combines enterprise needs with a functional design that offers effective features. <\/span><\/p>\n<hr \/>\n<ul>\n<li>Dimensions: H1025xW3700xD750 mm.<\/li>\n<li>265 kg excluding accessories.<\/li>\n<li>DKP and HRP sheet metal materials.<\/li>\n<li>Electrostatic powder coating.<\/li>\n<li>RAL5015 (Blue) and RAL7035 (Light Grey) (Interchangeable)<\/li>\n<li>Table dimensions: W3700xD690<\/li>\n<li>Standard 30 mm MDF + 2.5 mm PVC coated tabletop. (Changeable)<\/li>\n<li>6 covered 220V grounded sockets. (IP44 Protection Class)<\/li>\n<li>1 rotary switch.<\/li>\n<\/ul>","protected":false},"featured_media":40907,"template":"","meta":[],"product_brand":[],"product_cat":[166],"product_tag":[],"class_list":{"0":"post-1404","1":"product","2":"type-product","3":"status-publish","4":"has-post-thumbnail","6":"product_cat-proline-calisma-tezgahlari","8":"first","9":"instock","10":"shipping-taxable","11":"product-type-simple"},"yoast_head":"<!-- This site is optimized with the Yoast SEO plugin v27.4 - https:\/\/yoast.com\/product\/yoast-seo-wordpress\/ -->\n<title>BD.36.15.21<\/title>\n<meta name=\"robots\" content=\"index, follow, max-snippet:-1, max-image-preview:large, max-video-preview:-1\" \/>\n<link rel=\"canonical\" href=\"https:\/\/bodur.com.tr\/en\/product\/tool-cart-work-desk-bd-36-15-21\/\" \/>\n<meta property=\"og:locale\" content=\"en_US\" \/>\n<meta property=\"og:type\" content=\"article\" \/>\n<meta property=\"og:title\" content=\"BD.36.15.21\" \/>\n<meta property=\"og:description\" content=\"End\u00fcstriyel ortamlarda g\u00fcvenilir ve dayan\u0131kl\u0131 bir \u00e7\u00f6z\u00fcm olarak geli\u015ftirilen 36.15.21, kurumsal ihtiya\u00e7lar\u0131 etkin \u00f6zelliklere sahip fonksiyonel bir tasar\u0131mda birle\u015ftiriyor.       H1025xW3700xD750 mm boyutlar\u0131nda.  Aksesuarlar hari\u00e7 265 kg.  DKP ve HRP sac malzeme.  Elektrostatik toz boya.  RAL5015 (Mavi) ve RAL7035 (A\u00e7\u0131k Gri)\u00a0 (De\u011fi\u015ftirilebilir)  W3700xD690 Tabla \u00f6l\u00e7\u00fcs\u00fc  Standart 30 mm MDF + 2,5 mm PVC Kaplama tabla.(De\u011fi\u015ftirilebilir)  6 adet kapakl\u0131 220 V toprakl\u0131 priz. (IP44 Koruma S\u0131n\u0131f\u0131)  1 adet pako \u015falter.\" \/>\n<meta property=\"og:url\" content=\"https:\/\/bodur.com.tr\/en\/product\/tool-cart-work-desk-bd-36-15-21\/\" \/>\n<meta property=\"og:site_name\" content=\"Bodur End\u00fcstriyel\" \/>\n<meta property=\"article:publisher\" content=\"https:\/\/www.facebook.com\/bodurendustriyel\" \/>\n<meta property=\"article:modified_time\" content=\"2026-03-20T11:36:39+00:00\" \/>\n<meta property=\"og:image\" content=\"https:\/\/bodur.com.tr\/wp-content\/uploads\/BT361521_Calisma_Masasi_H1025xW3700xD750_01.jpg\" \/>\n\t<meta property=\"og:image:width\" content=\"2480\" \/>\n\t<meta property=\"og:image:height\" content=\"2480\" \/>\n\t<meta property=\"og:image:type\" content=\"image\/jpeg\" \/>\n<meta name=\"twitter:card\" content=\"summary_large_image\" \/>\n<script type=\"application\/ld+json\" class=\"yoast-schema-graph\">{\"@context\":\"https:\\\/\\\/schema.org\",\"@graph\":[{\"@type\":\"WebPage\",\"@id\":\"https:\\\/\\\/bodur.com.tr\\\/urun\\\/takim-arabali-calisma-masasi-bd-36-15-21\",\"url\":\"https:\\\/\\\/bodur.com.tr\\\/urun\\\/takim-arabali-calisma-masasi-bd-36-15-21\",\"name\":\"BD.36.15.21\",\"isPartOf\":{\"@id\":\"https:\\\/\\\/bodur.com.tr\\\/#website\"},\"primaryImageOfPage\":{\"@id\":\"https:\\\/\\\/bodur.com.tr\\\/urun\\\/takim-arabali-calisma-masasi-bd-36-15-21#primaryimage\"},\"image\":{\"@id\":\"https:\\\/\\\/bodur.com.tr\\\/urun\\\/takim-arabali-calisma-masasi-bd-36-15-21#primaryimage\"},\"thumbnailUrl\":\"https:\\\/\\\/bodur.com.tr\\\/wp-content\\\/uploads\\\/BT361521_Calisma_Masasi_H1025xW3700xD750_01.jpg\",\"datePublished\":\"2019-01-15T21:00:00+00:00\",\"dateModified\":\"2026-03-20T11:36:39+00:00\",\"breadcrumb\":{\"@id\":\"https:\\\/\\\/bodur.com.tr\\\/urun\\\/takim-arabali-calisma-masasi-bd-36-15-21#breadcrumb\"},\"inLanguage\":\"en-US\",\"potentialAction\":[{\"@type\":\"ReadAction\",\"target\":[\"https:\\\/\\\/bodur.com.tr\\\/urun\\\/takim-arabali-calisma-masasi-bd-36-15-21\"]}]},{\"@type\":\"ImageObject\",\"inLanguage\":\"en-US\",\"@id\":\"https:\\\/\\\/bodur.com.tr\\\/urun\\\/takim-arabali-calisma-masasi-bd-36-15-21#primaryimage\",\"url\":\"https:\\\/\\\/bodur.com.tr\\\/wp-content\\\/uploads\\\/BT361521_Calisma_Masasi_H1025xW3700xD750_01.jpg\",\"contentUrl\":\"https:\\\/\\\/bodur.com.tr\\\/wp-content\\\/uploads\\\/BT361521_Calisma_Masasi_H1025xW3700xD750_01.jpg\",\"width\":2480,\"height\":2480,\"caption\":\"BD.36.15.21 \u00e7al\u0131\u015fma tezgah\u0131\"},{\"@type\":\"BreadcrumbList\",\"@id\":\"https:\\\/\\\/bodur.com.tr\\\/urun\\\/takim-arabali-calisma-masasi-bd-36-15-21#breadcrumb\",\"itemListElement\":[{\"@type\":\"ListItem\",\"position\":1,\"name\":\"Anasayfa\",\"item\":\"https:\\\/\\\/bodur.com.tr\\\/\"},{\"@type\":\"ListItem\",\"position\":2,\"name\":\"\u00dcr\u00fcnler\",\"item\":\"https:\\\/\\\/bodur.com.tr\\\/magaza\"},{\"@type\":\"ListItem\",\"position\":3,\"name\":\"BD.36.15.21\"}]},{\"@type\":\"WebSite\",\"@id\":\"https:\\\/\\\/bodur.com.tr\\\/#website\",\"url\":\"https:\\\/\\\/bodur.com.tr\\\/\",\"name\":\"Bodur End\u00fcstriyel\",\"description\":\"\",\"publisher\":{\"@id\":\"https:\\\/\\\/bodur.com.tr\\\/#organization\"},\"potentialAction\":[{\"@type\":\"SearchAction\",\"target\":{\"@type\":\"EntryPoint\",\"urlTemplate\":\"https:\\\/\\\/bodur.com.tr\\\/?s={search_term_string}\"},\"query-input\":{\"@type\":\"PropertyValueSpecification\",\"valueRequired\":true,\"valueName\":\"search_term_string\"}}],\"inLanguage\":\"en-US\"},{\"@type\":\"Organization\",\"@id\":\"https:\\\/\\\/bodur.com.tr\\\/#organization\",\"name\":\"Bodur End\u00fcstriyel\",\"url\":\"https:\\\/\\\/bodur.com.tr\\\/\",\"logo\":{\"@type\":\"ImageObject\",\"inLanguage\":\"en-US\",\"@id\":\"https:\\\/\\\/bodur.com.tr\\\/#\\\/schema\\\/logo\\\/image\\\/\",\"url\":\"https:\\\/\\\/bodur.com.tr\\\/wp-content\\\/uploads\\\/51834268_258721005017375_5556593430731161600_n.jpg\",\"contentUrl\":\"https:\\\/\\\/bodur.com.tr\\\/wp-content\\\/uploads\\\/51834268_258721005017375_5556593430731161600_n.jpg\",\"width\":320,\"height\":320,\"caption\":\"Bodur End\u00fcstriyel\"},\"image\":{\"@id\":\"https:\\\/\\\/bodur.com.tr\\\/#\\\/schema\\\/logo\\\/image\\\/\"},\"sameAs\":[\"https:\\\/\\\/www.facebook.com\\\/bodurendustriyel\",\"https:\\\/\\\/www.instagram.com\\\/bodurendustriyel\\\/\",\"https:\\\/\\\/www.youtube.com\\\/user\\\/harunbodur\"]}]}<\/script>\n<!-- \/ Yoast SEO plugin. -->","yoast_head_json":{"title":"BD.36.15.21","robots":{"index":"index","follow":"follow","max-snippet":"max-snippet:-1","max-image-preview":"max-image-preview:large","max-video-preview":"max-video-preview:-1"},"canonical":"https:\/\/bodur.com.tr\/en\/product\/tool-cart-work-desk-bd-36-15-21\/","og_locale":"en_US","og_type":"article","og_title":"BD.36.15.21","og_description":"End\u00fcstriyel ortamlarda g\u00fcvenilir ve dayan\u0131kl\u0131 bir \u00e7\u00f6z\u00fcm olarak geli\u015ftirilen 36.15.21, kurumsal ihtiya\u00e7lar\u0131 etkin \u00f6zelliklere sahip fonksiyonel bir tasar\u0131mda birle\u015ftiriyor.       H1025xW3700xD750 mm boyutlar\u0131nda.  Aksesuarlar hari\u00e7 265 kg.  DKP ve HRP sac malzeme.  Elektrostatik toz boya.  RAL5015 (Mavi) ve RAL7035 (A\u00e7\u0131k Gri)\u00a0 (De\u011fi\u015ftirilebilir)  W3700xD690 Tabla \u00f6l\u00e7\u00fcs\u00fc  Standart 30 mm MDF + 2,5 mm PVC Kaplama tabla.(De\u011fi\u015ftirilebilir)  6 adet kapakl\u0131 220 V toprakl\u0131 priz. (IP44 Koruma S\u0131n\u0131f\u0131)  1 adet pako \u015falter.","og_url":"https:\/\/bodur.com.tr\/en\/product\/tool-cart-work-desk-bd-36-15-21\/","og_site_name":"Bodur End\u00fcstriyel","article_publisher":"https:\/\/www.facebook.com\/bodurendustriyel","article_modified_time":"2026-03-20T11:36:39+00:00","og_image":[{"width":2480,"height":2480,"url":"https:\/\/bodur.com.tr\/wp-content\/uploads\/BT361521_Calisma_Masasi_H1025xW3700xD750_01.jpg","type":"image\/jpeg"}],"twitter_card":"summary_large_image","schema":{"@context":"https:\/\/schema.org","@graph":[{"@type":"WebPage","@id":"https:\/\/bodur.com.tr\/urun\/takim-arabali-calisma-masasi-bd-36-15-21","url":"https:\/\/bodur.com.tr\/urun\/takim-arabali-calisma-masasi-bd-36-15-21","name":"BD.36.15.21","isPartOf":{"@id":"https:\/\/bodur.com.tr\/#website"},"primaryImageOfPage":{"@id":"https:\/\/bodur.com.tr\/urun\/takim-arabali-calisma-masasi-bd-36-15-21#primaryimage"},"image":{"@id":"https:\/\/bodur.com.tr\/urun\/takim-arabali-calisma-masasi-bd-36-15-21#primaryimage"},"thumbnailUrl":"https:\/\/bodur.com.tr\/wp-content\/uploads\/BT361521_Calisma_Masasi_H1025xW3700xD750_01.jpg","datePublished":"2019-01-15T21:00:00+00:00","dateModified":"2026-03-20T11:36:39+00:00","breadcrumb":{"@id":"https:\/\/bodur.com.tr\/urun\/takim-arabali-calisma-masasi-bd-36-15-21#breadcrumb"},"inLanguage":"en-US","potentialAction":[{"@type":"ReadAction","target":["https:\/\/bodur.com.tr\/urun\/takim-arabali-calisma-masasi-bd-36-15-21"]}]},{"@type":"ImageObject","inLanguage":"en-US","@id":"https:\/\/bodur.com.tr\/urun\/takim-arabali-calisma-masasi-bd-36-15-21#primaryimage","url":"https:\/\/bodur.com.tr\/wp-content\/uploads\/BT361521_Calisma_Masasi_H1025xW3700xD750_01.jpg","contentUrl":"https:\/\/bodur.com.tr\/wp-content\/uploads\/BT361521_Calisma_Masasi_H1025xW3700xD750_01.jpg","width":2480,"height":2480,"caption":"BD.36.15.21 \u00e7al\u0131\u015fma tezgah\u0131"},{"@type":"BreadcrumbList","@id":"https:\/\/bodur.com.tr\/urun\/takim-arabali-calisma-masasi-bd-36-15-21#breadcrumb","itemListElement":[{"@type":"ListItem","position":1,"name":"Anasayfa","item":"https:\/\/bodur.com.tr\/"},{"@type":"ListItem","position":2,"name":"\u00dcr\u00fcnler","item":"https:\/\/bodur.com.tr\/magaza"},{"@type":"ListItem","position":3,"name":"BD.36.15.21"}]},{"@type":"WebSite","@id":"https:\/\/bodur.com.tr\/#website","url":"https:\/\/bodur.com.tr\/","name":"Bodur Industrial","description":"","publisher":{"@id":"https:\/\/bodur.com.tr\/#organization"},"potentialAction":[{"@type":"SearchAction","target":{"@type":"EntryPoint","urlTemplate":"https:\/\/bodur.com.tr\/?s={search_term_string}"},"query-input":{"@type":"PropertyValueSpecification","valueRequired":true,"valueName":"search_term_string"}}],"inLanguage":"en-US"},{"@type":"Organization","@id":"https:\/\/bodur.com.tr\/#organization","name":"Bodur Industrial","url":"https:\/\/bodur.com.tr\/","logo":{"@type":"ImageObject","inLanguage":"en-US","@id":"https:\/\/bodur.com.tr\/#\/schema\/logo\/image\/","url":"https:\/\/bodur.com.tr\/wp-content\/uploads\/51834268_258721005017375_5556593430731161600_n.jpg","contentUrl":"https:\/\/bodur.com.tr\/wp-content\/uploads\/51834268_258721005017375_5556593430731161600_n.jpg","width":320,"height":320,"caption":"Bodur End\u00fcstriyel"},"image":{"@id":"https:\/\/bodur.com.tr\/#\/schema\/logo\/image\/"},"sameAs":["https:\/\/www.facebook.com\/bodurendustriyel","https:\/\/www.instagram.com\/bodurendustriyel\/","https:\/\/www.youtube.com\/user\/harunbodur"]}]}},"_links":{"self":[{"href":"https:\/\/bodur.com.tr\/en\/wp-json\/wp\/v2\/product\/1404","targetHints":{"allow":["GET"]}}],"collection":[{"href":"https:\/\/bodur.com.tr\/en\/wp-json\/wp\/v2\/product"}],"about":[{"href":"https:\/\/bodur.com.tr\/en\/wp-json\/wp\/v2\/types\/product"}],"wp:featuredmedia":[{"embeddable":true,"href":"https:\/\/bodur.com.tr\/en\/wp-json\/wp\/v2\/media\/40907"}],"wp:attachment":[{"href":"https:\/\/bodur.com.tr\/en\/wp-json\/wp\/v2\/media?parent=1404"}],"wp:term":[{"taxonomy":"product_brand","embeddable":true,"href":"https:\/\/bodur.com.tr\/en\/wp-json\/wp\/v2\/product_brand?post=1404"},{"taxonomy":"product_cat","embeddable":true,"href":"https:\/\/bodur.com.tr\/en\/wp-json\/wp\/v2\/product_cat?post=1404"},{"taxonomy":"product_tag","embeddable":true,"href":"https:\/\/bodur.com.tr\/en\/wp-json\/wp\/v2\/product_tag?post=1404"}],"curies":[{"name":"wp","href":"https:\/\/api.w.org\/{rel}","templated":true}]}}