{"id":1235,"date":"2015-12-30T00:00:00","date_gmt":"2015-12-29T21:00:00","guid":{"rendered":"https:\/\/bodur.com.tr\/urun\/uclu-soyunma-dolabi"},"modified":"2022-05-13T19:57:29","modified_gmt":"2022-05-13T16:57:29","slug":"three-door-locker","status":"publish","type":"product","link":"https:\/\/bodur.com.tr\/en\/urun\/uclu-soyunma-dolabi","title":{"rendered":"Triple Locker BD.21.52.84"},"content":{"rendered":"<ul>\n<li>All products are coated with electrostatic powder paint.<\/li>\n<li>Textured powder coating is used to provide maximum resistance to impacts and scratches.<\/li>\n<li>It is manufactured from sheet metal with a thickness of 0.70 mm.<\/li>\n<li>A concealed hinge is used.<\/li>\n<li>Reinforcement sheet metal is used in the covers.<\/li>\n<li>The doors have ventilation louvers to allow air circulation inside the cabinet.<\/li>\n<li>Name tags are included on the lids.<\/li>\n<li>Each compartment has 4 hanging hooks.<\/li>\n<li>A pushpin lock is used. (A padlock can be attached \u2013 butterfly lock)<\/li>\n<\/ul>","protected":false},"excerpt":{"rendered":"<ul>\n<li>Dimensions: H1850xW1170xD400 mm.<\/li>\n<li>Total weight 50.00 kg.<\/li>\n<li>Electrostatic powder coating.<\/li>\n<li>Standard RAL7035 (Light grey) \u2013 Optional<\/li>\n<li>Latch lock<\/li>\n<li>0.70 mm sheet metal thickness<\/li>\n<\/ul>","protected":false},"featured_media":1236,"template":"","meta":[],"product_brand":[],"product_cat":[23],"product_tag":[],"class_list":{"0":"post-1235","1":"product","2":"type-product","3":"status-publish","4":"has-post-thumbnail","6":"product_cat-soyunma-dolaplari","8":"first","9":"instock","10":"shipping-taxable","11":"product-type-simple"},"yoast_head":"<!-- This site is optimized with the Yoast SEO plugin v27.4 - https:\/\/yoast.com\/product\/yoast-seo-wordpress\/ -->\n<title>\u00dc\u00e7l\u00fc Soyunma Dolab\u0131 BD.21.52.84<\/title>\n<meta name=\"robots\" content=\"index, follow, max-snippet:-1, max-image-preview:large, max-video-preview:-1\" \/>\n<link rel=\"canonical\" href=\"https:\/\/bodur.com.tr\/en\/product\/three-door-locker\/\" \/>\n<meta property=\"og:locale\" content=\"en_US\" \/>\n<meta property=\"og:type\" content=\"article\" \/>\n<meta property=\"og:title\" content=\"\u00dc\u00e7l\u00fc Soyunma Dolab\u0131 BD.21.52.84\" \/>\n<meta property=\"og:description\" content=\"H1850xW1170xD400 mm boyutlar\u0131nda.  Toplam a\u011f\u0131rl\u0131k 50,00 kg.  Elektrostatik toz boya.  Standart RAL7035 (A\u00e7\u0131k gri) - Opsiyoneldir  Mandall\u0131 kilit  0,70 mm sac kal\u0131nl\u0131\u011f\u0131\" \/>\n<meta property=\"og:url\" content=\"https:\/\/bodur.com.tr\/en\/product\/three-door-locker\/\" \/>\n<meta property=\"og:site_name\" content=\"Bodur End\u00fcstriyel\" \/>\n<meta property=\"article:publisher\" content=\"https:\/\/www.facebook.com\/bodurendustriyel\" \/>\n<meta property=\"article:modified_time\" content=\"2022-05-13T16:57:29+00:00\" \/>\n<meta property=\"og:image\" content=\"https:\/\/bodur.com.tr\/wp-content\/uploads\/BT215284_001.jpg\" \/>\n\t<meta property=\"og:image:width\" content=\"800\" \/>\n\t<meta property=\"og:image:height\" content=\"800\" \/>\n\t<meta property=\"og:image:type\" content=\"image\/jpeg\" \/>\n<meta name=\"twitter:card\" content=\"summary_large_image\" \/>\n<script type=\"application\/ld+json\" class=\"yoast-schema-graph\">{\"@context\":\"https:\\\/\\\/schema.org\",\"@graph\":[{\"@type\":\"WebPage\",\"@id\":\"https:\\\/\\\/bodur.com.tr\\\/urun\\\/uclu-soyunma-dolabi\",\"url\":\"https:\\\/\\\/bodur.com.tr\\\/urun\\\/uclu-soyunma-dolabi\",\"name\":\"\u00dc\u00e7l\u00fc Soyunma Dolab\u0131 BD.21.52.84\",\"isPartOf\":{\"@id\":\"https:\\\/\\\/bodur.com.tr\\\/#website\"},\"primaryImageOfPage\":{\"@id\":\"https:\\\/\\\/bodur.com.tr\\\/urun\\\/uclu-soyunma-dolabi#primaryimage\"},\"image\":{\"@id\":\"https:\\\/\\\/bodur.com.tr\\\/urun\\\/uclu-soyunma-dolabi#primaryimage\"},\"thumbnailUrl\":\"https:\\\/\\\/bodur.com.tr\\\/wp-content\\\/uploads\\\/BT215284_001.jpg\",\"datePublished\":\"2015-12-29T21:00:00+00:00\",\"dateModified\":\"2022-05-13T16:57:29+00:00\",\"breadcrumb\":{\"@id\":\"https:\\\/\\\/bodur.com.tr\\\/urun\\\/uclu-soyunma-dolabi#breadcrumb\"},\"inLanguage\":\"en-US\",\"potentialAction\":[{\"@type\":\"ReadAction\",\"target\":[\"https:\\\/\\\/bodur.com.tr\\\/urun\\\/uclu-soyunma-dolabi\"]}]},{\"@type\":\"ImageObject\",\"inLanguage\":\"en-US\",\"@id\":\"https:\\\/\\\/bodur.com.tr\\\/urun\\\/uclu-soyunma-dolabi#primaryimage\",\"url\":\"https:\\\/\\\/bodur.com.tr\\\/wp-content\\\/uploads\\\/BT215284_001.jpg\",\"contentUrl\":\"https:\\\/\\\/bodur.com.tr\\\/wp-content\\\/uploads\\\/BT215284_001.jpg\",\"width\":800,\"height\":800,\"caption\":\"Soyunma dolab\u0131\"},{\"@type\":\"BreadcrumbList\",\"@id\":\"https:\\\/\\\/bodur.com.tr\\\/urun\\\/uclu-soyunma-dolabi#breadcrumb\",\"itemListElement\":[{\"@type\":\"ListItem\",\"position\":1,\"name\":\"Anasayfa\",\"item\":\"https:\\\/\\\/bodur.com.tr\\\/\"},{\"@type\":\"ListItem\",\"position\":2,\"name\":\"\u00dcr\u00fcnler\",\"item\":\"https:\\\/\\\/bodur.com.tr\\\/magaza\"},{\"@type\":\"ListItem\",\"position\":3,\"name\":\"\u00dc\u00e7l\u00fc Soyunma Dolab\u0131 BD.21.52.84\"}]},{\"@type\":\"WebSite\",\"@id\":\"https:\\\/\\\/bodur.com.tr\\\/#website\",\"url\":\"https:\\\/\\\/bodur.com.tr\\\/\",\"name\":\"Bodur End\u00fcstriyel\",\"description\":\"\",\"publisher\":{\"@id\":\"https:\\\/\\\/bodur.com.tr\\\/#organization\"},\"potentialAction\":[{\"@type\":\"SearchAction\",\"target\":{\"@type\":\"EntryPoint\",\"urlTemplate\":\"https:\\\/\\\/bodur.com.tr\\\/?s={search_term_string}\"},\"query-input\":{\"@type\":\"PropertyValueSpecification\",\"valueRequired\":true,\"valueName\":\"search_term_string\"}}],\"inLanguage\":\"en-US\"},{\"@type\":\"Organization\",\"@id\":\"https:\\\/\\\/bodur.com.tr\\\/#organization\",\"name\":\"Bodur End\u00fcstriyel\",\"url\":\"https:\\\/\\\/bodur.com.tr\\\/\",\"logo\":{\"@type\":\"ImageObject\",\"inLanguage\":\"en-US\",\"@id\":\"https:\\\/\\\/bodur.com.tr\\\/#\\\/schema\\\/logo\\\/image\\\/\",\"url\":\"https:\\\/\\\/bodur.com.tr\\\/wp-content\\\/uploads\\\/51834268_258721005017375_5556593430731161600_n.jpg\",\"contentUrl\":\"https:\\\/\\\/bodur.com.tr\\\/wp-content\\\/uploads\\\/51834268_258721005017375_5556593430731161600_n.jpg\",\"width\":320,\"height\":320,\"caption\":\"Bodur End\u00fcstriyel\"},\"image\":{\"@id\":\"https:\\\/\\\/bodur.com.tr\\\/#\\\/schema\\\/logo\\\/image\\\/\"},\"sameAs\":[\"https:\\\/\\\/www.facebook.com\\\/bodurendustriyel\",\"https:\\\/\\\/www.instagram.com\\\/bodurendustriyel\\\/\",\"https:\\\/\\\/www.youtube.com\\\/user\\\/harunbodur\"]}]}<\/script>\n<!-- \/ Yoast SEO plugin. -->","yoast_head_json":{"title":"Triple Locker BD.21.52.84","robots":{"index":"index","follow":"follow","max-snippet":"max-snippet:-1","max-image-preview":"max-image-preview:large","max-video-preview":"max-video-preview:-1"},"canonical":"https:\/\/bodur.com.tr\/en\/product\/three-door-locker\/","og_locale":"en_US","og_type":"article","og_title":"\u00dc\u00e7l\u00fc Soyunma Dolab\u0131 BD.21.52.84","og_description":"H1850xW1170xD400 mm boyutlar\u0131nda.  Toplam a\u011f\u0131rl\u0131k 50,00 kg.  Elektrostatik toz boya.  Standart RAL7035 (A\u00e7\u0131k gri) - Opsiyoneldir  Mandall\u0131 kilit  0,70 mm sac kal\u0131nl\u0131\u011f\u0131","og_url":"https:\/\/bodur.com.tr\/en\/product\/three-door-locker\/","og_site_name":"Bodur End\u00fcstriyel","article_publisher":"https:\/\/www.facebook.com\/bodurendustriyel","article_modified_time":"2022-05-13T16:57:29+00:00","og_image":[{"width":800,"height":800,"url":"https:\/\/bodur.com.tr\/wp-content\/uploads\/BT215284_001.jpg","type":"image\/jpeg"}],"twitter_card":"summary_large_image","schema":{"@context":"https:\/\/schema.org","@graph":[{"@type":"WebPage","@id":"https:\/\/bodur.com.tr\/urun\/uclu-soyunma-dolabi","url":"https:\/\/bodur.com.tr\/urun\/uclu-soyunma-dolabi","name":"Triple Locker BD.21.52.84","isPartOf":{"@id":"https:\/\/bodur.com.tr\/#website"},"primaryImageOfPage":{"@id":"https:\/\/bodur.com.tr\/urun\/uclu-soyunma-dolabi#primaryimage"},"image":{"@id":"https:\/\/bodur.com.tr\/urun\/uclu-soyunma-dolabi#primaryimage"},"thumbnailUrl":"https:\/\/bodur.com.tr\/wp-content\/uploads\/BT215284_001.jpg","datePublished":"2015-12-29T21:00:00+00:00","dateModified":"2022-05-13T16:57:29+00:00","breadcrumb":{"@id":"https:\/\/bodur.com.tr\/urun\/uclu-soyunma-dolabi#breadcrumb"},"inLanguage":"en-US","potentialAction":[{"@type":"ReadAction","target":["https:\/\/bodur.com.tr\/urun\/uclu-soyunma-dolabi"]}]},{"@type":"ImageObject","inLanguage":"en-US","@id":"https:\/\/bodur.com.tr\/urun\/uclu-soyunma-dolabi#primaryimage","url":"https:\/\/bodur.com.tr\/wp-content\/uploads\/BT215284_001.jpg","contentUrl":"https:\/\/bodur.com.tr\/wp-content\/uploads\/BT215284_001.jpg","width":800,"height":800,"caption":"Soyunma dolab\u0131"},{"@type":"BreadcrumbList","@id":"https:\/\/bodur.com.tr\/urun\/uclu-soyunma-dolabi#breadcrumb","itemListElement":[{"@type":"ListItem","position":1,"name":"Anasayfa","item":"https:\/\/bodur.com.tr\/"},{"@type":"ListItem","position":2,"name":"\u00dcr\u00fcnler","item":"https:\/\/bodur.com.tr\/magaza"},{"@type":"ListItem","position":3,"name":"\u00dc\u00e7l\u00fc Soyunma Dolab\u0131 BD.21.52.84"}]},{"@type":"WebSite","@id":"https:\/\/bodur.com.tr\/#website","url":"https:\/\/bodur.com.tr\/","name":"Bodur Industrial","description":"","publisher":{"@id":"https:\/\/bodur.com.tr\/#organization"},"potentialAction":[{"@type":"SearchAction","target":{"@type":"EntryPoint","urlTemplate":"https:\/\/bodur.com.tr\/?s={search_term_string}"},"query-input":{"@type":"PropertyValueSpecification","valueRequired":true,"valueName":"search_term_string"}}],"inLanguage":"en-US"},{"@type":"Organization","@id":"https:\/\/bodur.com.tr\/#organization","name":"Bodur Industrial","url":"https:\/\/bodur.com.tr\/","logo":{"@type":"ImageObject","inLanguage":"en-US","@id":"https:\/\/bodur.com.tr\/#\/schema\/logo\/image\/","url":"https:\/\/bodur.com.tr\/wp-content\/uploads\/51834268_258721005017375_5556593430731161600_n.jpg","contentUrl":"https:\/\/bodur.com.tr\/wp-content\/uploads\/51834268_258721005017375_5556593430731161600_n.jpg","width":320,"height":320,"caption":"Bodur End\u00fcstriyel"},"image":{"@id":"https:\/\/bodur.com.tr\/#\/schema\/logo\/image\/"},"sameAs":["https:\/\/www.facebook.com\/bodurendustriyel","https:\/\/www.instagram.com\/bodurendustriyel\/","https:\/\/www.youtube.com\/user\/harunbodur"]}]}},"_links":{"self":[{"href":"https:\/\/bodur.com.tr\/en\/wp-json\/wp\/v2\/product\/1235","targetHints":{"allow":["GET"]}}],"collection":[{"href":"https:\/\/bodur.com.tr\/en\/wp-json\/wp\/v2\/product"}],"about":[{"href":"https:\/\/bodur.com.tr\/en\/wp-json\/wp\/v2\/types\/product"}],"wp:featuredmedia":[{"embeddable":true,"href":"https:\/\/bodur.com.tr\/en\/wp-json\/wp\/v2\/media\/1236"}],"wp:attachment":[{"href":"https:\/\/bodur.com.tr\/en\/wp-json\/wp\/v2\/media?parent=1235"}],"wp:term":[{"taxonomy":"product_brand","embeddable":true,"href":"https:\/\/bodur.com.tr\/en\/wp-json\/wp\/v2\/product_brand?post=1235"},{"taxonomy":"product_cat","embeddable":true,"href":"https:\/\/bodur.com.tr\/en\/wp-json\/wp\/v2\/product_cat?post=1235"},{"taxonomy":"product_tag","embeddable":true,"href":"https:\/\/bodur.com.tr\/en\/wp-json\/wp\/v2\/product_tag?post=1235"}],"curies":[{"name":"wp","href":"https:\/\/api.w.org\/{rel}","templated":true}]}}