{"id":21497,"date":"2025-05-18T19:07:38","date_gmt":"2025-05-18T16:07:38","guid":{"rendered":"https:\/\/bodur.com.tr\/kariyer-2"},"modified":"2025-06-22T17:46:05","modified_gmt":"2025-06-22T14:46:05","slug":"career","status":"publish","type":"page","link":"https:\/\/bodur.com.tr\/en\/kariyer","title":{"rendered":"Career"},"content":{"rendered":"<div data-elementor-type=\"wp-page\" data-elementor-id=\"21497\" class=\"elementor elementor-21497\" data-elementor-post-type=\"page\">\n\t\t\t\t<div class=\"wd-negative-gap elementor-element elementor-element-50dad73d e-flex e-con-boxed e-con e-parent\" data-id=\"50dad73d\" data-element_type=\"container\" data-e-type=\"container\">\n\t\t\t\t\t<div class=\"e-con-inner\">\n\t\t\t\t<div class=\"elementor-element elementor-element-1f975b3c color-scheme-inherit text-left elementor-widget elementor-widget-text-editor\" data-id=\"1f975b3c\" data-element_type=\"widget\" data-e-type=\"widget\" data-widget_type=\"text-editor.default\">\n\t\t\t\t<div class=\"elementor-widget-container\">\n\t\t\t\t\t\t\t\t\t<p style=\"text-align: center;\"><strong><span style=\"color: #0163a1;\">CAREER<\/span><\/strong><\/p>\t\t\t\t\t\t\t\t<\/div>\n\t\t\t\t<\/div>\n\t\t\t\t<div class=\"elementor-element elementor-element-2e6882f color-scheme-inherit text-left elementor-widget elementor-widget-text-editor\" data-id=\"2e6882f\" data-element_type=\"widget\" data-e-type=\"widget\" data-widget_type=\"text-editor.default\">\n\t\t\t\t<div class=\"elementor-widget-container\">\n\t\t\t\t\t\t\t\t\t<p style=\"text-align: center;\"><span style=\"color: #053c6f;\"><strong>The spirit of the work is shaped by the people!<\/strong><\/span><\/p>\t\t\t\t\t\t\t\t<\/div>\n\t\t\t\t<\/div>\n\t\t\t\t<div class=\"elementor-element elementor-element-7bf184b3 text-center color-scheme-inherit elementor-widget elementor-widget-text-editor\" data-id=\"7bf184b3\" data-element_type=\"widget\" data-e-type=\"widget\" data-widget_type=\"text-editor.default\">\n\t\t\t\t<div class=\"elementor-widget-container\">\n\t\t\t\t\t\t\t\t\t<p>At Bodur, the recruitment process is meticulously conducted in collaboration with our relevant department managers. We believe that success stems from a combination of talent and performance. We look for qualities in candidates such as teamwork skills, openness to learning, analytical thinking, and creativity. We evaluate the competencies required for open positions and implement a selection and placement process accordingly.<\/p><p>Applications should be sent to ik@bodur.com.tr. General applications are also welcome throughout the year, even for positions not advertised. We carefully review applications and store resumes in our database even if there are no open positions at that time. We will contact candidates when a suitable opportunity arises.<\/p>\t\t\t\t\t\t\t\t<\/div>\n\t\t\t\t<\/div>\n\t\t\t\t\t<\/div>\n\t\t\t\t<\/div>\n\t\t<div class=\"elementor-element elementor-element-18981690 wd-section-stretch e-flex e-con-boxed e-con e-parent\" data-id=\"18981690\" data-element_type=\"container\" data-e-type=\"container\" data-settings=\"{&quot;background_background&quot;:&quot;classic&quot;}\">\n\t\t\t\t\t<div class=\"e-con-inner\">\n\t\t<div class=\"elementor-element elementor-element-7711eb7b e-con-full e-flex e-con e-child\" data-id=\"7711eb7b\" data-element_type=\"container\" data-e-type=\"container\">\n\t\t\t\t<div class=\"elementor-element elementor-element-785b2ddd wd-width-100 elementor-widget elementor-widget-wd_title\" data-id=\"785b2ddd\" data-element_type=\"widget\" data-e-type=\"widget\" data-widget_type=\"wd_title.default\">\n\t\t\t\t<div class=\"elementor-widget-container\">\n\t\t\t\t\t\t\t<div class=\"title-wrapper wd-set-mb reset-last-child wd-title-color-primary wd-title-style-default wd-title-size-medium text-left\">\n\n\t\t\t\n\t\t\t<div class=\"liner-continer\">\n\t\t\t\t<h2 class=\"woodmart-title-container title wd-fontsize-xl\">Education<\/h2> \n\t\t\t\t\t\t\t<\/div>\n\n\t\t\t\t\t<\/div>\n\t\t\t\t\t\t<\/div>\n\t\t\t\t<\/div>\n\t\t\t\t<div class=\"elementor-element elementor-element-476b075d color-scheme-inherit text-left elementor-widget elementor-widget-text-editor\" data-id=\"476b075d\" data-element_type=\"widget\" data-e-type=\"widget\" data-widget_type=\"text-editor.default\">\n\t\t\t\t<div class=\"elementor-widget-container\">\n\t\t\t\t\t\t\t\t\t<p>All new employees participate in the Bodur Orientation Program. This program aims to familiarize employees with the company&#039;s operations, quality policies, and interdepartmental processes.<\/p><p>We believe that training is fundamental to adapting to rapid changes in the sector and maintaining corporate competitiveness. Accordingly, we continuously support our training processes with both internal and external seminars.<\/p><p>The goal is to create an organizational culture that encourages knowledge sharing, is open to development, and fosters learning.<\/p>\t\t\t\t\t\t\t\t<\/div>\n\t\t\t\t<\/div>\n\t\t\t\t<\/div>\n\t\t<div class=\"elementor-element elementor-element-517ad51a e-con-full e-flex e-con e-child\" data-id=\"517ad51a\" data-element_type=\"container\" data-e-type=\"container\">\n\t\t\t\t<div class=\"elementor-element elementor-element-3329b272 elementor-widget elementor-widget-image\" data-id=\"3329b272\" data-element_type=\"widget\" data-e-type=\"widget\" data-widget_type=\"image.default\">\n\t\t\t\t<div class=\"elementor-widget-container\">\n\t\t\t\t\t\t\t\t\t\t\t\t\t\t\t<img decoding=\"async\" width=\"722\" height=\"606\" src=\"https:\/\/bodur.com.tr\/wp-content\/uploads\/ik-1.png\" class=\"attachment-large size-large wp-image-40209\" alt=\"human resources\" srcset=\"https:\/\/bodur.com.tr\/wp-content\/uploads\/ik-1.png 722w, https:\/\/bodur.com.tr\/wp-content\/uploads\/ik-1-150x126.png 150w, https:\/\/bodur.com.tr\/wp-content\/uploads\/ik-1-300x252.png 300w, https:\/\/bodur.com.tr\/wp-content\/uploads\/ik-1-600x504.png 600w\" sizes=\"(max-width: 722px) 100vw, 722px\" \/>\t\t\t\t\t\t\t\t\t\t\t\t\t\t\t<\/div>\n\t\t\t\t<\/div>\n\t\t\t\t<\/div>\n\t\t\t\t\t<\/div>\n\t\t\t\t<\/div>\n\t\t<div class=\"wd-negative-gap elementor-element elementor-element-7e248e82 e-flex e-con-boxed e-con e-parent\" data-id=\"7e248e82\" data-element_type=\"container\" data-e-type=\"container\">\n\t\t\t\t\t<div class=\"e-con-inner\">\n\t\t\t\t<div class=\"elementor-element elementor-element-63a9e352 wd-width-100 elementor-widget elementor-widget-wd_title\" data-id=\"63a9e352\" data-element_type=\"widget\" data-e-type=\"widget\" data-widget_type=\"wd_title.default\">\n\t\t\t\t<div class=\"elementor-widget-container\">\n\t\t\t\t\t\t\t<div class=\"title-wrapper wd-set-mb reset-last-child wd-title-color-primary wd-title-style-default wd-title-size-medium text-center\">\n\n\t\t\t\n\t\t\t<div class=\"liner-continer\">\n\t\t\t\t<h2 class=\"woodmart-title-container title wd-fontsize-xl\">Facilities Offered<\/h2> \n\t\t\t\t\t\t\t<\/div>\n\n\t\t\t\t\t<\/div>\n\t\t\t\t\t\t<\/div>\n\t\t\t\t<\/div>\n\t\t\t\t<div class=\"elementor-element elementor-element-2f1e5722 text-center color-scheme-inherit elementor-widget elementor-widget-text-editor\" data-id=\"2f1e5722\" data-element_type=\"widget\" data-e-type=\"widget\" data-widget_type=\"text-editor.default\">\n\t\t\t\t<div class=\"elementor-widget-container\">\n\t\t\t\t\t\t\t\t\t<p>Our working hours are weekdays from 08:30 to 18:00.<\/p><p>We provide transportation services for our staff.<\/p><p>Lunch is provided by our company.<\/p>\t\t\t\t\t\t\t\t<\/div>\n\t\t\t\t<\/div>\n\t\t\t\t\t<\/div>\n\t\t\t\t<\/div>\n\t\t\t\t<\/div>","protected":false},"excerpt":{"rendered":"<p>CAREER The spirit of the job is shaped by people! At Bodur, the recruitment process is meticulously conducted in collaboration with our relevant department managers. Because we believe that success depends on talent and...<\/p>","protected":false},"author":1,"featured_media":0,"parent":0,"menu_order":0,"comment_status":"closed","ping_status":"closed","template":"","meta":{"footnotes":""},"class_list":["post-21497","page","type-page","status-publish","hentry"],"yoast_head":"<!-- This site is optimized with the Yoast SEO plugin v27.3 - https:\/\/yoast.com\/product\/yoast-seo-wordpress\/ -->\n<title>Kariyer<\/title>\n<meta name=\"robots\" content=\"index, follow, max-snippet:-1, max-image-preview:large, max-video-preview:-1\" \/>\n<link rel=\"canonical\" href=\"https:\/\/bodur.com.tr\/en\/career\/\" \/>\n<meta property=\"og:locale\" content=\"en_US\" \/>\n<meta property=\"og:type\" content=\"article\" \/>\n<meta property=\"og:title\" content=\"Kariyer\" \/>\n<meta property=\"og:description\" content=\"KAR\u0130YER \u0130\u015fin ruhu, insanla \u015fekillenir! Bodur\u2019da i\u015fe al\u0131m s\u00fcreci, ilgili departman y\u00f6neticilerimizle birlikte titizlikle y\u00fcr\u00fct\u00fcl\u00fcr. \u00c7\u00fcnk\u00fc biz, ba\u015far\u0131n\u0131n yetenek ve\" \/>\n<meta property=\"og:url\" content=\"https:\/\/bodur.com.tr\/en\/career\/\" \/>\n<meta property=\"og:site_name\" content=\"Bodur End\u00fcstriyel\" \/>\n<meta property=\"article:publisher\" content=\"https:\/\/www.facebook.com\/bodurendustriyel\" \/>\n<meta property=\"article:modified_time\" content=\"2025-06-22T14:46:05+00:00\" \/>\n<meta property=\"og:image\" content=\"https:\/\/bodur.com.tr\/wp-content\/uploads\/ik-1.png\" \/>\n\t<meta property=\"og:image:width\" content=\"722\" \/>\n\t<meta property=\"og:image:height\" content=\"606\" \/>\n\t<meta property=\"og:image:type\" content=\"image\/png\" \/>\n<meta name=\"twitter:card\" content=\"summary_large_image\" \/>\n<script type=\"application\/ld+json\" class=\"yoast-schema-graph\">{\"@context\":\"https:\\\/\\\/schema.org\",\"@graph\":[{\"@type\":\"WebPage\",\"@id\":\"https:\\\/\\\/bodur.com.tr\\\/kariyer\",\"url\":\"https:\\\/\\\/bodur.com.tr\\\/kariyer\",\"name\":\"Kariyer\",\"isPartOf\":{\"@id\":\"https:\\\/\\\/bodur.com.tr\\\/#website\"},\"primaryImageOfPage\":{\"@id\":\"https:\\\/\\\/bodur.com.tr\\\/kariyer#primaryimage\"},\"image\":{\"@id\":\"https:\\\/\\\/bodur.com.tr\\\/kariyer#primaryimage\"},\"thumbnailUrl\":\"https:\\\/\\\/bodur.com.tr\\\/wp-content\\\/uploads\\\/ik-1.png\",\"datePublished\":\"2025-05-18T16:07:38+00:00\",\"dateModified\":\"2025-06-22T14:46:05+00:00\",\"breadcrumb\":{\"@id\":\"https:\\\/\\\/bodur.com.tr\\\/kariyer#breadcrumb\"},\"inLanguage\":\"en-US\",\"potentialAction\":[{\"@type\":\"ReadAction\",\"target\":[\"https:\\\/\\\/bodur.com.tr\\\/kariyer\"]}]},{\"@type\":\"ImageObject\",\"inLanguage\":\"en-US\",\"@id\":\"https:\\\/\\\/bodur.com.tr\\\/kariyer#primaryimage\",\"url\":\"https:\\\/\\\/bodur.com.tr\\\/wp-content\\\/uploads\\\/ik-1.png\",\"contentUrl\":\"https:\\\/\\\/bodur.com.tr\\\/wp-content\\\/uploads\\\/ik-1.png\"},{\"@type\":\"BreadcrumbList\",\"@id\":\"https:\\\/\\\/bodur.com.tr\\\/kariyer#breadcrumb\",\"itemListElement\":[{\"@type\":\"ListItem\",\"position\":1,\"name\":\"Anasayfa\",\"item\":\"https:\\\/\\\/bodur.com.tr\\\/\"},{\"@type\":\"ListItem\",\"position\":2,\"name\":\"Kariyer\"}]},{\"@type\":\"WebSite\",\"@id\":\"https:\\\/\\\/bodur.com.tr\\\/#website\",\"url\":\"https:\\\/\\\/bodur.com.tr\\\/\",\"name\":\"Bodur End\u00fcstriyel\",\"description\":\"\",\"publisher\":{\"@id\":\"https:\\\/\\\/bodur.com.tr\\\/#organization\"},\"potentialAction\":[{\"@type\":\"SearchAction\",\"target\":{\"@type\":\"EntryPoint\",\"urlTemplate\":\"https:\\\/\\\/bodur.com.tr\\\/?s={search_term_string}\"},\"query-input\":{\"@type\":\"PropertyValueSpecification\",\"valueRequired\":true,\"valueName\":\"search_term_string\"}}],\"inLanguage\":\"en-US\"},{\"@type\":\"Organization\",\"@id\":\"https:\\\/\\\/bodur.com.tr\\\/#organization\",\"name\":\"Bodur End\u00fcstriyel\",\"url\":\"https:\\\/\\\/bodur.com.tr\\\/\",\"logo\":{\"@type\":\"ImageObject\",\"inLanguage\":\"en-US\",\"@id\":\"https:\\\/\\\/bodur.com.tr\\\/#\\\/schema\\\/logo\\\/image\\\/\",\"url\":\"https:\\\/\\\/bodur.com.tr\\\/wp-content\\\/uploads\\\/51834268_258721005017375_5556593430731161600_n.jpg\",\"contentUrl\":\"https:\\\/\\\/bodur.com.tr\\\/wp-content\\\/uploads\\\/51834268_258721005017375_5556593430731161600_n.jpg\",\"width\":320,\"height\":320,\"caption\":\"Bodur End\u00fcstriyel\"},\"image\":{\"@id\":\"https:\\\/\\\/bodur.com.tr\\\/#\\\/schema\\\/logo\\\/image\\\/\"},\"sameAs\":[\"https:\\\/\\\/www.facebook.com\\\/bodurendustriyel\",\"https:\\\/\\\/www.instagram.com\\\/bodurendustriyel\\\/\",\"https:\\\/\\\/www.youtube.com\\\/user\\\/harunbodur\"]}]}<\/script>\n<!-- \/ Yoast SEO plugin. -->","yoast_head_json":{"title":"Career","robots":{"index":"index","follow":"follow","max-snippet":"max-snippet:-1","max-image-preview":"max-image-preview:large","max-video-preview":"max-video-preview:-1"},"canonical":"https:\/\/bodur.com.tr\/en\/career\/","og_locale":"en_US","og_type":"article","og_title":"Kariyer","og_description":"KAR\u0130YER \u0130\u015fin ruhu, insanla \u015fekillenir! Bodur\u2019da i\u015fe al\u0131m s\u00fcreci, ilgili departman y\u00f6neticilerimizle birlikte titizlikle y\u00fcr\u00fct\u00fcl\u00fcr. \u00c7\u00fcnk\u00fc biz, ba\u015far\u0131n\u0131n yetenek ve","og_url":"https:\/\/bodur.com.tr\/en\/career\/","og_site_name":"Bodur End\u00fcstriyel","article_publisher":"https:\/\/www.facebook.com\/bodurendustriyel","article_modified_time":"2025-06-22T14:46:05+00:00","og_image":[{"width":722,"height":606,"url":"https:\/\/bodur.com.tr\/wp-content\/uploads\/ik-1.png","type":"image\/png"}],"twitter_card":"summary_large_image","schema":{"@context":"https:\/\/schema.org","@graph":[{"@type":"WebPage","@id":"https:\/\/bodur.com.tr\/kariyer","url":"https:\/\/bodur.com.tr\/kariyer","name":"Career","isPartOf":{"@id":"https:\/\/bodur.com.tr\/#website"},"primaryImageOfPage":{"@id":"https:\/\/bodur.com.tr\/kariyer#primaryimage"},"image":{"@id":"https:\/\/bodur.com.tr\/kariyer#primaryimage"},"thumbnailUrl":"https:\/\/bodur.com.tr\/wp-content\/uploads\/ik-1.png","datePublished":"2025-05-18T16:07:38+00:00","dateModified":"2025-06-22T14:46:05+00:00","breadcrumb":{"@id":"https:\/\/bodur.com.tr\/kariyer#breadcrumb"},"inLanguage":"en-US","potentialAction":[{"@type":"ReadAction","target":["https:\/\/bodur.com.tr\/kariyer"]}]},{"@type":"ImageObject","inLanguage":"en-US","@id":"https:\/\/bodur.com.tr\/kariyer#primaryimage","url":"https:\/\/bodur.com.tr\/wp-content\/uploads\/ik-1.png","contentUrl":"https:\/\/bodur.com.tr\/wp-content\/uploads\/ik-1.png"},{"@type":"BreadcrumbList","@id":"https:\/\/bodur.com.tr\/kariyer#breadcrumb","itemListElement":[{"@type":"ListItem","position":1,"name":"Anasayfa","item":"https:\/\/bodur.com.tr\/"},{"@type":"ListItem","position":2,"name":"Kariyer"}]},{"@type":"WebSite","@id":"https:\/\/bodur.com.tr\/#website","url":"https:\/\/bodur.com.tr\/","name":"Bodur Industrial","description":"","publisher":{"@id":"https:\/\/bodur.com.tr\/#organization"},"potentialAction":[{"@type":"SearchAction","target":{"@type":"EntryPoint","urlTemplate":"https:\/\/bodur.com.tr\/?s={search_term_string}"},"query-input":{"@type":"PropertyValueSpecification","valueRequired":true,"valueName":"search_term_string"}}],"inLanguage":"en-US"},{"@type":"Organization","@id":"https:\/\/bodur.com.tr\/#organization","name":"Bodur Industrial","url":"https:\/\/bodur.com.tr\/","logo":{"@type":"ImageObject","inLanguage":"en-US","@id":"https:\/\/bodur.com.tr\/#\/schema\/logo\/image\/","url":"https:\/\/bodur.com.tr\/wp-content\/uploads\/51834268_258721005017375_5556593430731161600_n.jpg","contentUrl":"https:\/\/bodur.com.tr\/wp-content\/uploads\/51834268_258721005017375_5556593430731161600_n.jpg","width":320,"height":320,"caption":"Bodur End\u00fcstriyel"},"image":{"@id":"https:\/\/bodur.com.tr\/#\/schema\/logo\/image\/"},"sameAs":["https:\/\/www.facebook.com\/bodurendustriyel","https:\/\/www.instagram.com\/bodurendustriyel\/","https:\/\/www.youtube.com\/user\/harunbodur"]}]}},"_links":{"self":[{"href":"https:\/\/bodur.com.tr\/en\/wp-json\/wp\/v2\/pages\/21497","targetHints":{"allow":["GET"]}}],"collection":[{"href":"https:\/\/bodur.com.tr\/en\/wp-json\/wp\/v2\/pages"}],"about":[{"href":"https:\/\/bodur.com.tr\/en\/wp-json\/wp\/v2\/types\/page"}],"author":[{"embeddable":true,"href":"https:\/\/bodur.com.tr\/en\/wp-json\/wp\/v2\/users\/1"}],"replies":[{"embeddable":true,"href":"https:\/\/bodur.com.tr\/en\/wp-json\/wp\/v2\/comments?post=21497"}],"version-history":[{"count":0,"href":"https:\/\/bodur.com.tr\/en\/wp-json\/wp\/v2\/pages\/21497\/revisions"}],"wp:attachment":[{"href":"https:\/\/bodur.com.tr\/en\/wp-json\/wp\/v2\/media?parent=21497"}],"curies":[{"name":"wp","href":"https:\/\/api.w.org\/{rel}","templated":true}]}}