{"id":40787,"date":"2025-07-03T15:03:50","date_gmt":"2025-07-03T12:03:50","guid":{"rendered":"https:\/\/bodur.com.tr\/?post_type=product&#038;p=40787"},"modified":"2026-03-21T20:18:43","modified_gmt":"2026-03-21T17:18:43","slug":"bd-2520-1506-paketleme-masasi","status":"publish","type":"product","link":"https:\/\/bodur.com.tr\/el\/urun\/bd-2520-1506-paketleme-masasi","title":{"rendered":"BD.2520.1506 \u03a0\u03af\u03bd\u03b1\u03ba\u03b1\u03c2 \u03a3\u03c5\u03c3\u03ba\u03b5\u03c5\u03b1\u03c3\u03af\u03b1\u03c2"},"content":{"rendered":"<p>\u03a4\u03b1 \u03c4\u03c1\u03b1\u03c0\u03ad\u03b6\u03b9\u03b1 \u03c3\u03c5\u03c3\u03ba\u03b5\u03c5\u03b1\u03c3\u03af\u03b1\u03c2 \u03b5\u03af\u03bd\u03b1\u03b9 \u03b1\u03c1\u03b8\u03c1\u03c9\u03c4\u03ac \u03ba\u03b1\u03b9 \u03b5\u03c1\u03b3\u03bf\u03bd\u03bf\u03bc\u03b9\u03ba\u03ac \u03c3\u03c4\u03b1\u03b8\u03bc\u03bf\u03af \u03b5\u03c1\u03b3\u03b1\u03c3\u03af\u03b1\u03c2 \u03c0\u03bf\u03c5 \u03ad\u03c7\u03bf\u03c5\u03bd \u03c3\u03c7\u03b5\u03b4\u03b9\u03b1\u03c3\u03c4\u03b5\u03af \u03b3\u03b9\u03b1 \u03b2\u03b9\u03bf\u03bc\u03b7\u03c7\u03b1\u03bd\u03b9\u03ba\u03ae \u03c7\u03c1\u03ae\u03c3\u03b7. \u03a0\u03b1\u03c1\u03ad\u03c7\u03bf\u03c5\u03bd \u03bc\u03ad\u03b3\u03b9\u03c3\u03c4\u03b7 \u03b1\u03c0\u03cc\u03b4\u03bf\u03c3\u03b7 \u03c3\u03c4\u03b7\u03bd \u03c0\u03c1\u03bf\u03b5\u03c4\u03bf\u03b9\u03bc\u03b1\u03c3\u03af\u03b1 \u03c7\u03b1\u03c1\u03c4\u03bf\u03ba\u03b9\u03b2\u03c9\u03c4\u03af\u03c9\u03bd, \u03c4\u03b7 \u03b4\u03b9\u03ac\u03c4\u03b1\u03be\u03b7 \u03c5\u03bb\u03b9\u03ba\u03ce\u03bd \u03ba\u03b1\u03b9 \u03c4\u03b7 \u03c3\u03c5\u03c3\u03ba\u03b5\u03c5\u03b1\u03c3\u03af\u03b1 \u03c0\u03c1\u03bf\u03ca\u03cc\u03bd\u03c4\u03c9\u03bd, \u03b5\u03b9\u03b4\u03b9\u03ba\u03ac \u03c3\u03b5 \u03bb\u03b5\u03b9\u03c4\u03bf\u03c5\u03c1\u03b3\u03af\u03b5\u03c2 \u03b1\u03c0\u03bf\u03b8\u03ae\u03ba\u03b5\u03c5\u03c3\u03b7\u03c2, \u03b1\u03c0\u03bf\u03c3\u03c4\u03bf\u03bb\u03ae\u03c2, \u03c0\u03b1\u03c1\u03b1\u03b3\u03c9\u03b3\u03ae\u03c2 \u03ba\u03b1\u03b9 \u03b7\u03bb\u03b5\u03ba\u03c4\u03c1\u03bf\u03bd\u03b9\u03ba\u03bf\u03cd \u03b5\u03bc\u03c0\u03bf\u03c1\u03af\u03bf\u03c5.<\/p>\n<h4>\u03a0\u03c1\u03bf\u03b1\u03b9\u03c1\u03b5\u03c4\u03b9\u03ba\u03ac \u03b1\u03be\u03b5\u03c3\u03bf\u03c5\u03ac\u03c1:<\/h4>\n<ul>\n<li>\u03a3\u03c5\u03c3\u03c4\u03ae\u03bc\u03b1\u03c4\u03b1 \u03ba\u03bf\u03c1\u03c5\u03c6\u03b1\u03af\u03c9\u03bd \u03c1\u03b1\u03c6\u03b9\u03ce\u03bd<\/li>\n<li>\u03a3\u03c5\u03c3\u03c4\u03ae\u03bc\u03b1\u03c4\u03b1 \u03c1\u03b1\u03c6\u03b9\u03ce\u03bd \u03ba\u03ac\u03c4\u03c9<\/li>\n<li>\u0398\u03ae\u03ba\u03b5\u03c2 \u03ba\u03b1\u03b9 \u03ba\u03cc\u03c0\u03c4\u03b5\u03c2 \u03c1\u03bf\u03bb\u03ce\u03bd \u03b3\u03b9\u03b1 \u03c7\u03b1\u03c1\u03c4\u03af \u03ae \u03bc\u03b5\u03bc\u03b2\u03c1\u03ac\u03bd\u03b7.<\/li>\n<li>\u0394\u03b9\u03ac\u03c4\u03c1\u03b7\u03c4\u03bf \u03c0\u03ac\u03bd\u03b5\u03bb (\u03bc\u03b5 \u03ba\u03c1\u03b5\u03bc\u03b1\u03c3\u03c4\u03ac \u03c3\u03c4\u03b7\u03c1\u03af\u03b3\u03bc\u03b1\u03c4\u03b1)<\/li>\n<li>\u039c\u03bf\u03bd\u03ac\u03b4\u03b1 \u03c6\u03c9\u03c4\u03b9\u03c3\u03bc\u03bf\u03cd LED<\/li>\n<li>\u2022 \u03a0\u03bb\u03b1\u03ca\u03bd\u03ac \u03c1\u03ac\u03c6\u03b9\u03b1, \u03b2\u03bf\u03b7\u03b8\u03b7\u03c4\u03b9\u03ba\u03bf\u03af \u03b4\u03af\u03c3\u03ba\u03bf\u03b9, \u03b8\u03ae\u03ba\u03b5\u03c2 \u03b3\u03b9\u03b1 \u03c4\u03b1\u03b9\u03bd\u03af\u03b5\u03c2 \u03ba\u03b1\u03b9 \u03b5\u03c4\u03b9\u03ba\u03ad\u03c4\u03b5\u03c2<\/li>\n<li>\u039a\u03c1\u03b5\u03bc\u03ac\u03c3\u03c4\u03c1\u03b1 \u03b3\u03b9\u03b1 \u03ba\u03ac\u03b4\u03bf \u03b1\u03c0\u03bf\u03c1\u03c1\u03b9\u03bc\u03bc\u03ac\u03c4\u03c9\u03bd<\/li>\n<\/ul>\n<h4>\u03a4\u03bf\u03bc\u03b5\u03af\u03c2 \u03b5\u03c6\u03b1\u03c1\u03bc\u03bf\u03b3\u03ae\u03c2:<\/h4>\n<ul>\n<li>\u039c\u03bf\u03bd\u03ac\u03b4\u03b5\u03c2 Logistics \u03ba\u03b1\u03b9 \u03b1\u03c0\u03bf\u03c3\u03c4\u03bf\u03bb\u03ae\u03c2<\/li>\n<li>\u03a3\u03c4\u03b1\u03b8\u03bc\u03bf\u03af \u03c3\u03c5\u03bb\u03bb\u03bf\u03b3\u03ae\u03c2 \u03c0\u03b1\u03c1\u03b1\u03b3\u03b3\u03b5\u03bb\u03b9\u03ce\u03bd \u03b7\u03bb\u03b5\u03ba\u03c4\u03c1\u03bf\u03bd\u03b9\u03ba\u03bf\u03cd \u03b5\u03bc\u03c0\u03bf\u03c1\u03af\u03bf\u03c5<\/li>\n<li>\u0395\u03c0\u03b9\u03b8\u03b5\u03ce\u03c1\u03b7\u03c3\u03b7 \u03bc\u03b5\u03c4\u03ac \u03c4\u03b7\u03bd \u03c0\u03b1\u03c1\u03b1\u03b3\u03c9\u03b3\u03ae \u03ba\u03b1\u03b9 \u03b3\u03c1\u03b1\u03bc\u03bc\u03ad\u03c2 \u03c3\u03c5\u03c3\u03ba\u03b5\u03c5\u03b1\u03c3\u03af\u03b1\u03c2<\/li>\n<li>\u03a0\u03b5\u03c1\u03b9\u03bf\u03c7\u03ad\u03c2 \u03c3\u03c5\u03c3\u03ba\u03b5\u03c5\u03b1\u03c3\u03af\u03b1\u03c2 \u03c6\u03bf\u03c1\u03c4\u03af\u03bf\u03c5 \u03ba\u03b1\u03b9 \u03b5\u03c0\u03b5\u03be\u03b5\u03c1\u03b3\u03b1\u03c3\u03af\u03b1\u03c2 \u03b3\u03c1\u03b1\u03bc\u03bc\u03c9\u03c4\u03ce\u03bd \u03ba\u03c9\u03b4\u03af\u03ba\u03c9\u03bd<\/li>\n<\/ul>\n<p>\u03a4\u03b1 \u03c4\u03c1\u03b1\u03c0\u03ad\u03b6\u03b9\u03b1 \u03c3\u03c5\u03c3\u03ba\u03b5\u03c5\u03b1\u03c3\u03af\u03b1\u03c2 \u03bc\u03b1\u03c2 \u03ba\u03b1\u03bb\u03cd\u03c0\u03c4\u03bf\u03c5\u03bd \u03c0\u03bb\u03ae\u03c1\u03c9\u03c2 \u03c4\u03b9\u03c2 \u03b2\u03b9\u03bf\u03bc\u03b7\u03c7\u03b1\u03bd\u03b9\u03ba\u03ad\u03c2 \u03b1\u03bd\u03ac\u03b3\u03ba\u03b5\u03c2 \u03bc\u03b5 \u03c4\u03b7\u03bd \u03c3\u03c4\u03b9\u03b2\u03b1\u03c1\u03ae \u03ba\u03b1\u03c4\u03b1\u03c3\u03ba\u03b5\u03c5\u03ae \u03c4\u03bf\u03c5\u03c2, \u03c4\u03b7\u03bd \u03c5\u03c8\u03b7\u03bb\u03ae \u03c6\u03ad\u03c1\u03bf\u03c5\u03c3\u03b1 \u03b9\u03ba\u03b1\u03bd\u03cc\u03c4\u03b7\u03c4\u03b1 \u03ba\u03b1\u03b9 \u03c4\u03bf\u03bd \u03b5\u03c1\u03b3\u03bf\u03bd\u03bf\u03bc\u03b9\u03ba\u03cc \u03c3\u03c7\u03b5\u03b4\u03b9\u03b1\u03c3\u03bc\u03cc \u03c4\u03bf\u03c5\u03c2. \u03a7\u03ac\u03c1\u03b7 \u03c3\u03c4\u03b7\u03bd \u03b1\u03c1\u03b8\u03c1\u03c9\u03c4\u03ae \u03b4\u03bf\u03bc\u03ae \u03c4\u03bf\u03c5\u03c2, \u03bc\u03c0\u03bf\u03c1\u03bf\u03cd\u03bd \u03b5\u03cd\u03ba\u03bf\u03bb\u03b1 \u03bd\u03b1 \u03b5\u03bd\u03c3\u03c9\u03bc\u03b1\u03c4\u03c9\u03b8\u03bf\u03cd\u03bd \u03c3\u03b5 \u03b4\u03b9\u03b1\u03c6\u03bf\u03c1\u03b5\u03c4\u03b9\u03ba\u03ad\u03c2 \u03b5\u03c1\u03b3\u03b1\u03c3\u03b9\u03b1\u03ba\u03ad\u03c2 \u03b4\u03b9\u03b1\u03b4\u03b9\u03ba\u03b1\u03c3\u03af\u03b5\u03c2.<\/p>","protected":false},"excerpt":{"rendered":"<ul>\n<li>\u0395\u03c0\u03b9\u03bb\u03bf\u03b3\u03ad\u03c2 \u03c0\u03bb\u03ac\u03c4\u03bf\u03c5\u03c2: \u0394\u03b9\u03b1\u03c4\u03af\u03b8\u03b5\u03c4\u03b1\u03b9 \u03c3\u03b5 3 \u03b4\u03b9\u03b1\u03c6\u03bf\u03c1\u03b5\u03c4\u03b9\u03ba\u03ac \u03c0\u03bb\u03ac\u03c4\u03b7: 1200 mm, 1500 mm, 1800 mm<\/li>\n<li>\u0392\u03ac\u03b8\u03bf\u03c2: \u03a3\u03c4\u03ac\u03bd\u03c4\u03b1\u03c1 900 mm<\/li>\n<li>\u03a5\u03bb\u03b9\u03ba\u03cc \u03b5\u03c0\u03b9\u03c6\u03ac\u03bd\u03b5\u03b9\u03b1\u03c2 \u03c4\u03c1\u03b1\u03c0\u03b5\u03b6\u03b9\u03bf\u03cd: MDF \u03bb\u03b5\u03c5\u03ba\u03cc \u03c0\u03ac\u03c7\u03bf\u03c2 30 mm Lam<\/li>\n<li>\u03a1\u03cd\u03b8\u03bc\u03b9\u03c3\u03b7 \u03cd\u03c8\u03bf\u03c5\u03c2: \u03a7\u03b5\u03b9\u03c1\u03bf\u03ba\u03af\u03bd\u03b7\u03c4\u03b1 \u03c1\u03c5\u03b8\u03bc\u03b9\u03b6\u03cc\u03bc\u03b5\u03bd\u03bf. \u03a4\u03bf \u03cd\u03c8\u03bf\u03c2 \u03c4\u03bf\u03c5 \u03c4\u03c1\u03b1\u03c0\u03b5\u03b6\u03b9\u03bf\u03cd \u03bc\u03c0\u03bf\u03c1\u03b5\u03af \u03bd\u03b1 \u03c1\u03c5\u03b8\u03bc\u03b9\u03c3\u03c4\u03b5\u03af \u03bc\u03b5\u03c4\u03b1\u03be\u03cd 670 mm \u03ba\u03b1\u03b9 970 mm \u03b1\u03c0\u03cc \u03c4\u03bf \u03ad\u03b4\u03b1\u03c6\u03bf\u03c2.<\/li>\n<li>\u0395\u03c0\u03af\u03c3\u03c4\u03c1\u03c9\u03c3\u03b7 \u03b5\u03c0\u03b9\u03c6\u03ac\u03bd\u03b5\u03b9\u03b1\u03c2: \u0397\u03bb\u03b5\u03ba\u03c4\u03c1\u03bf\u03c3\u03c4\u03b1\u03c4\u03b9\u03ba\u03ae \u03b5\u03c0\u03af\u03c3\u03c4\u03c1\u03c9\u03c3\u03b7 \u03c3\u03ba\u03cc\u03bd\u03b7\u03c2 (\u03a4\u03c5\u03c0\u03b9\u03ba\u03cc \u03c7\u03c1\u03ce\u03bc\u03b1: RAL 7035)<\/li>\n<li>\u03a3\u03c5\u03bd\u03bf\u03bb\u03b9\u03ba\u03ae \u03b9\u03ba\u03b1\u03bd\u03cc\u03c4\u03b7\u03c4\u03b1 \u03c6\u03bf\u03c1\u03c4\u03af\u03bf\u03c5: 300 kg (\u03bc\u03b5 \u03bf\u03bc\u03bf\u03b9\u03cc\u03bc\u03bf\u03c1\u03c6\u03b1 \u03ba\u03b1\u03c4\u03b1\u03bd\u03b5\u03bc\u03b7\u03bc\u03ad\u03bd\u03bf \u03c6\u03bf\u03c1\u03c4\u03af\u03bf)<\/li>\n<\/ul>","protected":false},"featured_media":40795,"template":"","meta":[],"product_brand":[],"product_cat":[30],"product_tag":[],"class_list":{"0":"post-40787","1":"product","2":"type-product","3":"status-publish","4":"has-post-thumbnail","6":"product_cat-paketleme","8":"first","9":"instock","10":"shipping-taxable","11":"product-type-simple"},"yoast_head":"<!-- This site is optimized with the Yoast SEO plugin v27.4 - https:\/\/yoast.com\/product\/yoast-seo-wordpress\/ -->\n<title>BD.2520.1506 Paketleme Masas\u0131<\/title>\n<meta name=\"robots\" content=\"index, follow, max-snippet:-1, max-image-preview:large, max-video-preview:-1\" \/>\n<link rel=\"canonical\" href=\"https:\/\/bodur.com.tr\/el\/product\/bd-2520-1506-paketleme-masasi\/\" \/>\n<meta property=\"og:locale\" content=\"el_GR\" \/>\n<meta property=\"og:type\" content=\"article\" \/>\n<meta property=\"og:title\" content=\"BD.2520.1506 Paketleme Masas\u0131\" \/>\n<meta property=\"og:description\" content=\"Geni\u015flik Se\u00e7enekleri: 3 farkl\u0131 geni\u015flikte \u00fcretilebilir: 1200 mm, 1500 mm, 1800 mm  Derinlik: Standart 900 mm  Tabla Malzemesi: 30 mm kal\u0131nl\u0131\u011f\u0131nda beyaz MDF Lam  Y\u00fckseklik Ayar\u0131: Manuel olarak ayarlanabilir. Tabla y\u00fcksekli\u011fi zeminden 670 mm ile 970 mm aras\u0131nda ayarlanabilir  Y\u00fczey Kaplama: Elektrostatik toz boya (Standart renk: RAL 7035)  Toplam Ta\u015f\u0131ma Kapasitesi: 300 kg (e\u015fit yay\u0131l\u0131 y\u00fckte)\" \/>\n<meta property=\"og:url\" content=\"https:\/\/bodur.com.tr\/el\/product\/bd-2520-1506-paketleme-masasi\/\" \/>\n<meta property=\"og:site_name\" content=\"Bodur End\u00fcstriyel\" \/>\n<meta property=\"article:publisher\" content=\"https:\/\/www.facebook.com\/bodurendustriyel\" \/>\n<meta property=\"article:modified_time\" content=\"2026-03-21T17:18:43+00:00\" \/>\n<meta property=\"og:image\" content=\"https:\/\/bodur.com.tr\/wp-content\/uploads\/BD.2520.1506_W1500xD940_01.jpg\" \/>\n\t<meta property=\"og:image:width\" content=\"2480\" \/>\n\t<meta property=\"og:image:height\" content=\"2480\" \/>\n\t<meta property=\"og:image:type\" content=\"image\/jpeg\" \/>\n<meta name=\"twitter:card\" content=\"summary_large_image\" \/>\n<script type=\"application\/ld+json\" class=\"yoast-schema-graph\">{\"@context\":\"https:\\\/\\\/schema.org\",\"@graph\":[{\"@type\":\"WebPage\",\"@id\":\"https:\\\/\\\/bodur.com.tr\\\/urun\\\/bd-2520-1506-paketleme-masasi\",\"url\":\"https:\\\/\\\/bodur.com.tr\\\/urun\\\/bd-2520-1506-paketleme-masasi\",\"name\":\"BD.2520.1506 Paketleme Masas\u0131\",\"isPartOf\":{\"@id\":\"https:\\\/\\\/bodur.com.tr\\\/#website\"},\"primaryImageOfPage\":{\"@id\":\"https:\\\/\\\/bodur.com.tr\\\/urun\\\/bd-2520-1506-paketleme-masasi#primaryimage\"},\"image\":{\"@id\":\"https:\\\/\\\/bodur.com.tr\\\/urun\\\/bd-2520-1506-paketleme-masasi#primaryimage\"},\"thumbnailUrl\":\"https:\\\/\\\/bodur.com.tr\\\/wp-content\\\/uploads\\\/BD.2520.1506_W1500xD940_01.jpg\",\"datePublished\":\"2025-07-03T12:03:50+00:00\",\"dateModified\":\"2026-03-21T17:18:43+00:00\",\"breadcrumb\":{\"@id\":\"https:\\\/\\\/bodur.com.tr\\\/urun\\\/bd-2520-1506-paketleme-masasi#breadcrumb\"},\"inLanguage\":\"el\",\"potentialAction\":[{\"@type\":\"ReadAction\",\"target\":[\"https:\\\/\\\/bodur.com.tr\\\/urun\\\/bd-2520-1506-paketleme-masasi\"]}]},{\"@type\":\"ImageObject\",\"inLanguage\":\"el\",\"@id\":\"https:\\\/\\\/bodur.com.tr\\\/urun\\\/bd-2520-1506-paketleme-masasi#primaryimage\",\"url\":\"https:\\\/\\\/bodur.com.tr\\\/wp-content\\\/uploads\\\/BD.2520.1506_W1500xD940_01.jpg\",\"contentUrl\":\"https:\\\/\\\/bodur.com.tr\\\/wp-content\\\/uploads\\\/BD.2520.1506_W1500xD940_01.jpg\",\"width\":2480,\"height\":2480,\"caption\":\"BD.2520.1506 Paketleme Masas\u0131\"},{\"@type\":\"BreadcrumbList\",\"@id\":\"https:\\\/\\\/bodur.com.tr\\\/urun\\\/bd-2520-1506-paketleme-masasi#breadcrumb\",\"itemListElement\":[{\"@type\":\"ListItem\",\"position\":1,\"name\":\"Anasayfa\",\"item\":\"https:\\\/\\\/bodur.com.tr\\\/\"},{\"@type\":\"ListItem\",\"position\":2,\"name\":\"\u00dcr\u00fcnler\",\"item\":\"https:\\\/\\\/bodur.com.tr\\\/magaza\"},{\"@type\":\"ListItem\",\"position\":3,\"name\":\"BD.2520.1506 Paketleme Masas\u0131\"}]},{\"@type\":\"WebSite\",\"@id\":\"https:\\\/\\\/bodur.com.tr\\\/#website\",\"url\":\"https:\\\/\\\/bodur.com.tr\\\/\",\"name\":\"Bodur End\u00fcstriyel\",\"description\":\"\",\"publisher\":{\"@id\":\"https:\\\/\\\/bodur.com.tr\\\/#organization\"},\"potentialAction\":[{\"@type\":\"SearchAction\",\"target\":{\"@type\":\"EntryPoint\",\"urlTemplate\":\"https:\\\/\\\/bodur.com.tr\\\/?s={search_term_string}\"},\"query-input\":{\"@type\":\"PropertyValueSpecification\",\"valueRequired\":true,\"valueName\":\"search_term_string\"}}],\"inLanguage\":\"el\"},{\"@type\":\"Organization\",\"@id\":\"https:\\\/\\\/bodur.com.tr\\\/#organization\",\"name\":\"Bodur End\u00fcstriyel\",\"url\":\"https:\\\/\\\/bodur.com.tr\\\/\",\"logo\":{\"@type\":\"ImageObject\",\"inLanguage\":\"el\",\"@id\":\"https:\\\/\\\/bodur.com.tr\\\/#\\\/schema\\\/logo\\\/image\\\/\",\"url\":\"https:\\\/\\\/bodur.com.tr\\\/wp-content\\\/uploads\\\/51834268_258721005017375_5556593430731161600_n.jpg\",\"contentUrl\":\"https:\\\/\\\/bodur.com.tr\\\/wp-content\\\/uploads\\\/51834268_258721005017375_5556593430731161600_n.jpg\",\"width\":320,\"height\":320,\"caption\":\"Bodur End\u00fcstriyel\"},\"image\":{\"@id\":\"https:\\\/\\\/bodur.com.tr\\\/#\\\/schema\\\/logo\\\/image\\\/\"},\"sameAs\":[\"https:\\\/\\\/www.facebook.com\\\/bodurendustriyel\",\"https:\\\/\\\/www.instagram.com\\\/bodurendustriyel\\\/\",\"https:\\\/\\\/www.youtube.com\\\/user\\\/harunbodur\"]}]}<\/script>\n<!-- \/ Yoast SEO plugin. -->","yoast_head_json":{"title":"BD.2520.1506 \u03a0\u03af\u03bd\u03b1\u03ba\u03b1\u03c2 \u03a3\u03c5\u03c3\u03ba\u03b5\u03c5\u03b1\u03c3\u03af\u03b1\u03c2","robots":{"index":"index","follow":"follow","max-snippet":"max-snippet:-1","max-image-preview":"max-image-preview:large","max-video-preview":"max-video-preview:-1"},"canonical":"https:\/\/bodur.com.tr\/el\/product\/bd-2520-1506-paketleme-masasi\/","og_locale":"el_GR","og_type":"article","og_title":"BD.2520.1506 Paketleme Masas\u0131","og_description":"Geni\u015flik Se\u00e7enekleri: 3 farkl\u0131 geni\u015flikte \u00fcretilebilir: 1200 mm, 1500 mm, 1800 mm  Derinlik: Standart 900 mm  Tabla Malzemesi: 30 mm kal\u0131nl\u0131\u011f\u0131nda beyaz MDF Lam  Y\u00fckseklik Ayar\u0131: Manuel olarak ayarlanabilir. Tabla y\u00fcksekli\u011fi zeminden 670 mm ile 970 mm aras\u0131nda ayarlanabilir  Y\u00fczey Kaplama: Elektrostatik toz boya (Standart renk: RAL 7035)  Toplam Ta\u015f\u0131ma Kapasitesi: 300 kg (e\u015fit yay\u0131l\u0131 y\u00fckte)","og_url":"https:\/\/bodur.com.tr\/el\/product\/bd-2520-1506-paketleme-masasi\/","og_site_name":"Bodur End\u00fcstriyel","article_publisher":"https:\/\/www.facebook.com\/bodurendustriyel","article_modified_time":"2026-03-21T17:18:43+00:00","og_image":[{"width":2480,"height":2480,"url":"https:\/\/bodur.com.tr\/wp-content\/uploads\/BD.2520.1506_W1500xD940_01.jpg","type":"image\/jpeg"}],"twitter_card":"summary_large_image","schema":{"@context":"https:\/\/schema.org","@graph":[{"@type":"WebPage","@id":"https:\/\/bodur.com.tr\/urun\/bd-2520-1506-paketleme-masasi","url":"https:\/\/bodur.com.tr\/urun\/bd-2520-1506-paketleme-masasi","name":"BD.2520.1506 \u03a0\u03af\u03bd\u03b1\u03ba\u03b1\u03c2 \u03a3\u03c5\u03c3\u03ba\u03b5\u03c5\u03b1\u03c3\u03af\u03b1\u03c2","isPartOf":{"@id":"https:\/\/bodur.com.tr\/#website"},"primaryImageOfPage":{"@id":"https:\/\/bodur.com.tr\/urun\/bd-2520-1506-paketleme-masasi#primaryimage"},"image":{"@id":"https:\/\/bodur.com.tr\/urun\/bd-2520-1506-paketleme-masasi#primaryimage"},"thumbnailUrl":"https:\/\/bodur.com.tr\/wp-content\/uploads\/BD.2520.1506_W1500xD940_01.jpg","datePublished":"2025-07-03T12:03:50+00:00","dateModified":"2026-03-21T17:18:43+00:00","breadcrumb":{"@id":"https:\/\/bodur.com.tr\/urun\/bd-2520-1506-paketleme-masasi#breadcrumb"},"inLanguage":"el","potentialAction":[{"@type":"ReadAction","target":["https:\/\/bodur.com.tr\/urun\/bd-2520-1506-paketleme-masasi"]}]},{"@type":"ImageObject","inLanguage":"el","@id":"https:\/\/bodur.com.tr\/urun\/bd-2520-1506-paketleme-masasi#primaryimage","url":"https:\/\/bodur.com.tr\/wp-content\/uploads\/BD.2520.1506_W1500xD940_01.jpg","contentUrl":"https:\/\/bodur.com.tr\/wp-content\/uploads\/BD.2520.1506_W1500xD940_01.jpg","width":2480,"height":2480,"caption":"BD.2520.1506 Paketleme Masas\u0131"},{"@type":"BreadcrumbList","@id":"https:\/\/bodur.com.tr\/urun\/bd-2520-1506-paketleme-masasi#breadcrumb","itemListElement":[{"@type":"ListItem","position":1,"name":"Anasayfa","item":"https:\/\/bodur.com.tr\/"},{"@type":"ListItem","position":2,"name":"\u00dcr\u00fcnler","item":"https:\/\/bodur.com.tr\/magaza"},{"@type":"ListItem","position":3,"name":"BD.2520.1506 Paketleme Masas\u0131"}]},{"@type":"WebSite","@id":"https:\/\/bodur.com.tr\/#website","url":"https:\/\/bodur.com.tr\/","name":"\u0392\u03b9\u03bf\u03bc\u03b7\u03c7\u03b1\u03bd\u03b9\u03ba\u03ae \u039c\u03c0\u03bf\u03bd\u03c4\u03bf\u03cd\u03c1","description":"","publisher":{"@id":"https:\/\/bodur.com.tr\/#organization"},"potentialAction":[{"@type":"SearchAction","target":{"@type":"EntryPoint","urlTemplate":"https:\/\/bodur.com.tr\/?s={search_term_string}"},"query-input":{"@type":"PropertyValueSpecification","valueRequired":true,"valueName":"search_term_string"}}],"inLanguage":"el"},{"@type":"Organization","@id":"https:\/\/bodur.com.tr\/#organization","name":"\u0392\u03b9\u03bf\u03bc\u03b7\u03c7\u03b1\u03bd\u03b9\u03ba\u03ae \u039c\u03c0\u03bf\u03bd\u03c4\u03bf\u03cd\u03c1","url":"https:\/\/bodur.com.tr\/","logo":{"@type":"ImageObject","inLanguage":"el","@id":"https:\/\/bodur.com.tr\/#\/schema\/logo\/image\/","url":"https:\/\/bodur.com.tr\/wp-content\/uploads\/51834268_258721005017375_5556593430731161600_n.jpg","contentUrl":"https:\/\/bodur.com.tr\/wp-content\/uploads\/51834268_258721005017375_5556593430731161600_n.jpg","width":320,"height":320,"caption":"Bodur End\u00fcstriyel"},"image":{"@id":"https:\/\/bodur.com.tr\/#\/schema\/logo\/image\/"},"sameAs":["https:\/\/www.facebook.com\/bodurendustriyel","https:\/\/www.instagram.com\/bodurendustriyel\/","https:\/\/www.youtube.com\/user\/harunbodur"]}]}},"_links":{"self":[{"href":"https:\/\/bodur.com.tr\/el\/wp-json\/wp\/v2\/product\/40787","targetHints":{"allow":["GET"]}}],"collection":[{"href":"https:\/\/bodur.com.tr\/el\/wp-json\/wp\/v2\/product"}],"about":[{"href":"https:\/\/bodur.com.tr\/el\/wp-json\/wp\/v2\/types\/product"}],"wp:featuredmedia":[{"embeddable":true,"href":"https:\/\/bodur.com.tr\/el\/wp-json\/wp\/v2\/media\/40795"}],"wp:attachment":[{"href":"https:\/\/bodur.com.tr\/el\/wp-json\/wp\/v2\/media?parent=40787"}],"wp:term":[{"taxonomy":"product_brand","embeddable":true,"href":"https:\/\/bodur.com.tr\/el\/wp-json\/wp\/v2\/product_brand?post=40787"},{"taxonomy":"product_cat","embeddable":true,"href":"https:\/\/bodur.com.tr\/el\/wp-json\/wp\/v2\/product_cat?post=40787"},{"taxonomy":"product_tag","embeddable":true,"href":"https:\/\/bodur.com.tr\/el\/wp-json\/wp\/v2\/product_tag?post=40787"}],"curies":[{"name":"wp","href":"https:\/\/api.w.org\/{rel}","templated":true}]}}