{"id":40635,"date":"2025-06-29T21:31:00","date_gmt":"2025-06-29T18:31:00","guid":{"rendered":"https:\/\/bodur.com.tr\/?post_type=product&#038;p=40635"},"modified":"2025-06-30T20:48:54","modified_gmt":"2025-06-30T17:48:54","slug":"bd-2552-1221-%cf%83%cf%85%cf%81%cf%84%ce%ac%cf%81%ce%b9-%ce%ba%ce%b1%ce%bb%ce%bf%cf%8d%cf%80%ce%b9-%cf%81%ce%ac%cf%86%ce%b9","status":"publish","type":"product","link":"https:\/\/bodur.com.tr\/el\/urun\/bd-2552-1221-cekmeceli-kalip-rafi","title":{"rendered":"BD.2552.1221 \u00c7ekmeceli Kal\u0131p Raf\u0131 %100"},"content":{"rendered":"<p>\u0395\u03c0\u03b1\u03bd\u03b1\u03c0\u03c1\u03bf\u03c3\u03b4\u03b9\u03bf\u03c1\u03b9\u03c3\u03bc\u03cc\u03c2 \u03c4\u03c9\u03bd \u03c0\u03c1\u03bf\u03c4\u03cd\u03c0\u03c9\u03bd \u03b2\u03b9\u03bf\u03bc\u03b7\u03c7\u03b1\u03bd\u03b9\u03ba\u03ae\u03c2 \u03b1\u03c0\u03bf\u03b8\u03ae\u03ba\u03b5\u03c5\u03c3\u03b7\u03c2. <strong>\u03a3\u03cd\u03c3\u03c4\u03b7\u03bc\u03b1 \u03c1\u03b1\u03c6\u03b9\u03ce\u03bd \u03b2\u03b1\u03c1\u03ad\u03c9\u03c2 \u03c4\u03cd\u03c0\u03bf\u03c5 \u03bc\u03b5 \u03b4\u03c5\u03bd\u03b1\u03c4\u03cc\u03c4\u03b7\u03c4\u03b1 \u03b1\u03c6\u03b1\u03af\u03c1\u03b5\u03c3\u03b7\u03c2<\/strong>, \u03a3\u03c5\u03bd\u03b4\u03c5\u03ac\u03b6\u03b5\u03b9 \u03b1\u03bd\u03ce\u03c4\u03b5\u03c1\u03b7 \u03c6\u03ad\u03c1\u03bf\u03c5\u03c3\u03b1 \u03b9\u03ba\u03b1\u03bd\u03cc\u03c4\u03b7\u03c4\u03b1 \u03bc\u03b5 \u03bc\u03ad\u03b3\u03b9\u03c3\u03c4\u03b7 \u03b5\u03c1\u03b3\u03bf\u03bd\u03bf\u03bc\u03af\u03b1. \u039a\u03ac\u03b8\u03b5 \u03bb\u03b5\u03c0\u03c4\u03bf\u03bc\u03ad\u03c1\u03b5\u03b9\u03b1 \u03b1\u03c5\u03c4\u03bf\u03cd \u03c4\u03bf\u03c5 \u03c3\u03c5\u03c3\u03c4\u03ae\u03bc\u03b1\u03c4\u03bf\u03c2 \u03ad\u03c7\u03b5\u03b9 \u03b1\u03bd\u03b1\u03c0\u03c4\u03c5\u03c7\u03b8\u03b5\u03af \u03c3\u03c7\u03bf\u03bb\u03b1\u03c3\u03c4\u03b9\u03ba\u03ac \u03ba\u03b1\u03c4\u03ac \u03c4\u03b7 \u03c6\u03ac\u03c3\u03b7 \u03c3\u03c7\u03b5\u03b4\u03b9\u03b1\u03c3\u03bc\u03bf\u03cd. \u0391\u03c0\u03bf\u03c4\u03b5\u03bb\u03b5\u03af \u03bc\u03b9\u03b1 \u03b9\u03b4\u03b1\u03bd\u03b9\u03ba\u03ae, \u03bc\u03b1\u03ba\u03c1\u03bf\u03c7\u03c1\u03cc\u03bd\u03b9\u03b1 \u03bb\u03cd\u03c3\u03b7 \u03b3\u03b9\u03b1 \u03b5\u03c1\u03b3\u03b1\u03c3\u03c4\u03ae\u03c1\u03b9\u03b1, \u03b3\u03c1\u03b1\u03bc\u03bc\u03ad\u03c2 \u03c0\u03b1\u03c1\u03b1\u03b3\u03c9\u03b3\u03ae\u03c2, \u03b1\u03c0\u03bf\u03b8\u03ae\u03ba\u03b5\u03c2 \u03b1\u03bd\u03c4\u03b1\u03bb\u03bb\u03b1\u03ba\u03c4\u03b9\u03ba\u03ce\u03bd \u03ba\u03b1\u03b9 \u03ba\u03ad\u03bd\u03c4\u03c1\u03b1 logistics.<\/p>\n<table>\n<thead>\n<tr>\n<td><strong>\u03a0\u03bb\u03b5\u03bf\u03bd\u03ad\u03ba\u03c4\u03b7\u03bc\u03b1<\/strong><\/td>\n<td><strong>\u0395\u03be\u03ae\u03b3\u03b7\u03c3\u03b7<\/strong><\/td>\n<\/tr>\n<\/thead>\n<tbody>\n<tr>\n<td><strong>\u03a5\u03c8\u03b7\u03bb\u03ae \u03c7\u03c9\u03c1\u03b7\u03c4\u03b9\u03ba\u03cc\u03c4\u03b7\u03c4\u03b1 \u03c6\u03bf\u03c1\u03c4\u03af\u03bf\u03c5<\/strong><\/td>\n<td>\u03a7\u03c9\u03c1\u03b7\u03c4\u03b9\u03ba\u03cc\u03c4\u03b7\u03c4\u03b1 \u03bc\u03b5\u03c4\u03b1\u03c6\u03bf\u03c1\u03ac\u03c2 \u03ad\u03c9\u03c2 1000 kg \u03b1\u03bd\u03ac \u03c3\u03c5\u03c1\u03c4\u03ac\u03c1\u03b9 \u03ba\u03b1\u03b9 \u03ad\u03c9\u03c2 9000 kg \u03b1\u03bd\u03ac \u03b5\u03c0\u03b9\u03c6\u03ac\u03bd\u03b5\u03b9\u03b1. *\u0397 \u03c7\u03c9\u03c1\u03b7\u03c4\u03b9\u03ba\u03cc\u03c4\u03b7\u03c4\u03b1 \u03c6\u03bf\u03c1\u03c4\u03af\u03bf\u03c5 \u03ba\u03c5\u03bc\u03b1\u03af\u03bd\u03b5\u03c4\u03b1\u03b9 \u03bc\u03b5\u03c4\u03b1\u03be\u03cd 800 \u2013 1000 kg \u03b1\u03bd\u03ac\u03bb\u03bf\u03b3\u03b1 \u03bc\u03b5 \u03c4\u03bf \u03b2\u03ac\u03b8\u03bf\u03c2 \u03c4\u03bf\u03c5 \u03c1\u03b1\u03c6\u03b9\u03bf\u03cd.<\/td>\n<\/tr>\n<tr>\n<td><strong>\u03a0\u03bb\u03ae\u03c1\u03b7 \u03ba\u03b1\u03b9 \u03bc\u03b5\u03c1\u03b9\u03ba\u03ac \u03b1\u03bd\u03b1\u03b4\u03b9\u03c0\u03bb\u03bf\u03cd\u03bc\u03b5\u03bd\u03b1 \u03c0\u03bb\u03b1\u03af\u03c3\u03b9\u03b1<\/strong><\/td>\n<td>%65 ve %100 a\u00e7\u0131labilir \u00e7ekmece se\u00e7enekleri sayesinde y\u00fcke tam eri\u015fim; g\u00fcvenli durdurma kilidi ile emniyetli \u00e7al\u0131\u015fma.<\/td>\n<\/tr>\n<tr>\n<td><strong>\u03a3\u03c7\u03b5\u03b4\u03b9\u03b1\u03c3\u03bc\u03cc\u03c2 \u03bc\u03b5 \u03b1\u03c1\u03b8\u03c1\u03c9\u03c4\u03ac \u03c3\u03c4\u03bf\u03b9\u03c7\u03b5\u03af\u03b1<\/strong><\/td>\n<td>\u039f\u03b9 \u03b5\u03c0\u03b9\u03bb\u03bf\u03b3\u03ad\u03c2 \u03c0\u03bb\u03ac\u03c4\u03bf\u03c5\u03c2 890 mm, 1090 mm \u03ba\u03b1\u03b9 1290 mm \u03bc\u03c0\u03bf\u03c1\u03bf\u03cd\u03bd \u03bd\u03b1 \u03c3\u03c5\u03bd\u03b4\u03c5\u03b1\u03c3\u03c4\u03bf\u03cd\u03bd \u03bc\u03b5 \u03b2\u03ac\u03b8\u03b7 860 mm, 1060 mm \u03ba\u03b1\u03b9 1260 mm. \u0395\u03cd\u03ba\u03bf\u03bb\u03b7 \u03c0\u03c1\u03bf\u03c3\u03b1\u03c1\u03bc\u03bf\u03b3\u03ae \u03c3\u03b5 \u03bc\u03b5\u03bb\u03bb\u03bf\u03bd\u03c4\u03b9\u03ba\u03ad\u03c2 \u03b1\u03c5\u03be\u03ae\u03c3\u03b5\u03b9\u03c2 \u03c7\u03c9\u03c1\u03b7\u03c4\u03b9\u03ba\u03cc\u03c4\u03b7\u03c4\u03b1\u03c2.<\/td>\n<\/tr>\n<tr>\n<td><strong>\u0395\u03cd\u03ba\u03bf\u03bb\u03b7 \u03b5\u03b3\u03ba\u03b1\u03c4\u03ac\u03c3\u03c4\u03b1\u03c3\u03b7 \u03ba\u03b1\u03b9 \u03b1\u03b3\u03ba\u03cd\u03c1\u03c9\u03c3\u03b7<\/strong><\/td>\n<td>\u039f\u03b9 \u03c0\u03bb\u03ac\u03ba\u03b5\u03c2 \u03c3\u03c4\u03ac\u03b8\u03bc\u03b7\u03c2 \u03c0\u03bf\u03c5 \u03c1\u03c5\u03b8\u03bc\u03af\u03b6\u03bf\u03bd\u03c4\u03b1\u03b9 \u03b1\u03bd\u03ac\u03bb\u03bf\u03b3\u03b1 \u03bc\u03b5 \u03c4\u03bf \u03c5\u03c8\u03cc\u03bc\u03b5\u03c4\u03c1\u03bf \u03c4\u03bf\u03c5 \u03b5\u03b4\u03ac\u03c6\u03bf\u03c5\u03c2 \u03c0\u03b1\u03c1\u03ad\u03c7\u03bf\u03c5\u03bd \u03b3\u03c1\u03ae\u03b3\u03bf\u03c1\u03b7 \u03b1\u03b3\u03ba\u03cd\u03c1\u03c9\u03c3\u03b7 \u03c3\u03b5 \u03b4\u03ac\u03c0\u03b5\u03b4\u03b1 \u03b1\u03c0\u03cc \u03c3\u03ba\u03c5\u03c1\u03cc\u03b4\u03b5\u03bc\u03b1, \u03b5\u03be\u03b1\u03c3\u03c6\u03b1\u03bb\u03af\u03b6\u03bf\u03bd\u03c4\u03b1\u03c2 \u03c3\u03b5\u03b9\u03c3\u03bc\u03b9\u03ba\u03ae \u03b1\u03c3\u03c6\u03ac\u03bb\u03b5\u03b9\u03b1 \u03ba\u03b1\u03b9 \u03bc\u03b1\u03ba\u03c1\u03bf\u03c7\u03c1\u03cc\u03bd\u03b9\u03b1 \u03c3\u03c4\u03b1\u03b8\u03b5\u03c1\u03cc\u03c4\u03b7\u03c4\u03b1.<\/td>\n<\/tr>\n<tr>\n<td><strong>\u0395\u03c1\u03b3\u03bf\u03bd\u03bf\u03bc\u03af\u03b1 &amp; \u0391\u03c3\u03c6\u03ac\u03bb\u03b5\u03b9\u03b1 \u03c3\u03c4\u03b7\u03bd \u0395\u03c1\u03b3\u03b1\u03c3\u03af\u03b1<\/strong><\/td>\n<td>\u03a4\u03b1 \u03c3\u03c5\u03c1\u03c4\u03ac\u03c1\u03b9\u03b1 \u03ba\u03bb\u03b5\u03b9\u03b4\u03ce\u03bd\u03bf\u03c5\u03bd \u03bc\u03cc\u03bd\u03b1 \u03c4\u03bf\u03c5\u03c2 \u03cc\u03c4\u03b1\u03bd \u03b5\u03af\u03bd\u03b1\u03b9 \u03c0\u03bb\u03ae\u03c1\u03c9\u03c2 \u03b1\u03bd\u03bf\u03b9\u03c7\u03c4\u03ac, \u03b1\u03c0\u03bf\u03c4\u03c1\u03ad\u03c0\u03bf\u03bd\u03c4\u03b1\u03c2 \u03c4\u03b7\u03bd \u03b1\u03ba\u03bf\u03cd\u03c3\u03b9\u03b1 \u03ba\u03af\u03bd\u03b7\u03c3\u03b7 \u03ba\u03b1\u03c4\u03ac \u03c4\u03b7 \u03c6\u03cc\u03c1\u03c4\u03c9\u03c3\u03b7 \u03ba\u03b1\u03b9 \u03c4\u03b7\u03bd \u03b5\u03ba\u03c6\u03cc\u03c1\u03c4\u03c9\u03c3\u03b7.<\/td>\n<\/tr>\n<\/tbody>\n<\/table>\n<h4>\u03a0\u03b5\u03c1\u03b9\u03c0\u03c4\u03ce\u03c3\u03b5\u03b9\u03c2 \u03c7\u03c1\u03ae\u03c3\u03b7\u03c2<\/h4>\n<ul>\n<li><strong>\u0391\u03c0\u03bf\u03b8\u03ae\u03ba\u03b5\u03c2 \u03b2\u03b1\u03c1\u03ad\u03c9\u03bd \u03b5\u03c1\u03b3\u03b1\u03bb\u03b5\u03af\u03c9\u03bd \u03ba\u03b1\u03b9 \u03ba\u03b1\u03bb\u03bf\u03c5\u03c0\u03b9\u03ce\u03bd<\/strong> \u2013 \u0395\u03c1\u03b3\u03b1\u03c3\u03c4\u03ae\u03c1\u03b9\u03b1 CNC, \u03c4\u03bc\u03ae\u03bc\u03b1\u03c4\u03b1 \u03c3\u03c5\u03bd\u03c4\u03ae\u03c1\u03b7\u03c3\u03b7\u03c2 \u03ba\u03b1\u03bb\u03bf\u03c5\u03c0\u03b9\u03ce\u03bd<\/li>\n<li><strong>\u03a7\u03ce\u03c1\u03bf\u03b9 \u03b1\u03c0\u03bf\u03b8\u03ae\u03ba\u03b5\u03c5\u03c3\u03b7\u03c2 \u03ba\u03b9\u03bd\u03b7\u03c4\u03ae\u03c1\u03b1 \u03ba\u03b1\u03b9 \u03ba\u03b9\u03b2\u03c9\u03c4\u03af\u03bf\u03c5 \u03c4\u03b1\u03c7\u03c5\u03c4\u03ae\u03c4\u03c9\u03bd<\/strong> \u2013 \u039a\u03ad\u03bd\u03c4\u03c1\u03b1 \u03c3\u03ad\u03c1\u03b2\u03b9\u03c2 \u03b1\u03c5\u03c4\u03bf\u03ba\u03b9\u03bd\u03ae\u03c4\u03c9\u03bd, \u03b5\u03b3\u03ba\u03b1\u03c4\u03b1\u03c3\u03c4\u03ac\u03c3\u03b5\u03b9\u03c2 \u03b1\u03bd\u03b1\u03ba\u03b1\u03af\u03bd\u03b9\u03c3\u03b7\u03c2<\/li>\n<li><strong>\u0394\u03b9\u03b1\u03c7\u03b5\u03af\u03c1\u03b9\u03c3\u03b7 \u03b5\u03be\u03b1\u03c1\u03c4\u03b7\u03bc\u03ac\u03c4\u03c9\u03bd \u03c5\u03c8\u03b7\u03bb\u03ae\u03c2 \u03c0\u03c5\u03ba\u03bd\u03cc\u03c4\u03b7\u03c4\u03b1\u03c2<\/strong> \u2013 \u0391\u03bd\u03c4\u03b1\u03bb\u03bb\u03b1\u03ba\u03c4\u03b9\u03ba\u03ac \u03b1\u03b5\u03c1\u03bf\u03b4\u03b9\u03b1\u03c3\u03c4\u03b7\u03bc\u03b9\u03ba\u03ae\u03c2 \u03ba\u03b1\u03b9 \u03b1\u03bc\u03c5\u03bd\u03c4\u03b9\u03ba\u03ae\u03c2 \u03b2\u03b9\u03bf\u03bc\u03b7\u03c7\u03b1\u03bd\u03af\u03b1\u03c2<\/li>\n<li><strong>Logistics &amp; \u03b5\u03bd\u03bf\u03c0\u03bf\u03af\u03b7\u03c3\u03b7 \u03c0\u03c1\u03b9\u03bd \u03b1\u03c0\u03cc \u03c4\u03b7\u03bd \u03b1\u03c0\u03bf\u03c3\u03c4\u03bf\u03bb\u03ae<\/strong> \u2013 \u039a\u03cc\u03bc\u03b2\u03bf\u03b9 \u03b5\u03bc\u03c0\u03bf\u03c1\u03b5\u03c5\u03bc\u03b1\u03c4\u03b9\u03ba\u03ce\u03bd \u03bc\u03b5\u03c4\u03b1\u03c6\u03bf\u03c1\u03ce\u03bd, \u03ba\u03ad\u03bd\u03c4\u03c1\u03b1 \u03b4\u03b9\u03b1\u03bd\u03bf\u03bc\u03ae\u03c2<\/li>\n<\/ul>\n<h3>\u03a3\u03c7\u03b5\u03b4\u03b9\u03b1\u03c3\u03bc\u03ad\u03bd\u03bf \u03b3\u03b9\u03b1 \u03b5\u03c3\u03ac\u03c2, \u03ba\u03b1\u03c4\u03b1\u03c3\u03ba\u03b5\u03c5\u03b1\u03c3\u03bc\u03ad\u03bd\u03bf \u03b3\u03b9\u03b1 \u03bd\u03b1 \u03b5\u03bd\u03b4\u03c5\u03bd\u03b1\u03bc\u03ce\u03bd\u03b5\u03b9 \u03c4\u03b7 \u03c1\u03bf\u03ae \u03b5\u03c1\u03b3\u03b1\u03c3\u03af\u03b1\u03c2 \u03c3\u03b1\u03c2.<\/h3>\n<p>\u03a4\u03bf \u03c3\u03cd\u03c3\u03c4\u03b7\u03bc\u03b1 Mold Racking \u03b5\u03bd\u03c3\u03c9\u03bc\u03b1\u03c4\u03ce\u03bd\u03b5\u03b9 \u03c4\u03b7\u03bd \u03b9\u03ba\u03b1\u03bd\u03cc\u03c4\u03b7\u03c4\u03b1 \u03c6\u03ad\u03c1\u03bf\u03c5\u03c3\u03b1\u03c2 \u03b9\u03ba\u03b1\u03bd\u03cc\u03c4\u03b7\u03c4\u03b1\u03c2 \u03ba\u03b1\u03b9 \u03c4\u03b1 \u03c7\u03b1\u03c1\u03b1\u03ba\u03c4\u03b7\u03c1\u03b9\u03c3\u03c4\u03b9\u03ba\u03ac \u03b1\u03c3\u03c6\u03b1\u03bb\u03b5\u03af\u03b1\u03c2 \u03c0\u03bf\u03c5 \u03b1\u03c0\u03b1\u03b9\u03c4\u03bf\u03cd\u03bd\u03c4\u03b1\u03b9 \u03b1\u03c0\u03cc \u03c4\u03b1 \u03b1\u03c0\u03b1\u03b9\u03c4\u03b7\u03c4\u03b9\u03ba\u03ac \u03b2\u03b9\u03bf\u03bc\u03b7\u03c7\u03b1\u03bd\u03b9\u03ba\u03ac \u03c0\u03b5\u03c1\u03b9\u03b2\u03ac\u03bb\u03bb\u03bf\u03bd\u03c4\u03b1 \u03bc\u03b5 \u03ad\u03bd\u03b1\u03bd \u03b1\u03b9\u03c3\u03b8\u03b7\u03c4\u03b9\u03ba\u03ac \u03b5\u03c5\u03c7\u03ac\u03c1\u03b9\u03c3\u03c4\u03bf \u03c3\u03c7\u03b5\u03b4\u03b9\u03b1\u03c3\u03bc\u03cc. \u0391\u03bd \u03b8\u03ad\u03bb\u03b5\u03c4\u03b5 \u03bd\u03b1 \u03b5\u03c0\u03b5\u03ba\u03c4\u03b5\u03af\u03bd\u03b5\u03c4\u03b5 \u03c4\u03b7 \u03c7\u03c9\u03c1\u03b7\u03c4\u03b9\u03ba\u03cc\u03c4\u03b7\u03c4\u03b1 \u03c4\u03c9\u03bd \u03c1\u03b1\u03c6\u03b9\u03ce\u03bd \u03c3\u03b1\u03c2, \u03bd\u03b1 \u03b5\u03be\u03bf\u03b9\u03ba\u03bf\u03bd\u03bf\u03bc\u03ae\u03c3\u03b5\u03c4\u03b5 \u03c7\u03ce\u03c1\u03bf \u03b1\u03bd\u03ac \u03c4\u03b5\u03c4\u03c1\u03b1\u03b3\u03c9\u03bd\u03b9\u03ba\u03cc \u03bc\u03ad\u03c4\u03c1\u03bf, \u03bd\u03b1 \u03b1\u03c5\u03be\u03ae\u03c3\u03b5\u03c4\u03b5 \u03c4\u03b7\u03bd \u03b1\u03c3\u03c6\u03ac\u03bb\u03b5\u03b9\u03b1 \u03c3\u03c4\u03bf\u03bd \u03c7\u03ce\u03c1\u03bf \u03b5\u03c1\u03b3\u03b1\u03c3\u03af\u03b1\u03c2 \u03ba\u03b1\u03b9 \u03bd\u03b1 \u03b5\u03be\u03bf\u03b9\u03ba\u03bf\u03bd\u03bf\u03bc\u03ae\u03c3\u03b5\u03c4\u03b5 \u03c7\u03c1\u03cc\u03bd\u03bf, \u03c4\u03bf \u03c3\u03cd\u03c3\u03c4\u03b7\u03bc\u03b1 Mold Racking \u03bc\u03b1\u03c2 \u03b5\u03af\u03bd\u03b1\u03b9 \u03b9\u03b4\u03b1\u03bd\u03b9\u03ba\u03cc \u03b3\u03b9\u03b1 \u03b5\u03c3\u03ac\u03c2!<\/p>\n<p><strong>\u0391\u03bd\u03b5\u03b2\u03ac\u03c3\u03c4\u03b5 \u03c4\u03b7\u03bd \u03c0\u03b1\u03c1\u03b1\u03b3\u03c9\u03b3\u03b9\u03ba\u03cc\u03c4\u03b7\u03c4\u03b1 \u03c3\u03c4\u03b7\u03bd \u03b5\u03c0\u03b9\u03c7\u03b5\u03af\u03c1\u03b7\u03c3\u03ae \u03c3\u03b1\u03c2 \u03c3\u03b5 \u03bd\u03ad\u03bf \u03b5\u03c0\u03af\u03c0\u03b5\u03b4\u03bf. .<\/strong><\/p>","protected":false},"excerpt":{"rendered":"<p><strong>\u03a4\u03b5\u03c7\u03bd\u03b9\u03ba\u03ad\u03c2 \u03c0\u03c1\u03bf\u03b4\u03b9\u03b1\u03b3\u03c1\u03b1\u03c6\u03ad\u03c2<\/strong><\/p>\n<ul>\n<li><strong>\u03a4\u03cd\u03c0\u03bf\u03b9 \u03c0\u03bb\u03b1\u03b9\u03c3\u03af\u03c9\u03bd:<\/strong> Sabit, %65 a\u00e7\u0131l\u0131ml\u0131 \u00e7ekmece ve %100 a\u00e7\u0131l\u0131ml\u0131 \u00e7ekmece<\/li>\n<li><strong>\u03a7\u03c9\u03c1\u03b7\u03c4\u03b9\u03ba\u03cc\u03c4\u03b7\u03c4\u03b1 \u03c6\u03bf\u03c1\u03c4\u03af\u03bf\u03c5:<\/strong> 800 \u2013 1000 kg \/ \u03c3\u03c5\u03c1\u03c4\u03ac\u03c1\u03b9 | 9 000 kg \/ \u03c7\u03c9\u03c1\u03ac\u03c6\u03b9<\/li>\n<li><strong>\u0392\u03ac\u03b8\u03b7 \u03c1\u03b1\u03c6\u03b9\u03ce\u03bd (T):<\/strong> 860 \u03c7\u03b9\u03bb. | 1060 \u03c7\u03b9\u03bb. | 1260 \u03c7\u03b9\u03bb.<\/li>\n<li><strong>\u03a0\u03bb\u03ac\u03c4\u03bf\u03c2 \u03c0\u03b5\u03c1\u03b9\u03bf\u03c7\u03ae\u03c2 (A):<\/strong> 890 \u03c7\u03b9\u03bb. | 1090 \u03c7\u03b9\u03bb. | 1290 \u03c7\u03b9\u03bb.<\/li>\n<li><strong>\u038e\u03c8\u03bf\u03c2 \u03c1\u03b1\u03c6\u03b9\u03bf\u03cd:<\/strong> 2500 \u03c7\u03b9\u03bb.<\/li>\n<li><strong>\u03a5\u03bb\u03b9\u03ba\u03cc \/ \u0395\u03c0\u03b9\u03c6\u03ac\u03bd\u03b5\u03b9\u03b1:<\/strong> \u03a0\u03bb\u03b1\u03af\u03c3\u03b9\u03bf \u03b1\u03c0\u03cc \u03c7\u03ac\u03bb\u03c5\u03b2\u03b1 \u03c5\u03c8\u03b7\u03bb\u03ae\u03c2 \u03b1\u03bd\u03c4\u03bf\u03c7\u03ae\u03c2, \u03b7\u03bb\u03b5\u03ba\u03c4\u03c1\u03bf\u03c3\u03c4\u03b1\u03c4\u03b9\u03ba\u03ae \u03b5\u03c0\u03af\u03c3\u03c4\u03c1\u03c9\u03c3\u03b7 \u03c0\u03bf\u03cd\u03b4\u03c1\u03b1\u03c2.<\/li>\n<li><\/li>\n<\/ul>","protected":false},"featured_media":40636,"template":"","meta":[],"product_brand":[],"product_cat":[31],"product_tag":[],"class_list":{"0":"post-40635","1":"product","2":"type-product","3":"status-publish","4":"has-post-thumbnail","6":"product_cat-kalip-raflari","8":"first","9":"instock","10":"shipping-taxable","11":"product-type-simple"},"yoast_head":"<!-- This site is optimized with the Yoast SEO plugin v27.4 - https:\/\/yoast.com\/product\/yoast-seo-wordpress\/ -->\n<title>BD.2552.1221 \u00c7ekmeceli Kal\u0131p Raf\u0131 %100<\/title>\n<meta name=\"robots\" content=\"index, follow, max-snippet:-1, max-image-preview:large, max-video-preview:-1\" \/>\n<link rel=\"canonical\" href=\"https:\/\/bodur.com.tr\/el\/product\/bd-2552-1221-\u03c3\u03c5\u03c1\u03c4\u03ac\u03c1\u03b9-\u03ba\u03b1\u03bb\u03bf\u03cd\u03c0\u03b9-\u03c1\u03ac\u03c6\u03b9\/\" \/>\n<meta property=\"og:locale\" content=\"el_GR\" \/>\n<meta property=\"og:type\" content=\"article\" \/>\n<meta property=\"og:title\" content=\"BD.2552.1221 \u00c7ekmeceli Kal\u0131p Raf\u0131 %100\" \/>\n<meta property=\"og:description\" content=\"Teknik \u00d6zellikler   \u00c7er\u00e7eve Tipleri: Sabit, %65 a\u00e7\u0131l\u0131ml\u0131 \u00e7ekmece ve %100 a\u00e7\u0131l\u0131ml\u0131 \u00e7ekmece  Ta\u015f\u0131ma Kapasitesi: 800 \u2013 1000 kg \/ \u00e7ekmece | 9 000 kg \/ saha  Raf Derinlikleri (T): 860 mm | 1060 mm | 1260 mm  Alan Geni\u015flikleri (A): 890 mm | 1090 mm | 1290 mm  Raf Y\u00fcksekli\u011fi : 2500 mm  Malzeme \/ Y\u00fczey: Y\u00fcksek mukavemetli \u00e7elik karkas, elektrostatik toz boya\" \/>\n<meta property=\"og:url\" content=\"https:\/\/bodur.com.tr\/el\/product\/bd-2552-1221-\u03c3\u03c5\u03c1\u03c4\u03ac\u03c1\u03b9-\u03ba\u03b1\u03bb\u03bf\u03cd\u03c0\u03b9-\u03c1\u03ac\u03c6\u03b9\/\" \/>\n<meta property=\"og:site_name\" content=\"Bodur End\u00fcstriyel\" \/>\n<meta property=\"article:publisher\" content=\"https:\/\/www.facebook.com\/bodurendustriyel\" \/>\n<meta property=\"article:modified_time\" content=\"2025-06-30T17:48:54+00:00\" \/>\n<meta property=\"og:image\" content=\"https:\/\/bodur.com.tr\/wp-content\/uploads\/BD-2552-12211290x1260-100_01.jpg\" \/>\n\t<meta property=\"og:image:width\" content=\"2480\" \/>\n\t<meta property=\"og:image:height\" content=\"2480\" \/>\n\t<meta property=\"og:image:type\" content=\"image\/jpeg\" \/>\n<meta name=\"twitter:card\" content=\"summary_large_image\" \/>\n<script type=\"application\/ld+json\" class=\"yoast-schema-graph\">{\"@context\":\"https:\\\/\\\/schema.org\",\"@graph\":[{\"@type\":\"WebPage\",\"@id\":\"https:\\\/\\\/bodur.com.tr\\\/urun\\\/bd-2552-1221-cekmeceli-kalip-rafi\",\"url\":\"https:\\\/\\\/bodur.com.tr\\\/urun\\\/bd-2552-1221-cekmeceli-kalip-rafi\",\"name\":\"BD.2552.1221 \u00c7ekmeceli Kal\u0131p Raf\u0131 %100\",\"isPartOf\":{\"@id\":\"https:\\\/\\\/bodur.com.tr\\\/#website\"},\"primaryImageOfPage\":{\"@id\":\"https:\\\/\\\/bodur.com.tr\\\/urun\\\/bd-2552-1221-cekmeceli-kalip-rafi#primaryimage\"},\"image\":{\"@id\":\"https:\\\/\\\/bodur.com.tr\\\/urun\\\/bd-2552-1221-cekmeceli-kalip-rafi#primaryimage\"},\"thumbnailUrl\":\"https:\\\/\\\/bodur.com.tr\\\/wp-content\\\/uploads\\\/BD-2552-12211290x1260-100_01.jpg\",\"datePublished\":\"2025-06-29T18:31:00+00:00\",\"dateModified\":\"2025-06-30T17:48:54+00:00\",\"breadcrumb\":{\"@id\":\"https:\\\/\\\/bodur.com.tr\\\/urun\\\/bd-2552-1221-cekmeceli-kalip-rafi#breadcrumb\"},\"inLanguage\":\"el\",\"potentialAction\":[{\"@type\":\"ReadAction\",\"target\":[\"https:\\\/\\\/bodur.com.tr\\\/urun\\\/bd-2552-1221-cekmeceli-kalip-rafi\"]}]},{\"@type\":\"ImageObject\",\"inLanguage\":\"el\",\"@id\":\"https:\\\/\\\/bodur.com.tr\\\/urun\\\/bd-2552-1221-cekmeceli-kalip-rafi#primaryimage\",\"url\":\"https:\\\/\\\/bodur.com.tr\\\/wp-content\\\/uploads\\\/BD-2552-12211290x1260-100_01.jpg\",\"contentUrl\":\"https:\\\/\\\/bodur.com.tr\\\/wp-content\\\/uploads\\\/BD-2552-12211290x1260-100_01.jpg\",\"width\":2480,\"height\":2480,\"caption\":\"BD.2552.1221 \u00c7ekmeceli Kal\u0131p Raf\u0131\"},{\"@type\":\"BreadcrumbList\",\"@id\":\"https:\\\/\\\/bodur.com.tr\\\/urun\\\/bd-2552-1221-cekmeceli-kalip-rafi#breadcrumb\",\"itemListElement\":[{\"@type\":\"ListItem\",\"position\":1,\"name\":\"Anasayfa\",\"item\":\"https:\\\/\\\/bodur.com.tr\\\/\"},{\"@type\":\"ListItem\",\"position\":2,\"name\":\"\u00dcr\u00fcnler\",\"item\":\"https:\\\/\\\/bodur.com.tr\\\/magaza\"},{\"@type\":\"ListItem\",\"position\":3,\"name\":\"BD.2552.1221 \u00c7ekmeceli Kal\u0131p Raf\u0131 %100\"}]},{\"@type\":\"WebSite\",\"@id\":\"https:\\\/\\\/bodur.com.tr\\\/#website\",\"url\":\"https:\\\/\\\/bodur.com.tr\\\/\",\"name\":\"Bodur End\u00fcstriyel\",\"description\":\"\",\"publisher\":{\"@id\":\"https:\\\/\\\/bodur.com.tr\\\/#organization\"},\"potentialAction\":[{\"@type\":\"SearchAction\",\"target\":{\"@type\":\"EntryPoint\",\"urlTemplate\":\"https:\\\/\\\/bodur.com.tr\\\/?s={search_term_string}\"},\"query-input\":{\"@type\":\"PropertyValueSpecification\",\"valueRequired\":true,\"valueName\":\"search_term_string\"}}],\"inLanguage\":\"el\"},{\"@type\":\"Organization\",\"@id\":\"https:\\\/\\\/bodur.com.tr\\\/#organization\",\"name\":\"Bodur End\u00fcstriyel\",\"url\":\"https:\\\/\\\/bodur.com.tr\\\/\",\"logo\":{\"@type\":\"ImageObject\",\"inLanguage\":\"el\",\"@id\":\"https:\\\/\\\/bodur.com.tr\\\/#\\\/schema\\\/logo\\\/image\\\/\",\"url\":\"https:\\\/\\\/bodur.com.tr\\\/wp-content\\\/uploads\\\/51834268_258721005017375_5556593430731161600_n.jpg\",\"contentUrl\":\"https:\\\/\\\/bodur.com.tr\\\/wp-content\\\/uploads\\\/51834268_258721005017375_5556593430731161600_n.jpg\",\"width\":320,\"height\":320,\"caption\":\"Bodur End\u00fcstriyel\"},\"image\":{\"@id\":\"https:\\\/\\\/bodur.com.tr\\\/#\\\/schema\\\/logo\\\/image\\\/\"},\"sameAs\":[\"https:\\\/\\\/www.facebook.com\\\/bodurendustriyel\",\"https:\\\/\\\/www.instagram.com\\\/bodurendustriyel\\\/\",\"https:\\\/\\\/www.youtube.com\\\/user\\\/harunbodur\"]}]}<\/script>\n<!-- \/ Yoast SEO plugin. -->","yoast_head_json":{"title":"BD.2552.1221 \u00c7ekmeceli Kal\u0131p Raf\u0131 %100","robots":{"index":"index","follow":"follow","max-snippet":"max-snippet:-1","max-image-preview":"max-image-preview:large","max-video-preview":"max-video-preview:-1"},"canonical":"https:\/\/bodur.com.tr\/el\/product\/bd-2552-1221-\u03c3\u03c5\u03c1\u03c4\u03ac\u03c1\u03b9-\u03ba\u03b1\u03bb\u03bf\u03cd\u03c0\u03b9-\u03c1\u03ac\u03c6\u03b9\/","og_locale":"el_GR","og_type":"article","og_title":"BD.2552.1221 \u00c7ekmeceli Kal\u0131p Raf\u0131 %100","og_description":"Teknik \u00d6zellikler   \u00c7er\u00e7eve Tipleri: Sabit, %65 a\u00e7\u0131l\u0131ml\u0131 \u00e7ekmece ve %100 a\u00e7\u0131l\u0131ml\u0131 \u00e7ekmece  Ta\u015f\u0131ma Kapasitesi: 800 \u2013 1000 kg \/ \u00e7ekmece | 9 000 kg \/ saha  Raf Derinlikleri (T): 860 mm | 1060 mm | 1260 mm  Alan Geni\u015flikleri (A): 890 mm | 1090 mm | 1290 mm  Raf Y\u00fcksekli\u011fi : 2500 mm  Malzeme \/ Y\u00fczey: Y\u00fcksek mukavemetli \u00e7elik karkas, elektrostatik toz boya","og_url":"https:\/\/bodur.com.tr\/el\/product\/bd-2552-1221-\u03c3\u03c5\u03c1\u03c4\u03ac\u03c1\u03b9-\u03ba\u03b1\u03bb\u03bf\u03cd\u03c0\u03b9-\u03c1\u03ac\u03c6\u03b9\/","og_site_name":"Bodur End\u00fcstriyel","article_publisher":"https:\/\/www.facebook.com\/bodurendustriyel","article_modified_time":"2025-06-30T17:48:54+00:00","og_image":[{"width":2480,"height":2480,"url":"https:\/\/bodur.com.tr\/wp-content\/uploads\/BD-2552-12211290x1260-100_01.jpg","type":"image\/jpeg"}],"twitter_card":"summary_large_image","schema":{"@context":"https:\/\/schema.org","@graph":[{"@type":"WebPage","@id":"https:\/\/bodur.com.tr\/urun\/bd-2552-1221-cekmeceli-kalip-rafi","url":"https:\/\/bodur.com.tr\/urun\/bd-2552-1221-cekmeceli-kalip-rafi","name":"BD.2552.1221 \u00c7ekmeceli Kal\u0131p Raf\u0131 %100","isPartOf":{"@id":"https:\/\/bodur.com.tr\/#website"},"primaryImageOfPage":{"@id":"https:\/\/bodur.com.tr\/urun\/bd-2552-1221-cekmeceli-kalip-rafi#primaryimage"},"image":{"@id":"https:\/\/bodur.com.tr\/urun\/bd-2552-1221-cekmeceli-kalip-rafi#primaryimage"},"thumbnailUrl":"https:\/\/bodur.com.tr\/wp-content\/uploads\/BD-2552-12211290x1260-100_01.jpg","datePublished":"2025-06-29T18:31:00+00:00","dateModified":"2025-06-30T17:48:54+00:00","breadcrumb":{"@id":"https:\/\/bodur.com.tr\/urun\/bd-2552-1221-cekmeceli-kalip-rafi#breadcrumb"},"inLanguage":"el","potentialAction":[{"@type":"ReadAction","target":["https:\/\/bodur.com.tr\/urun\/bd-2552-1221-cekmeceli-kalip-rafi"]}]},{"@type":"ImageObject","inLanguage":"el","@id":"https:\/\/bodur.com.tr\/urun\/bd-2552-1221-cekmeceli-kalip-rafi#primaryimage","url":"https:\/\/bodur.com.tr\/wp-content\/uploads\/BD-2552-12211290x1260-100_01.jpg","contentUrl":"https:\/\/bodur.com.tr\/wp-content\/uploads\/BD-2552-12211290x1260-100_01.jpg","width":2480,"height":2480,"caption":"BD.2552.1221 \u00c7ekmeceli Kal\u0131p Raf\u0131"},{"@type":"BreadcrumbList","@id":"https:\/\/bodur.com.tr\/urun\/bd-2552-1221-cekmeceli-kalip-rafi#breadcrumb","itemListElement":[{"@type":"ListItem","position":1,"name":"Anasayfa","item":"https:\/\/bodur.com.tr\/"},{"@type":"ListItem","position":2,"name":"\u00dcr\u00fcnler","item":"https:\/\/bodur.com.tr\/magaza"},{"@type":"ListItem","position":3,"name":"BD.2552.1221 \u00c7ekmeceli Kal\u0131p Raf\u0131 %100"}]},{"@type":"WebSite","@id":"https:\/\/bodur.com.tr\/#website","url":"https:\/\/bodur.com.tr\/","name":"\u0392\u03b9\u03bf\u03bc\u03b7\u03c7\u03b1\u03bd\u03b9\u03ba\u03ae \u039c\u03c0\u03bf\u03bd\u03c4\u03bf\u03cd\u03c1","description":"","publisher":{"@id":"https:\/\/bodur.com.tr\/#organization"},"potentialAction":[{"@type":"SearchAction","target":{"@type":"EntryPoint","urlTemplate":"https:\/\/bodur.com.tr\/?s={search_term_string}"},"query-input":{"@type":"PropertyValueSpecification","valueRequired":true,"valueName":"search_term_string"}}],"inLanguage":"el"},{"@type":"Organization","@id":"https:\/\/bodur.com.tr\/#organization","name":"\u0392\u03b9\u03bf\u03bc\u03b7\u03c7\u03b1\u03bd\u03b9\u03ba\u03ae \u039c\u03c0\u03bf\u03bd\u03c4\u03bf\u03cd\u03c1","url":"https:\/\/bodur.com.tr\/","logo":{"@type":"ImageObject","inLanguage":"el","@id":"https:\/\/bodur.com.tr\/#\/schema\/logo\/image\/","url":"https:\/\/bodur.com.tr\/wp-content\/uploads\/51834268_258721005017375_5556593430731161600_n.jpg","contentUrl":"https:\/\/bodur.com.tr\/wp-content\/uploads\/51834268_258721005017375_5556593430731161600_n.jpg","width":320,"height":320,"caption":"Bodur End\u00fcstriyel"},"image":{"@id":"https:\/\/bodur.com.tr\/#\/schema\/logo\/image\/"},"sameAs":["https:\/\/www.facebook.com\/bodurendustriyel","https:\/\/www.instagram.com\/bodurendustriyel\/","https:\/\/www.youtube.com\/user\/harunbodur"]}]}},"_links":{"self":[{"href":"https:\/\/bodur.com.tr\/el\/wp-json\/wp\/v2\/product\/40635","targetHints":{"allow":["GET"]}}],"collection":[{"href":"https:\/\/bodur.com.tr\/el\/wp-json\/wp\/v2\/product"}],"about":[{"href":"https:\/\/bodur.com.tr\/el\/wp-json\/wp\/v2\/types\/product"}],"wp:featuredmedia":[{"embeddable":true,"href":"https:\/\/bodur.com.tr\/el\/wp-json\/wp\/v2\/media\/40636"}],"wp:attachment":[{"href":"https:\/\/bodur.com.tr\/el\/wp-json\/wp\/v2\/media?parent=40635"}],"wp:term":[{"taxonomy":"product_brand","embeddable":true,"href":"https:\/\/bodur.com.tr\/el\/wp-json\/wp\/v2\/product_brand?post=40635"},{"taxonomy":"product_cat","embeddable":true,"href":"https:\/\/bodur.com.tr\/el\/wp-json\/wp\/v2\/product_cat?post=40635"},{"taxonomy":"product_tag","embeddable":true,"href":"https:\/\/bodur.com.tr\/el\/wp-json\/wp\/v2\/product_tag?post=40635"}],"curies":[{"name":"wp","href":"https:\/\/api.w.org\/{rel}","templated":true}]}}