{"id":40512,"date":"2025-06-29T19:40:52","date_gmt":"2025-06-29T16:40:52","guid":{"rendered":"https:\/\/bodur.com.tr\/?post_type=product&#038;p=40512"},"modified":"2025-06-29T19:47:48","modified_gmt":"2025-06-29T16:47:48","slug":"bd-2511-1802-conceptline","status":"publish","type":"product","link":"https:\/\/bodur.com.tr\/el\/urun\/bd-2511-1802-conceptline","title":{"rendered":"BD.2511.1802 \u0393\u03c1\u03b1\u03bc\u03bc\u03ae \u0399\u03b4\u03b5\u03ce\u03bd"},"content":{"rendered":"<p>\u039f Concept Ergonomic Workbench \u03b5\u03af\u03bd\u03b1\u03b9 \u03ad\u03bd\u03b1\u03c2 \u03c3\u03c4\u03b1\u03b8\u03bc\u03cc\u03c2 \u03b5\u03c1\u03b3\u03b1\u03c3\u03af\u03b1\u03c2 \u03b5\u03b9\u03b4\u03b9\u03ba\u03ac \u03c3\u03c7\u03b5\u03b4\u03b9\u03b1\u03c3\u03bc\u03ad\u03bd\u03bf\u03c2 \u03b3\u03b9\u03b1 \u03c4\u03b9\u03c2 \u03c3\u03b7\u03bc\u03b5\u03c1\u03b9\u03bd\u03ad\u03c2 \u03b1\u03bd\u03ac\u03b3\u03ba\u03b5\u03c2 \u03c0\u03b1\u03c1\u03b1\u03b3\u03c9\u03b3\u03ae\u03c2 \u03ba\u03b1\u03b9 \u03c3\u03c5\u03bd\u03b1\u03c1\u03bc\u03bf\u03bb\u03cc\u03b3\u03b7\u03c3\u03b7\u03c2, \u03c0\u03bf\u03c5 \u03be\u03b5\u03c7\u03c9\u03c1\u03af\u03b6\u03b5\u03b9 \u03bc\u03b5 \u03c4\u03b7\u03bd \u03c3\u03c4\u03b9\u03b2\u03b1\u03c1\u03ae \u03ba\u03b1\u03c4\u03b1\u03c3\u03ba\u03b5\u03c5\u03ae \u03c4\u03bf\u03c5, \u03c4\u03b7 \u03bc\u03b1\u03ba\u03c1\u03bf\u03c7\u03c1\u03cc\u03bd\u03b9\u03b1 \u03c7\u03c1\u03ae\u03c3\u03b7 \u03c4\u03bf\u03c5 \u03ba\u03b1\u03b9 \u03c4\u03b7\u03bd \u03b5\u03c5\u03ad\u03bb\u03b9\u03ba\u03c4\u03b7 \u03c3\u03c5\u03bc\u03b2\u03b1\u03c4\u03cc\u03c4\u03b7\u03c4\u03b1 \u03b1\u03be\u03b5\u03c3\u03bf\u03c5\u03ac\u03c1. \u0388\u03c7\u03b5\u03b9 \u03c3\u03c7\u03b5\u03b4\u03b9\u03b1\u03c3\u03c4\u03b5\u03af \u03c3\u03cd\u03bc\u03c6\u03c9\u03bd\u03b1 \u03bc\u03b5 \u03c4\u03b9\u03c2 \u03b1\u03c1\u03c7\u03ad\u03c2 \u03c4\u03b7\u03c2 \u03b5\u03c1\u03b3\u03bf\u03bd\u03bf\u03bc\u03af\u03b1\u03c2, \u03c4\u03b7\u03c2 \u03b1\u03c1\u03b8\u03c1\u03c9\u03c4\u03cc\u03c4\u03b7\u03c4\u03b1\u03c2 \u03ba\u03b1\u03b9 \u03c4\u03b7\u03c2 \u03c3\u03c4\u03b9\u03b2\u03b1\u03c1\u03cc\u03c4\u03b7\u03c4\u03b1\u03c2.<\/p>\n<p><strong>\u0394\u03bf\u03bc\u03b9\u03ba\u03ac \u03a7\u03b1\u03c1\u03b1\u03ba\u03c4\u03b7\u03c1\u03b9\u03c3\u03c4\u03b9\u03ba\u03ac \u03ba\u03b1\u03b9 \u03a0\u03bf\u03b9\u03cc\u03c4\u03b7\u03c4\u03b1 \u03a5\u03bb\u03b9\u03ba\u03bf\u03cd<\/strong><\/p>\n<ul>\n<li>\u03a4\u03bf \u03ba\u03cd\u03c1\u03b9\u03bf \u03c3\u03cd\u03c3\u03c4\u03b7\u03bc\u03b1 \u03c3\u03c4\u03ae\u03c1\u03b9\u03be\u03b7\u03c2 \u03b5\u03af\u03bd\u03b1\u03b9 \u03ba\u03b1\u03c4\u03b1\u03c3\u03ba\u03b5\u03c5\u03b1\u03c3\u03bc\u03ad\u03bd\u03bf \u03b1\u03c0\u03cc \u03bb\u03b1\u03bc\u03b1\u03c1\u03af\u03bd\u03b1 DKP \u03c0\u03ac\u03c7\u03bf\u03c5\u03c2 2 mm, \u03c0\u03b1\u03c1\u03ad\u03c7\u03bf\u03bd\u03c4\u03b1\u03c2 \u03c5\u03c8\u03b7\u03bb\u03ae \u03b1\u03bd\u03c4\u03bf\u03c7\u03ae.<\/li>\n<li>\u0395\u03b9\u03b4\u03b9\u03ba\u03ad\u03c2 \u03ba\u03b1\u03bc\u03c0\u03c4\u03b9\u03ba\u03ad\u03c2 \u03c6\u03cc\u03c1\u03bc\u03b5\u03c2 \u03c0\u03bf\u03c5 \u03b5\u03c6\u03b1\u03c1\u03bc\u03cc\u03b6\u03bf\u03bd\u03c4\u03b1\u03b9 \u03c3\u03b5 \u03cc\u03bb\u03b1 \u03c4\u03b1 \u03bc\u03ad\u03c1\u03b7 \u03c4\u03bf\u03c5 \u03b1\u03bc\u03b1\u03be\u03ce\u03bc\u03b1\u03c4\u03bf\u03c2 \u03b1\u03c5\u03be\u03ac\u03bd\u03bf\u03c5\u03bd \u03c4\u03b7\u03bd \u03b1\u03ba\u03b1\u03bc\u03c8\u03af\u03b1 \u03c4\u03b7\u03c2 \u03b4\u03bf\u03bc\u03ae\u03c2 \u03ba\u03b1\u03b9 \u03c0\u03b1\u03c1\u03ad\u03c7\u03bf\u03c5\u03bd \u03b1\u03bd\u03c4\u03bf\u03c7\u03ae \u03c3\u03c4\u03b7\u03bd \u03c0\u03b1\u03c1\u03b1\u03bc\u03cc\u03c1\u03c6\u03c9\u03c3\u03b7 \u03b3\u03b9\u03b1 \u03c0\u03bf\u03bb\u03bb\u03ac \u03c7\u03c1\u03cc\u03bd\u03b9\u03b1.<\/li>\n<li>\u03a0\u03c1\u03bf\u03c3\u03c6\u03ad\u03c1\u03b5\u03b9 \u03b1\u03bd\u03c4\u03bf\u03c7\u03ae \u03c3\u03c4\u03b7 \u03b4\u03b9\u03ac\u03b2\u03c1\u03c9\u03c3\u03b7 \u03ba\u03b1\u03b9 \u03c4\u03b9\u03c2 \u03b3\u03c1\u03b1\u03c4\u03c3\u03bf\u03c5\u03bd\u03b9\u03ad\u03c2 \u03c7\u03ac\u03c1\u03b7 \u03c3\u03c4\u03b7\u03bd \u03b7\u03bb\u03b5\u03ba\u03c4\u03c1\u03bf\u03c3\u03c4\u03b1\u03c4\u03b9\u03ba\u03ae \u03b5\u03c0\u03af\u03c3\u03c4\u03c1\u03c9\u03c3\u03b7 \u03c0\u03bf\u03cd\u03b4\u03c1\u03b1\u03c2.<\/li>\n<li>\u03a4\u03b1 \u03c1\u03c5\u03b8\u03bc\u03b9\u03b6\u03cc\u03bc\u03b5\u03bd\u03b1 \u03c0\u03cc\u03b4\u03b9\u03b1 \u03b9\u03c3\u03bf\u03c0\u03ad\u03b4\u03c9\u03c3\u03b7\u03c2 \u03c0\u03bf\u03c5 \u03c7\u03c1\u03b7\u03c3\u03b9\u03bc\u03bf\u03c0\u03bf\u03b9\u03bf\u03cd\u03bd\u03c4\u03b1\u03b9 \u03c3\u03b5 \u03b5\u03c0\u03b1\u03c6\u03ae \u03bc\u03b5 \u03c4\u03bf \u03ad\u03b4\u03b1\u03c6\u03bf\u03c2 \u03b5\u03be\u03b1\u03c3\u03c6\u03b1\u03bb\u03af\u03b6\u03bf\u03c5\u03bd \u03c3\u03c4\u03b1\u03b8\u03b5\u03c1\u03ae \u03c3\u03c4\u03ac\u03c3\u03b7 \u03b1\u03ba\u03cc\u03bc\u03b7 \u03ba\u03b1\u03b9 \u03c3\u03b5 \u03ba\u03b5\u03ba\u03bb\u03b9\u03bc\u03ad\u03bd\u03b5\u03c2 \u03b5\u03c0\u03b9\u03c6\u03ac\u03bd\u03b5\u03b9\u03b5\u03c2.<\/li>\n<\/ul>\n<p><strong>\u03a3\u03cd\u03c3\u03c4\u03b7\u03bc\u03b1 \u03c6\u03c9\u03c4\u03b9\u03c3\u03bc\u03bf\u03cd \u03bf\u03c1\u03bf\u03c6\u03ae\u03c2 \u03ba\u03b1\u03b9 \u03b5\u03be\u03b9\u03c3\u03bf\u03c1\u03c1\u03cc\u03c0\u03b7\u03c3\u03b7\u03c2<\/strong><\/p>\n<ul>\n<li>\u00a0\u03a4\u03bf \u03ba\u03b9\u03bd\u03b7\u03c4\u03cc \u03ba\u03b1\u03c1\u03cc\u03c4\u03c3\u03b9 \u03bc\u03b5\u03c4\u03b1\u03c6\u03bf\u03c1\u03ac\u03c2 \u03c0\u03bf\u03c5 \u03b2\u03c1\u03af\u03c3\u03ba\u03b5\u03c4\u03b1\u03b9 \u03c3\u03c4\u03bf \u03c0\u03af\u03c3\u03c9 \u03bc\u03ad\u03c1\u03bf\u03c2 \u03c4\u03b7\u03c2 \u03ac\u03bd\u03c9 \u03bc\u03bf\u03bd\u03ac\u03b4\u03b1\u03c2 \u03c6\u03c9\u03c4\u03b9\u03c3\u03bc\u03bf\u03cd \u03b5\u03c0\u03b9\u03c4\u03c1\u03ad\u03c0\u03b5\u03b9 \u03c4\u03b7\u03bd \u03c4\u03bf\u03c0\u03bf\u03b8\u03ad\u03c4\u03b7\u03c3\u03b7 \u03b6\u03c5\u03b3\u03bf\u03c3\u03c4\u03b1\u03b8\u03bc\u03b9\u03c3\u03c4\u03ce\u03bd \u03b3\u03b9\u03b1 \u03b4\u03b9\u03ac\u03c6\u03bf\u03c1\u03b1 \u03b5\u03c1\u03b3\u03b1\u03bb\u03b5\u03af\u03b1 \u03c0\u03b1\u03c1\u03b1\u03b3\u03c9\u03b3\u03ae\u03c2.<\/li>\n<li>\u0391\u03c5\u03c4\u03cc \u03c4\u03bf \u03c3\u03cd\u03c3\u03c4\u03b7\u03bc\u03b1 \u03b4\u03b9\u03b1\u03c3\u03c6\u03b1\u03bb\u03af\u03b6\u03b5\u03b9 \u03cc\u03c4\u03b9 \u03c4\u03b1 \u03c7\u03b5\u03b9\u03c1\u03bf\u03ba\u03af\u03bd\u03b7\u03c4\u03b1 \u03b5\u03c1\u03b3\u03b1\u03bb\u03b5\u03af\u03b1 \u03b5\u03af\u03bd\u03b1\u03b9 \u03b5\u03cd\u03ba\u03bf\u03bb\u03b1 \u03c0\u03c1\u03bf\u03c3\u03b2\u03ac\u03c3\u03b9\u03bc\u03b1 \u03ba\u03b1\u03b9 \u03c4\u03bf\u03c0\u03bf\u03b8\u03b5\u03c4\u03b7\u03bc\u03ad\u03bd\u03b1 \u03bc\u03b5 \u03c3\u03c4\u03b1\u03b8\u03b5\u03c1\u03cc \u03c4\u03c1\u03cc\u03c0\u03bf.<\/li>\n<\/ul>\n<p><strong>\u03a0\u03c1\u03bf\u03b4\u03b9\u03b1\u03b3\u03c1\u03b1\u03c6\u03ad\u03c2 \u03c0\u03af\u03bd\u03b1\u03ba\u03b1<\/strong><\/p>\n<ul>\n<li>\u03a3\u03c4\u03ac\u03bd\u03c4\u03b1\u03c1 \u03b5\u03c0\u03b9\u03c6\u03ac\u03bd\u03b5\u03b9\u03b1 \u03c4\u03c1\u03b1\u03c0\u03b5\u03b6\u03b9\u03bf\u03cd: \u03c0\u03ac\u03c7\u03bf\u03c2 30 mm, \u03b1\u03bd\u03b8\u03b5\u03ba\u03c4\u03b9\u03ba\u03cc \u03ba\u03b1\u03b9 \u03b5\u03cd\u03ba\u03bf\u03bb\u03bf \u03c3\u03c4\u03bf \u03ba\u03b1\u03b8\u03ac\u03c1\u03b9\u03c3\u03bc\u03b1 \u03bb\u03b5\u03c5\u03ba\u03cc MDFLAM.<\/li>\n<li>\u039c\u03c0\u03bf\u03c1\u03b5\u03af \u03bd\u03b1 \u03c0\u03c1\u03bf\u03c3\u03b1\u03c1\u03bc\u03bf\u03c3\u03c4\u03b5\u03af \u03bc\u03b5 \u03b4\u03b9\u03b1\u03c6\u03bf\u03c1\u03b5\u03c4\u03b9\u03ba\u03ac \u03c5\u03bb\u03b9\u03ba\u03ac \u03ba\u03b1\u03b9 \u03b5\u03c0\u03b9\u03bb\u03bf\u03b3\u03ad\u03c2 \u03c7\u03c1\u03c9\u03bc\u03ac\u03c4\u03c9\u03bd \u03b1\u03bd\u03ac\u03bb\u03bf\u03b3\u03b1 \u03bc\u03b5 \u03c4\u03b9\u03c2 \u03b1\u03bd\u03ac\u03b3\u03ba\u03b5\u03c2 \u03c3\u03b1\u03c2.<\/li>\n<\/ul>\n<p><strong>\u0395\u03c0\u03b9\u03bb\u03bf\u03b3\u03ad\u03c2 \u03b1\u03c1\u03b8\u03c1\u03c9\u03c4\u03ce\u03bd \u03bc\u03bf\u03bd\u03ac\u03b4\u03c9\u03bd \u03ba\u03b1\u03b9 \u03b1\u03be\u03b5\u03c3\u03bf\u03c5\u03ac\u03c1<\/strong><\/p>\n<p>\u03a4\u03bf \u03c0\u03c1\u03bf\u03ca\u03cc\u03bd \u03bc\u03c0\u03bf\u03c1\u03b5\u03af \u03bd\u03b1 \u03c0\u03c1\u03bf\u03c3\u03b1\u03c1\u03bc\u03bf\u03c3\u03c4\u03b5\u03af \u03c0\u03bb\u03ae\u03c1\u03c9\u03c2 \u03bc\u03b5 \u03bc\u03b9\u03b1 \u03bc\u03b5\u03b3\u03ac\u03bb\u03b7 \u03b3\u03ba\u03ac\u03bc\u03b1 \u03b1\u03c1\u03b8\u03c1\u03c9\u03c4\u03ce\u03bd \u03b1\u03be\u03b5\u03c3\u03bf\u03c5\u03ac\u03c1:<\/p>\n<ul>\n<li>\u039a\u03bf\u03c1\u03c5\u03c6\u03b1\u03af\u03b1 \u03c1\u03ac\u03c6\u03b9\u03b1<\/li>\n<li>\u03a3\u03c5\u03c3\u03c4\u03ae\u03bc\u03b1\u03c4\u03b1 \u03c6\u03c9\u03c4\u03b9\u03c3\u03bc\u03bf\u03cd<\/li>\n<li>\u03a0\u03af\u03bd\u03b1\u03ba\u03b5\u03c2 \u03c0\u03c1\u03af\u03b6\u03b1\u03c2<\/li>\n<li>\u03a0\u03bb\u03ac\u03ba\u03b5\u03c2 \u03c3\u03c4\u03ae\u03c1\u03b9\u03be\u03b7\u03c2 \u03b5\u03c1\u03b3\u03b1\u03bb\u03b5\u03af\u03c9\u03bd<\/li>\n<li>\u03a3\u03b9\u03b4\u03b7\u03c1\u03bf\u03b4\u03c1\u03bf\u03bc\u03b9\u03ba\u03ac \u03c3\u03c5\u03c3\u03c4\u03ae\u03bc\u03b1\u03c4\u03b1<\/li>\n<li>\u039b\u03cd\u03c3\u03b5\u03b9\u03c2 ESD<\/li>\n<li>\u03a6\u03bf\u03c1\u03b5\u03af\u03c2 \u03b5\u03be\u03b9\u03c3\u03bf\u03c1\u03c1\u03cc\u03c0\u03b7\u03c3\u03b7\u03c2<\/li>\n<li>\u03a4\u03b1 \u03c3\u03c5\u03c3\u03c4\u03ae\u03bc\u03b1\u03c4\u03b1 \u03c5\u03c8\u03b7\u03bb\u03bf\u03cd \u03c0\u03c1\u03bf\u03c6\u03af\u03bb, \u03bc\u03b5 \u03c4\u03b7\u03bd \u03ba\u03b1\u03bd\u03b1\u03bb\u03c9\u03c4\u03ae \u03b4\u03bf\u03bc\u03ae \u03c4\u03bf\u03c5\u03c2, \u03b5\u03c0\u03b9\u03c4\u03c1\u03ad\u03c0\u03bf\u03c5\u03bd \u03c4\u03b7\u03bd \u03b5\u03cd\u03ba\u03bf\u03bb\u03b7 \u03b5\u03bd\u03c3\u03c9\u03bc\u03ac\u03c4\u03c9\u03c3\u03b7 \u03cc\u03bb\u03c9\u03bd \u03c4\u03c9\u03bd \u03b1\u03be\u03b5\u03c3\u03bf\u03c5\u03ac\u03c1.<\/li>\n<\/ul>\n<p><strong>\u03a0\u03b5\u03c1\u03b9\u03bf\u03c7\u03ad\u03c2 \u03b5\u03c6\u03b1\u03c1\u03bc\u03bf\u03b3\u03ae\u03c2<\/strong><\/p>\n<ul>\n<li>\u0397\u03bb\u03b5\u03ba\u03c4\u03c1\u03bf\u03bd\u03b9\u03ba\u03ad\u03c2 \u03ba\u03b1\u03b9 \u03bc\u03b7\u03c7\u03b1\u03bd\u03b9\u03ba\u03ad\u03c2 \u03b3\u03c1\u03b1\u03bc\u03bc\u03ad\u03c2 \u03c3\u03c5\u03bd\u03b1\u03c1\u03bc\u03bf\u03bb\u03cc\u03b3\u03b7\u03c3\u03b7\u03c2<\/li>\n<li>\u03a3\u03c4\u03b1\u03b8\u03bc\u03bf\u03af \u03c0\u03bf\u03b9\u03bf\u03c4\u03b9\u03ba\u03bf\u03cd \u03b5\u03bb\u03ad\u03b3\u03c7\u03bf\u03c5 \u03ba\u03b1\u03b9 \u03b4\u03bf\u03ba\u03b9\u03bc\u03ce\u03bd<\/li>\n<li>\u0395\u03c1\u03b3\u03b1\u03c3\u03c4\u03ae\u03c1\u03b9\u03b1 \u03ad\u03c1\u03b5\u03c5\u03bd\u03b1\u03c2 \u03ba\u03b1\u03b9 \u03b1\u03bd\u03ac\u03c0\u03c4\u03c5\u03be\u03b7\u03c2 \u03ba\u03b1\u03b9 \u03bc\u03b7\u03c7\u03b1\u03bd\u03b9\u03ba\u03ae\u03c2<\/li>\n<li>\u0395\u03bb\u03b1\u03c6\u03c1\u03b9\u03ad\u03c2 \u03c0\u03b5\u03c1\u03b9\u03bf\u03c7\u03ad\u03c2 \u03c0\u03b1\u03c1\u03b1\u03b3\u03c9\u03b3\u03ae\u03c2 \u03ba\u03b1\u03b9 \u03c3\u03c5\u03bd\u03c4\u03ae\u03c1\u03b7\u03c3\u03b7\u03c2<\/li>\n<li>\u03a4\u03b5\u03c7\u03bd\u03b9\u03ba\u03ac \u03c0\u03b5\u03c1\u03b9\u03b2\u03ac\u03bb\u03bb\u03bf\u03bd\u03c4\u03b1 \u03b5\u03ba\u03c0\u03b1\u03af\u03b4\u03b5\u03c5\u03c3\u03b7\u03c2 \u03ba\u03b1\u03b9 \u03ba\u03b1\u03c4\u03ac\u03c1\u03c4\u03b9\u03c3\u03b7\u03c2<\/li>\n<\/ul>\n<p><strong>\u03a4\u03b5\u03c7\u03bd\u03b9\u03ba\u03ac \u03a0\u03c1\u03cc\u03c4\u03c5\u03c0\u03b1<\/strong><\/p>\n<ul>\n<li>\u03a3\u03c4\u03b1\u03c4\u03b9\u03ba\u03ae \u03b9\u03ba\u03b1\u03bd\u03cc\u03c4\u03b7\u03c4\u03b1 \u03c6\u03bf\u03c1\u03c4\u03af\u03bf\u03c5: 750 kg<\/li>\n<\/ul>","protected":false},"excerpt":{"rendered":"<p>\u039c\u03b9\u03b1 \u03b1\u03c1\u03b8\u03c1\u03c9\u03c4\u03ae \u03bb\u03cd\u03c3\u03b7 \u03b5\u03c1\u03b3\u03b1\u03c3\u03af\u03b1\u03c2 \u03c0\u03bf\u03c5 \u03c0\u03c1\u03bf\u03c3\u03c6\u03ad\u03c1\u03b5\u03b9 \u03c5\u03c8\u03b7\u03bb\u03ae \u03b1\u03bd\u03b8\u03b5\u03ba\u03c4\u03b9\u03ba\u03cc\u03c4\u03b7\u03c4\u03b1, \u03b5\u03c5\u03b5\u03bb\u03b9\u03be\u03af\u03b1 \u03ba\u03b1\u03b9 \u03ac\u03bd\u03b5\u03c3\u03b7 \u03c7\u03c1\u03ae\u03c3\u03c4\u03b7 \u03c3\u03b5 \u03c7\u03ce\u03c1\u03bf\u03c5\u03c2 \u03b2\u03b9\u03bf\u03bc\u03b7\u03c7\u03b1\u03bd\u03b9\u03ba\u03ae\u03c2 \u03c0\u03b1\u03c1\u03b1\u03b3\u03c9\u03b3\u03ae\u03c2 \u03ba\u03b1\u03b9 \u03c3\u03c5\u03bd\u03b1\u03c1\u03bc\u03bf\u03bb\u03cc\u03b3\u03b7\u03c3\u03b7\u03c2.<\/p>\n<p><strong>\u0394\u03b9\u03b1\u03c3\u03c4\u03ac\u03c3\u03b5\u03b9\u03c2 \u03ba\u03b1\u03b9 \u0395\u03c1\u03b3\u03bf\u03bd\u03bf\u03bc\u03b9\u03ba\u03cc\u03c2 \u03a3\u03c7\u03b5\u03b4\u03b9\u03b1\u03c3\u03bc\u03cc\u03c2<\/strong><\/p>\n<ul>\n<li>\u0395\u03c0\u03b9\u03bb\u03bf\u03b3\u03ad\u03c2 \u03c0\u03bb\u03ac\u03c4\u03bf\u03c5\u03c2: 1500 mm \u03ba\u03b1\u03b9 1800 mm<\/li>\n<li>\u03a1\u03cd\u03b8\u03bc\u03b9\u03c3\u03b7 \u03cd\u03c8\u03bf\u03c5\u03c2 \u03c4\u03c1\u03b1\u03c0\u03b5\u03b6\u03b9\u03bf\u03cd: \u0395\u03cd\u03ba\u03bf\u03bb\u03b7 \u03c7\u03b5\u03b9\u03c1\u03bf\u03ba\u03af\u03bd\u03b7\u03c4\u03b7 \u03c1\u03cd\u03b8\u03bc\u03b9\u03c3\u03b7 \u03bc\u03b5\u03c4\u03b1\u03be\u03cd 700 mm \u03ba\u03b1\u03b9 1100 mm \u03b1\u03c0\u03cc \u03c4\u03bf \u03ad\u03b4\u03b1\u03c6\u03bf\u03c2.<\/li>\n<li>\u03a0\u03b1\u03c1\u03ad\u03c7\u03b5\u03b9 \u03b5\u03c1\u03b3\u03bf\u03bd\u03bf\u03bc\u03b9\u03ba\u03ae \u03c0\u03c1\u03bf\u03c3\u03b1\u03c1\u03bc\u03bf\u03b3\u03ae \u03b1\u03bd\u03ac\u03bb\u03bf\u03b3\u03b1 \u03bc\u03b5 \u03c4\u03b1 \u03b4\u03b9\u03b1\u03c6\u03bf\u03c1\u03b5\u03c4\u03b9\u03ba\u03ac \u03cd\u03c8\u03b7 \u03c4\u03c9\u03bd \u03c7\u03c1\u03b7\u03c3\u03c4\u03ce\u03bd \u03ba\u03b1\u03b9 \u03c4\u03b9\u03c2 \u03c0\u03c1\u03bf\u03c4\u03b9\u03bc\u03ae\u03c3\u03b5\u03b9\u03c2 \u03b5\u03c1\u03b3\u03b1\u03c3\u03af\u03b1\u03c2 \u03c3\u03b5 \u03ba\u03b1\u03b8\u03b9\u03c3\u03c4\u03ae\/\u03cc\u03c1\u03b8\u03b9\u03b1 \u03b8\u03ad\u03c3\u03b7.<\/li>\n<\/ul>","protected":false},"featured_media":40514,"template":"","meta":[],"product_brand":[],"product_cat":[156],"product_tag":[],"class_list":{"0":"post-40512","1":"product","2":"type-product","3":"status-publish","4":"has-post-thumbnail","6":"product_cat-konsept-calisma-masalari","8":"first","9":"instock","10":"shipping-taxable","11":"product-type-simple"},"yoast_head":"<!-- This site is optimized with the Yoast SEO plugin v27.4 - https:\/\/yoast.com\/product\/yoast-seo-wordpress\/ -->\n<title>BD.2511.1802 Conceptline<\/title>\n<meta name=\"robots\" content=\"index, follow, max-snippet:-1, max-image-preview:large, max-video-preview:-1\" \/>\n<link rel=\"canonical\" href=\"https:\/\/bodur.com.tr\/el\/product\/bd-2511-1802-conceptline\/\" \/>\n<meta property=\"og:locale\" content=\"el_GR\" \/>\n<meta property=\"og:type\" content=\"article\" \/>\n<meta property=\"og:title\" content=\"BD.2511.1802 Conceptline\" \/>\n<meta property=\"og:description\" content=\"End\u00fcstriyel \u00fcretim ve montaj alanlar\u0131nda y\u00fcksek dayan\u0131m, esneklik ve kullan\u0131c\u0131 konforu sunan mod\u00fcler \u00e7al\u0131\u015fma \u00e7\u00f6z\u00fcm\u00fc.  \u00d6l\u00e7\u00fcler ve Ergonomik Tasar\u0131m   Geni\u015flik se\u00e7enekleri: 1500 mm ve 1800 mm  Tabla y\u00fckseklik ayar\u0131: Manuel olarak yerden 700 mm ile 1100 mm aras\u0131nda kolayca ayarlanabilir.  Farkl\u0131 kullan\u0131c\u0131 boylar\u0131na ve oturarak\/ayakta \u00e7al\u0131\u015fma tercihlerine g\u00f6re ergonomik uyum sa\u011flar.\" \/>\n<meta property=\"og:url\" content=\"https:\/\/bodur.com.tr\/el\/product\/bd-2511-1802-conceptline\/\" \/>\n<meta property=\"og:site_name\" content=\"Bodur End\u00fcstriyel\" \/>\n<meta property=\"article:publisher\" content=\"https:\/\/www.facebook.com\/bodurendustriyel\" \/>\n<meta property=\"article:modified_time\" content=\"2025-06-29T16:47:48+00:00\" \/>\n<meta property=\"og:image\" content=\"https:\/\/bodur.com.tr\/wp-content\/uploads\/BD.2511.1802_ConceptLineW1800xD750_01.jpg\" \/>\n\t<meta property=\"og:image:width\" content=\"2480\" \/>\n\t<meta property=\"og:image:height\" content=\"2480\" \/>\n\t<meta property=\"og:image:type\" content=\"image\/jpeg\" \/>\n<meta name=\"twitter:card\" content=\"summary_large_image\" \/>\n<script type=\"application\/ld+json\" class=\"yoast-schema-graph\">{\"@context\":\"https:\\\/\\\/schema.org\",\"@graph\":[{\"@type\":\"WebPage\",\"@id\":\"https:\\\/\\\/bodur.com.tr\\\/urun\\\/bd-2511-1802-conceptline\",\"url\":\"https:\\\/\\\/bodur.com.tr\\\/urun\\\/bd-2511-1802-conceptline\",\"name\":\"BD.2511.1802 Conceptline\",\"isPartOf\":{\"@id\":\"https:\\\/\\\/bodur.com.tr\\\/#website\"},\"primaryImageOfPage\":{\"@id\":\"https:\\\/\\\/bodur.com.tr\\\/urun\\\/bd-2511-1802-conceptline#primaryimage\"},\"image\":{\"@id\":\"https:\\\/\\\/bodur.com.tr\\\/urun\\\/bd-2511-1802-conceptline#primaryimage\"},\"thumbnailUrl\":\"https:\\\/\\\/bodur.com.tr\\\/wp-content\\\/uploads\\\/BD.2511.1802_ConceptLineW1800xD750_01.jpg\",\"datePublished\":\"2025-06-29T16:40:52+00:00\",\"dateModified\":\"2025-06-29T16:47:48+00:00\",\"breadcrumb\":{\"@id\":\"https:\\\/\\\/bodur.com.tr\\\/urun\\\/bd-2511-1802-conceptline#breadcrumb\"},\"inLanguage\":\"el\",\"potentialAction\":[{\"@type\":\"ReadAction\",\"target\":[\"https:\\\/\\\/bodur.com.tr\\\/urun\\\/bd-2511-1802-conceptline\"]}]},{\"@type\":\"ImageObject\",\"inLanguage\":\"el\",\"@id\":\"https:\\\/\\\/bodur.com.tr\\\/urun\\\/bd-2511-1802-conceptline#primaryimage\",\"url\":\"https:\\\/\\\/bodur.com.tr\\\/wp-content\\\/uploads\\\/BD.2511.1802_ConceptLineW1800xD750_01.jpg\",\"contentUrl\":\"https:\\\/\\\/bodur.com.tr\\\/wp-content\\\/uploads\\\/BD.2511.1802_ConceptLineW1800xD750_01.jpg\",\"width\":2480,\"height\":2480,\"caption\":\"BD.2511.1801 ConceptLine \u00e7al\u0131\u015fma masas\u0131\"},{\"@type\":\"BreadcrumbList\",\"@id\":\"https:\\\/\\\/bodur.com.tr\\\/urun\\\/bd-2511-1802-conceptline#breadcrumb\",\"itemListElement\":[{\"@type\":\"ListItem\",\"position\":1,\"name\":\"Anasayfa\",\"item\":\"https:\\\/\\\/bodur.com.tr\\\/\"},{\"@type\":\"ListItem\",\"position\":2,\"name\":\"\u00dcr\u00fcnler\",\"item\":\"https:\\\/\\\/bodur.com.tr\\\/magaza\"},{\"@type\":\"ListItem\",\"position\":3,\"name\":\"BD.2511.1802 Conceptline\"}]},{\"@type\":\"WebSite\",\"@id\":\"https:\\\/\\\/bodur.com.tr\\\/#website\",\"url\":\"https:\\\/\\\/bodur.com.tr\\\/\",\"name\":\"Bodur End\u00fcstriyel\",\"description\":\"\",\"publisher\":{\"@id\":\"https:\\\/\\\/bodur.com.tr\\\/#organization\"},\"potentialAction\":[{\"@type\":\"SearchAction\",\"target\":{\"@type\":\"EntryPoint\",\"urlTemplate\":\"https:\\\/\\\/bodur.com.tr\\\/?s={search_term_string}\"},\"query-input\":{\"@type\":\"PropertyValueSpecification\",\"valueRequired\":true,\"valueName\":\"search_term_string\"}}],\"inLanguage\":\"el\"},{\"@type\":\"Organization\",\"@id\":\"https:\\\/\\\/bodur.com.tr\\\/#organization\",\"name\":\"Bodur End\u00fcstriyel\",\"url\":\"https:\\\/\\\/bodur.com.tr\\\/\",\"logo\":{\"@type\":\"ImageObject\",\"inLanguage\":\"el\",\"@id\":\"https:\\\/\\\/bodur.com.tr\\\/#\\\/schema\\\/logo\\\/image\\\/\",\"url\":\"https:\\\/\\\/bodur.com.tr\\\/wp-content\\\/uploads\\\/51834268_258721005017375_5556593430731161600_n.jpg\",\"contentUrl\":\"https:\\\/\\\/bodur.com.tr\\\/wp-content\\\/uploads\\\/51834268_258721005017375_5556593430731161600_n.jpg\",\"width\":320,\"height\":320,\"caption\":\"Bodur End\u00fcstriyel\"},\"image\":{\"@id\":\"https:\\\/\\\/bodur.com.tr\\\/#\\\/schema\\\/logo\\\/image\\\/\"},\"sameAs\":[\"https:\\\/\\\/www.facebook.com\\\/bodurendustriyel\",\"https:\\\/\\\/www.instagram.com\\\/bodurendustriyel\\\/\",\"https:\\\/\\\/www.youtube.com\\\/user\\\/harunbodur\"]}]}<\/script>\n<!-- \/ Yoast SEO plugin. -->","yoast_head_json":{"title":"BD.2511.1802 \u0393\u03c1\u03b1\u03bc\u03bc\u03ae \u0399\u03b4\u03b5\u03ce\u03bd","robots":{"index":"index","follow":"follow","max-snippet":"max-snippet:-1","max-image-preview":"max-image-preview:large","max-video-preview":"max-video-preview:-1"},"canonical":"https:\/\/bodur.com.tr\/el\/product\/bd-2511-1802-conceptline\/","og_locale":"el_GR","og_type":"article","og_title":"BD.2511.1802 Conceptline","og_description":"End\u00fcstriyel \u00fcretim ve montaj alanlar\u0131nda y\u00fcksek dayan\u0131m, esneklik ve kullan\u0131c\u0131 konforu sunan mod\u00fcler \u00e7al\u0131\u015fma \u00e7\u00f6z\u00fcm\u00fc.  \u00d6l\u00e7\u00fcler ve Ergonomik Tasar\u0131m   Geni\u015flik se\u00e7enekleri: 1500 mm ve 1800 mm  Tabla y\u00fckseklik ayar\u0131: Manuel olarak yerden 700 mm ile 1100 mm aras\u0131nda kolayca ayarlanabilir.  Farkl\u0131 kullan\u0131c\u0131 boylar\u0131na ve oturarak\/ayakta \u00e7al\u0131\u015fma tercihlerine g\u00f6re ergonomik uyum sa\u011flar.","og_url":"https:\/\/bodur.com.tr\/el\/product\/bd-2511-1802-conceptline\/","og_site_name":"Bodur End\u00fcstriyel","article_publisher":"https:\/\/www.facebook.com\/bodurendustriyel","article_modified_time":"2025-06-29T16:47:48+00:00","og_image":[{"width":2480,"height":2480,"url":"https:\/\/bodur.com.tr\/wp-content\/uploads\/BD.2511.1802_ConceptLineW1800xD750_01.jpg","type":"image\/jpeg"}],"twitter_card":"summary_large_image","schema":{"@context":"https:\/\/schema.org","@graph":[{"@type":"WebPage","@id":"https:\/\/bodur.com.tr\/urun\/bd-2511-1802-conceptline","url":"https:\/\/bodur.com.tr\/urun\/bd-2511-1802-conceptline","name":"BD.2511.1802 \u0393\u03c1\u03b1\u03bc\u03bc\u03ae \u0399\u03b4\u03b5\u03ce\u03bd","isPartOf":{"@id":"https:\/\/bodur.com.tr\/#website"},"primaryImageOfPage":{"@id":"https:\/\/bodur.com.tr\/urun\/bd-2511-1802-conceptline#primaryimage"},"image":{"@id":"https:\/\/bodur.com.tr\/urun\/bd-2511-1802-conceptline#primaryimage"},"thumbnailUrl":"https:\/\/bodur.com.tr\/wp-content\/uploads\/BD.2511.1802_ConceptLineW1800xD750_01.jpg","datePublished":"2025-06-29T16:40:52+00:00","dateModified":"2025-06-29T16:47:48+00:00","breadcrumb":{"@id":"https:\/\/bodur.com.tr\/urun\/bd-2511-1802-conceptline#breadcrumb"},"inLanguage":"el","potentialAction":[{"@type":"ReadAction","target":["https:\/\/bodur.com.tr\/urun\/bd-2511-1802-conceptline"]}]},{"@type":"ImageObject","inLanguage":"el","@id":"https:\/\/bodur.com.tr\/urun\/bd-2511-1802-conceptline#primaryimage","url":"https:\/\/bodur.com.tr\/wp-content\/uploads\/BD.2511.1802_ConceptLineW1800xD750_01.jpg","contentUrl":"https:\/\/bodur.com.tr\/wp-content\/uploads\/BD.2511.1802_ConceptLineW1800xD750_01.jpg","width":2480,"height":2480,"caption":"BD.2511.1801 ConceptLine \u00e7al\u0131\u015fma masas\u0131"},{"@type":"BreadcrumbList","@id":"https:\/\/bodur.com.tr\/urun\/bd-2511-1802-conceptline#breadcrumb","itemListElement":[{"@type":"ListItem","position":1,"name":"Anasayfa","item":"https:\/\/bodur.com.tr\/"},{"@type":"ListItem","position":2,"name":"\u00dcr\u00fcnler","item":"https:\/\/bodur.com.tr\/magaza"},{"@type":"ListItem","position":3,"name":"BD.2511.1802 Conceptline"}]},{"@type":"WebSite","@id":"https:\/\/bodur.com.tr\/#website","url":"https:\/\/bodur.com.tr\/","name":"\u0392\u03b9\u03bf\u03bc\u03b7\u03c7\u03b1\u03bd\u03b9\u03ba\u03ae \u039c\u03c0\u03bf\u03bd\u03c4\u03bf\u03cd\u03c1","description":"","publisher":{"@id":"https:\/\/bodur.com.tr\/#organization"},"potentialAction":[{"@type":"SearchAction","target":{"@type":"EntryPoint","urlTemplate":"https:\/\/bodur.com.tr\/?s={search_term_string}"},"query-input":{"@type":"PropertyValueSpecification","valueRequired":true,"valueName":"search_term_string"}}],"inLanguage":"el"},{"@type":"Organization","@id":"https:\/\/bodur.com.tr\/#organization","name":"\u0392\u03b9\u03bf\u03bc\u03b7\u03c7\u03b1\u03bd\u03b9\u03ba\u03ae \u039c\u03c0\u03bf\u03bd\u03c4\u03bf\u03cd\u03c1","url":"https:\/\/bodur.com.tr\/","logo":{"@type":"ImageObject","inLanguage":"el","@id":"https:\/\/bodur.com.tr\/#\/schema\/logo\/image\/","url":"https:\/\/bodur.com.tr\/wp-content\/uploads\/51834268_258721005017375_5556593430731161600_n.jpg","contentUrl":"https:\/\/bodur.com.tr\/wp-content\/uploads\/51834268_258721005017375_5556593430731161600_n.jpg","width":320,"height":320,"caption":"Bodur End\u00fcstriyel"},"image":{"@id":"https:\/\/bodur.com.tr\/#\/schema\/logo\/image\/"},"sameAs":["https:\/\/www.facebook.com\/bodurendustriyel","https:\/\/www.instagram.com\/bodurendustriyel\/","https:\/\/www.youtube.com\/user\/harunbodur"]}]}},"_links":{"self":[{"href":"https:\/\/bodur.com.tr\/el\/wp-json\/wp\/v2\/product\/40512","targetHints":{"allow":["GET"]}}],"collection":[{"href":"https:\/\/bodur.com.tr\/el\/wp-json\/wp\/v2\/product"}],"about":[{"href":"https:\/\/bodur.com.tr\/el\/wp-json\/wp\/v2\/types\/product"}],"wp:featuredmedia":[{"embeddable":true,"href":"https:\/\/bodur.com.tr\/el\/wp-json\/wp\/v2\/media\/40514"}],"wp:attachment":[{"href":"https:\/\/bodur.com.tr\/el\/wp-json\/wp\/v2\/media?parent=40512"}],"wp:term":[{"taxonomy":"product_brand","embeddable":true,"href":"https:\/\/bodur.com.tr\/el\/wp-json\/wp\/v2\/product_brand?post=40512"},{"taxonomy":"product_cat","embeddable":true,"href":"https:\/\/bodur.com.tr\/el\/wp-json\/wp\/v2\/product_cat?post=40512"},{"taxonomy":"product_tag","embeddable":true,"href":"https:\/\/bodur.com.tr\/el\/wp-json\/wp\/v2\/product_tag?post=40512"}],"curies":[{"name":"wp","href":"https:\/\/api.w.org\/{rel}","templated":true}]}}