{"id":20687,"date":"2025-04-13T15:31:12","date_gmt":"2025-04-13T12:31:12","guid":{"rendered":"https:\/\/bodur.com.tr\/?post_type=product&#038;p=20687"},"modified":"2025-04-13T15:33:05","modified_gmt":"2025-04-13T12:33:05","slug":"%cf%83%ce%b5%cf%84-%ce%b4%ce%b9%ce%ac%cf%84%cf%81%ce%b7%cf%84%cf%89%ce%bd-%cf%83%ce%b1%ce%bd%ce%af%ce%b4%cf%89%ce%bd-bd-36-16-89","status":"publish","type":"product","link":"https:\/\/bodur.com.tr\/el\/urun\/bd-36-16-89-delikli-pano-seti","title":{"rendered":"BD.36.16.89 \u03a3\u03b5\u03c4 \u03b4\u03b9\u03ac\u03c4\u03c1\u03b7\u03c4\u03c9\u03bd \u03c0\u03ac\u03bd\u03b5\u03bb"},"content":{"rendered":"<ul>\n<li>\u0395\u03af\u03bd\u03b1\u03b9 \u03b1\u03c0\u03cc\u03bb\u03c5\u03c4\u03b1 \u03ba\u03b1\u03c4\u03ac\u03bb\u03bb\u03b7\u03bb\u03bf \u03b3\u03b9\u03b1 \u03b2\u03b9\u03bf\u03bc\u03b7\u03c7\u03b1\u03bd\u03b9\u03ba\u03ae \u03c7\u03c1\u03ae\u03c3\u03b7.<\/li>\n<li>\u038c\u03bb\u03b5\u03c2 \u03bf\u03b9 \u03b2\u03af\u03b4\u03b5\u03c2 \u03c3\u03c4\u03b5\u03c1\u03ad\u03c9\u03c3\u03b7\u03c2 \u03b3\u03b9\u03b1 \u03c4\u03bf \u03c0\u03c1\u03bf\u03ca\u03cc\u03bd \u03c0\u03b5\u03c1\u03b9\u03bb\u03b1\u03bc\u03b2\u03ac\u03bd\u03bf\u03bd\u03c4\u03b1\u03b9 \u03c3\u03c4\u03b7 \u03c3\u03c5\u03c3\u03ba\u03b5\u03c5\u03b1\u03c3\u03af\u03b1.<\/li>\n<li>\u039c\u03c0\u03bf\u03c1\u03b5\u03af \u03b5\u03cd\u03ba\u03bf\u03bb\u03b1 \u03bd\u03b1 \u03c4\u03bf\u03c0\u03bf\u03b8\u03b5\u03c4\u03b7\u03b8\u03b5\u03af \u03c3\u03c4\u03b7\u03bd \u03b5\u03c0\u03b9\u03b8\u03c5\u03bc\u03b7\u03c4\u03ae \u03b5\u03c0\u03b9\u03c6\u03ac\u03bd\u03b5\u03b9\u03b1 \u03c7\u03c1\u03b7\u03c3\u03b9\u03bc\u03bf\u03c0\u03bf\u03b9\u03ce\u03bd\u03c4\u03b1\u03c2 \u03b2\u03af\u03b4\u03b5\u03c2 \u03ba\u03b1\u03b9 \u03c0\u03b5\u03af\u03c1\u03bf\u03c5\u03c2.<\/li>\n<li>\u038c\u03bb\u03b1 \u03c4\u03b1 \u03b1\u03be\u03b5\u03c3\u03bf\u03c5\u03ac\u03c1 \u03bc\u03c0\u03bf\u03c1\u03bf\u03cd\u03bd \u03bd\u03b1 \u03c3\u03c4\u03b5\u03c1\u03b5\u03c9\u03b8\u03bf\u03cd\u03bd \u03c3\u03c4\u03bf \u03b4\u03b9\u03ac\u03c4\u03c1\u03b7\u03c4\u03bf \u03c0\u03ac\u03bd\u03b5\u03bb \u03c7\u03c1\u03b7\u03c3\u03b9\u03bc\u03bf\u03c0\u03bf\u03b9\u03ce\u03bd\u03c4\u03b1\u03c2 \u03c0\u03bb\u03b1\u03c3\u03c4\u03b9\u03ba\u03ac \u03ba\u03bb\u03b9\u03c0.<\/li>\n<li>\u03a4\u03b1 \u03b1\u03be\u03b5\u03c3\u03bf\u03c5\u03ac\u03c1 \u03c0\u03c9\u03bb\u03bf\u03cd\u03bd\u03c4\u03b1\u03b9 \u03b5\u03c0\u03af\u03c3\u03b7\u03c2 \u03bc\u03b5\u03bc\u03bf\u03bd\u03c9\u03bc\u03ad\u03bd\u03b1.<\/li>\n<li>\u039c\u03c0\u03bf\u03c1\u03b5\u03af\u03c4\u03b5 \u03b5\u03c0\u03af\u03c3\u03b7\u03c2 \u03bd\u03b1 \u03c0\u03b1\u03c1\u03b1\u03b3\u03b3\u03b5\u03af\u03bb\u03b5\u03c4\u03b5 \u03c4\u03b1 \u03c0\u03c1\u03bf\u03ca\u03cc\u03bd\u03c4\u03b1 \u03bc\u03b5\u03bc\u03bf\u03bd\u03c9\u03bc\u03ad\u03bd\u03b1.<\/li>\n<li>\u0394\u03b9\u03b1\u03c4\u03af\u03b8\u03b5\u03bd\u03c4\u03b1\u03b9 \u03b5\u03c0\u03b9\u03bb\u03bf\u03b3\u03ad\u03c2 \u03c7\u03c1\u03c9\u03bc\u03ac\u03c4\u03c9\u03bd.<\/li>\n<li>\u03a4\u03b1 \u03c0\u03ac\u03bd\u03b5\u03bb \u03b5\u03af\u03bd\u03b1\u03b9 \u03b5\u03c0\u03b9\u03ba\u03b1\u03bb\u03c5\u03bc\u03bc\u03ad\u03bd\u03b1 \u03bc\u03b5 \u03b7\u03bb\u03b5\u03ba\u03c4\u03c1\u03bf\u03c3\u03c4\u03b1\u03c4\u03b9\u03ba\u03ae \u03b2\u03b1\u03c6\u03ae \u03b1\u03bd\u03b8\u03b5\u03ba\u03c4\u03b9\u03ba\u03ae \u03c3\u03c4\u03b9\u03c2 \u03ba\u03c1\u03bf\u03cd\u03c3\u03b5\u03b9\u03c2.<\/li>\n<li>\u03a4\u03b1 \u03b5\u03be\u03b1\u03c1\u03c4\u03ae\u03bc\u03b1\u03c4\u03b1 \u03b5\u03af\u03bd\u03b1\u03b9 \u03b3\u03b1\u03bb\u03b2\u03b1\u03bd\u03b9\u03c3\u03bc\u03ad\u03bd\u03b1.<\/li>\n<\/ul>","protected":false},"excerpt":{"rendered":"<ul>\n<li>\u03a5\u03bb\u03b9\u03ba\u03ac \u03bb\u03b1\u03bc\u03b1\u03c1\u03af\u03bd\u03b1\u03c2 DKP \u03ba\u03b1\u03b9 HRP.<\/li>\n<li>\u0397\u03bb\u03b5\u03ba\u03c4\u03c1\u03bf\u03c3\u03c4\u03b1\u03c4\u03b9\u03ba\u03ae \u03b5\u03c0\u03af\u03c3\u03c4\u03c1\u03c9\u03c3\u03b7 \u03c3\u03ba\u03cc\u03bd\u03b7\u03c2.<\/li>\n<li>\u0393\u03b1\u03bb\u03b2\u03b1\u03bd\u03b9\u03c3\u03bc\u03ad\u03bd\u03b7 \u03b5\u03c0\u03af\u03c3\u03c4\u03c1\u03c9\u03c3\u03b7<\/li>\n<li>\u0392\u03b9\u03bf\u03bc\u03b7\u03c7\u03b1\u03bd\u03b9\u03ba\u03cc\u03c2 \u03c4\u03cd\u03c0\u03bf\u03c2<\/li>\n<li>\u038c\u03bb\u03b1 \u03c4\u03b1 \u03bc\u03ad\u03c4\u03b1\u03bb\u03bb\u03b1<\/li>\n<li><strong>\u03a4\u03b1 \u03c4\u03c5\u03c0\u03b9\u03ba\u03ac \u03b1\u03be\u03b5\u03c3\u03bf\u03c5\u03ac\u03c1 \u03c0\u03bf\u03c5 \u03c0\u03b5\u03c1\u03b9\u03bb\u03b1\u03bc\u03b2\u03ac\u03bd\u03bf\u03bd\u03c4\u03b1\u03b9 \u03b5\u03bc\u03c6\u03b1\u03bd\u03af\u03b6\u03bf\u03bd\u03c4\u03b1\u03b9 \u03c3\u03c4\u03b7 \u03b4\u03b5\u03cd\u03c4\u03b5\u03c1\u03b7 \u03b5\u03b9\u03ba\u03cc\u03bd\u03b1.<\/strong><\/li>\n<\/ul>","protected":false},"featured_media":20691,"template":"","meta":[],"product_brand":[],"product_cat":[165],"product_tag":[],"class_list":{"0":"post-20687","1":"product","2":"type-product","3":"status-publish","4":"has-post-thumbnail","6":"product_cat-delikli-pano-setleri","8":"first","9":"instock","10":"shipping-taxable","11":"product-type-simple"},"yoast_head":"<!-- This site is optimized with the Yoast SEO plugin v27.4 - https:\/\/yoast.com\/product\/yoast-seo-wordpress\/ -->\n<title>BD.36.16.89 Delikli Pano Seti<\/title>\n<meta name=\"robots\" content=\"index, follow, max-snippet:-1, max-image-preview:large, max-video-preview:-1\" \/>\n<link rel=\"canonical\" href=\"https:\/\/bodur.com.tr\/el\/product\/\u03c3\u03b5\u03c4-\u03b4\u03b9\u03ac\u03c4\u03c1\u03b7\u03c4\u03c9\u03bd-\u03c3\u03b1\u03bd\u03af\u03b4\u03c9\u03bd-bd-36-16-89\/\" \/>\n<meta property=\"og:locale\" content=\"el_GR\" \/>\n<meta property=\"og:type\" content=\"article\" \/>\n<meta property=\"og:title\" content=\"BD.36.16.89 Delikli Pano Seti\" \/>\n<meta property=\"og:description\" content=\"DKP ve HRP sac malzeme.  Elektrostatik toz boya.  Galvaniz Kaplama  Sanayi Tipi  Komple Metal  Yan\u0131nda standart olarak verilen aksesuarlar ikinci g\u00f6rselde yer almaktad\u0131r.\" \/>\n<meta property=\"og:url\" content=\"https:\/\/bodur.com.tr\/el\/product\/\u03c3\u03b5\u03c4-\u03b4\u03b9\u03ac\u03c4\u03c1\u03b7\u03c4\u03c9\u03bd-\u03c3\u03b1\u03bd\u03af\u03b4\u03c9\u03bd-bd-36-16-89\/\" \/>\n<meta property=\"og:site_name\" content=\"Bodur End\u00fcstriyel\" \/>\n<meta property=\"article:publisher\" content=\"https:\/\/www.facebook.com\/bodurendustriyel\" \/>\n<meta property=\"article:modified_time\" content=\"2025-04-13T12:33:05+00:00\" \/>\n<meta property=\"og:image\" content=\"https:\/\/bodur.com.tr\/wp-content\/uploads\/BD361689_Panolu_set_09_H440xW920_01.jpg\" \/>\n\t<meta property=\"og:image:width\" content=\"2480\" \/>\n\t<meta property=\"og:image:height\" content=\"2480\" \/>\n\t<meta property=\"og:image:type\" content=\"image\/jpeg\" \/>\n<meta name=\"twitter:card\" content=\"summary_large_image\" \/>\n<script type=\"application\/ld+json\" class=\"yoast-schema-graph\">{\"@context\":\"https:\\\/\\\/schema.org\",\"@graph\":[{\"@type\":\"WebPage\",\"@id\":\"https:\\\/\\\/bodur.com.tr\\\/urun\\\/bd-36-16-89-delikli-pano-seti\",\"url\":\"https:\\\/\\\/bodur.com.tr\\\/urun\\\/bd-36-16-89-delikli-pano-seti\",\"name\":\"BD.36.16.89 Delikli Pano Seti\",\"isPartOf\":{\"@id\":\"https:\\\/\\\/bodur.com.tr\\\/#website\"},\"primaryImageOfPage\":{\"@id\":\"https:\\\/\\\/bodur.com.tr\\\/urun\\\/bd-36-16-89-delikli-pano-seti#primaryimage\"},\"image\":{\"@id\":\"https:\\\/\\\/bodur.com.tr\\\/urun\\\/bd-36-16-89-delikli-pano-seti#primaryimage\"},\"thumbnailUrl\":\"https:\\\/\\\/bodur.com.tr\\\/wp-content\\\/uploads\\\/BD361689_Panolu_set_09_H440xW920_01.jpg\",\"datePublished\":\"2025-04-13T12:31:12+00:00\",\"dateModified\":\"2025-04-13T12:33:05+00:00\",\"breadcrumb\":{\"@id\":\"https:\\\/\\\/bodur.com.tr\\\/urun\\\/bd-36-16-89-delikli-pano-seti#breadcrumb\"},\"inLanguage\":\"el\",\"potentialAction\":[{\"@type\":\"ReadAction\",\"target\":[\"https:\\\/\\\/bodur.com.tr\\\/urun\\\/bd-36-16-89-delikli-pano-seti\"]}]},{\"@type\":\"ImageObject\",\"inLanguage\":\"el\",\"@id\":\"https:\\\/\\\/bodur.com.tr\\\/urun\\\/bd-36-16-89-delikli-pano-seti#primaryimage\",\"url\":\"https:\\\/\\\/bodur.com.tr\\\/wp-content\\\/uploads\\\/BD361689_Panolu_set_09_H440xW920_01.jpg\",\"contentUrl\":\"https:\\\/\\\/bodur.com.tr\\\/wp-content\\\/uploads\\\/BD361689_Panolu_set_09_H440xW920_01.jpg\",\"width\":2480,\"height\":2480,\"caption\":\"delikli pano seti\"},{\"@type\":\"BreadcrumbList\",\"@id\":\"https:\\\/\\\/bodur.com.tr\\\/urun\\\/bd-36-16-89-delikli-pano-seti#breadcrumb\",\"itemListElement\":[{\"@type\":\"ListItem\",\"position\":1,\"name\":\"Anasayfa\",\"item\":\"https:\\\/\\\/bodur.com.tr\\\/\"},{\"@type\":\"ListItem\",\"position\":2,\"name\":\"\u00dcr\u00fcnler\",\"item\":\"https:\\\/\\\/bodur.com.tr\\\/magaza\"},{\"@type\":\"ListItem\",\"position\":3,\"name\":\"BD.36.16.89 Delikli Pano Seti\"}]},{\"@type\":\"WebSite\",\"@id\":\"https:\\\/\\\/bodur.com.tr\\\/#website\",\"url\":\"https:\\\/\\\/bodur.com.tr\\\/\",\"name\":\"Bodur End\u00fcstriyel\",\"description\":\"\",\"publisher\":{\"@id\":\"https:\\\/\\\/bodur.com.tr\\\/#organization\"},\"potentialAction\":[{\"@type\":\"SearchAction\",\"target\":{\"@type\":\"EntryPoint\",\"urlTemplate\":\"https:\\\/\\\/bodur.com.tr\\\/?s={search_term_string}\"},\"query-input\":{\"@type\":\"PropertyValueSpecification\",\"valueRequired\":true,\"valueName\":\"search_term_string\"}}],\"inLanguage\":\"el\"},{\"@type\":\"Organization\",\"@id\":\"https:\\\/\\\/bodur.com.tr\\\/#organization\",\"name\":\"Bodur End\u00fcstriyel\",\"url\":\"https:\\\/\\\/bodur.com.tr\\\/\",\"logo\":{\"@type\":\"ImageObject\",\"inLanguage\":\"el\",\"@id\":\"https:\\\/\\\/bodur.com.tr\\\/#\\\/schema\\\/logo\\\/image\\\/\",\"url\":\"https:\\\/\\\/bodur.com.tr\\\/wp-content\\\/uploads\\\/51834268_258721005017375_5556593430731161600_n.jpg\",\"contentUrl\":\"https:\\\/\\\/bodur.com.tr\\\/wp-content\\\/uploads\\\/51834268_258721005017375_5556593430731161600_n.jpg\",\"width\":320,\"height\":320,\"caption\":\"Bodur End\u00fcstriyel\"},\"image\":{\"@id\":\"https:\\\/\\\/bodur.com.tr\\\/#\\\/schema\\\/logo\\\/image\\\/\"},\"sameAs\":[\"https:\\\/\\\/www.facebook.com\\\/bodurendustriyel\",\"https:\\\/\\\/www.instagram.com\\\/bodurendustriyel\\\/\",\"https:\\\/\\\/www.youtube.com\\\/user\\\/harunbodur\"]}]}<\/script>\n<!-- \/ Yoast SEO plugin. -->","yoast_head_json":{"title":"BD.36.16.89 \u03a3\u03b5\u03c4 \u03b4\u03b9\u03ac\u03c4\u03c1\u03b7\u03c4\u03c9\u03bd \u03c0\u03ac\u03bd\u03b5\u03bb","robots":{"index":"index","follow":"follow","max-snippet":"max-snippet:-1","max-image-preview":"max-image-preview:large","max-video-preview":"max-video-preview:-1"},"canonical":"https:\/\/bodur.com.tr\/el\/product\/\u03c3\u03b5\u03c4-\u03b4\u03b9\u03ac\u03c4\u03c1\u03b7\u03c4\u03c9\u03bd-\u03c3\u03b1\u03bd\u03af\u03b4\u03c9\u03bd-bd-36-16-89\/","og_locale":"el_GR","og_type":"article","og_title":"BD.36.16.89 Delikli Pano Seti","og_description":"DKP ve HRP sac malzeme.  Elektrostatik toz boya.  Galvaniz Kaplama  Sanayi Tipi  Komple Metal  Yan\u0131nda standart olarak verilen aksesuarlar ikinci g\u00f6rselde yer almaktad\u0131r.","og_url":"https:\/\/bodur.com.tr\/el\/product\/\u03c3\u03b5\u03c4-\u03b4\u03b9\u03ac\u03c4\u03c1\u03b7\u03c4\u03c9\u03bd-\u03c3\u03b1\u03bd\u03af\u03b4\u03c9\u03bd-bd-36-16-89\/","og_site_name":"Bodur End\u00fcstriyel","article_publisher":"https:\/\/www.facebook.com\/bodurendustriyel","article_modified_time":"2025-04-13T12:33:05+00:00","og_image":[{"width":2480,"height":2480,"url":"https:\/\/bodur.com.tr\/wp-content\/uploads\/BD361689_Panolu_set_09_H440xW920_01.jpg","type":"image\/jpeg"}],"twitter_card":"summary_large_image","schema":{"@context":"https:\/\/schema.org","@graph":[{"@type":"WebPage","@id":"https:\/\/bodur.com.tr\/urun\/bd-36-16-89-delikli-pano-seti","url":"https:\/\/bodur.com.tr\/urun\/bd-36-16-89-delikli-pano-seti","name":"BD.36.16.89 \u03a3\u03b5\u03c4 \u03b4\u03b9\u03ac\u03c4\u03c1\u03b7\u03c4\u03c9\u03bd \u03c0\u03ac\u03bd\u03b5\u03bb","isPartOf":{"@id":"https:\/\/bodur.com.tr\/#website"},"primaryImageOfPage":{"@id":"https:\/\/bodur.com.tr\/urun\/bd-36-16-89-delikli-pano-seti#primaryimage"},"image":{"@id":"https:\/\/bodur.com.tr\/urun\/bd-36-16-89-delikli-pano-seti#primaryimage"},"thumbnailUrl":"https:\/\/bodur.com.tr\/wp-content\/uploads\/BD361689_Panolu_set_09_H440xW920_01.jpg","datePublished":"2025-04-13T12:31:12+00:00","dateModified":"2025-04-13T12:33:05+00:00","breadcrumb":{"@id":"https:\/\/bodur.com.tr\/urun\/bd-36-16-89-delikli-pano-seti#breadcrumb"},"inLanguage":"el","potentialAction":[{"@type":"ReadAction","target":["https:\/\/bodur.com.tr\/urun\/bd-36-16-89-delikli-pano-seti"]}]},{"@type":"ImageObject","inLanguage":"el","@id":"https:\/\/bodur.com.tr\/urun\/bd-36-16-89-delikli-pano-seti#primaryimage","url":"https:\/\/bodur.com.tr\/wp-content\/uploads\/BD361689_Panolu_set_09_H440xW920_01.jpg","contentUrl":"https:\/\/bodur.com.tr\/wp-content\/uploads\/BD361689_Panolu_set_09_H440xW920_01.jpg","width":2480,"height":2480,"caption":"delikli pano seti"},{"@type":"BreadcrumbList","@id":"https:\/\/bodur.com.tr\/urun\/bd-36-16-89-delikli-pano-seti#breadcrumb","itemListElement":[{"@type":"ListItem","position":1,"name":"Anasayfa","item":"https:\/\/bodur.com.tr\/"},{"@type":"ListItem","position":2,"name":"\u00dcr\u00fcnler","item":"https:\/\/bodur.com.tr\/magaza"},{"@type":"ListItem","position":3,"name":"BD.36.16.89 Delikli Pano Seti"}]},{"@type":"WebSite","@id":"https:\/\/bodur.com.tr\/#website","url":"https:\/\/bodur.com.tr\/","name":"\u0392\u03b9\u03bf\u03bc\u03b7\u03c7\u03b1\u03bd\u03b9\u03ba\u03ae \u039c\u03c0\u03bf\u03bd\u03c4\u03bf\u03cd\u03c1","description":"","publisher":{"@id":"https:\/\/bodur.com.tr\/#organization"},"potentialAction":[{"@type":"SearchAction","target":{"@type":"EntryPoint","urlTemplate":"https:\/\/bodur.com.tr\/?s={search_term_string}"},"query-input":{"@type":"PropertyValueSpecification","valueRequired":true,"valueName":"search_term_string"}}],"inLanguage":"el"},{"@type":"Organization","@id":"https:\/\/bodur.com.tr\/#organization","name":"\u0392\u03b9\u03bf\u03bc\u03b7\u03c7\u03b1\u03bd\u03b9\u03ba\u03ae \u039c\u03c0\u03bf\u03bd\u03c4\u03bf\u03cd\u03c1","url":"https:\/\/bodur.com.tr\/","logo":{"@type":"ImageObject","inLanguage":"el","@id":"https:\/\/bodur.com.tr\/#\/schema\/logo\/image\/","url":"https:\/\/bodur.com.tr\/wp-content\/uploads\/51834268_258721005017375_5556593430731161600_n.jpg","contentUrl":"https:\/\/bodur.com.tr\/wp-content\/uploads\/51834268_258721005017375_5556593430731161600_n.jpg","width":320,"height":320,"caption":"Bodur End\u00fcstriyel"},"image":{"@id":"https:\/\/bodur.com.tr\/#\/schema\/logo\/image\/"},"sameAs":["https:\/\/www.facebook.com\/bodurendustriyel","https:\/\/www.instagram.com\/bodurendustriyel\/","https:\/\/www.youtube.com\/user\/harunbodur"]}]}},"_links":{"self":[{"href":"https:\/\/bodur.com.tr\/el\/wp-json\/wp\/v2\/product\/20687","targetHints":{"allow":["GET"]}}],"collection":[{"href":"https:\/\/bodur.com.tr\/el\/wp-json\/wp\/v2\/product"}],"about":[{"href":"https:\/\/bodur.com.tr\/el\/wp-json\/wp\/v2\/types\/product"}],"wp:featuredmedia":[{"embeddable":true,"href":"https:\/\/bodur.com.tr\/el\/wp-json\/wp\/v2\/media\/20691"}],"wp:attachment":[{"href":"https:\/\/bodur.com.tr\/el\/wp-json\/wp\/v2\/media?parent=20687"}],"wp:term":[{"taxonomy":"product_brand","embeddable":true,"href":"https:\/\/bodur.com.tr\/el\/wp-json\/wp\/v2\/product_brand?post=20687"},{"taxonomy":"product_cat","embeddable":true,"href":"https:\/\/bodur.com.tr\/el\/wp-json\/wp\/v2\/product_cat?post=20687"},{"taxonomy":"product_tag","embeddable":true,"href":"https:\/\/bodur.com.tr\/el\/wp-json\/wp\/v2\/product_tag?post=20687"}],"curies":[{"name":"wp","href":"https:\/\/api.w.org\/{rel}","templated":true}]}}