{"id":19809,"date":"2024-09-02T16:15:03","date_gmt":"2024-09-02T13:15:03","guid":{"rendered":"https:\/\/bodur.com.tr\/?post_type=product&#038;p=19809"},"modified":"2026-03-20T18:05:07","modified_gmt":"2026-03-20T15:05:07","slug":"%ce%ba%cf%81%ce%b5%ce%b2%ce%ac%cf%84%ce%b9-36-17-35","status":"publish","type":"product","link":"https:\/\/bodur.com.tr\/el\/urun\/bd-36-17-35","title":{"rendered":"BD.36.17.35 +"},"content":{"rendered":"","protected":false},"excerpt":{"rendered":"<ul>\n<li>\u0394\u03b9\u03b1\u03c3\u03c4\u03ac\u03c3\u03b5\u03b9\u03c2: \u03a5925x\u03a02000x\u0392690 \u03c7\u03b9\u03bb.<\/li>\n<li>100 \u03ba\u03b9\u03bb\u03ac \u03c7\u03c9\u03c1\u03af\u03c2 \u03b1\u03be\u03b5\u03c3\u03bf\u03c5\u03ac\u03c1<\/li>\n<li>\u03a5\u03bb\u03b9\u03ba\u03ac \u03bb\u03b1\u03bc\u03b1\u03c1\u03af\u03bd\u03b1\u03c2 DKP \u03ba\u03b1\u03b9 HRP<\/li>\n<li>\u0397\u03bb\u03b5\u03ba\u03c4\u03c1\u03bf\u03c3\u03c4\u03b1\u03c4\u03b9\u03ba\u03ae \u03b5\u03c0\u03af\u03c3\u03c4\u03c1\u03c9\u03c3\u03b7 \u03c3\u03ba\u03cc\u03bd\u03b7\u03c2<\/li>\n<li>RAL7016 (\u03a3\u03ba\u03bf\u03cd\u03c1\u03bf \u03b3\u03ba\u03c1\u03b9) \u03ba\u03b1\u03b9 RAL7011 (\u0391\u03bd\u03bf\u03b9\u03c7\u03c4\u03cc \u03b3\u03ba\u03c1\u03b9)<\/li>\n<li>\u0394\u03b9\u03b1\u03c3\u03c4\u03ac\u03c3\u03b5\u03b9\u03c2 \u03c4\u03c1\u03b1\u03c0\u03b5\u03b6\u03b9\u03bf\u03cd: (\u03a02000x\u0392690)<\/li>\n<li>\u03a3\u03c4\u03ac\u03bd\u03c4\u03b1\u03c1 \u03c0\u03ac\u03bd\u03b5\u03bb \u03b1\u03c0\u03cc \u03bc\u03b1\u03c3\u03af\u03c6 \u03be\u03cd\u03bb\u03bf 40 mm \u2013 \u039f\u03be\u03b9\u03ac<\/li>\n<\/ul>","protected":false},"featured_media":19810,"template":"","meta":[],"product_brand":[],"product_cat":[206],"product_tag":[],"class_list":{"0":"post-19809","1":"product","2":"type-product","3":"status-publish","4":"has-post-thumbnail","6":"product_cat-proline-plus-calisma-tezgahlari","8":"first","9":"instock","10":"shipping-taxable","11":"product-type-simple"},"yoast_head":"<!-- This site is optimized with the Yoast SEO plugin v27.4 - https:\/\/yoast.com\/product\/yoast-seo-wordpress\/ -->\n<title>BD.36.17.35 +<\/title>\n<meta name=\"robots\" content=\"index, follow, max-snippet:-1, max-image-preview:large, max-video-preview:-1\" \/>\n<link rel=\"canonical\" href=\"https:\/\/bodur.com.tr\/el\/product\/\u03ba\u03c1\u03b5\u03b2\u03ac\u03c4\u03b9-36-17-35\/\" \/>\n<meta property=\"og:locale\" content=\"el_GR\" \/>\n<meta property=\"og:type\" content=\"article\" \/>\n<meta property=\"og:title\" content=\"BD.36.17.35 +\" \/>\n<meta property=\"og:description\" content=\"H925xW2000xD690 mm boyutlar\u0131nda  Aksesuarlar hari\u00e7 100\u00a0kg  DKP ve HRP sac malzeme  Elektrostatik toz boya  RAL7016 (Koyu Gri) ve RAL7011 (A\u00e7\u0131k Gri)  (W2000xD690) tabla \u00f6l\u00e7\u00fcs\u00fc  Standart 40 mm Masif Panel - KAYIN\" \/>\n<meta property=\"og:url\" content=\"https:\/\/bodur.com.tr\/el\/product\/\u03ba\u03c1\u03b5\u03b2\u03ac\u03c4\u03b9-36-17-35\/\" \/>\n<meta property=\"og:site_name\" content=\"Bodur End\u00fcstriyel\" \/>\n<meta property=\"article:publisher\" content=\"https:\/\/www.facebook.com\/bodurendustriyel\" \/>\n<meta property=\"article:modified_time\" content=\"2026-03-20T15:05:07+00:00\" \/>\n<meta property=\"og:image\" content=\"https:\/\/bodur.com.tr\/wp-content\/uploads\/BD361735_H2000xW2000xD730_01.jpg\" \/>\n\t<meta property=\"og:image:width\" content=\"2480\" \/>\n\t<meta property=\"og:image:height\" content=\"2480\" \/>\n\t<meta property=\"og:image:type\" content=\"image\/jpeg\" \/>\n<meta name=\"twitter:card\" content=\"summary_large_image\" \/>\n<script type=\"application\/ld+json\" class=\"yoast-schema-graph\">{\"@context\":\"https:\\\/\\\/schema.org\",\"@graph\":[{\"@type\":\"WebPage\",\"@id\":\"https:\\\/\\\/bodur.com.tr\\\/urun\\\/bd-36-17-35\",\"url\":\"https:\\\/\\\/bodur.com.tr\\\/urun\\\/bd-36-17-35\",\"name\":\"BD.36.17.35 +\",\"isPartOf\":{\"@id\":\"https:\\\/\\\/bodur.com.tr\\\/#website\"},\"primaryImageOfPage\":{\"@id\":\"https:\\\/\\\/bodur.com.tr\\\/urun\\\/bd-36-17-35#primaryimage\"},\"image\":{\"@id\":\"https:\\\/\\\/bodur.com.tr\\\/urun\\\/bd-36-17-35#primaryimage\"},\"thumbnailUrl\":\"https:\\\/\\\/bodur.com.tr\\\/wp-content\\\/uploads\\\/BD361735_H2000xW2000xD730_01.jpg\",\"datePublished\":\"2024-09-02T13:15:03+00:00\",\"dateModified\":\"2026-03-20T15:05:07+00:00\",\"breadcrumb\":{\"@id\":\"https:\\\/\\\/bodur.com.tr\\\/urun\\\/bd-36-17-35#breadcrumb\"},\"inLanguage\":\"el\",\"potentialAction\":[{\"@type\":\"ReadAction\",\"target\":[\"https:\\\/\\\/bodur.com.tr\\\/urun\\\/bd-36-17-35\"]}]},{\"@type\":\"ImageObject\",\"inLanguage\":\"el\",\"@id\":\"https:\\\/\\\/bodur.com.tr\\\/urun\\\/bd-36-17-35#primaryimage\",\"url\":\"https:\\\/\\\/bodur.com.tr\\\/wp-content\\\/uploads\\\/BD361735_H2000xW2000xD730_01.jpg\",\"contentUrl\":\"https:\\\/\\\/bodur.com.tr\\\/wp-content\\\/uploads\\\/BD361735_H2000xW2000xD730_01.jpg\",\"width\":2480,\"height\":2480,\"caption\":\"BD.36.17.35 +\"},{\"@type\":\"BreadcrumbList\",\"@id\":\"https:\\\/\\\/bodur.com.tr\\\/urun\\\/bd-36-17-35#breadcrumb\",\"itemListElement\":[{\"@type\":\"ListItem\",\"position\":1,\"name\":\"Anasayfa\",\"item\":\"https:\\\/\\\/bodur.com.tr\\\/\"},{\"@type\":\"ListItem\",\"position\":2,\"name\":\"\u00dcr\u00fcnler\",\"item\":\"https:\\\/\\\/bodur.com.tr\\\/magaza\"},{\"@type\":\"ListItem\",\"position\":3,\"name\":\"BD.36.17.35 +\"}]},{\"@type\":\"WebSite\",\"@id\":\"https:\\\/\\\/bodur.com.tr\\\/#website\",\"url\":\"https:\\\/\\\/bodur.com.tr\\\/\",\"name\":\"Bodur End\u00fcstriyel\",\"description\":\"\",\"publisher\":{\"@id\":\"https:\\\/\\\/bodur.com.tr\\\/#organization\"},\"potentialAction\":[{\"@type\":\"SearchAction\",\"target\":{\"@type\":\"EntryPoint\",\"urlTemplate\":\"https:\\\/\\\/bodur.com.tr\\\/?s={search_term_string}\"},\"query-input\":{\"@type\":\"PropertyValueSpecification\",\"valueRequired\":true,\"valueName\":\"search_term_string\"}}],\"inLanguage\":\"el\"},{\"@type\":\"Organization\",\"@id\":\"https:\\\/\\\/bodur.com.tr\\\/#organization\",\"name\":\"Bodur End\u00fcstriyel\",\"url\":\"https:\\\/\\\/bodur.com.tr\\\/\",\"logo\":{\"@type\":\"ImageObject\",\"inLanguage\":\"el\",\"@id\":\"https:\\\/\\\/bodur.com.tr\\\/#\\\/schema\\\/logo\\\/image\\\/\",\"url\":\"https:\\\/\\\/bodur.com.tr\\\/wp-content\\\/uploads\\\/51834268_258721005017375_5556593430731161600_n.jpg\",\"contentUrl\":\"https:\\\/\\\/bodur.com.tr\\\/wp-content\\\/uploads\\\/51834268_258721005017375_5556593430731161600_n.jpg\",\"width\":320,\"height\":320,\"caption\":\"Bodur End\u00fcstriyel\"},\"image\":{\"@id\":\"https:\\\/\\\/bodur.com.tr\\\/#\\\/schema\\\/logo\\\/image\\\/\"},\"sameAs\":[\"https:\\\/\\\/www.facebook.com\\\/bodurendustriyel\",\"https:\\\/\\\/www.instagram.com\\\/bodurendustriyel\\\/\",\"https:\\\/\\\/www.youtube.com\\\/user\\\/harunbodur\"]}]}<\/script>\n<!-- \/ Yoast SEO plugin. -->","yoast_head_json":{"title":"BD.36.17.35 +","robots":{"index":"index","follow":"follow","max-snippet":"max-snippet:-1","max-image-preview":"max-image-preview:large","max-video-preview":"max-video-preview:-1"},"canonical":"https:\/\/bodur.com.tr\/el\/product\/\u03ba\u03c1\u03b5\u03b2\u03ac\u03c4\u03b9-36-17-35\/","og_locale":"el_GR","og_type":"article","og_title":"BD.36.17.35 +","og_description":"H925xW2000xD690 mm boyutlar\u0131nda  Aksesuarlar hari\u00e7 100\u00a0kg  DKP ve HRP sac malzeme  Elektrostatik toz boya  RAL7016 (Koyu Gri) ve RAL7011 (A\u00e7\u0131k Gri)  (W2000xD690) tabla \u00f6l\u00e7\u00fcs\u00fc  Standart 40 mm Masif Panel - KAYIN","og_url":"https:\/\/bodur.com.tr\/el\/product\/\u03ba\u03c1\u03b5\u03b2\u03ac\u03c4\u03b9-36-17-35\/","og_site_name":"Bodur End\u00fcstriyel","article_publisher":"https:\/\/www.facebook.com\/bodurendustriyel","article_modified_time":"2026-03-20T15:05:07+00:00","og_image":[{"width":2480,"height":2480,"url":"https:\/\/bodur.com.tr\/wp-content\/uploads\/BD361735_H2000xW2000xD730_01.jpg","type":"image\/jpeg"}],"twitter_card":"summary_large_image","schema":{"@context":"https:\/\/schema.org","@graph":[{"@type":"WebPage","@id":"https:\/\/bodur.com.tr\/urun\/bd-36-17-35","url":"https:\/\/bodur.com.tr\/urun\/bd-36-17-35","name":"BD.36.17.35 +","isPartOf":{"@id":"https:\/\/bodur.com.tr\/#website"},"primaryImageOfPage":{"@id":"https:\/\/bodur.com.tr\/urun\/bd-36-17-35#primaryimage"},"image":{"@id":"https:\/\/bodur.com.tr\/urun\/bd-36-17-35#primaryimage"},"thumbnailUrl":"https:\/\/bodur.com.tr\/wp-content\/uploads\/BD361735_H2000xW2000xD730_01.jpg","datePublished":"2024-09-02T13:15:03+00:00","dateModified":"2026-03-20T15:05:07+00:00","breadcrumb":{"@id":"https:\/\/bodur.com.tr\/urun\/bd-36-17-35#breadcrumb"},"inLanguage":"el","potentialAction":[{"@type":"ReadAction","target":["https:\/\/bodur.com.tr\/urun\/bd-36-17-35"]}]},{"@type":"ImageObject","inLanguage":"el","@id":"https:\/\/bodur.com.tr\/urun\/bd-36-17-35#primaryimage","url":"https:\/\/bodur.com.tr\/wp-content\/uploads\/BD361735_H2000xW2000xD730_01.jpg","contentUrl":"https:\/\/bodur.com.tr\/wp-content\/uploads\/BD361735_H2000xW2000xD730_01.jpg","width":2480,"height":2480,"caption":"BD.36.17.35 +"},{"@type":"BreadcrumbList","@id":"https:\/\/bodur.com.tr\/urun\/bd-36-17-35#breadcrumb","itemListElement":[{"@type":"ListItem","position":1,"name":"Anasayfa","item":"https:\/\/bodur.com.tr\/"},{"@type":"ListItem","position":2,"name":"\u00dcr\u00fcnler","item":"https:\/\/bodur.com.tr\/magaza"},{"@type":"ListItem","position":3,"name":"BD.36.17.35 +"}]},{"@type":"WebSite","@id":"https:\/\/bodur.com.tr\/#website","url":"https:\/\/bodur.com.tr\/","name":"\u0392\u03b9\u03bf\u03bc\u03b7\u03c7\u03b1\u03bd\u03b9\u03ba\u03ae \u039c\u03c0\u03bf\u03bd\u03c4\u03bf\u03cd\u03c1","description":"","publisher":{"@id":"https:\/\/bodur.com.tr\/#organization"},"potentialAction":[{"@type":"SearchAction","target":{"@type":"EntryPoint","urlTemplate":"https:\/\/bodur.com.tr\/?s={search_term_string}"},"query-input":{"@type":"PropertyValueSpecification","valueRequired":true,"valueName":"search_term_string"}}],"inLanguage":"el"},{"@type":"Organization","@id":"https:\/\/bodur.com.tr\/#organization","name":"\u0392\u03b9\u03bf\u03bc\u03b7\u03c7\u03b1\u03bd\u03b9\u03ba\u03ae \u039c\u03c0\u03bf\u03bd\u03c4\u03bf\u03cd\u03c1","url":"https:\/\/bodur.com.tr\/","logo":{"@type":"ImageObject","inLanguage":"el","@id":"https:\/\/bodur.com.tr\/#\/schema\/logo\/image\/","url":"https:\/\/bodur.com.tr\/wp-content\/uploads\/51834268_258721005017375_5556593430731161600_n.jpg","contentUrl":"https:\/\/bodur.com.tr\/wp-content\/uploads\/51834268_258721005017375_5556593430731161600_n.jpg","width":320,"height":320,"caption":"Bodur End\u00fcstriyel"},"image":{"@id":"https:\/\/bodur.com.tr\/#\/schema\/logo\/image\/"},"sameAs":["https:\/\/www.facebook.com\/bodurendustriyel","https:\/\/www.instagram.com\/bodurendustriyel\/","https:\/\/www.youtube.com\/user\/harunbodur"]}]}},"_links":{"self":[{"href":"https:\/\/bodur.com.tr\/el\/wp-json\/wp\/v2\/product\/19809","targetHints":{"allow":["GET"]}}],"collection":[{"href":"https:\/\/bodur.com.tr\/el\/wp-json\/wp\/v2\/product"}],"about":[{"href":"https:\/\/bodur.com.tr\/el\/wp-json\/wp\/v2\/types\/product"}],"wp:featuredmedia":[{"embeddable":true,"href":"https:\/\/bodur.com.tr\/el\/wp-json\/wp\/v2\/media\/19810"}],"wp:attachment":[{"href":"https:\/\/bodur.com.tr\/el\/wp-json\/wp\/v2\/media?parent=19809"}],"wp:term":[{"taxonomy":"product_brand","embeddable":true,"href":"https:\/\/bodur.com.tr\/el\/wp-json\/wp\/v2\/product_brand?post=19809"},{"taxonomy":"product_cat","embeddable":true,"href":"https:\/\/bodur.com.tr\/el\/wp-json\/wp\/v2\/product_cat?post=19809"},{"taxonomy":"product_tag","embeddable":true,"href":"https:\/\/bodur.com.tr\/el\/wp-json\/wp\/v2\/product_tag?post=19809"}],"curies":[{"name":"wp","href":"https:\/\/api.w.org\/{rel}","templated":true}]}}