{"id":16714,"date":"2024-03-20T19:12:33","date_gmt":"2024-03-20T16:12:33","guid":{"rendered":"https:\/\/bodur.com.tr\/?post_type=product&#038;p=16714"},"modified":"2024-03-21T11:17:33","modified_gmt":"2024-03-21T08:17:33","slug":"bd-36-80-04","status":"publish","type":"product","link":"https:\/\/bodur.com.tr\/el\/urun\/bd-36-80-04","title":{"rendered":"BD.36.80.04"},"content":{"rendered":"<p>BD.36.80.04 Ecoline \u00c7al\u0131\u015fma Tezgah\u0131, k\u00fc\u00e7\u00fck ve orta \u00f6l\u00e7ekli i\u015fletmeler, at\u00f6lyeler, oto servisleri ve ev kullan\u0131c\u0131lar\u0131 i\u00e7in \u00f6zel olarak tasarlanm\u0131\u015f bir \u00fcr\u00fcnd\u00fcr. Sa\u011flam yap\u0131s\u0131 ve geni\u015f \u00e7al\u0131\u015fma alan\u0131yla \u00e7e\u015fitli end\u00fcstriyel ve hobi ama\u00e7lar\u0131na y\u00f6nelik ihtiya\u00e7lar\u0131 kar\u015f\u0131lamak \u00fczere \u00fcretilmi\u015ftir. Tezgah, 900x1200x700 mm boyutlar\u0131nda olup, aksesuarlar hari\u00e7 43 kg a\u011f\u0131rl\u0131\u011f\u0131ndad\u0131r.<\/p>\n<p>\u039a\u03b1\u03c4\u03b1\u03c3\u03ba\u03b5\u03c5\u03b1\u03c3\u03bc\u03ad\u03bd\u03bf\u03c2 \u03b1\u03c0\u03cc \u03bb\u03b1\u03bc\u03b1\u03c1\u03af\u03bd\u03b1 DKP \u03ba\u03b1\u03b9 HRP, \u03b1\u03c5\u03c4\u03cc\u03c2 \u03bf \u03c0\u03ac\u03b3\u03ba\u03bf\u03c2 \u03b5\u03c1\u03b3\u03b1\u03c3\u03af\u03b1\u03c2 \u03c0\u03b1\u03c1\u03ad\u03c7\u03b5\u03b9 \u03b1\u03bd\u03b8\u03b5\u03ba\u03c4\u03b9\u03ba\u03ae \u03ba\u03b1\u03b9 \u03bc\u03b1\u03ba\u03c1\u03bf\u03c7\u03c1\u03cc\u03bd\u03b9\u03b1 \u03c7\u03c1\u03ae\u03c3\u03b7. \u0395\u03af\u03bd\u03b1\u03b9 \u03b5\u03c0\u03b9\u03ba\u03b1\u03bb\u03c5\u03bc\u03bc\u03ad\u03bd\u03bf\u03c2 \u03bc\u03b5 \u03b7\u03bb\u03b5\u03ba\u03c4\u03c1\u03bf\u03c3\u03c4\u03b1\u03c4\u03b9\u03ba\u03ae \u03b2\u03b1\u03c6\u03ae \u03c0\u03bf\u03cd\u03b4\u03c1\u03b1\u03c2 \u03ba\u03b1\u03b9 \u03c0\u03c1\u03bf\u03c3\u03c6\u03ad\u03c1\u03b5\u03b9 \u03b5\u03c0\u03b9\u03bb\u03bf\u03b3\u03ad\u03c2 \u03c7\u03c1\u03c9\u03bc\u03ac\u03c4\u03c9\u03bd RAL7016 (\u03b1\u03bd\u03b8\u03c1\u03b1\u03ba\u03af \u03b3\u03ba\u03c1\u03b9) \u03ae RAL7011 (\u03b3\u03ba\u03c1\u03b9) \u03c0\u03bf\u03c5 \u03c4\u03b1\u03b9\u03c1\u03b9\u03ac\u03b6\u03bf\u03c5\u03bd \u03c3\u03c4\u03b9\u03c2 \u03c0\u03c1\u03bf\u03c4\u03b9\u03bc\u03ae\u03c3\u03b5\u03b9\u03c2 \u03c4\u03bf\u03c5 \u03c7\u03c1\u03ae\u03c3\u03c4\u03b7.<\/p>\n<p>Tezgah\u0131n temel \u00f6zellikleri aras\u0131nda, W1200xD670 mm boyutlar\u0131nda 30 mm kal\u0131nl\u0131\u011f\u0131nda HAM MDF tabla bulunmaktad\u0131r. Bu \u00f6zellikler, kullan\u0131c\u0131lar\u0131n geni\u015f bir \u00e7al\u0131\u015fma alan\u0131nda rahat\u00e7a \u00e7al\u0131\u015fmalar\u0131na imkan tan\u0131r.<\/p>","protected":false},"excerpt":{"rendered":"<p>BD.36.80.04 Ecoline \u00c7al\u0131\u015fma Tezgah\u0131, k\u00fc\u00e7\u00fck ve orta \u00f6l\u00e7ekli i\u015fletmeler, at\u00f6lyeler, oto servisleri ve hobi kullan\u0131m\u0131 i\u00e7in ideal bir se\u00e7enektir. Aksesuarlar hari\u00e7 43 kg a\u011f\u0131rl\u0131\u011f\u0131ndad\u0131r.<\/p>\n<p><strong>\u03a0\u03b5\u03c1\u03b9\u03b3\u03c1\u03b1\u03c6\u03ae \u03c0\u03c1\u03bf\u03ca\u03cc\u03bd\u03c4\u03bf\u03c2:<\/strong><\/p>\n<ul>\n<li>H900xW1200xD700 mm boyutlar\u0131nda.<\/li>\n<li>Aksesuarlar hari\u00e7 43 kg.<\/li>\n<li>\u03a5\u03bb\u03b9\u03ba\u03ac \u03bb\u03b1\u03bc\u03b1\u03c1\u03af\u03bd\u03b1\u03c2 DKP \u03ba\u03b1\u03b9 HRP.<\/li>\n<li>\u0397\u03bb\u03b5\u03ba\u03c4\u03c1\u03bf\u03c3\u03c4\u03b1\u03c4\u03b9\u03ba\u03ae \u03b5\u03c0\u03af\u03c3\u03c4\u03c1\u03c9\u03c3\u03b7 \u03c0\u03bf\u03cd\u03b4\u03c1\u03b1\u03c2 \/ RAL7016 (\u03b3\u03ba\u03c1\u03b9 \u03b1\u03bd\u03b8\u03c1\u03b1\u03ba\u03af) \u03ba\u03b1\u03b9 RAL7011 (\u03b3\u03ba\u03c1\u03b9) (\u0395\u03bd\u03b4\u03ad\u03c7\u03b5\u03c4\u03b1\u03b9 \u03bd\u03b1 \u03b1\u03bb\u03bb\u03ac\u03be\u03bf\u03c5\u03bd.)<\/li>\n<li>\u0394\u03b9\u03ac\u03c4\u03c1\u03b7\u03c4\u03bf \u03c0\u03ac\u03bd\u03b5\u03bb \u03bc\u03b5 \u03b4\u03b9\u03b1\u03c3\u03c4\u03ac\u03c3\u03b5\u03b9\u03c2 \u03a5675x\u03a01050x\u039230mm x1<\/li>\n<li>\u03a01200x\u0392670 \u039c\u03ad\u03b3\u03b5\u03b8\u03bf\u03c2 \u03c4\u03c1\u03b1\u03c0\u03b5\u03b6\u03b9\u03bf\u03cd \/ 30 mm \u0391\u03ba\u03b1\u03c4\u03ad\u03c1\u03b3\u03b1\u03c3\u03c4\u03bf MDF<\/li>\n<\/ul>","protected":false},"featured_media":16716,"template":"","meta":[],"product_brand":[],"product_cat":[203],"product_tag":[],"class_list":{"0":"post-16714","1":"product","2":"type-product","3":"status-publish","4":"has-post-thumbnail","6":"product_cat-ecoline-calisma-tezgahlari","8":"first","9":"instock","10":"shipping-taxable","11":"product-type-simple"},"yoast_head":"<!-- This site is optimized with the Yoast SEO plugin v27.4 - https:\/\/yoast.com\/product\/yoast-seo-wordpress\/ -->\n<title>BD.36.80.04<\/title>\n<meta name=\"robots\" content=\"index, follow, max-snippet:-1, max-image-preview:large, max-video-preview:-1\" \/>\n<link rel=\"canonical\" href=\"https:\/\/bodur.com.tr\/el\/product\/bd-36-80-04\/\" \/>\n<meta property=\"og:locale\" content=\"el_GR\" \/>\n<meta property=\"og:type\" content=\"article\" \/>\n<meta property=\"og:title\" content=\"BD.36.80.04\" \/>\n<meta property=\"og:description\" content=\"BD.36.80.04 Ecoline \u00c7al\u0131\u015fma Tezgah\u0131, k\u00fc\u00e7\u00fck ve orta \u00f6l\u00e7ekli i\u015fletmeler, at\u00f6lyeler, oto servisleri ve hobi kullan\u0131m\u0131 i\u00e7in ideal bir se\u00e7enektir. Aksesuarlar hari\u00e7 43 kg a\u011f\u0131rl\u0131\u011f\u0131ndad\u0131r.  \u00dcr\u00fcn a\u00e7\u0131klamas\u0131:   H900xW1200xD700 mm boyutlar\u0131nda.  Aksesuarlar hari\u00e7 43 kg.  DKP ve HRP sac malzeme.  Elektrostatik toz boya \/ RAL7016 (Antrasit gri) ve RAL7011(Gri)(De\u011fi\u015ftirilebilir.)  H675xW1050xD30mm \u00f6l\u00e7\u00fclerinde delikli pano x1  W1200xD670 Tabla \u00f6l\u00e7\u00fcs\u00fc \/ 30 mm HAM MDF\" \/>\n<meta property=\"og:url\" content=\"https:\/\/bodur.com.tr\/el\/product\/bd-36-80-04\/\" \/>\n<meta property=\"og:site_name\" content=\"Bodur End\u00fcstriyel\" \/>\n<meta property=\"article:publisher\" content=\"https:\/\/www.facebook.com\/bodurendustriyel\" \/>\n<meta property=\"article:modified_time\" content=\"2024-03-21T08:17:33+00:00\" \/>\n<meta property=\"og:image\" content=\"https:\/\/bodur.com.tr\/wp-content\/uploads\/BD-36-80-04-ecoline-calisma-tezgahi-1.jpg\" \/>\n\t<meta property=\"og:image:width\" content=\"1280\" \/>\n\t<meta property=\"og:image:height\" content=\"1280\" \/>\n\t<meta property=\"og:image:type\" content=\"image\/jpeg\" \/>\n<meta name=\"twitter:card\" content=\"summary_large_image\" \/>\n<script type=\"application\/ld+json\" class=\"yoast-schema-graph\">{\"@context\":\"https:\\\/\\\/schema.org\",\"@graph\":[{\"@type\":\"WebPage\",\"@id\":\"https:\\\/\\\/bodur.com.tr\\\/urun\\\/bd-36-80-04\",\"url\":\"https:\\\/\\\/bodur.com.tr\\\/urun\\\/bd-36-80-04\",\"name\":\"BD.36.80.04\",\"isPartOf\":{\"@id\":\"https:\\\/\\\/bodur.com.tr\\\/#website\"},\"primaryImageOfPage\":{\"@id\":\"https:\\\/\\\/bodur.com.tr\\\/urun\\\/bd-36-80-04#primaryimage\"},\"image\":{\"@id\":\"https:\\\/\\\/bodur.com.tr\\\/urun\\\/bd-36-80-04#primaryimage\"},\"thumbnailUrl\":\"https:\\\/\\\/bodur.com.tr\\\/wp-content\\\/uploads\\\/BD-36-80-04-ecoline-calisma-tezgahi-1.jpg\",\"datePublished\":\"2024-03-20T16:12:33+00:00\",\"dateModified\":\"2024-03-21T08:17:33+00:00\",\"breadcrumb\":{\"@id\":\"https:\\\/\\\/bodur.com.tr\\\/urun\\\/bd-36-80-04#breadcrumb\"},\"inLanguage\":\"el\",\"potentialAction\":[{\"@type\":\"ReadAction\",\"target\":[\"https:\\\/\\\/bodur.com.tr\\\/urun\\\/bd-36-80-04\"]}]},{\"@type\":\"ImageObject\",\"inLanguage\":\"el\",\"@id\":\"https:\\\/\\\/bodur.com.tr\\\/urun\\\/bd-36-80-04#primaryimage\",\"url\":\"https:\\\/\\\/bodur.com.tr\\\/wp-content\\\/uploads\\\/BD-36-80-04-ecoline-calisma-tezgahi-1.jpg\",\"contentUrl\":\"https:\\\/\\\/bodur.com.tr\\\/wp-content\\\/uploads\\\/BD-36-80-04-ecoline-calisma-tezgahi-1.jpg\",\"width\":1280,\"height\":1280,\"caption\":\"BD.36.80.04 Ecoline \u00e7al\u0131\u015fma tezgah\u0131\"},{\"@type\":\"BreadcrumbList\",\"@id\":\"https:\\\/\\\/bodur.com.tr\\\/urun\\\/bd-36-80-04#breadcrumb\",\"itemListElement\":[{\"@type\":\"ListItem\",\"position\":1,\"name\":\"Anasayfa\",\"item\":\"https:\\\/\\\/bodur.com.tr\\\/\"},{\"@type\":\"ListItem\",\"position\":2,\"name\":\"\u00dcr\u00fcnler\",\"item\":\"https:\\\/\\\/bodur.com.tr\\\/magaza\"},{\"@type\":\"ListItem\",\"position\":3,\"name\":\"BD.36.80.04\"}]},{\"@type\":\"WebSite\",\"@id\":\"https:\\\/\\\/bodur.com.tr\\\/#website\",\"url\":\"https:\\\/\\\/bodur.com.tr\\\/\",\"name\":\"Bodur End\u00fcstriyel\",\"description\":\"\",\"publisher\":{\"@id\":\"https:\\\/\\\/bodur.com.tr\\\/#organization\"},\"potentialAction\":[{\"@type\":\"SearchAction\",\"target\":{\"@type\":\"EntryPoint\",\"urlTemplate\":\"https:\\\/\\\/bodur.com.tr\\\/?s={search_term_string}\"},\"query-input\":{\"@type\":\"PropertyValueSpecification\",\"valueRequired\":true,\"valueName\":\"search_term_string\"}}],\"inLanguage\":\"el\"},{\"@type\":\"Organization\",\"@id\":\"https:\\\/\\\/bodur.com.tr\\\/#organization\",\"name\":\"Bodur End\u00fcstriyel\",\"url\":\"https:\\\/\\\/bodur.com.tr\\\/\",\"logo\":{\"@type\":\"ImageObject\",\"inLanguage\":\"el\",\"@id\":\"https:\\\/\\\/bodur.com.tr\\\/#\\\/schema\\\/logo\\\/image\\\/\",\"url\":\"https:\\\/\\\/bodur.com.tr\\\/wp-content\\\/uploads\\\/51834268_258721005017375_5556593430731161600_n.jpg\",\"contentUrl\":\"https:\\\/\\\/bodur.com.tr\\\/wp-content\\\/uploads\\\/51834268_258721005017375_5556593430731161600_n.jpg\",\"width\":320,\"height\":320,\"caption\":\"Bodur End\u00fcstriyel\"},\"image\":{\"@id\":\"https:\\\/\\\/bodur.com.tr\\\/#\\\/schema\\\/logo\\\/image\\\/\"},\"sameAs\":[\"https:\\\/\\\/www.facebook.com\\\/bodurendustriyel\",\"https:\\\/\\\/www.instagram.com\\\/bodurendustriyel\\\/\",\"https:\\\/\\\/www.youtube.com\\\/user\\\/harunbodur\"]}]}<\/script>\n<!-- \/ Yoast SEO plugin. -->","yoast_head_json":{"title":"BD.36.80.04","robots":{"index":"index","follow":"follow","max-snippet":"max-snippet:-1","max-image-preview":"max-image-preview:large","max-video-preview":"max-video-preview:-1"},"canonical":"https:\/\/bodur.com.tr\/el\/product\/bd-36-80-04\/","og_locale":"el_GR","og_type":"article","og_title":"BD.36.80.04","og_description":"BD.36.80.04 Ecoline \u00c7al\u0131\u015fma Tezgah\u0131, k\u00fc\u00e7\u00fck ve orta \u00f6l\u00e7ekli i\u015fletmeler, at\u00f6lyeler, oto servisleri ve hobi kullan\u0131m\u0131 i\u00e7in ideal bir se\u00e7enektir. Aksesuarlar hari\u00e7 43 kg a\u011f\u0131rl\u0131\u011f\u0131ndad\u0131r.  \u00dcr\u00fcn a\u00e7\u0131klamas\u0131:   H900xW1200xD700 mm boyutlar\u0131nda.  Aksesuarlar hari\u00e7 43 kg.  DKP ve HRP sac malzeme.  Elektrostatik toz boya \/ RAL7016 (Antrasit gri) ve RAL7011(Gri)(De\u011fi\u015ftirilebilir.)  H675xW1050xD30mm \u00f6l\u00e7\u00fclerinde delikli pano x1  W1200xD670 Tabla \u00f6l\u00e7\u00fcs\u00fc \/ 30 mm HAM MDF","og_url":"https:\/\/bodur.com.tr\/el\/product\/bd-36-80-04\/","og_site_name":"Bodur End\u00fcstriyel","article_publisher":"https:\/\/www.facebook.com\/bodurendustriyel","article_modified_time":"2024-03-21T08:17:33+00:00","og_image":[{"width":1280,"height":1280,"url":"https:\/\/bodur.com.tr\/wp-content\/uploads\/BD-36-80-04-ecoline-calisma-tezgahi-1.jpg","type":"image\/jpeg"}],"twitter_card":"summary_large_image","schema":{"@context":"https:\/\/schema.org","@graph":[{"@type":"WebPage","@id":"https:\/\/bodur.com.tr\/urun\/bd-36-80-04","url":"https:\/\/bodur.com.tr\/urun\/bd-36-80-04","name":"BD.36.80.04","isPartOf":{"@id":"https:\/\/bodur.com.tr\/#website"},"primaryImageOfPage":{"@id":"https:\/\/bodur.com.tr\/urun\/bd-36-80-04#primaryimage"},"image":{"@id":"https:\/\/bodur.com.tr\/urun\/bd-36-80-04#primaryimage"},"thumbnailUrl":"https:\/\/bodur.com.tr\/wp-content\/uploads\/BD-36-80-04-ecoline-calisma-tezgahi-1.jpg","datePublished":"2024-03-20T16:12:33+00:00","dateModified":"2024-03-21T08:17:33+00:00","breadcrumb":{"@id":"https:\/\/bodur.com.tr\/urun\/bd-36-80-04#breadcrumb"},"inLanguage":"el","potentialAction":[{"@type":"ReadAction","target":["https:\/\/bodur.com.tr\/urun\/bd-36-80-04"]}]},{"@type":"ImageObject","inLanguage":"el","@id":"https:\/\/bodur.com.tr\/urun\/bd-36-80-04#primaryimage","url":"https:\/\/bodur.com.tr\/wp-content\/uploads\/BD-36-80-04-ecoline-calisma-tezgahi-1.jpg","contentUrl":"https:\/\/bodur.com.tr\/wp-content\/uploads\/BD-36-80-04-ecoline-calisma-tezgahi-1.jpg","width":1280,"height":1280,"caption":"BD.36.80.04 Ecoline \u00e7al\u0131\u015fma tezgah\u0131"},{"@type":"BreadcrumbList","@id":"https:\/\/bodur.com.tr\/urun\/bd-36-80-04#breadcrumb","itemListElement":[{"@type":"ListItem","position":1,"name":"Anasayfa","item":"https:\/\/bodur.com.tr\/"},{"@type":"ListItem","position":2,"name":"\u00dcr\u00fcnler","item":"https:\/\/bodur.com.tr\/magaza"},{"@type":"ListItem","position":3,"name":"BD.36.80.04"}]},{"@type":"WebSite","@id":"https:\/\/bodur.com.tr\/#website","url":"https:\/\/bodur.com.tr\/","name":"\u0392\u03b9\u03bf\u03bc\u03b7\u03c7\u03b1\u03bd\u03b9\u03ba\u03ae \u039c\u03c0\u03bf\u03bd\u03c4\u03bf\u03cd\u03c1","description":"","publisher":{"@id":"https:\/\/bodur.com.tr\/#organization"},"potentialAction":[{"@type":"SearchAction","target":{"@type":"EntryPoint","urlTemplate":"https:\/\/bodur.com.tr\/?s={search_term_string}"},"query-input":{"@type":"PropertyValueSpecification","valueRequired":true,"valueName":"search_term_string"}}],"inLanguage":"el"},{"@type":"Organization","@id":"https:\/\/bodur.com.tr\/#organization","name":"\u0392\u03b9\u03bf\u03bc\u03b7\u03c7\u03b1\u03bd\u03b9\u03ba\u03ae \u039c\u03c0\u03bf\u03bd\u03c4\u03bf\u03cd\u03c1","url":"https:\/\/bodur.com.tr\/","logo":{"@type":"ImageObject","inLanguage":"el","@id":"https:\/\/bodur.com.tr\/#\/schema\/logo\/image\/","url":"https:\/\/bodur.com.tr\/wp-content\/uploads\/51834268_258721005017375_5556593430731161600_n.jpg","contentUrl":"https:\/\/bodur.com.tr\/wp-content\/uploads\/51834268_258721005017375_5556593430731161600_n.jpg","width":320,"height":320,"caption":"Bodur End\u00fcstriyel"},"image":{"@id":"https:\/\/bodur.com.tr\/#\/schema\/logo\/image\/"},"sameAs":["https:\/\/www.facebook.com\/bodurendustriyel","https:\/\/www.instagram.com\/bodurendustriyel\/","https:\/\/www.youtube.com\/user\/harunbodur"]}]}},"_links":{"self":[{"href":"https:\/\/bodur.com.tr\/el\/wp-json\/wp\/v2\/product\/16714","targetHints":{"allow":["GET"]}}],"collection":[{"href":"https:\/\/bodur.com.tr\/el\/wp-json\/wp\/v2\/product"}],"about":[{"href":"https:\/\/bodur.com.tr\/el\/wp-json\/wp\/v2\/types\/product"}],"wp:featuredmedia":[{"embeddable":true,"href":"https:\/\/bodur.com.tr\/el\/wp-json\/wp\/v2\/media\/16716"}],"wp:attachment":[{"href":"https:\/\/bodur.com.tr\/el\/wp-json\/wp\/v2\/media?parent=16714"}],"wp:term":[{"taxonomy":"product_brand","embeddable":true,"href":"https:\/\/bodur.com.tr\/el\/wp-json\/wp\/v2\/product_brand?post=16714"},{"taxonomy":"product_cat","embeddable":true,"href":"https:\/\/bodur.com.tr\/el\/wp-json\/wp\/v2\/product_cat?post=16714"},{"taxonomy":"product_tag","embeddable":true,"href":"https:\/\/bodur.com.tr\/el\/wp-json\/wp\/v2\/product_tag?post=16714"}],"curies":[{"name":"wp","href":"https:\/\/api.w.org\/{rel}","templated":true}]}}