{"id":1436,"date":"2019-05-24T00:00:00","date_gmt":"2019-05-23T21:00:00","guid":{"rendered":"https:\/\/bodur.com.tr\/urun\/calisma-tezgahi-bd-36-15-73"},"modified":"2026-03-22T14:51:08","modified_gmt":"2026-03-22T11:51:08","slug":"calisma-tezgahi-bd-36-15-73","status":"publish","type":"product","link":"https:\/\/bodur.com.tr\/el\/urun\/calisma-tezgahi-bd-36-15-73","title":{"rendered":"BD.36.15.73"},"content":{"rendered":"","protected":false},"excerpt":{"rendered":"<p><span style=\"color: #275da4; font-size: 20px; letter-spacing: -0.3px; font-weight: 500; line-height: 26px;\"> End\u00fcstriyel ortamlarda g\u00fcvenilir ve dayan\u0131kl\u0131 bir \u00e7\u00f6z\u00fcm olarak geli\u015ftirilen 36.15.73, kurumsal ihtiya\u00e7lar\u0131 etkin \u00f6zelliklere sahip fonksiyonel bir tasar\u0131mda birle\u015ftiriyor. <\/span><\/p>\n<hr \/>\n<ul>\n<li>H2050xW1700xD730 mm boyutlar\u0131nda.<\/li>\n<li>Aksesuarlar hari\u00e7 155 kg.<\/li>\n<li>\u03a5\u03bb\u03b9\u03ba\u03ac \u03bb\u03b1\u03bc\u03b1\u03c1\u03af\u03bd\u03b1\u03c2 DKP \u03ba\u03b1\u03b9 HRP.<\/li>\n<li>\u0397\u03bb\u03b5\u03ba\u03c4\u03c1\u03bf\u03c3\u03c4\u03b1\u03c4\u03b9\u03ba\u03ae \u03b5\u03c0\u03af\u03c3\u03c4\u03c1\u03c9\u03c3\u03b7 \u03c3\u03ba\u03cc\u03bd\u03b7\u03c2.<\/li>\n<li>RAL7016 (\u03a3\u03ba\u03bf\u03cd\u03c1\u03bf \u03b3\u03ba\u03c1\u03b9) \u03ba\u03b1\u03b9 RAL1028 (\u039a\u03af\u03c4\u03c1\u03b9\u03bd\u03bf) (\u0395\u03bd\u03b1\u03bb\u03bb\u03ac\u03be\u03b9\u03bc\u03b1)<\/li>\n<li>H950xW1625 mm delikli pano \u00f6l\u00e7\u00fcs\u00fc.<\/li>\n<li>W1625xD240 mm pano raf\u0131<\/li>\n<li>W1700xD690 Tabla \u00f6l\u00e7\u00fcs\u00fc<\/li>\n<li>\u03a3\u03c4\u03ac\u03bd\u03c4\u03b1\u03c1 \u03b5\u03c0\u03b9\u03c6\u03ac\u03bd\u03b5\u03b9\u03b1 \u03c4\u03c1\u03b1\u03c0\u03b5\u03b6\u03b9\u03bf\u03cd \u03b1\u03c0\u03cc MDF 30 mm + \u03b5\u03c0\u03b9\u03ba\u03b1\u03bb\u03c5\u03bc\u03bc\u03ad\u03bd\u03b7 \u03bc\u03b5 PVC 2,5 mm. (\u039c\u03b5\u03c4\u03b1\u03b2\u03bb\u03b7\u03c4\u03ae)<\/li>\n<li>2 \u03c0\u03c1\u03af\u03b6\u03b5\u03c2 220V \u03bc\u03b5 \u03b3\u03b5\u03af\u03c9\u03c3\u03b7 \u03ba\u03b1\u03b9 \u03ba\u03b1\u03bb\u03cd\u03bc\u03bc\u03b1\u03c4\u03b1. (\u039a\u03bb\u03ac\u03c3\u03b7 \u03c0\u03c1\u03bf\u03c3\u03c4\u03b1\u03c3\u03af\u03b1\u03c2 IP44)<\/li>\n<li>\u03a6\u03c9\u03c4\u03b9\u03c3\u03bc\u03cc\u03c2 LED (1x14W \u03a6\u03c9\u03c4\u03b9\u03c3\u03c4\u03b9\u03ba\u03cc \u03bc\u03b5 \u03a4\u03b1\u03b9\u03bd\u03af\u03b1 LED \u03bc\u03b5 \u0394\u03b9\u03b1\u03ba\u03cc\u03c0\u03c4\u03b7)<\/li>\n<\/ul>","protected":false},"featured_media":40936,"template":"","meta":[],"product_brand":[],"product_cat":[166],"product_tag":[],"class_list":{"0":"post-1436","1":"product","2":"type-product","3":"status-publish","4":"has-post-thumbnail","6":"product_cat-proline-calisma-tezgahlari","8":"first","9":"instock","10":"shipping-taxable","11":"product-type-simple"},"yoast_head":"<!-- This site is optimized with the Yoast SEO plugin v27.4 - https:\/\/yoast.com\/product\/yoast-seo-wordpress\/ -->\n<title>BD.36.15.73<\/title>\n<meta name=\"robots\" content=\"index, follow, max-snippet:-1, max-image-preview:large, max-video-preview:-1\" \/>\n<link rel=\"canonical\" href=\"https:\/\/bodur.com.tr\/el\/product\/calisma-tezgahi-bd-36-15-73\/\" \/>\n<meta property=\"og:locale\" content=\"el_GR\" \/>\n<meta property=\"og:type\" content=\"article\" \/>\n<meta property=\"og:title\" content=\"BD.36.15.73\" \/>\n<meta property=\"og:description\" content=\"End\u00fcstriyel ortamlarda g\u00fcvenilir ve dayan\u0131kl\u0131 bir \u00e7\u00f6z\u00fcm olarak geli\u015ftirilen 36.15.73, kurumsal ihtiya\u00e7lar\u0131 etkin \u00f6zelliklere sahip fonksiyonel bir tasar\u0131mda birle\u015ftiriyor.       H2050xW1700xD730 mm boyutlar\u0131nda.  Aksesuarlar hari\u00e7 155 kg.  DKP ve HRP sac malzeme.  Elektrostatik toz boya.  RAL7016 (Koyu Gri) ve RAL1028 (Sar\u0131)\u00a0 (De\u011fi\u015ftirilebilir)  H950xW1625 mm delikli pano \u00f6l\u00e7\u00fcs\u00fc.  W1625xD240 mm pano raf\u0131  W1700xD690 Tabla \u00f6l\u00e7\u00fcs\u00fc  Standart 30 mm MDF + 2,5 mm PVC Kaplama tabla.(De\u011fi\u015ftirilebilir)  2 adet kapakl\u0131 220 V toprakl\u0131 priz. (IP44 Koruma S\u0131n\u0131f\u0131)  LED Ayd\u0131nlatma (1x14W Anahtarl\u0131 Led Band Armat\u00fcr)\" \/>\n<meta property=\"og:url\" content=\"https:\/\/bodur.com.tr\/el\/product\/calisma-tezgahi-bd-36-15-73\/\" \/>\n<meta property=\"og:site_name\" content=\"Bodur End\u00fcstriyel\" \/>\n<meta property=\"article:publisher\" content=\"https:\/\/www.facebook.com\/bodurendustriyel\" \/>\n<meta property=\"article:modified_time\" content=\"2026-03-22T11:51:08+00:00\" \/>\n<meta property=\"og:image\" content=\"https:\/\/bodur.com.tr\/wp-content\/uploads\/BT361573_Calisma_Masasi_H2080xW1700xD730_01.jpg\" \/>\n\t<meta property=\"og:image:width\" content=\"2480\" \/>\n\t<meta property=\"og:image:height\" content=\"2480\" \/>\n\t<meta property=\"og:image:type\" content=\"image\/jpeg\" \/>\n<meta name=\"twitter:card\" content=\"summary_large_image\" \/>\n<script type=\"application\/ld+json\" class=\"yoast-schema-graph\">{\"@context\":\"https:\\\/\\\/schema.org\",\"@graph\":[{\"@type\":\"WebPage\",\"@id\":\"https:\\\/\\\/bodur.com.tr\\\/urun\\\/calisma-tezgahi-bd-36-15-73\",\"url\":\"https:\\\/\\\/bodur.com.tr\\\/urun\\\/calisma-tezgahi-bd-36-15-73\",\"name\":\"BD.36.15.73\",\"isPartOf\":{\"@id\":\"https:\\\/\\\/bodur.com.tr\\\/#website\"},\"primaryImageOfPage\":{\"@id\":\"https:\\\/\\\/bodur.com.tr\\\/urun\\\/calisma-tezgahi-bd-36-15-73#primaryimage\"},\"image\":{\"@id\":\"https:\\\/\\\/bodur.com.tr\\\/urun\\\/calisma-tezgahi-bd-36-15-73#primaryimage\"},\"thumbnailUrl\":\"https:\\\/\\\/bodur.com.tr\\\/wp-content\\\/uploads\\\/BT361573_Calisma_Masasi_H2080xW1700xD730_01.jpg\",\"datePublished\":\"2019-05-23T21:00:00+00:00\",\"dateModified\":\"2026-03-22T11:51:08+00:00\",\"breadcrumb\":{\"@id\":\"https:\\\/\\\/bodur.com.tr\\\/urun\\\/calisma-tezgahi-bd-36-15-73#breadcrumb\"},\"inLanguage\":\"el\",\"potentialAction\":[{\"@type\":\"ReadAction\",\"target\":[\"https:\\\/\\\/bodur.com.tr\\\/urun\\\/calisma-tezgahi-bd-36-15-73\"]}]},{\"@type\":\"ImageObject\",\"inLanguage\":\"el\",\"@id\":\"https:\\\/\\\/bodur.com.tr\\\/urun\\\/calisma-tezgahi-bd-36-15-73#primaryimage\",\"url\":\"https:\\\/\\\/bodur.com.tr\\\/wp-content\\\/uploads\\\/BT361573_Calisma_Masasi_H2080xW1700xD730_01.jpg\",\"contentUrl\":\"https:\\\/\\\/bodur.com.tr\\\/wp-content\\\/uploads\\\/BT361573_Calisma_Masasi_H2080xW1700xD730_01.jpg\",\"width\":2480,\"height\":2480,\"caption\":\"BD.36.15.73 \u00e7al\u0131\u015fma tezgah\u0131\"},{\"@type\":\"BreadcrumbList\",\"@id\":\"https:\\\/\\\/bodur.com.tr\\\/urun\\\/calisma-tezgahi-bd-36-15-73#breadcrumb\",\"itemListElement\":[{\"@type\":\"ListItem\",\"position\":1,\"name\":\"Anasayfa\",\"item\":\"https:\\\/\\\/bodur.com.tr\\\/\"},{\"@type\":\"ListItem\",\"position\":2,\"name\":\"\u00dcr\u00fcnler\",\"item\":\"https:\\\/\\\/bodur.com.tr\\\/magaza\"},{\"@type\":\"ListItem\",\"position\":3,\"name\":\"BD.36.15.73\"}]},{\"@type\":\"WebSite\",\"@id\":\"https:\\\/\\\/bodur.com.tr\\\/#website\",\"url\":\"https:\\\/\\\/bodur.com.tr\\\/\",\"name\":\"Bodur End\u00fcstriyel\",\"description\":\"\",\"publisher\":{\"@id\":\"https:\\\/\\\/bodur.com.tr\\\/#organization\"},\"potentialAction\":[{\"@type\":\"SearchAction\",\"target\":{\"@type\":\"EntryPoint\",\"urlTemplate\":\"https:\\\/\\\/bodur.com.tr\\\/?s={search_term_string}\"},\"query-input\":{\"@type\":\"PropertyValueSpecification\",\"valueRequired\":true,\"valueName\":\"search_term_string\"}}],\"inLanguage\":\"el\"},{\"@type\":\"Organization\",\"@id\":\"https:\\\/\\\/bodur.com.tr\\\/#organization\",\"name\":\"Bodur End\u00fcstriyel\",\"url\":\"https:\\\/\\\/bodur.com.tr\\\/\",\"logo\":{\"@type\":\"ImageObject\",\"inLanguage\":\"el\",\"@id\":\"https:\\\/\\\/bodur.com.tr\\\/#\\\/schema\\\/logo\\\/image\\\/\",\"url\":\"https:\\\/\\\/bodur.com.tr\\\/wp-content\\\/uploads\\\/51834268_258721005017375_5556593430731161600_n.jpg\",\"contentUrl\":\"https:\\\/\\\/bodur.com.tr\\\/wp-content\\\/uploads\\\/51834268_258721005017375_5556593430731161600_n.jpg\",\"width\":320,\"height\":320,\"caption\":\"Bodur End\u00fcstriyel\"},\"image\":{\"@id\":\"https:\\\/\\\/bodur.com.tr\\\/#\\\/schema\\\/logo\\\/image\\\/\"},\"sameAs\":[\"https:\\\/\\\/www.facebook.com\\\/bodurendustriyel\",\"https:\\\/\\\/www.instagram.com\\\/bodurendustriyel\\\/\",\"https:\\\/\\\/www.youtube.com\\\/user\\\/harunbodur\"]}]}<\/script>\n<!-- \/ Yoast SEO plugin. -->","yoast_head_json":{"title":"BD.36.15.73","robots":{"index":"index","follow":"follow","max-snippet":"max-snippet:-1","max-image-preview":"max-image-preview:large","max-video-preview":"max-video-preview:-1"},"canonical":"https:\/\/bodur.com.tr\/el\/product\/calisma-tezgahi-bd-36-15-73\/","og_locale":"el_GR","og_type":"article","og_title":"BD.36.15.73","og_description":"End\u00fcstriyel ortamlarda g\u00fcvenilir ve dayan\u0131kl\u0131 bir \u00e7\u00f6z\u00fcm olarak geli\u015ftirilen 36.15.73, kurumsal ihtiya\u00e7lar\u0131 etkin \u00f6zelliklere sahip fonksiyonel bir tasar\u0131mda birle\u015ftiriyor.       H2050xW1700xD730 mm boyutlar\u0131nda.  Aksesuarlar hari\u00e7 155 kg.  DKP ve HRP sac malzeme.  Elektrostatik toz boya.  RAL7016 (Koyu Gri) ve RAL1028 (Sar\u0131)\u00a0 (De\u011fi\u015ftirilebilir)  H950xW1625 mm delikli pano \u00f6l\u00e7\u00fcs\u00fc.  W1625xD240 mm pano raf\u0131  W1700xD690 Tabla \u00f6l\u00e7\u00fcs\u00fc  Standart 30 mm MDF + 2,5 mm PVC Kaplama tabla.(De\u011fi\u015ftirilebilir)  2 adet kapakl\u0131 220 V toprakl\u0131 priz. (IP44 Koruma S\u0131n\u0131f\u0131)  LED Ayd\u0131nlatma (1x14W Anahtarl\u0131 Led Band Armat\u00fcr)","og_url":"https:\/\/bodur.com.tr\/el\/product\/calisma-tezgahi-bd-36-15-73\/","og_site_name":"Bodur End\u00fcstriyel","article_publisher":"https:\/\/www.facebook.com\/bodurendustriyel","article_modified_time":"2026-03-22T11:51:08+00:00","og_image":[{"width":2480,"height":2480,"url":"https:\/\/bodur.com.tr\/wp-content\/uploads\/BT361573_Calisma_Masasi_H2080xW1700xD730_01.jpg","type":"image\/jpeg"}],"twitter_card":"summary_large_image","schema":{"@context":"https:\/\/schema.org","@graph":[{"@type":"WebPage","@id":"https:\/\/bodur.com.tr\/urun\/calisma-tezgahi-bd-36-15-73","url":"https:\/\/bodur.com.tr\/urun\/calisma-tezgahi-bd-36-15-73","name":"BD.36.15.73","isPartOf":{"@id":"https:\/\/bodur.com.tr\/#website"},"primaryImageOfPage":{"@id":"https:\/\/bodur.com.tr\/urun\/calisma-tezgahi-bd-36-15-73#primaryimage"},"image":{"@id":"https:\/\/bodur.com.tr\/urun\/calisma-tezgahi-bd-36-15-73#primaryimage"},"thumbnailUrl":"https:\/\/bodur.com.tr\/wp-content\/uploads\/BT361573_Calisma_Masasi_H2080xW1700xD730_01.jpg","datePublished":"2019-05-23T21:00:00+00:00","dateModified":"2026-03-22T11:51:08+00:00","breadcrumb":{"@id":"https:\/\/bodur.com.tr\/urun\/calisma-tezgahi-bd-36-15-73#breadcrumb"},"inLanguage":"el","potentialAction":[{"@type":"ReadAction","target":["https:\/\/bodur.com.tr\/urun\/calisma-tezgahi-bd-36-15-73"]}]},{"@type":"ImageObject","inLanguage":"el","@id":"https:\/\/bodur.com.tr\/urun\/calisma-tezgahi-bd-36-15-73#primaryimage","url":"https:\/\/bodur.com.tr\/wp-content\/uploads\/BT361573_Calisma_Masasi_H2080xW1700xD730_01.jpg","contentUrl":"https:\/\/bodur.com.tr\/wp-content\/uploads\/BT361573_Calisma_Masasi_H2080xW1700xD730_01.jpg","width":2480,"height":2480,"caption":"BD.36.15.73 \u00e7al\u0131\u015fma tezgah\u0131"},{"@type":"BreadcrumbList","@id":"https:\/\/bodur.com.tr\/urun\/calisma-tezgahi-bd-36-15-73#breadcrumb","itemListElement":[{"@type":"ListItem","position":1,"name":"Anasayfa","item":"https:\/\/bodur.com.tr\/"},{"@type":"ListItem","position":2,"name":"\u00dcr\u00fcnler","item":"https:\/\/bodur.com.tr\/magaza"},{"@type":"ListItem","position":3,"name":"BD.36.15.73"}]},{"@type":"WebSite","@id":"https:\/\/bodur.com.tr\/#website","url":"https:\/\/bodur.com.tr\/","name":"\u0392\u03b9\u03bf\u03bc\u03b7\u03c7\u03b1\u03bd\u03b9\u03ba\u03ae \u039c\u03c0\u03bf\u03bd\u03c4\u03bf\u03cd\u03c1","description":"","publisher":{"@id":"https:\/\/bodur.com.tr\/#organization"},"potentialAction":[{"@type":"SearchAction","target":{"@type":"EntryPoint","urlTemplate":"https:\/\/bodur.com.tr\/?s={search_term_string}"},"query-input":{"@type":"PropertyValueSpecification","valueRequired":true,"valueName":"search_term_string"}}],"inLanguage":"el"},{"@type":"Organization","@id":"https:\/\/bodur.com.tr\/#organization","name":"\u0392\u03b9\u03bf\u03bc\u03b7\u03c7\u03b1\u03bd\u03b9\u03ba\u03ae \u039c\u03c0\u03bf\u03bd\u03c4\u03bf\u03cd\u03c1","url":"https:\/\/bodur.com.tr\/","logo":{"@type":"ImageObject","inLanguage":"el","@id":"https:\/\/bodur.com.tr\/#\/schema\/logo\/image\/","url":"https:\/\/bodur.com.tr\/wp-content\/uploads\/51834268_258721005017375_5556593430731161600_n.jpg","contentUrl":"https:\/\/bodur.com.tr\/wp-content\/uploads\/51834268_258721005017375_5556593430731161600_n.jpg","width":320,"height":320,"caption":"Bodur End\u00fcstriyel"},"image":{"@id":"https:\/\/bodur.com.tr\/#\/schema\/logo\/image\/"},"sameAs":["https:\/\/www.facebook.com\/bodurendustriyel","https:\/\/www.instagram.com\/bodurendustriyel\/","https:\/\/www.youtube.com\/user\/harunbodur"]}]}},"_links":{"self":[{"href":"https:\/\/bodur.com.tr\/el\/wp-json\/wp\/v2\/product\/1436","targetHints":{"allow":["GET"]}}],"collection":[{"href":"https:\/\/bodur.com.tr\/el\/wp-json\/wp\/v2\/product"}],"about":[{"href":"https:\/\/bodur.com.tr\/el\/wp-json\/wp\/v2\/types\/product"}],"wp:featuredmedia":[{"embeddable":true,"href":"https:\/\/bodur.com.tr\/el\/wp-json\/wp\/v2\/media\/40936"}],"wp:attachment":[{"href":"https:\/\/bodur.com.tr\/el\/wp-json\/wp\/v2\/media?parent=1436"}],"wp:term":[{"taxonomy":"product_brand","embeddable":true,"href":"https:\/\/bodur.com.tr\/el\/wp-json\/wp\/v2\/product_brand?post=1436"},{"taxonomy":"product_cat","embeddable":true,"href":"https:\/\/bodur.com.tr\/el\/wp-json\/wp\/v2\/product_cat?post=1436"},{"taxonomy":"product_tag","embeddable":true,"href":"https:\/\/bodur.com.tr\/el\/wp-json\/wp\/v2\/product_tag?post=1436"}],"curies":[{"name":"wp","href":"https:\/\/api.w.org\/{rel}","templated":true}]}}