{"id":1172,"date":"2014-08-30T00:00:00","date_gmt":"2014-08-29T21:00:00","guid":{"rendered":"https:\/\/bodur.com.tr\/urun\/tekli-askili-avadanlik"},"modified":"2022-04-16T20:33:50","modified_gmt":"2022-04-16T17:33:50","slug":"%ce%bc%ce%bf%ce%bd%ce%ae-%ce%ba%cf%81%ce%b5%ce%bc%ce%b1%cf%83%cf%84%ce%ae-%ce%b5%cf%81%ce%b3%ce%b1%ce%bb%ce%b5%ce%b9%ce%bf%ce%b8%ce%ae%ce%ba%ce%b7","status":"publish","type":"product","link":"https:\/\/bodur.com.tr\/el\/urun\/tekli-askili-avadanlik","title":{"rendered":"\u039a\u03c1\u03b5\u03bc\u03b1\u03c3\u03c4\u03ae \u03b2\u03ac\u03c3\u03b7 \u03b5\u03c1\u03b3\u03b1\u03bb\u03b5\u03af\u03c9\u03bd BD.36.16.46"},"content":{"rendered":"","protected":false},"excerpt":{"rendered":"<p><strong>\u03a4\u03b5\u03c7\u03bd\u03b9\u03ba\u03ad\u03c2 \u03c0\u03c1\u03bf\u03b4\u03b9\u03b1\u03b3\u03c1\u03b1\u03c6\u03ad\u03c2 \u03c0\u03c1\u03bf\u03ca\u03cc\u03bd\u03c4\u03bf\u03c2:<\/strong><\/p>\n<ul>\n<li>\u0395\u03be\u03c9\u03c4\u03b5\u03c1\u03b9\u03ba\u03ad\u03c2 \u03b4\u03b9\u03b1\u03c3\u03c4\u03ac\u03c3\u03b5\u03b9\u03c2: \u03a574x\u03a0102x\u0392170 mm<\/li>\n<li>\u0395\u03c3\u03c9\u03c4\u03b5\u03c1\u03b9\u03ba\u03ae \u03b4\u03b9\u03ac\u03c3\u03c4\u03b1\u03c3\u03b7 \u03a570x\u03a090x\u0392150 mm<\/li>\n<li>\u03a3\u03c4\u03b5\u03c1\u03b5\u03ce\u03bd\u03b5\u03c4\u03b1\u03b9 \u03c3\u03c4\u03bf\u03bd \u03c0\u03af\u03bd\u03b1\u03ba\u03b1 \u03bc\u03b5 \u03ad\u03bd\u03b1 \u03c0\u03bb\u03b1\u03c3\u03c4\u03b9\u03ba\u03cc \u03ba\u03bb\u03b9\u03c0.<\/li>\n<li>\u0397 \u03bc\u03ad\u03b3\u03b9\u03c3\u03c4\u03b7 \u03c7\u03c9\u03c1\u03b7\u03c4\u03b9\u03ba\u03cc\u03c4\u03b7\u03c4\u03b1 \u03c6\u03bf\u03c1\u03c4\u03af\u03bf\u03c5 \u03b5\u03af\u03bd\u03b1\u03b9 8,00 kg.<\/li>\n<\/ul>","protected":false},"featured_media":1173,"template":"","meta":[],"product_brand":[],"product_cat":[164],"product_tag":[],"class_list":{"0":"post-1172","1":"product","2":"type-product","3":"status-publish","4":"has-post-thumbnail","6":"product_cat-aksesuarlar-delikli-pano-sistemleri","8":"first","9":"instock","10":"shipping-taxable","11":"product-type-simple"},"yoast_head":"<!-- This site is optimized with the Yoast SEO plugin v27.4 - https:\/\/yoast.com\/product\/yoast-seo-wordpress\/ -->\n<title>Ask\u0131l\u0131 Avadanl\u0131k BD.36.16.46<\/title>\n<meta name=\"robots\" content=\"index, follow, max-snippet:-1, max-image-preview:large, max-video-preview:-1\" \/>\n<link rel=\"canonical\" href=\"https:\/\/bodur.com.tr\/el\/product\/\u03bc\u03bf\u03bd\u03ae-\u03ba\u03c1\u03b5\u03bc\u03b1\u03c3\u03c4\u03ae-\u03b5\u03c1\u03b3\u03b1\u03bb\u03b5\u03b9\u03bf\u03b8\u03ae\u03ba\u03b7\/\" \/>\n<meta property=\"og:locale\" content=\"el_GR\" \/>\n<meta property=\"og:type\" content=\"article\" \/>\n<meta property=\"og:title\" content=\"Ask\u0131l\u0131 Avadanl\u0131k BD.36.16.46\" \/>\n<meta property=\"og:description\" content=\"\u00dcr\u00fcn\u00fcn Teknik \u00d6zellikleri:  H74xW102xD170 mm d\u0131\u015f \u00f6l\u00e7\u00fcs\u00fc H70xW90xD150 mm i\u00e7 \u00f6l\u00e7\u00fcs\u00fc Plastik klips ile panoya sabitlenmektedir. Ta\u015f\u0131ma kapasitesi Max.8,00 kg&#039;d\u0131r\" \/>\n<meta property=\"og:url\" content=\"https:\/\/bodur.com.tr\/el\/product\/\u03bc\u03bf\u03bd\u03ae-\u03ba\u03c1\u03b5\u03bc\u03b1\u03c3\u03c4\u03ae-\u03b5\u03c1\u03b3\u03b1\u03bb\u03b5\u03b9\u03bf\u03b8\u03ae\u03ba\u03b7\/\" \/>\n<meta property=\"og:site_name\" content=\"Bodur End\u00fcstriyel\" \/>\n<meta property=\"article:publisher\" content=\"https:\/\/www.facebook.com\/bodurendustriyel\" \/>\n<meta property=\"article:modified_time\" content=\"2022-04-16T17:33:50+00:00\" \/>\n<meta property=\"og:image\" content=\"https:\/\/bodur.com.tr\/wp-content\/uploads\/BT361646_Avadanlik_askisi_tekli_001.jpg\" \/>\n\t<meta property=\"og:image:width\" content=\"620\" \/>\n\t<meta property=\"og:image:height\" content=\"620\" \/>\n\t<meta property=\"og:image:type\" content=\"image\/jpeg\" \/>\n<meta name=\"twitter:card\" content=\"summary_large_image\" \/>\n<script type=\"application\/ld+json\" class=\"yoast-schema-graph\">{\"@context\":\"https:\\\/\\\/schema.org\",\"@graph\":[{\"@type\":\"WebPage\",\"@id\":\"https:\\\/\\\/bodur.com.tr\\\/urun\\\/tekli-askili-avadanlik\",\"url\":\"https:\\\/\\\/bodur.com.tr\\\/urun\\\/tekli-askili-avadanlik\",\"name\":\"Ask\u0131l\u0131 Avadanl\u0131k BD.36.16.46\",\"isPartOf\":{\"@id\":\"https:\\\/\\\/bodur.com.tr\\\/#website\"},\"primaryImageOfPage\":{\"@id\":\"https:\\\/\\\/bodur.com.tr\\\/urun\\\/tekli-askili-avadanlik#primaryimage\"},\"image\":{\"@id\":\"https:\\\/\\\/bodur.com.tr\\\/urun\\\/tekli-askili-avadanlik#primaryimage\"},\"thumbnailUrl\":\"https:\\\/\\\/bodur.com.tr\\\/wp-content\\\/uploads\\\/BT361646_Avadanlik_askisi_tekli_001.jpg\",\"datePublished\":\"2014-08-29T21:00:00+00:00\",\"dateModified\":\"2022-04-16T17:33:50+00:00\",\"breadcrumb\":{\"@id\":\"https:\\\/\\\/bodur.com.tr\\\/urun\\\/tekli-askili-avadanlik#breadcrumb\"},\"inLanguage\":\"el\",\"potentialAction\":[{\"@type\":\"ReadAction\",\"target\":[\"https:\\\/\\\/bodur.com.tr\\\/urun\\\/tekli-askili-avadanlik\"]}]},{\"@type\":\"ImageObject\",\"inLanguage\":\"el\",\"@id\":\"https:\\\/\\\/bodur.com.tr\\\/urun\\\/tekli-askili-avadanlik#primaryimage\",\"url\":\"https:\\\/\\\/bodur.com.tr\\\/wp-content\\\/uploads\\\/BT361646_Avadanlik_askisi_tekli_001.jpg\",\"contentUrl\":\"https:\\\/\\\/bodur.com.tr\\\/wp-content\\\/uploads\\\/BT361646_Avadanlik_askisi_tekli_001.jpg\",\"width\":620,\"height\":620},{\"@type\":\"BreadcrumbList\",\"@id\":\"https:\\\/\\\/bodur.com.tr\\\/urun\\\/tekli-askili-avadanlik#breadcrumb\",\"itemListElement\":[{\"@type\":\"ListItem\",\"position\":1,\"name\":\"Anasayfa\",\"item\":\"https:\\\/\\\/bodur.com.tr\\\/\"},{\"@type\":\"ListItem\",\"position\":2,\"name\":\"\u00dcr\u00fcnler\",\"item\":\"https:\\\/\\\/bodur.com.tr\\\/magaza\"},{\"@type\":\"ListItem\",\"position\":3,\"name\":\"Ask\u0131l\u0131 Avadanl\u0131k BD.36.16.46\"}]},{\"@type\":\"WebSite\",\"@id\":\"https:\\\/\\\/bodur.com.tr\\\/#website\",\"url\":\"https:\\\/\\\/bodur.com.tr\\\/\",\"name\":\"Bodur End\u00fcstriyel\",\"description\":\"\",\"publisher\":{\"@id\":\"https:\\\/\\\/bodur.com.tr\\\/#organization\"},\"potentialAction\":[{\"@type\":\"SearchAction\",\"target\":{\"@type\":\"EntryPoint\",\"urlTemplate\":\"https:\\\/\\\/bodur.com.tr\\\/?s={search_term_string}\"},\"query-input\":{\"@type\":\"PropertyValueSpecification\",\"valueRequired\":true,\"valueName\":\"search_term_string\"}}],\"inLanguage\":\"el\"},{\"@type\":\"Organization\",\"@id\":\"https:\\\/\\\/bodur.com.tr\\\/#organization\",\"name\":\"Bodur End\u00fcstriyel\",\"url\":\"https:\\\/\\\/bodur.com.tr\\\/\",\"logo\":{\"@type\":\"ImageObject\",\"inLanguage\":\"el\",\"@id\":\"https:\\\/\\\/bodur.com.tr\\\/#\\\/schema\\\/logo\\\/image\\\/\",\"url\":\"https:\\\/\\\/bodur.com.tr\\\/wp-content\\\/uploads\\\/51834268_258721005017375_5556593430731161600_n.jpg\",\"contentUrl\":\"https:\\\/\\\/bodur.com.tr\\\/wp-content\\\/uploads\\\/51834268_258721005017375_5556593430731161600_n.jpg\",\"width\":320,\"height\":320,\"caption\":\"Bodur End\u00fcstriyel\"},\"image\":{\"@id\":\"https:\\\/\\\/bodur.com.tr\\\/#\\\/schema\\\/logo\\\/image\\\/\"},\"sameAs\":[\"https:\\\/\\\/www.facebook.com\\\/bodurendustriyel\",\"https:\\\/\\\/www.instagram.com\\\/bodurendustriyel\\\/\",\"https:\\\/\\\/www.youtube.com\\\/user\\\/harunbodur\"]}]}<\/script>\n<!-- \/ Yoast SEO plugin. -->","yoast_head_json":{"title":"\u039a\u03c1\u03b5\u03bc\u03b1\u03c3\u03c4\u03ae \u03b2\u03ac\u03c3\u03b7 \u03b5\u03c1\u03b3\u03b1\u03bb\u03b5\u03af\u03c9\u03bd BD.36.16.46","robots":{"index":"index","follow":"follow","max-snippet":"max-snippet:-1","max-image-preview":"max-image-preview:large","max-video-preview":"max-video-preview:-1"},"canonical":"https:\/\/bodur.com.tr\/el\/product\/\u03bc\u03bf\u03bd\u03ae-\u03ba\u03c1\u03b5\u03bc\u03b1\u03c3\u03c4\u03ae-\u03b5\u03c1\u03b3\u03b1\u03bb\u03b5\u03b9\u03bf\u03b8\u03ae\u03ba\u03b7\/","og_locale":"el_GR","og_type":"article","og_title":"Ask\u0131l\u0131 Avadanl\u0131k BD.36.16.46","og_description":"\u00dcr\u00fcn\u00fcn Teknik \u00d6zellikleri:  H74xW102xD170 mm d\u0131\u015f \u00f6l\u00e7\u00fcs\u00fc H70xW90xD150 mm i\u00e7 \u00f6l\u00e7\u00fcs\u00fc Plastik klips ile panoya sabitlenmektedir. Ta\u015f\u0131ma kapasitesi Max.8,00 kg'd\u0131r","og_url":"https:\/\/bodur.com.tr\/el\/product\/\u03bc\u03bf\u03bd\u03ae-\u03ba\u03c1\u03b5\u03bc\u03b1\u03c3\u03c4\u03ae-\u03b5\u03c1\u03b3\u03b1\u03bb\u03b5\u03b9\u03bf\u03b8\u03ae\u03ba\u03b7\/","og_site_name":"Bodur End\u00fcstriyel","article_publisher":"https:\/\/www.facebook.com\/bodurendustriyel","article_modified_time":"2022-04-16T17:33:50+00:00","og_image":[{"width":620,"height":620,"url":"https:\/\/bodur.com.tr\/wp-content\/uploads\/BT361646_Avadanlik_askisi_tekli_001.jpg","type":"image\/jpeg"}],"twitter_card":"summary_large_image","schema":{"@context":"https:\/\/schema.org","@graph":[{"@type":"WebPage","@id":"https:\/\/bodur.com.tr\/urun\/tekli-askili-avadanlik","url":"https:\/\/bodur.com.tr\/urun\/tekli-askili-avadanlik","name":"\u039a\u03c1\u03b5\u03bc\u03b1\u03c3\u03c4\u03ae \u03b2\u03ac\u03c3\u03b7 \u03b5\u03c1\u03b3\u03b1\u03bb\u03b5\u03af\u03c9\u03bd BD.36.16.46","isPartOf":{"@id":"https:\/\/bodur.com.tr\/#website"},"primaryImageOfPage":{"@id":"https:\/\/bodur.com.tr\/urun\/tekli-askili-avadanlik#primaryimage"},"image":{"@id":"https:\/\/bodur.com.tr\/urun\/tekli-askili-avadanlik#primaryimage"},"thumbnailUrl":"https:\/\/bodur.com.tr\/wp-content\/uploads\/BT361646_Avadanlik_askisi_tekli_001.jpg","datePublished":"2014-08-29T21:00:00+00:00","dateModified":"2022-04-16T17:33:50+00:00","breadcrumb":{"@id":"https:\/\/bodur.com.tr\/urun\/tekli-askili-avadanlik#breadcrumb"},"inLanguage":"el","potentialAction":[{"@type":"ReadAction","target":["https:\/\/bodur.com.tr\/urun\/tekli-askili-avadanlik"]}]},{"@type":"ImageObject","inLanguage":"el","@id":"https:\/\/bodur.com.tr\/urun\/tekli-askili-avadanlik#primaryimage","url":"https:\/\/bodur.com.tr\/wp-content\/uploads\/BT361646_Avadanlik_askisi_tekli_001.jpg","contentUrl":"https:\/\/bodur.com.tr\/wp-content\/uploads\/BT361646_Avadanlik_askisi_tekli_001.jpg","width":620,"height":620},{"@type":"BreadcrumbList","@id":"https:\/\/bodur.com.tr\/urun\/tekli-askili-avadanlik#breadcrumb","itemListElement":[{"@type":"ListItem","position":1,"name":"Anasayfa","item":"https:\/\/bodur.com.tr\/"},{"@type":"ListItem","position":2,"name":"\u00dcr\u00fcnler","item":"https:\/\/bodur.com.tr\/magaza"},{"@type":"ListItem","position":3,"name":"Ask\u0131l\u0131 Avadanl\u0131k BD.36.16.46"}]},{"@type":"WebSite","@id":"https:\/\/bodur.com.tr\/#website","url":"https:\/\/bodur.com.tr\/","name":"\u0392\u03b9\u03bf\u03bc\u03b7\u03c7\u03b1\u03bd\u03b9\u03ba\u03ae \u039c\u03c0\u03bf\u03bd\u03c4\u03bf\u03cd\u03c1","description":"","publisher":{"@id":"https:\/\/bodur.com.tr\/#organization"},"potentialAction":[{"@type":"SearchAction","target":{"@type":"EntryPoint","urlTemplate":"https:\/\/bodur.com.tr\/?s={search_term_string}"},"query-input":{"@type":"PropertyValueSpecification","valueRequired":true,"valueName":"search_term_string"}}],"inLanguage":"el"},{"@type":"Organization","@id":"https:\/\/bodur.com.tr\/#organization","name":"\u0392\u03b9\u03bf\u03bc\u03b7\u03c7\u03b1\u03bd\u03b9\u03ba\u03ae \u039c\u03c0\u03bf\u03bd\u03c4\u03bf\u03cd\u03c1","url":"https:\/\/bodur.com.tr\/","logo":{"@type":"ImageObject","inLanguage":"el","@id":"https:\/\/bodur.com.tr\/#\/schema\/logo\/image\/","url":"https:\/\/bodur.com.tr\/wp-content\/uploads\/51834268_258721005017375_5556593430731161600_n.jpg","contentUrl":"https:\/\/bodur.com.tr\/wp-content\/uploads\/51834268_258721005017375_5556593430731161600_n.jpg","width":320,"height":320,"caption":"Bodur End\u00fcstriyel"},"image":{"@id":"https:\/\/bodur.com.tr\/#\/schema\/logo\/image\/"},"sameAs":["https:\/\/www.facebook.com\/bodurendustriyel","https:\/\/www.instagram.com\/bodurendustriyel\/","https:\/\/www.youtube.com\/user\/harunbodur"]}]}},"_links":{"self":[{"href":"https:\/\/bodur.com.tr\/el\/wp-json\/wp\/v2\/product\/1172","targetHints":{"allow":["GET"]}}],"collection":[{"href":"https:\/\/bodur.com.tr\/el\/wp-json\/wp\/v2\/product"}],"about":[{"href":"https:\/\/bodur.com.tr\/el\/wp-json\/wp\/v2\/types\/product"}],"wp:featuredmedia":[{"embeddable":true,"href":"https:\/\/bodur.com.tr\/el\/wp-json\/wp\/v2\/media\/1173"}],"wp:attachment":[{"href":"https:\/\/bodur.com.tr\/el\/wp-json\/wp\/v2\/media?parent=1172"}],"wp:term":[{"taxonomy":"product_brand","embeddable":true,"href":"https:\/\/bodur.com.tr\/el\/wp-json\/wp\/v2\/product_brand?post=1172"},{"taxonomy":"product_cat","embeddable":true,"href":"https:\/\/bodur.com.tr\/el\/wp-json\/wp\/v2\/product_cat?post=1172"},{"taxonomy":"product_tag","embeddable":true,"href":"https:\/\/bodur.com.tr\/el\/wp-json\/wp\/v2\/product_tag?post=1172"}],"curies":[{"name":"wp","href":"https:\/\/api.w.org\/{rel}","templated":true}]}}