{"id":1081,"date":"2014-08-28T00:00:00","date_gmt":"2014-08-27T21:00:00","guid":{"rendered":"https:\/\/bodur.com.tr\/urun\/sogutucu-fan-120-mm"},"modified":"2014-08-28T00:00:00","modified_gmt":"2014-08-27T21:00:00","slug":"sogutucu-fan-120-mm","status":"publish","type":"product","link":"https:\/\/bodur.com.tr\/el\/urun\/sogutucu-fan-120-mm","title":{"rendered":"\u0391\u03bd\u03b5\u03bc\u03b9\u03c3\u03c4\u03ae\u03c1\u03b1\u03c2 \u03c8\u03cd\u03be\u03b7\u03c2 (120 mm)"},"content":{"rendered":"","protected":false},"excerpt":{"rendered":"<p><strong>Genel \u00f6zellikler :<\/strong><\/p>\n<ul>\n<li>Sanayi tipi<\/li>\n<li>Standart bilgisayar kabinlerinde 3 adet fan yuvas\u0131 bulunmaktad\u0131r<\/li>\n<li>1 adet monit\u00f6r b\u00f6l\u00fcm\u00fcnde<\/li>\n<li>1 adet alt kabininin sa\u011f taraf\u0131nda<\/li>\n<li>1 adet alt kabininin sol taraf\u0131nda<\/li>\n<li>\u00d6l\u00e7\u00fcler: H120xW120xD38 mm<\/li>\n<li>Voltaj : 220\/240<\/li>\n<li>G\u00fc\u00e7 : 22\/21w\/s<\/li>\n<li>Frekans : 50\/60 Hz<\/li>\n<li>Hava Ak\u0131m\u0131 : 161\/195 m3<\/li>\n<\/ul>","protected":false},"featured_media":1041,"template":"","meta":[],"product_brand":[],"product_cat":[32],"product_tag":[],"class_list":{"0":"post-1081","1":"product","2":"type-product","3":"status-publish","4":"has-post-thumbnail","6":"product_cat-bilgisayar-kabini-aksesuarlari","8":"first","9":"instock","10":"shipping-taxable","11":"product-type-simple"},"yoast_head":"<!-- This site is optimized with the Yoast SEO plugin v27.4 - https:\/\/yoast.com\/product\/yoast-seo-wordpress\/ -->\n<title>So\u011futucu Fan (120 mm)<\/title>\n<meta name=\"robots\" content=\"index, follow, max-snippet:-1, max-image-preview:large, max-video-preview:-1\" \/>\n<link rel=\"canonical\" href=\"https:\/\/bodur.com.tr\/el\/product\/sogutucu-fan-120-mm\/\" \/>\n<meta property=\"og:locale\" content=\"el_GR\" \/>\n<meta property=\"og:type\" content=\"article\" \/>\n<meta property=\"og:title\" content=\"So\u011futucu Fan (120 mm)\" \/>\n<meta property=\"og:description\" content=\"Genel \u00f6zellikler :  Sanayi tipi Standart bilgisayar kabinlerinde 3 adet fan yuvas\u0131 bulunmaktad\u0131r 1 adet monit\u00f6r b\u00f6l\u00fcm\u00fcnde 1 adet alt kabininin sa\u011f taraf\u0131nda 1 adet alt kabininin sol taraf\u0131nda \u00d6l\u00e7\u00fcler: H120xW120xD38 mm Voltaj : 220\/240 G\u00fc\u00e7 : 22\/21w\/s Frekans : 50\/60 Hz Hava Ak\u0131m\u0131 : 161\/195 m3\" \/>\n<meta property=\"og:url\" content=\"https:\/\/bodur.com.tr\/el\/product\/sogutucu-fan-120-mm\/\" \/>\n<meta property=\"og:site_name\" content=\"Bodur End\u00fcstriyel\" \/>\n<meta property=\"article:publisher\" content=\"https:\/\/www.facebook.com\/bodurendustriyel\" \/>\n<meta property=\"og:image\" content=\"https:\/\/bodur.com.tr\/wp-content\/uploads\/sogutucu-fan-1.jpg\" \/>\n\t<meta property=\"og:image:width\" content=\"500\" \/>\n\t<meta property=\"og:image:height\" content=\"500\" \/>\n\t<meta property=\"og:image:type\" content=\"image\/jpeg\" \/>\n<meta name=\"twitter:card\" content=\"summary_large_image\" \/>\n<script type=\"application\/ld+json\" class=\"yoast-schema-graph\">{\"@context\":\"https:\\\/\\\/schema.org\",\"@graph\":[{\"@type\":\"WebPage\",\"@id\":\"https:\\\/\\\/bodur.com.tr\\\/urun\\\/sogutucu-fan-120-mm\",\"url\":\"https:\\\/\\\/bodur.com.tr\\\/urun\\\/sogutucu-fan-120-mm\",\"name\":\"So\u011futucu Fan (120 mm)\",\"isPartOf\":{\"@id\":\"https:\\\/\\\/bodur.com.tr\\\/#website\"},\"primaryImageOfPage\":{\"@id\":\"https:\\\/\\\/bodur.com.tr\\\/urun\\\/sogutucu-fan-120-mm#primaryimage\"},\"image\":{\"@id\":\"https:\\\/\\\/bodur.com.tr\\\/urun\\\/sogutucu-fan-120-mm#primaryimage\"},\"thumbnailUrl\":\"https:\\\/\\\/bodur.com.tr\\\/wp-content\\\/uploads\\\/sogutucu-fan-1.jpg\",\"datePublished\":\"2014-08-27T21:00:00+00:00\",\"breadcrumb\":{\"@id\":\"https:\\\/\\\/bodur.com.tr\\\/urun\\\/sogutucu-fan-120-mm#breadcrumb\"},\"inLanguage\":\"el\",\"potentialAction\":[{\"@type\":\"ReadAction\",\"target\":[\"https:\\\/\\\/bodur.com.tr\\\/urun\\\/sogutucu-fan-120-mm\"]}]},{\"@type\":\"ImageObject\",\"inLanguage\":\"el\",\"@id\":\"https:\\\/\\\/bodur.com.tr\\\/urun\\\/sogutucu-fan-120-mm#primaryimage\",\"url\":\"https:\\\/\\\/bodur.com.tr\\\/wp-content\\\/uploads\\\/sogutucu-fan-1.jpg\",\"contentUrl\":\"https:\\\/\\\/bodur.com.tr\\\/wp-content\\\/uploads\\\/sogutucu-fan-1.jpg\",\"width\":500,\"height\":500,\"caption\":\"so\u011futucu fan\"},{\"@type\":\"BreadcrumbList\",\"@id\":\"https:\\\/\\\/bodur.com.tr\\\/urun\\\/sogutucu-fan-120-mm#breadcrumb\",\"itemListElement\":[{\"@type\":\"ListItem\",\"position\":1,\"name\":\"Anasayfa\",\"item\":\"https:\\\/\\\/bodur.com.tr\\\/\"},{\"@type\":\"ListItem\",\"position\":2,\"name\":\"\u00dcr\u00fcnler\",\"item\":\"https:\\\/\\\/bodur.com.tr\\\/magaza\"},{\"@type\":\"ListItem\",\"position\":3,\"name\":\"So\u011futucu Fan (120 mm)\"}]},{\"@type\":\"WebSite\",\"@id\":\"https:\\\/\\\/bodur.com.tr\\\/#website\",\"url\":\"https:\\\/\\\/bodur.com.tr\\\/\",\"name\":\"Bodur End\u00fcstriyel\",\"description\":\"\",\"publisher\":{\"@id\":\"https:\\\/\\\/bodur.com.tr\\\/#organization\"},\"potentialAction\":[{\"@type\":\"SearchAction\",\"target\":{\"@type\":\"EntryPoint\",\"urlTemplate\":\"https:\\\/\\\/bodur.com.tr\\\/?s={search_term_string}\"},\"query-input\":{\"@type\":\"PropertyValueSpecification\",\"valueRequired\":true,\"valueName\":\"search_term_string\"}}],\"inLanguage\":\"el\"},{\"@type\":\"Organization\",\"@id\":\"https:\\\/\\\/bodur.com.tr\\\/#organization\",\"name\":\"Bodur End\u00fcstriyel\",\"url\":\"https:\\\/\\\/bodur.com.tr\\\/\",\"logo\":{\"@type\":\"ImageObject\",\"inLanguage\":\"el\",\"@id\":\"https:\\\/\\\/bodur.com.tr\\\/#\\\/schema\\\/logo\\\/image\\\/\",\"url\":\"https:\\\/\\\/bodur.com.tr\\\/wp-content\\\/uploads\\\/51834268_258721005017375_5556593430731161600_n.jpg\",\"contentUrl\":\"https:\\\/\\\/bodur.com.tr\\\/wp-content\\\/uploads\\\/51834268_258721005017375_5556593430731161600_n.jpg\",\"width\":320,\"height\":320,\"caption\":\"Bodur End\u00fcstriyel\"},\"image\":{\"@id\":\"https:\\\/\\\/bodur.com.tr\\\/#\\\/schema\\\/logo\\\/image\\\/\"},\"sameAs\":[\"https:\\\/\\\/www.facebook.com\\\/bodurendustriyel\",\"https:\\\/\\\/www.instagram.com\\\/bodurendustriyel\\\/\",\"https:\\\/\\\/www.youtube.com\\\/user\\\/harunbodur\"]}]}<\/script>\n<!-- \/ Yoast SEO plugin. -->","yoast_head_json":{"title":"\u0391\u03bd\u03b5\u03bc\u03b9\u03c3\u03c4\u03ae\u03c1\u03b1\u03c2 \u03c8\u03cd\u03be\u03b7\u03c2 (120 mm)","robots":{"index":"index","follow":"follow","max-snippet":"max-snippet:-1","max-image-preview":"max-image-preview:large","max-video-preview":"max-video-preview:-1"},"canonical":"https:\/\/bodur.com.tr\/el\/product\/sogutucu-fan-120-mm\/","og_locale":"el_GR","og_type":"article","og_title":"So\u011futucu Fan (120 mm)","og_description":"Genel \u00f6zellikler :  Sanayi tipi Standart bilgisayar kabinlerinde 3 adet fan yuvas\u0131 bulunmaktad\u0131r 1 adet monit\u00f6r b\u00f6l\u00fcm\u00fcnde 1 adet alt kabininin sa\u011f taraf\u0131nda 1 adet alt kabininin sol taraf\u0131nda \u00d6l\u00e7\u00fcler: H120xW120xD38 mm Voltaj : 220\/240 G\u00fc\u00e7 : 22\/21w\/s Frekans : 50\/60 Hz Hava Ak\u0131m\u0131 : 161\/195 m3","og_url":"https:\/\/bodur.com.tr\/el\/product\/sogutucu-fan-120-mm\/","og_site_name":"Bodur End\u00fcstriyel","article_publisher":"https:\/\/www.facebook.com\/bodurendustriyel","og_image":[{"width":500,"height":500,"url":"https:\/\/bodur.com.tr\/wp-content\/uploads\/sogutucu-fan-1.jpg","type":"image\/jpeg"}],"twitter_card":"summary_large_image","schema":{"@context":"https:\/\/schema.org","@graph":[{"@type":"WebPage","@id":"https:\/\/bodur.com.tr\/urun\/sogutucu-fan-120-mm","url":"https:\/\/bodur.com.tr\/urun\/sogutucu-fan-120-mm","name":"\u0391\u03bd\u03b5\u03bc\u03b9\u03c3\u03c4\u03ae\u03c1\u03b1\u03c2 \u03c8\u03cd\u03be\u03b7\u03c2 (120 mm)","isPartOf":{"@id":"https:\/\/bodur.com.tr\/#website"},"primaryImageOfPage":{"@id":"https:\/\/bodur.com.tr\/urun\/sogutucu-fan-120-mm#primaryimage"},"image":{"@id":"https:\/\/bodur.com.tr\/urun\/sogutucu-fan-120-mm#primaryimage"},"thumbnailUrl":"https:\/\/bodur.com.tr\/wp-content\/uploads\/sogutucu-fan-1.jpg","datePublished":"2014-08-27T21:00:00+00:00","breadcrumb":{"@id":"https:\/\/bodur.com.tr\/urun\/sogutucu-fan-120-mm#breadcrumb"},"inLanguage":"el","potentialAction":[{"@type":"ReadAction","target":["https:\/\/bodur.com.tr\/urun\/sogutucu-fan-120-mm"]}]},{"@type":"ImageObject","inLanguage":"el","@id":"https:\/\/bodur.com.tr\/urun\/sogutucu-fan-120-mm#primaryimage","url":"https:\/\/bodur.com.tr\/wp-content\/uploads\/sogutucu-fan-1.jpg","contentUrl":"https:\/\/bodur.com.tr\/wp-content\/uploads\/sogutucu-fan-1.jpg","width":500,"height":500,"caption":"so\u011futucu fan"},{"@type":"BreadcrumbList","@id":"https:\/\/bodur.com.tr\/urun\/sogutucu-fan-120-mm#breadcrumb","itemListElement":[{"@type":"ListItem","position":1,"name":"Anasayfa","item":"https:\/\/bodur.com.tr\/"},{"@type":"ListItem","position":2,"name":"\u00dcr\u00fcnler","item":"https:\/\/bodur.com.tr\/magaza"},{"@type":"ListItem","position":3,"name":"So\u011futucu Fan (120 mm)"}]},{"@type":"WebSite","@id":"https:\/\/bodur.com.tr\/#website","url":"https:\/\/bodur.com.tr\/","name":"\u0392\u03b9\u03bf\u03bc\u03b7\u03c7\u03b1\u03bd\u03b9\u03ba\u03ae \u039c\u03c0\u03bf\u03bd\u03c4\u03bf\u03cd\u03c1","description":"","publisher":{"@id":"https:\/\/bodur.com.tr\/#organization"},"potentialAction":[{"@type":"SearchAction","target":{"@type":"EntryPoint","urlTemplate":"https:\/\/bodur.com.tr\/?s={search_term_string}"},"query-input":{"@type":"PropertyValueSpecification","valueRequired":true,"valueName":"search_term_string"}}],"inLanguage":"el"},{"@type":"Organization","@id":"https:\/\/bodur.com.tr\/#organization","name":"\u0392\u03b9\u03bf\u03bc\u03b7\u03c7\u03b1\u03bd\u03b9\u03ba\u03ae \u039c\u03c0\u03bf\u03bd\u03c4\u03bf\u03cd\u03c1","url":"https:\/\/bodur.com.tr\/","logo":{"@type":"ImageObject","inLanguage":"el","@id":"https:\/\/bodur.com.tr\/#\/schema\/logo\/image\/","url":"https:\/\/bodur.com.tr\/wp-content\/uploads\/51834268_258721005017375_5556593430731161600_n.jpg","contentUrl":"https:\/\/bodur.com.tr\/wp-content\/uploads\/51834268_258721005017375_5556593430731161600_n.jpg","width":320,"height":320,"caption":"Bodur End\u00fcstriyel"},"image":{"@id":"https:\/\/bodur.com.tr\/#\/schema\/logo\/image\/"},"sameAs":["https:\/\/www.facebook.com\/bodurendustriyel","https:\/\/www.instagram.com\/bodurendustriyel\/","https:\/\/www.youtube.com\/user\/harunbodur"]}]}},"_links":{"self":[{"href":"https:\/\/bodur.com.tr\/el\/wp-json\/wp\/v2\/product\/1081","targetHints":{"allow":["GET"]}}],"collection":[{"href":"https:\/\/bodur.com.tr\/el\/wp-json\/wp\/v2\/product"}],"about":[{"href":"https:\/\/bodur.com.tr\/el\/wp-json\/wp\/v2\/types\/product"}],"wp:featuredmedia":[{"embeddable":true,"href":"https:\/\/bodur.com.tr\/el\/wp-json\/wp\/v2\/media\/1041"}],"wp:attachment":[{"href":"https:\/\/bodur.com.tr\/el\/wp-json\/wp\/v2\/media?parent=1081"}],"wp:term":[{"taxonomy":"product_brand","embeddable":true,"href":"https:\/\/bodur.com.tr\/el\/wp-json\/wp\/v2\/product_brand?post=1081"},{"taxonomy":"product_cat","embeddable":true,"href":"https:\/\/bodur.com.tr\/el\/wp-json\/wp\/v2\/product_cat?post=1081"},{"taxonomy":"product_tag","embeddable":true,"href":"https:\/\/bodur.com.tr\/el\/wp-json\/wp\/v2\/product_tag?post=1081"}],"curies":[{"name":"wp","href":"https:\/\/api.w.org\/{rel}","templated":true}]}}