{"id":21467,"date":"2025-05-18T19:07:35","date_gmt":"2025-05-18T16:07:35","guid":{"rendered":"https:\/\/bodur.com.tr\/bilgi-guvenligi-politikasi"},"modified":"2025-06-22T16:49:02","modified_gmt":"2025-06-22T13:49:02","slug":"%cf%80%ce%bf%ce%bb%ce%b9%cf%84%ce%b9%ce%ba%ce%ae-%ce%b1%cf%83%cf%86%ce%ac%ce%bb%ce%b5%ce%b9%ce%b1%cf%82-%cf%80%ce%bb%ce%b7%cf%81%ce%bf%cf%86%ce%bf%cf%81%ce%b9%cf%8e%ce%bd","status":"publish","type":"page","link":"https:\/\/bodur.com.tr\/el\/bilgi-guvenligi-politikasi","title":{"rendered":"\u03a0\u03bf\u03bb\u03b9\u03c4\u03b9\u03ba\u03ae \u0391\u03c3\u03c6\u03ac\u03bb\u03b5\u03b9\u03b1\u03c2 \u03a0\u03bb\u03b7\u03c1\u03bf\u03c6\u03bf\u03c1\u03b9\u03ce\u03bd"},"content":{"rendered":"<div data-elementor-type=\"wp-page\" data-elementor-id=\"21467\" class=\"elementor elementor-21467\" data-elementor-post-type=\"page\">\n\t\t\t\t<div class=\"elementor-element elementor-element-2cfe007a e-flex e-con-boxed e-con e-parent\" data-id=\"2cfe007a\" data-element_type=\"container\" data-e-type=\"container\">\n\t\t\t\t\t<div class=\"e-con-inner\">\n\t\t<div class=\"elementor-element elementor-element-7821db80 e-con-full e-flex e-con e-child\" data-id=\"7821db80\" data-element_type=\"container\" data-e-type=\"container\">\n\t\t\t\t<div class=\"elementor-element elementor-element-4c96a670 color-scheme-inherit text-left elementor-widget elementor-widget-text-editor\" data-id=\"4c96a670\" data-element_type=\"widget\" data-e-type=\"widget\" data-widget_type=\"text-editor.default\">\n\t\t\t\t<div class=\"elementor-widget-container\">\n\t\t\t\t\t\t\t\t\t<p><span style=\"color: #0163a1;\"><strong>\u0397 \u03a0\u039f\u039b\u0399\u03a4\u0399\u039a\u0397 \u039c\u0391\u03a3 \u0393\u0399\u0391 \u03a4\u0397\u039d \u0391\u03a3\u03a6\u0391\u039b\u0395\u0399\u0391 \u03a0\u039b\u0397\u03a1\u039f\u03a6\u039f\u03a1\u0399\u03a9\u039d<\/strong><\/span><\/p>\t\t\t\t\t\t\t\t<\/div>\n\t\t\t\t<\/div>\n\t\t\t\t<div class=\"elementor-element elementor-element-7e63cada color-scheme-inherit text-left elementor-widget elementor-widget-text-editor\" data-id=\"7e63cada\" data-element_type=\"widget\" data-e-type=\"widget\" data-widget_type=\"text-editor.default\">\n\t\t\t\t<div class=\"elementor-widget-container\">\n\t\t\t\t\t\t\t\t\t<h4><span style=\"color: #053f75;\"><strong>\u0397 Bodur Cabin Systems Limited Company \u03ad\u03c7\u03b5\u03b9 \u03c5\u03b9\u03bf\u03b8\u03b5\u03c4\u03ae\u03c3\u03b5\u03b9 \u03c4\u03b7\u03bd \u03b1\u03c1\u03c7\u03ae \u03c4\u03b7\u03c2 \u03b4\u03b9\u03b1\u03c3\u03c6\u03ac\u03bb\u03b9\u03c3\u03b7\u03c2 \u03c4\u03b7\u03c2 \u03c3\u03c5\u03bd\u03ad\u03c7\u03b5\u03b9\u03b1\u03c2 \u03c4\u03b7\u03c2 \u03b5\u03bc\u03c0\u03b9\u03c3\u03c4\u03bf\u03c3\u03cd\u03bd\u03b7\u03c2 \u03c0\u03bf\u03c5 \u03ad\u03c7\u03b5\u03b9 \u03c7\u03c4\u03af\u03c3\u03b5\u03b9 \u03c3\u03c4\u03bf\u03bd \u03c4\u03bf\u03bc\u03ad\u03b1 \u03c4\u03b7\u03c2 \u03bc\u03ad\u03c3\u03c9 \u03c4\u03b7\u03c2 \u03c0\u03bf\u03b9\u03cc\u03c4\u03b7\u03c4\u03b1\u03c2 \u03c4\u03c9\u03bd \u03c0\u03c1\u03bf\u03ca\u03cc\u03bd\u03c4\u03c9\u03bd \u03ba\u03b1\u03b9 \u03c4\u03c9\u03bd \u03c5\u03c0\u03b7\u03c1\u03b5\u03c3\u03b9\u03ce\u03bd \u03c4\u03b7\u03c2.;<\/strong><\/span><\/h4>\t\t\t\t\t\t\t\t<\/div>\n\t\t\t\t<\/div>\n\t\t\t\t<\/div>\n\t\t<div class=\"elementor-element elementor-element-40b2ac78 e-con-full e-flex e-con e-child\" data-id=\"40b2ac78\" data-element_type=\"container\" data-e-type=\"container\">\n\t\t\t\t<div class=\"elementor-element elementor-element-596f7300 color-scheme-inherit text-left elementor-widget elementor-widget-text-editor\" data-id=\"596f7300\" data-element_type=\"widget\" data-e-type=\"widget\" data-widget_type=\"text-editor.default\">\n\t\t\t\t<div class=\"elementor-widget-container\">\n\t\t\t\t\t\t\t\t\t<p><strong>1. \u03a3\u03c4\u03cc\u03c7\u03bf\u03c2:<\/strong><br \/>\u03a3\u03ba\u03bf\u03c0\u03cc\u03c2 \u03c4\u03b7\u03c2 \u03c0\u03b1\u03c1\u03bf\u03cd\u03c3\u03b1\u03c2 \u03c0\u03bf\u03bb\u03b9\u03c4\u03b9\u03ba\u03ae\u03c2 \u03b5\u03af\u03bd\u03b1\u03b9 \u03bd\u03b1 \u03bf\u03c1\u03af\u03c3\u03b5\u03b9 \u03bc\u03b5 \u03c3\u03b1\u03c6\u03ae\u03bd\u03b5\u03b9\u03b1 \u03c4\u03bf \u03c0\u03b5\u03b4\u03af\u03bf \u03b5\u03c6\u03b1\u03c1\u03bc\u03bf\u03b3\u03ae\u03c2 \u03ba\u03b1\u03b9 \u03c4\u03b1 \u03cc\u03c1\u03b9\u03b1 \u03c4\u03bf\u03c5 \u03a3\u03c5\u03c3\u03c4\u03ae\u03bc\u03b1\u03c4\u03bf\u03c2 \u0394\u03b9\u03b1\u03c7\u03b5\u03af\u03c1\u03b9\u03c3\u03b7\u03c2 \u0391\u03c3\u03c6\u03ac\u03bb\u03b5\u03b9\u03b1\u03c2 \u03a0\u03bb\u03b7\u03c1\u03bf\u03c6\u03bf\u03c1\u03b9\u03ce\u03bd (ISMS) \u03c0\u03bf\u03c5 \u03b5\u03c6\u03b1\u03c1\u03bc\u03cc\u03b6\u03b5\u03b9 \u03b7 Bodur.<\/p><p><strong>2. \u03a0\u03b5\u03b4\u03af\u03bf \u03b5\u03c6\u03b1\u03c1\u03bc\u03bf\u03b3\u03ae\u03c2:<\/strong><br \/>\u03a3\u03b5 \u03c0\u03b5\u03c1\u03af\u03c0\u03c4\u03c9\u03c3\u03b7 \u03bf\u03c0\u03bf\u03b9\u03b1\u03c3\u03b4\u03ae\u03c0\u03bf\u03c4\u03b5 \u03c0\u03b1\u03c1\u03b1\u03b2\u03af\u03b1\u03c3\u03b7\u03c2 \u03c4\u03b7\u03c2 \u03b1\u03c3\u03c6\u03ac\u03bb\u03b5\u03b9\u03b1\u03c2 \u03c0\u03bb\u03b7\u03c1\u03bf\u03c6\u03bf\u03c1\u03b9\u03ce\u03bd, \u03b5\u03af\u03bd\u03b1\u03b9 \u03c5\u03c0\u03bf\u03c7\u03c1\u03b5\u03c9\u03c4\u03b9\u03ba\u03ae \u03b7 \u03b1\u03c0\u03bf\u03ba\u03b1\u03c4\u03ac\u03c3\u03c4\u03b1\u03c3\u03b7 \u03c4\u03c9\u03bd \u03c5\u03c0\u03b7\u03c1\u03b5\u03c3\u03b9\u03ce\u03bd \u03c3\u03c4\u03bf \u03c7\u03b1\u03bc\u03b7\u03bb\u03cc\u03c4\u03b5\u03c1\u03bf \u03b1\u03c0\u03bf\u03b4\u03b5\u03ba\u03c4\u03cc \u03b5\u03c0\u03af\u03c0\u03b5\u03b4\u03bf. \u03a4\u03bf \u03a3\u03cd\u03c3\u03c4\u03b7\u03bc\u03b1 \u0394\u03b9\u03b1\u03c7\u03b5\u03af\u03c1\u03b9\u03c3\u03b7\u03c2 \u0391\u03c3\u03c6\u03ac\u03bb\u03b5\u03b9\u03b1\u03c2 \u03a0\u03bb\u03b7\u03c1\u03bf\u03c6\u03bf\u03c1\u03b9\u03ce\u03bd (\u03a3\u0394\u03a0\u03a0) \u03c0\u03b5\u03c1\u03b9\u03bb\u03b1\u03bc\u03b2\u03ac\u03bd\u03b5\u03b9 \u03cc\u03bb\u03b5\u03c2 \u03c4\u03b9\u03c2 \u03c5\u03c0\u03b7\u03c1\u03b5\u03c3\u03af\u03b5\u03c2 \u03b3\u03b9\u03b1 \u03c4\u03b9\u03c2 \u03bf\u03c0\u03bf\u03af\u03b5\u03c2 \u03b4\u03b9\u03b1\u03c7\u03b5\u03b9\u03c1\u03af\u03b6\u03b5\u03c4\u03b1\u03b9. \u03a4\u03bf \u03a3\u0394\u03a0\u03a0 \u03b1\u03c0\u03bf\u03c4\u03b5\u03bb\u03b5\u03af \u03c4\u03b7 \u03b2\u03ac\u03c3\u03b7 \u03b3\u03b9\u03b1 \u03c4\u03bf\u03bd \u03c3\u03c7\u03b5\u03b4\u03b9\u03b1\u03c3\u03bc\u03cc, \u03c4\u03b7 \u03c3\u03c5\u03bd\u03c4\u03ae\u03c1\u03b7\u03c3\u03b7 \u03ba\u03b1\u03b9 \u03c4\u03b7\u03bd \u03b5\u03bd\u03b7\u03bc\u03ad\u03c1\u03c9\u03c3\u03b7 \u03c4\u03c9\u03bd \u03c0\u03b1\u03c1\u03b5\u03c7\u03cc\u03bc\u03b5\u03bd\u03c9\u03bd \u03c5\u03c0\u03b7\u03c1\u03b5\u03c3\u03b9\u03ce\u03bd \u03ba\u03b1\u03b9 \u03b4\u03b9\u03b1\u03b4\u03b9\u03ba\u03b1\u03c3\u03b9\u03ce\u03bd.<\/p><p><strong>3. \u0395\u03c6\u03b1\u03c1\u03bc\u03bf\u03b3\u03ae:<\/strong><br \/>\u03a3\u03c5\u03bd\u03b5\u03c0\u03ce\u03c2, \u03b7 \u03a0\u03bf\u03bb\u03b9\u03c4\u03b9\u03ba\u03ae ISMS \u03bc\u03b1\u03c2 \u03c3\u03c5\u03bc\u03bc\u03bf\u03c1\u03c6\u03ce\u03bd\u03b5\u03c4\u03b1\u03b9 \u03bc\u03b5 \u03c4\u03b1 \u03b1\u03ba\u03cc\u03bb\u03bf\u03c5\u03b8\u03b1:;<\/p><p>-\u0391\u03c3\u03c6\u03b1\u03bb\u03ae\u03c2 \u03b4\u03b9\u03b1\u03c7\u03b5\u03af\u03c1\u03b9\u03c3\u03b7 \u03c4\u03c9\u03bd \u03c0\u03bb\u03b7\u03c1\u03bf\u03c6\u03bf\u03c1\u03b9\u03b1\u03ba\u03ce\u03bd \u03c0\u03cc\u03c1\u03c9\u03bd, \u03c0\u03c1\u03bf\u03c3\u03b4\u03b9\u03bf\u03c1\u03b9\u03c3\u03bc\u03cc\u03c2 \u03c4\u03b7\u03c2 \u03b1\u03be\u03af\u03b1\u03c2, \u03c4\u03c9\u03bd \u03b1\u03bd\u03b1\u03b3\u03ba\u03ce\u03bd \u03ba\u03b1\u03b9 \u03c4\u03c9\u03bd \u03ba\u03b9\u03bd\u03b4\u03cd\u03bd\u03c9\u03bd \u03c0\u03bf\u03c5 \u03b5\u03bd\u03b4\u03ad\u03c7\u03b5\u03c4\u03b1\u03b9 \u03bd\u03b1 \u03b1\u03bd\u03c4\u03b9\u03bc\u03b5\u03c4\u03c9\u03c0\u03af\u03c3\u03bf\u03c5\u03bd \u03b1\u03c5\u03c4\u03ac \u03c4\u03b1 \u03c0\u03b5\u03c1\u03b9\u03bf\u03c5\u03c3\u03b9\u03b1\u03ba\u03ac \u03c3\u03c4\u03bf\u03b9\u03c7\u03b5\u03af\u03b1, \u03ba\u03b1\u03b8\u03ce\u03c2 \u03ba\u03b1\u03b9 \u03c3\u03c7\u03b5\u03b4\u03b9\u03b1\u03c3\u03bc\u03cc\u03c2 \u03ba\u03b1\u03b9 \u03b5\u03c6\u03b1\u03c1\u03bc\u03bf\u03b3\u03ae \u03b5\u03bb\u03ad\u03b3\u03c7\u03c9\u03bd \u03ba\u03b1\u03c4\u03ac \u03c4\u03c9\u03bd \u03ba\u03b9\u03bd\u03b4\u03cd\u03bd\u03c9\u03bd \u03b1\u03c3\u03c6\u03b1\u03bb\u03b5\u03af\u03b1\u03c2.<br \/>- \u039d\u03b1 \u03b8\u03b5\u03c3\u03c0\u03b9\u03c3\u03c4\u03b5\u03af \u03ad\u03bd\u03b1 \u03bc\u03b5\u03b8\u03bf\u03b4\u03bf\u03bb\u03bf\u03b3\u03b9\u03ba\u03cc \u03c0\u03bb\u03b1\u03af\u03c3\u03b9\u03bf \u03b3\u03b9\u03b1 \u03c4\u03bf\u03bd \u03c0\u03c1\u03bf\u03c3\u03b4\u03b9\u03bf\u03c1\u03b9\u03c3\u03bc\u03cc \u03c0\u03b1\u03c1\u03b1\u03b3\u03cc\u03bd\u03c4\u03c9\u03bd \u03cc\u03c0\u03c9\u03c2 \u03b7 \u03b1\u03be\u03af\u03b1, \u03bf\u03b9 \u03b1\u03bd\u03ac\u03b3\u03ba\u03b5\u03c2 \u03b1\u03c3\u03c6\u03b1\u03bb\u03b5\u03af\u03b1\u03c2, \u03c4\u03b1 \u03c4\u03c1\u03c9\u03c4\u03ac \u03c3\u03b7\u03bc\u03b5\u03af\u03b1 \u03ba\u03b1\u03b9 \u03b7 \u03c3\u03c5\u03c7\u03bd\u03cc\u03c4\u03b7\u03c4\u03b1 \u03b1\u03c0\u03b5\u03b9\u03bb\u03ce\u03bd \u03c4\u03c9\u03bd \u03c0\u03bb\u03b7\u03c1\u03bf\u03c6\u03bf\u03c1\u03b9\u03b1\u03ba\u03ce\u03bd \u03c0\u03cc\u03c1\u03c9\u03bd.<br \/>- \u039d\u03b1 \u03bf\u03c1\u03b9\u03c3\u03c4\u03b5\u03af \u03ad\u03bd\u03b1 \u03c0\u03bb\u03b1\u03af\u03c3\u03b9\u03bf \u03b3\u03b9\u03b1 \u03c4\u03b7\u03bd \u03b1\u03bd\u03ac\u03bb\u03c5\u03c3\u03b7 \u03c4\u03bf\u03c5 \u03c0\u03b9\u03b8\u03b1\u03bd\u03bf\u03cd \u03b1\u03bd\u03c4\u03af\u03ba\u03c4\u03c5\u03c0\u03bf\u03c5 \u03c4\u03c9\u03bd \u03b1\u03c0\u03b5\u03b9\u03bb\u03ce\u03bd \u03c3\u03c4\u03b7\u03bd \u03b5\u03bc\u03c0\u03b9\u03c3\u03c4\u03b5\u03c5\u03c4\u03b9\u03ba\u03cc\u03c4\u03b7\u03c4\u03b1, \u03c4\u03b7\u03bd \u03b1\u03ba\u03b5\u03c1\u03b1\u03b9\u03cc\u03c4\u03b7\u03c4\u03b1 \u03ba\u03b1\u03b9 \u03c4\u03b7\u03bd \u03c0\u03c1\u03bf\u03c3\u03b2\u03b1\u03c3\u03b9\u03bc\u03cc\u03c4\u03b7\u03c4\u03b1 \u03c4\u03c9\u03bd \u03c0\u03b5\u03c1\u03b9\u03bf\u03c5\u03c3\u03b9\u03b1\u03ba\u03ce\u03bd \u03c3\u03c4\u03bf\u03b9\u03c7\u03b5\u03af\u03c9\u03bd.<br \/>-\u039d\u03b1 \u03bf\u03c1\u03b9\u03c3\u03c4\u03bf\u03cd\u03bd \u03bf\u03b9 \u03b2\u03b1\u03c3\u03b9\u03ba\u03ad\u03c2 \u03b1\u03c1\u03c7\u03ad\u03c2 \u03c0\u03bf\u03c5 \u03c0\u03c1\u03ad\u03c0\u03b5\u03b9 \u03bd\u03b1 \u03b1\u03ba\u03bf\u03bb\u03bf\u03c5\u03b8\u03bf\u03cd\u03bd\u03c4\u03b1\u03b9 \u03b3\u03b9\u03b1 \u03c4\u03b7\u03bd \u03b1\u03bd\u03c4\u03b9\u03bc\u03b5\u03c4\u03ce\u03c0\u03b9\u03c3\u03b7 \u03c4\u03c9\u03bd \u03ba\u03b9\u03bd\u03b4\u03cd\u03bd\u03c9\u03bd.<br \/>- \u03a3\u03c5\u03bd\u03b5\u03c7\u03ae\u03c2 \u03b1\u03be\u03b9\u03bf\u03bb\u03cc\u03b3\u03b7\u03c3\u03b7 \u03c4\u03c9\u03bd \u03ba\u03b9\u03bd\u03b4\u03cd\u03bd\u03c9\u03bd \u03b1\u03c3\u03c6\u03b1\u03bb\u03b5\u03af\u03b1\u03c2 \u03bc\u03ad\u03c3\u03c9 \u03c4\u03b7\u03c2 \u03c0\u03b1\u03c1\u03b1\u03ba\u03bf\u03bb\u03bf\u03cd\u03b8\u03b7\u03c3\u03b7\u03c2 \u03c4\u03c9\u03bd \u03c4\u03b5\u03c7\u03bd\u03bf\u03bb\u03bf\u03b3\u03b9\u03ba\u03ce\u03bd \u03b5\u03be\u03b5\u03bb\u03af\u03be\u03b5\u03c9\u03bd \u03c3\u03c4\u03bf \u03c0\u03bb\u03b1\u03af\u03c3\u03b9\u03bf \u03c4\u03c9\u03bd \u03c0\u03b1\u03c1\u03b5\u03c7\u03cc\u03bc\u03b5\u03bd\u03c9\u03bd \u03c5\u03c0\u03b7\u03c1\u03b5\u03c3\u03b9\u03ce\u03bd.<br \/>- \u039d\u03b1 \u03c0\u03bb\u03b7\u03c1\u03bf\u03af \u03c4\u03b9\u03c2 \u03b1\u03c0\u03b1\u03b9\u03c4\u03ae\u03c3\u03b5\u03b9\u03c2 \u03b1\u03c3\u03c6\u03ac\u03bb\u03b5\u03b9\u03b1\u03c2 \u03c0\u03bb\u03b7\u03c1\u03bf\u03c6\u03bf\u03c1\u03b9\u03ce\u03bd \u03c3\u03cd\u03bc\u03c6\u03c9\u03bd\u03b1 \u03bc\u03b5 \u03c4\u03bf\u03c5\u03c2 \u03b9\u03c3\u03c7\u03cd\u03bf\u03bd\u03c4\u03b5\u03c2 \u03b5\u03b8\u03bd\u03b9\u03ba\u03bf\u03cd\u03c2 \u03ba\u03b1\u03b9 \u03b4\u03b9\u03b5\u03b8\u03bd\u03b5\u03af\u03c2 \u03ba\u03b1\u03bd\u03bf\u03bd\u03b9\u03c3\u03bc\u03bf\u03cd\u03c2, \u03c4\u03b9\u03c2 \u03bd\u03bf\u03bc\u03b9\u03ba\u03ad\u03c2 \u03b4\u03b9\u03b1\u03c4\u03ac\u03be\u03b5\u03b9\u03c2 \u03ba\u03b1\u03b9 \u03c4\u03b9\u03c2 \u03c3\u03c5\u03bc\u03c6\u03c9\u03bd\u03af\u03b5\u03c2, \u03ba\u03b1\u03b8\u03ce\u03c2 \u03ba\u03b1\u03b9 \u03c4\u03b9\u03c2 \u03b5\u03c4\u03b1\u03b9\u03c1\u03b9\u03ba\u03ad\u03c2 \u03b5\u03c5\u03b8\u03cd\u03bd\u03b5\u03c2 \u03ad\u03bd\u03b1\u03bd\u03c4\u03b9 \u03b5\u03c3\u03c9\u03c4\u03b5\u03c1\u03b9\u03ba\u03ce\u03bd \u03ba\u03b1\u03b9 \u03b5\u03be\u03c9\u03c4\u03b5\u03c1\u03b9\u03ba\u03ce\u03bd \u03b5\u03bd\u03b4\u03b9\u03b1\u03c6\u03b5\u03c1\u03cc\u03bc\u03b5\u03bd\u03c9\u03bd \u03bc\u03b5\u03c1\u03ce\u03bd.<br \/>-\u039d\u03b1 \u03b5\u03bb\u03b1\u03c7\u03b9\u03c3\u03c4\u03bf\u03c0\u03bf\u03b9\u03ae\u03c3\u03b5\u03b9 \u03c4\u03bf\u03bd \u03b1\u03bd\u03c4\u03af\u03ba\u03c4\u03c5\u03c0\u03bf \u03c4\u03c9\u03bd \u03ba\u03b9\u03bd\u03b4\u03cd\u03bd\u03c9\u03bd \u03b1\u03c3\u03c6\u03ac\u03bb\u03b5\u03b9\u03b1\u03c2 \u03c0\u03bb\u03b7\u03c1\u03bf\u03c6\u03bf\u03c1\u03b9\u03ce\u03bd \u03c0\u03bf\u03c5 \u03b8\u03b1 \u03bc\u03c0\u03bf\u03c1\u03bf\u03cd\u03c3\u03b1\u03bd \u03bd\u03b1 \u03b1\u03c0\u03b5\u03b9\u03bb\u03ae\u03c3\u03bf\u03c5\u03bd \u03c4\u03b7 \u03c3\u03c5\u03bd\u03ad\u03c7\u03b5\u03b9\u03b1 \u03c4\u03c9\u03bd \u03c5\u03c0\u03b7\u03c1\u03b5\u03c3\u03b9\u03ce\u03bd \u03ba\u03b1\u03b9 \u03bd\u03b1 \u03b4\u03b9\u03b1\u03c3\u03c6\u03b1\u03bb\u03af\u03c3\u03b5\u03b9 \u03c4\u03b7\u03bd \u03b1\u03b4\u03b9\u03ac\u03bb\u03b5\u03b9\u03c0\u03c4\u03b7 \u03bb\u03b5\u03b9\u03c4\u03bf\u03c5\u03c1\u03b3\u03af\u03b1.<br \/>-\u0388\u03c7\u03bf\u03bd\u03c4\u03b1\u03c2 \u03c4\u03b7\u03bd \u03b9\u03ba\u03b1\u03bd\u03cc\u03c4\u03b7\u03c4\u03b1 \u03b1\u03c0\u03bf\u03c4\u03b5\u03bb\u03b5\u03c3\u03bc\u03b1\u03c4\u03b9\u03ba\u03ae\u03c2 \u03b1\u03bd\u03c4\u03b9\u03bc\u03b5\u03c4\u03ce\u03c0\u03b9\u03c3\u03b7\u03c2 \u03c0\u03b5\u03c1\u03b9\u03c3\u03c4\u03b1\u03c4\u03b9\u03ba\u03ce\u03bd \u03b1\u03c3\u03c6\u03ac\u03bb\u03b5\u03b9\u03b1\u03c2 \u03c0\u03bb\u03b7\u03c1\u03bf\u03c6\u03bf\u03c1\u03b9\u03ce\u03bd \u03ba\u03b1\u03b9 \u03bc\u03b5\u03c4\u03c1\u03b9\u03b1\u03c3\u03bc\u03bf\u03cd \u03c4\u03c9\u03bd \u03b5\u03c0\u03b9\u03c0\u03c4\u03ce\u03c3\u03b5\u03ce\u03bd \u03c4\u03bf\u03c5\u03c2.<\/p>\t\t\t\t\t\t\t\t<\/div>\n\t\t\t\t<\/div>\n\t\t\t\t<\/div>\n\t\t\t\t\t<\/div>\n\t\t\t\t<\/div>\n\t\t\t\t<\/div>","protected":false},"excerpt":{"rendered":"<p>\u0397 \u03a0\u039f\u039b\u0399\u03a4\u0399\u039a\u0397 \u039c\u0391\u03a3 \u0393\u0399\u0391 \u03a4\u0397\u039d \u0391\u03a3\u03a6\u0391\u039b\u0395\u0399\u0391 \u03a0\u039b\u0397\u03a1\u039f\u03a6\u039f\u03a1\u0399\u03a9\u039d \u0397 Bodur Cabin Systems Limited Company, \u03ad\u03c7\u03bf\u03bd\u03c4\u03b1\u03c2 \u03c5\u03b9\u03bf\u03b8\u03b5\u03c4\u03ae\u03c3\u03b5\u03b9 \u03c4\u03b7\u03bd \u03b1\u03c1\u03c7\u03ae \u03c4\u03b7\u03c2 \u03b4\u03b9\u03b1\u03c3\u03c6\u03ac\u03bb\u03b9\u03c3\u03b7\u03c2 \u03c4\u03b7\u03c2 \u03c3\u03c5\u03bd\u03ad\u03c7\u03b5\u03b9\u03b1\u03c2 \u03c4\u03b7\u03c2 \u03b5\u03bc\u03c0\u03b9\u03c3\u03c4\u03bf\u03c3\u03cd\u03bd\u03b7\u03c2 \u03c0\u03bf\u03c5 \u03ad\u03c7\u03b5\u03b9 \u03c7\u03c4\u03af\u03c3\u03b5\u03b9 \u03bc\u03b5 \u03c4\u03b7\u03bd \u03c0\u03bf\u03b9\u03cc\u03c4\u03b7\u03c4\u03b1 \u03c4\u03c9\u03bd \u03c0\u03c1\u03bf\u03ca\u03cc\u03bd\u03c4\u03c9\u03bd \u03ba\u03b1\u03b9 \u03c4\u03c9\u03bd \u03c5\u03c0\u03b7\u03c1\u03b5\u03c3\u03b9\u03ce\u03bd \u03c4\u03b7\u03c2 \u03c3\u03c4\u03bf\u03bd \u03c4\u03bf\u03bc\u03ad\u03b1 \u03c4\u03b7\u03c2\u00b7;<\/p>","protected":false},"author":1,"featured_media":0,"parent":0,"menu_order":0,"comment_status":"closed","ping_status":"closed","template":"","meta":{"footnotes":""},"class_list":["post-21467","page","type-page","status-publish","hentry"],"yoast_head":"<!-- This site is optimized with the Yoast SEO plugin v27.3 - https:\/\/yoast.com\/product\/yoast-seo-wordpress\/ -->\n<title>Bilgi G\u00fcvenli\u011fi Politikas\u0131<\/title>\n<meta name=\"robots\" content=\"index, follow, max-snippet:-1, max-image-preview:large, max-video-preview:-1\" \/>\n<link rel=\"canonical\" href=\"https:\/\/bodur.com.tr\/el\/\u03c0\u03bf\u03bb\u03b9\u03c4\u03b9\u03ba\u03ae-\u03b1\u03c3\u03c6\u03ac\u03bb\u03b5\u03b9\u03b1\u03c2-\u03c0\u03bb\u03b7\u03c1\u03bf\u03c6\u03bf\u03c1\u03b9\u03ce\u03bd\/\" \/>\n<meta property=\"og:locale\" content=\"el_GR\" \/>\n<meta property=\"og:type\" content=\"article\" \/>\n<meta property=\"og:title\" content=\"Bilgi G\u00fcvenli\u011fi Politikas\u0131\" \/>\n<meta property=\"og:description\" content=\"B\u0130LG\u0130 G\u00dcVENL\u0130\u011e\u0130 POL\u0130T\u0130KAMIZ Bodur Kabin Sistemleri Limited \u015eirketi, kendi sekt\u00f6r\u00fcnde \u00fcr\u00fcn ve hizmet kalitesiyle olu\u015fturdu\u011fu g\u00fcvenin s\u00fcreklili\u011fini sa\u011flamay\u0131 ilke edinerek;\" \/>\n<meta property=\"og:url\" content=\"https:\/\/bodur.com.tr\/el\/\u03c0\u03bf\u03bb\u03b9\u03c4\u03b9\u03ba\u03ae-\u03b1\u03c3\u03c6\u03ac\u03bb\u03b5\u03b9\u03b1\u03c2-\u03c0\u03bb\u03b7\u03c1\u03bf\u03c6\u03bf\u03c1\u03b9\u03ce\u03bd\/\" \/>\n<meta property=\"og:site_name\" content=\"Bodur End\u00fcstriyel\" \/>\n<meta property=\"article:publisher\" content=\"https:\/\/www.facebook.com\/bodurendustriyel\" \/>\n<meta property=\"article:modified_time\" content=\"2025-06-22T13:49:02+00:00\" \/>\n<meta name=\"twitter:card\" content=\"summary_large_image\" \/>\n<script type=\"application\/ld+json\" class=\"yoast-schema-graph\">{\"@context\":\"https:\\\/\\\/schema.org\",\"@graph\":[{\"@type\":\"WebPage\",\"@id\":\"https:\\\/\\\/bodur.com.tr\\\/bilgi-guvenligi-politikasi\",\"url\":\"https:\\\/\\\/bodur.com.tr\\\/bilgi-guvenligi-politikasi\",\"name\":\"Bilgi G\u00fcvenli\u011fi Politikas\u0131\",\"isPartOf\":{\"@id\":\"https:\\\/\\\/bodur.com.tr\\\/#website\"},\"datePublished\":\"2025-05-18T16:07:35+00:00\",\"dateModified\":\"2025-06-22T13:49:02+00:00\",\"breadcrumb\":{\"@id\":\"https:\\\/\\\/bodur.com.tr\\\/bilgi-guvenligi-politikasi#breadcrumb\"},\"inLanguage\":\"el\",\"potentialAction\":[{\"@type\":\"ReadAction\",\"target\":[\"https:\\\/\\\/bodur.com.tr\\\/bilgi-guvenligi-politikasi\"]}]},{\"@type\":\"BreadcrumbList\",\"@id\":\"https:\\\/\\\/bodur.com.tr\\\/bilgi-guvenligi-politikasi#breadcrumb\",\"itemListElement\":[{\"@type\":\"ListItem\",\"position\":1,\"name\":\"Anasayfa\",\"item\":\"https:\\\/\\\/bodur.com.tr\\\/\"},{\"@type\":\"ListItem\",\"position\":2,\"name\":\"Bilgi G\u00fcvenli\u011fi Politikas\u0131\"}]},{\"@type\":\"WebSite\",\"@id\":\"https:\\\/\\\/bodur.com.tr\\\/#website\",\"url\":\"https:\\\/\\\/bodur.com.tr\\\/\",\"name\":\"Bodur End\u00fcstriyel\",\"description\":\"\",\"publisher\":{\"@id\":\"https:\\\/\\\/bodur.com.tr\\\/#organization\"},\"potentialAction\":[{\"@type\":\"SearchAction\",\"target\":{\"@type\":\"EntryPoint\",\"urlTemplate\":\"https:\\\/\\\/bodur.com.tr\\\/?s={search_term_string}\"},\"query-input\":{\"@type\":\"PropertyValueSpecification\",\"valueRequired\":true,\"valueName\":\"search_term_string\"}}],\"inLanguage\":\"el\"},{\"@type\":\"Organization\",\"@id\":\"https:\\\/\\\/bodur.com.tr\\\/#organization\",\"name\":\"Bodur End\u00fcstriyel\",\"url\":\"https:\\\/\\\/bodur.com.tr\\\/\",\"logo\":{\"@type\":\"ImageObject\",\"inLanguage\":\"el\",\"@id\":\"https:\\\/\\\/bodur.com.tr\\\/#\\\/schema\\\/logo\\\/image\\\/\",\"url\":\"https:\\\/\\\/bodur.com.tr\\\/wp-content\\\/uploads\\\/51834268_258721005017375_5556593430731161600_n.jpg\",\"contentUrl\":\"https:\\\/\\\/bodur.com.tr\\\/wp-content\\\/uploads\\\/51834268_258721005017375_5556593430731161600_n.jpg\",\"width\":320,\"height\":320,\"caption\":\"Bodur End\u00fcstriyel\"},\"image\":{\"@id\":\"https:\\\/\\\/bodur.com.tr\\\/#\\\/schema\\\/logo\\\/image\\\/\"},\"sameAs\":[\"https:\\\/\\\/www.facebook.com\\\/bodurendustriyel\",\"https:\\\/\\\/www.instagram.com\\\/bodurendustriyel\\\/\",\"https:\\\/\\\/www.youtube.com\\\/user\\\/harunbodur\"]}]}<\/script>\n<!-- \/ Yoast SEO plugin. -->","yoast_head_json":{"title":"\u03a0\u03bf\u03bb\u03b9\u03c4\u03b9\u03ba\u03ae \u0391\u03c3\u03c6\u03ac\u03bb\u03b5\u03b9\u03b1\u03c2 \u03a0\u03bb\u03b7\u03c1\u03bf\u03c6\u03bf\u03c1\u03b9\u03ce\u03bd","robots":{"index":"index","follow":"follow","max-snippet":"max-snippet:-1","max-image-preview":"max-image-preview:large","max-video-preview":"max-video-preview:-1"},"canonical":"https:\/\/bodur.com.tr\/el\/\u03c0\u03bf\u03bb\u03b9\u03c4\u03b9\u03ba\u03ae-\u03b1\u03c3\u03c6\u03ac\u03bb\u03b5\u03b9\u03b1\u03c2-\u03c0\u03bb\u03b7\u03c1\u03bf\u03c6\u03bf\u03c1\u03b9\u03ce\u03bd\/","og_locale":"el_GR","og_type":"article","og_title":"Bilgi G\u00fcvenli\u011fi Politikas\u0131","og_description":"B\u0130LG\u0130 G\u00dcVENL\u0130\u011e\u0130 POL\u0130T\u0130KAMIZ Bodur Kabin Sistemleri Limited \u015eirketi, kendi sekt\u00f6r\u00fcnde \u00fcr\u00fcn ve hizmet kalitesiyle olu\u015fturdu\u011fu g\u00fcvenin s\u00fcreklili\u011fini sa\u011flamay\u0131 ilke edinerek;","og_url":"https:\/\/bodur.com.tr\/el\/\u03c0\u03bf\u03bb\u03b9\u03c4\u03b9\u03ba\u03ae-\u03b1\u03c3\u03c6\u03ac\u03bb\u03b5\u03b9\u03b1\u03c2-\u03c0\u03bb\u03b7\u03c1\u03bf\u03c6\u03bf\u03c1\u03b9\u03ce\u03bd\/","og_site_name":"Bodur End\u00fcstriyel","article_publisher":"https:\/\/www.facebook.com\/bodurendustriyel","article_modified_time":"2025-06-22T13:49:02+00:00","twitter_card":"summary_large_image","schema":{"@context":"https:\/\/schema.org","@graph":[{"@type":"WebPage","@id":"https:\/\/bodur.com.tr\/bilgi-guvenligi-politikasi","url":"https:\/\/bodur.com.tr\/bilgi-guvenligi-politikasi","name":"\u03a0\u03bf\u03bb\u03b9\u03c4\u03b9\u03ba\u03ae \u0391\u03c3\u03c6\u03ac\u03bb\u03b5\u03b9\u03b1\u03c2 \u03a0\u03bb\u03b7\u03c1\u03bf\u03c6\u03bf\u03c1\u03b9\u03ce\u03bd","isPartOf":{"@id":"https:\/\/bodur.com.tr\/#website"},"datePublished":"2025-05-18T16:07:35+00:00","dateModified":"2025-06-22T13:49:02+00:00","breadcrumb":{"@id":"https:\/\/bodur.com.tr\/bilgi-guvenligi-politikasi#breadcrumb"},"inLanguage":"el","potentialAction":[{"@type":"ReadAction","target":["https:\/\/bodur.com.tr\/bilgi-guvenligi-politikasi"]}]},{"@type":"BreadcrumbList","@id":"https:\/\/bodur.com.tr\/bilgi-guvenligi-politikasi#breadcrumb","itemListElement":[{"@type":"ListItem","position":1,"name":"Anasayfa","item":"https:\/\/bodur.com.tr\/"},{"@type":"ListItem","position":2,"name":"Bilgi G\u00fcvenli\u011fi Politikas\u0131"}]},{"@type":"WebSite","@id":"https:\/\/bodur.com.tr\/#website","url":"https:\/\/bodur.com.tr\/","name":"\u0392\u03b9\u03bf\u03bc\u03b7\u03c7\u03b1\u03bd\u03b9\u03ba\u03ae \u039c\u03c0\u03bf\u03bd\u03c4\u03bf\u03cd\u03c1","description":"","publisher":{"@id":"https:\/\/bodur.com.tr\/#organization"},"potentialAction":[{"@type":"SearchAction","target":{"@type":"EntryPoint","urlTemplate":"https:\/\/bodur.com.tr\/?s={search_term_string}"},"query-input":{"@type":"PropertyValueSpecification","valueRequired":true,"valueName":"search_term_string"}}],"inLanguage":"el"},{"@type":"Organization","@id":"https:\/\/bodur.com.tr\/#organization","name":"\u0392\u03b9\u03bf\u03bc\u03b7\u03c7\u03b1\u03bd\u03b9\u03ba\u03ae \u039c\u03c0\u03bf\u03bd\u03c4\u03bf\u03cd\u03c1","url":"https:\/\/bodur.com.tr\/","logo":{"@type":"ImageObject","inLanguage":"el","@id":"https:\/\/bodur.com.tr\/#\/schema\/logo\/image\/","url":"https:\/\/bodur.com.tr\/wp-content\/uploads\/51834268_258721005017375_5556593430731161600_n.jpg","contentUrl":"https:\/\/bodur.com.tr\/wp-content\/uploads\/51834268_258721005017375_5556593430731161600_n.jpg","width":320,"height":320,"caption":"Bodur End\u00fcstriyel"},"image":{"@id":"https:\/\/bodur.com.tr\/#\/schema\/logo\/image\/"},"sameAs":["https:\/\/www.facebook.com\/bodurendustriyel","https:\/\/www.instagram.com\/bodurendustriyel\/","https:\/\/www.youtube.com\/user\/harunbodur"]}]}},"_links":{"self":[{"href":"https:\/\/bodur.com.tr\/el\/wp-json\/wp\/v2\/pages\/21467","targetHints":{"allow":["GET"]}}],"collection":[{"href":"https:\/\/bodur.com.tr\/el\/wp-json\/wp\/v2\/pages"}],"about":[{"href":"https:\/\/bodur.com.tr\/el\/wp-json\/wp\/v2\/types\/page"}],"author":[{"embeddable":true,"href":"https:\/\/bodur.com.tr\/el\/wp-json\/wp\/v2\/users\/1"}],"replies":[{"embeddable":true,"href":"https:\/\/bodur.com.tr\/el\/wp-json\/wp\/v2\/comments?post=21467"}],"version-history":[{"count":0,"href":"https:\/\/bodur.com.tr\/el\/wp-json\/wp\/v2\/pages\/21467\/revisions"}],"wp:attachment":[{"href":"https:\/\/bodur.com.tr\/el\/wp-json\/wp\/v2\/media?parent=21467"}],"curies":[{"name":"wp","href":"https:\/\/api.w.org\/{rel}","templated":true}]}}