{"id":1054,"date":"2014-08-28T00:00:00","date_gmt":"2014-08-27T21:00:00","guid":{"rendered":"https:\/\/bodur.com.tr\/urun\/bilgisayar-kabini-2"},"modified":"2025-09-24T09:21:31","modified_gmt":"2025-09-24T06:21:31","slug":"computerschrank-3","status":"publish","type":"product","link":"https:\/\/bodur.com.tr\/de\/shop\/bilgisayar-kabini-2\/","title":{"rendered":"Computerschrank BD.36.34.25"},"content":{"rendered":"<ul>\n<li>0,80 mm DKP-Blechmaterial.<\/li>\n<li>Abmessungen: H1380xB620xT570 mm.<\/li>\n<li>Elektrostatische Pulverbeschichtung (E\/P)<\/li>\n<li>Silbergrau (RAL 7001) \u2013 Farboption.<\/li>\n<li>Zylinderschloss (mit Doppelschl\u00fcssel)<\/li>\n<li>Dieser Monitor ist f\u00fcr 14- bis 21-Zoll-LCD-Monitore geeignet.<\/li>\n<\/ul>","protected":false},"excerpt":{"rendered":"<ul>\n<li>Robustes und langlebiges Geh\u00e4use in vollst\u00e4ndig verschwei\u00dfter Konstruktion.<\/li>\n<li>Abmessungen: H1380xB620xT570 mm.<\/li>\n<li>Geeignet f\u00fcr den industriellen Einsatz.<\/li>\n<li>Es ist resistent gegen Staub, Feuchtigkeit und St\u00f6\u00dfe.<\/li>\n<li>F\u00fcr maximale Sicherheit sind alle Schubladen und T\u00fcren abschlie\u00dfbar.<\/li>\n<li>Die Schubladen verwenden Vollausz\u00fcge (Teleskopschienen) in Industriequalit\u00e4t.<\/li>\n<li>Die Schublade verf\u00fcgt \u00fcber eine Ablage, auf der eine Tastatur platziert werden kann.<\/li>\n<li>Es gibt L\u00fcftungsschlitze.<\/li>\n<li>Die Monitorabdeckung besteht aus bruchsicherem, 3 mm dickem, transparentem Plexiglas.<\/li>\n<li>\u00dcberdachte Kabelrinnen sind an verschiedenen Standorten erh\u00e4ltlich.<\/li>\n<li>Monitorausrichtungsmechanismus (links-rechts, oben-unten, vorw\u00e4rts-r\u00fcckw\u00e4rts)<\/li>\n<li>Zubeh\u00f6rteile lassen sich leicht abnehmen und wieder anbringen.<\/li>\n<\/ul>","protected":false},"featured_media":41030,"template":"","meta":[],"product_brand":[],"product_cat":[26],"product_tag":[],"class_list":{"0":"post-1054","1":"product","2":"type-product","3":"status-publish","4":"has-post-thumbnail","6":"product_cat-bilgisayar-kabinleri","8":"first","9":"instock","10":"shipping-taxable","11":"product-type-simple"},"yoast_head":"<!-- This site is optimized with the Yoast SEO plugin v27.4 - https:\/\/yoast.com\/product\/yoast-seo-wordpress\/ -->\n<title>Bilgisayar Kabini BD.36.34.25<\/title>\n<meta name=\"robots\" content=\"index, follow, max-snippet:-1, max-image-preview:large, max-video-preview:-1\" \/>\n<link rel=\"canonical\" href=\"https:\/\/bodur.com.tr\/de\/product\/computerschrank-3\/\" \/>\n<meta property=\"og:locale\" content=\"de_DE\" \/>\n<meta property=\"og:type\" content=\"article\" \/>\n<meta property=\"og:title\" content=\"Bilgisayar Kabini BD.36.34.25\" \/>\n<meta property=\"og:description\" content=\"Komple kaynakl\u0131 g\u00fc\u00e7l\u00fc ve dayan\u0131kl\u0131 g\u00f6vde  H1380xW620xD570 mm \u00f6l\u00e7\u00fclerinde.  End\u00fcstriyel kullan\u0131m i\u00e7in uygundur.  Toz, nem ve darbelere kar\u015f\u0131 dayan\u0131kl\u0131d\u0131r.  Tam g\u00fcvenlik i\u00e7in t\u00fcm \u00e7ekmece ve kapaklar kilitlidir  \u00c7ekmecelerde tam a\u00e7\u0131l\u0131ml\u0131 (teleskopik) sanayi tipi raylar kullan\u0131lmaktad\u0131r.  \u00c7ekmece i\u00e7inde klavye koyulabilmesi i\u00e7in tabla mevcuttur.  Havaland\u0131rma menfezleri vard\u0131r.  Monit\u00f6r kapa\u011f\u0131 k\u0131r\u0131lmaz 3 mm \u015feffaf plexiglass malzemeden yap\u0131lm\u0131\u015ft\u0131r.  Muhtelif yerlerde kapakl\u0131 kablo ge\u00e7i\u015f kanallar\u0131 mevcuttur.  Monit\u00f6r hizalama mekanizmas\u0131 (sa\u011fa-sola, a\u015fa\u011f\u0131-yukar\u0131, ileri-geri)  Akseuarlar kolayca s\u00f6k\u00fcl\u00fcp tak\u0131labilir \u00f6zelliktedir.\" \/>\n<meta property=\"og:url\" content=\"https:\/\/bodur.com.tr\/de\/product\/computerschrank-3\/\" \/>\n<meta property=\"og:site_name\" content=\"Bodur End\u00fcstriyel\" \/>\n<meta property=\"article:publisher\" content=\"https:\/\/www.facebook.com\/bodurendustriyel\" \/>\n<meta property=\"article:modified_time\" content=\"2025-09-24T06:21:31+00:00\" \/>\n<meta property=\"og:image\" content=\"https:\/\/bodur.com.tr\/wp-content\/uploads\/BD363425_Bilgisayar_Kabini_H1380xW620xD570_01.jpg\" \/>\n\t<meta property=\"og:image:width\" content=\"2480\" \/>\n\t<meta property=\"og:image:height\" content=\"2480\" \/>\n\t<meta property=\"og:image:type\" content=\"image\/jpeg\" \/>\n<meta name=\"twitter:card\" content=\"summary_large_image\" \/>\n<script type=\"application\/ld+json\" class=\"yoast-schema-graph\">{\"@context\":\"https:\\\/\\\/schema.org\",\"@graph\":[{\"@type\":\"WebPage\",\"@id\":\"https:\\\/\\\/bodur.com.tr\\\/urun\\\/bilgisayar-kabini-2\\\/\",\"url\":\"https:\\\/\\\/bodur.com.tr\\\/urun\\\/bilgisayar-kabini-2\\\/\",\"name\":\"Bilgisayar Kabini BD.36.34.25\",\"isPartOf\":{\"@id\":\"https:\\\/\\\/bodur.com.tr\\\/#website\"},\"primaryImageOfPage\":{\"@id\":\"https:\\\/\\\/bodur.com.tr\\\/urun\\\/bilgisayar-kabini-2\\\/#primaryimage\"},\"image\":{\"@id\":\"https:\\\/\\\/bodur.com.tr\\\/urun\\\/bilgisayar-kabini-2\\\/#primaryimage\"},\"thumbnailUrl\":\"https:\\\/\\\/bodur.com.tr\\\/wp-content\\\/uploads\\\/BD363425_Bilgisayar_Kabini_H1380xW620xD570_01.jpg\",\"datePublished\":\"2014-08-27T21:00:00+00:00\",\"dateModified\":\"2025-09-24T06:21:31+00:00\",\"breadcrumb\":{\"@id\":\"https:\\\/\\\/bodur.com.tr\\\/urun\\\/bilgisayar-kabini-2\\\/#breadcrumb\"},\"inLanguage\":\"de\",\"potentialAction\":[{\"@type\":\"ReadAction\",\"target\":[\"https:\\\/\\\/bodur.com.tr\\\/urun\\\/bilgisayar-kabini-2\\\/\"]}]},{\"@type\":\"ImageObject\",\"inLanguage\":\"de\",\"@id\":\"https:\\\/\\\/bodur.com.tr\\\/urun\\\/bilgisayar-kabini-2\\\/#primaryimage\",\"url\":\"https:\\\/\\\/bodur.com.tr\\\/wp-content\\\/uploads\\\/BD363425_Bilgisayar_Kabini_H1380xW620xD570_01.jpg\",\"contentUrl\":\"https:\\\/\\\/bodur.com.tr\\\/wp-content\\\/uploads\\\/BD363425_Bilgisayar_Kabini_H1380xW620xD570_01.jpg\",\"width\":2480,\"height\":2480,\"caption\":\"BD363425_Bilgisayar_Kabini_(H1380xW620xD570)_01\"},{\"@type\":\"BreadcrumbList\",\"@id\":\"https:\\\/\\\/bodur.com.tr\\\/urun\\\/bilgisayar-kabini-2\\\/#breadcrumb\",\"itemListElement\":[{\"@type\":\"ListItem\",\"position\":1,\"name\":\"Anasayfa\",\"item\":\"https:\\\/\\\/bodur.com.tr\\\/ar\\\/\"},{\"@type\":\"ListItem\",\"position\":2,\"name\":\"\u00dcr\u00fcnler\",\"item\":\"https:\\\/\\\/bodur.com.tr\\\/magaza\"},{\"@type\":\"ListItem\",\"position\":3,\"name\":\"Bilgisayar Kabini BD.36.34.25\"}]},{\"@type\":\"WebSite\",\"@id\":\"https:\\\/\\\/bodur.com.tr\\\/#website\",\"url\":\"https:\\\/\\\/bodur.com.tr\\\/\",\"name\":\"Bodur End\u00fcstriyel\",\"description\":\"\",\"publisher\":{\"@id\":\"https:\\\/\\\/bodur.com.tr\\\/#organization\"},\"potentialAction\":[{\"@type\":\"SearchAction\",\"target\":{\"@type\":\"EntryPoint\",\"urlTemplate\":\"https:\\\/\\\/bodur.com.tr\\\/?s={search_term_string}\"},\"query-input\":{\"@type\":\"PropertyValueSpecification\",\"valueRequired\":true,\"valueName\":\"search_term_string\"}}],\"inLanguage\":\"de\"},{\"@type\":\"Organization\",\"@id\":\"https:\\\/\\\/bodur.com.tr\\\/#organization\",\"name\":\"Bodur End\u00fcstriyel\",\"url\":\"https:\\\/\\\/bodur.com.tr\\\/\",\"logo\":{\"@type\":\"ImageObject\",\"inLanguage\":\"de\",\"@id\":\"https:\\\/\\\/bodur.com.tr\\\/#\\\/schema\\\/logo\\\/image\\\/\",\"url\":\"https:\\\/\\\/bodur.com.tr\\\/wp-content\\\/uploads\\\/51834268_258721005017375_5556593430731161600_n.jpg\",\"contentUrl\":\"https:\\\/\\\/bodur.com.tr\\\/wp-content\\\/uploads\\\/51834268_258721005017375_5556593430731161600_n.jpg\",\"width\":320,\"height\":320,\"caption\":\"Bodur End\u00fcstriyel\"},\"image\":{\"@id\":\"https:\\\/\\\/bodur.com.tr\\\/#\\\/schema\\\/logo\\\/image\\\/\"},\"sameAs\":[\"https:\\\/\\\/www.facebook.com\\\/bodurendustriyel\",\"https:\\\/\\\/www.instagram.com\\\/bodurendustriyel\\\/\",\"https:\\\/\\\/www.youtube.com\\\/user\\\/harunbodur\"]}]}<\/script>\n<!-- \/ Yoast SEO plugin. -->","yoast_head_json":{"title":"Computerschrank BD.36.34.25","robots":{"index":"index","follow":"follow","max-snippet":"max-snippet:-1","max-image-preview":"max-image-preview:large","max-video-preview":"max-video-preview:-1"},"canonical":"https:\/\/bodur.com.tr\/de\/product\/computerschrank-3\/","og_locale":"de_DE","og_type":"article","og_title":"Bilgisayar Kabini BD.36.34.25","og_description":"Komple kaynakl\u0131 g\u00fc\u00e7l\u00fc ve dayan\u0131kl\u0131 g\u00f6vde  H1380xW620xD570 mm \u00f6l\u00e7\u00fclerinde.  End\u00fcstriyel kullan\u0131m i\u00e7in uygundur.  Toz, nem ve darbelere kar\u015f\u0131 dayan\u0131kl\u0131d\u0131r.  Tam g\u00fcvenlik i\u00e7in t\u00fcm \u00e7ekmece ve kapaklar kilitlidir  \u00c7ekmecelerde tam a\u00e7\u0131l\u0131ml\u0131 (teleskopik) sanayi tipi raylar kullan\u0131lmaktad\u0131r.  \u00c7ekmece i\u00e7inde klavye koyulabilmesi i\u00e7in tabla mevcuttur.  Havaland\u0131rma menfezleri vard\u0131r.  Monit\u00f6r kapa\u011f\u0131 k\u0131r\u0131lmaz 3 mm \u015feffaf plexiglass malzemeden yap\u0131lm\u0131\u015ft\u0131r.  Muhtelif yerlerde kapakl\u0131 kablo ge\u00e7i\u015f kanallar\u0131 mevcuttur.  Monit\u00f6r hizalama mekanizmas\u0131 (sa\u011fa-sola, a\u015fa\u011f\u0131-yukar\u0131, ileri-geri)  Akseuarlar kolayca s\u00f6k\u00fcl\u00fcp tak\u0131labilir \u00f6zelliktedir.","og_url":"https:\/\/bodur.com.tr\/de\/product\/computerschrank-3\/","og_site_name":"Bodur End\u00fcstriyel","article_publisher":"https:\/\/www.facebook.com\/bodurendustriyel","article_modified_time":"2025-09-24T06:21:31+00:00","og_image":[{"width":2480,"height":2480,"url":"https:\/\/bodur.com.tr\/wp-content\/uploads\/BD363425_Bilgisayar_Kabini_H1380xW620xD570_01.jpg","type":"image\/jpeg"}],"twitter_card":"summary_large_image","schema":{"@context":"https:\/\/schema.org","@graph":[{"@type":"WebPage","@id":"https:\/\/bodur.com.tr\/urun\/bilgisayar-kabini-2\/","url":"https:\/\/bodur.com.tr\/urun\/bilgisayar-kabini-2\/","name":"Computerschrank BD.36.34.25","isPartOf":{"@id":"https:\/\/bodur.com.tr\/#website"},"primaryImageOfPage":{"@id":"https:\/\/bodur.com.tr\/urun\/bilgisayar-kabini-2\/#primaryimage"},"image":{"@id":"https:\/\/bodur.com.tr\/urun\/bilgisayar-kabini-2\/#primaryimage"},"thumbnailUrl":"https:\/\/bodur.com.tr\/wp-content\/uploads\/BD363425_Bilgisayar_Kabini_H1380xW620xD570_01.jpg","datePublished":"2014-08-27T21:00:00+00:00","dateModified":"2025-09-24T06:21:31+00:00","breadcrumb":{"@id":"https:\/\/bodur.com.tr\/urun\/bilgisayar-kabini-2\/#breadcrumb"},"inLanguage":"de","potentialAction":[{"@type":"ReadAction","target":["https:\/\/bodur.com.tr\/urun\/bilgisayar-kabini-2\/"]}]},{"@type":"ImageObject","inLanguage":"de","@id":"https:\/\/bodur.com.tr\/urun\/bilgisayar-kabini-2\/#primaryimage","url":"https:\/\/bodur.com.tr\/wp-content\/uploads\/BD363425_Bilgisayar_Kabini_H1380xW620xD570_01.jpg","contentUrl":"https:\/\/bodur.com.tr\/wp-content\/uploads\/BD363425_Bilgisayar_Kabini_H1380xW620xD570_01.jpg","width":2480,"height":2480,"caption":"BD363425_Bilgisayar_Kabini_(H1380xW620xD570)_01"},{"@type":"BreadcrumbList","@id":"https:\/\/bodur.com.tr\/urun\/bilgisayar-kabini-2\/#breadcrumb","itemListElement":[{"@type":"ListItem","position":1,"name":"Anasayfa","item":"https:\/\/bodur.com.tr\/ar\/"},{"@type":"ListItem","position":2,"name":"\u00dcr\u00fcnler","item":"https:\/\/bodur.com.tr\/magaza"},{"@type":"ListItem","position":3,"name":"Bilgisayar Kabini BD.36.34.25"}]},{"@type":"WebSite","@id":"https:\/\/bodur.com.tr\/#website","url":"https:\/\/bodur.com.tr\/","name":"Bodur Industrial","description":"","publisher":{"@id":"https:\/\/bodur.com.tr\/#organization"},"potentialAction":[{"@type":"SearchAction","target":{"@type":"EntryPoint","urlTemplate":"https:\/\/bodur.com.tr\/?s={search_term_string}"},"query-input":{"@type":"PropertyValueSpecification","valueRequired":true,"valueName":"search_term_string"}}],"inLanguage":"de"},{"@type":"Organization","@id":"https:\/\/bodur.com.tr\/#organization","name":"Bodur Industrial","url":"https:\/\/bodur.com.tr\/","logo":{"@type":"ImageObject","inLanguage":"de","@id":"https:\/\/bodur.com.tr\/#\/schema\/logo\/image\/","url":"https:\/\/bodur.com.tr\/wp-content\/uploads\/51834268_258721005017375_5556593430731161600_n.jpg","contentUrl":"https:\/\/bodur.com.tr\/wp-content\/uploads\/51834268_258721005017375_5556593430731161600_n.jpg","width":320,"height":320,"caption":"Bodur End\u00fcstriyel"},"image":{"@id":"https:\/\/bodur.com.tr\/#\/schema\/logo\/image\/"},"sameAs":["https:\/\/www.facebook.com\/bodurendustriyel","https:\/\/www.instagram.com\/bodurendustriyel\/","https:\/\/www.youtube.com\/user\/harunbodur"]}]}},"_links":{"self":[{"href":"https:\/\/bodur.com.tr\/de\/wp-json\/wp\/v2\/product\/1054","targetHints":{"allow":["GET"]}}],"collection":[{"href":"https:\/\/bodur.com.tr\/de\/wp-json\/wp\/v2\/product"}],"about":[{"href":"https:\/\/bodur.com.tr\/de\/wp-json\/wp\/v2\/types\/product"}],"wp:featuredmedia":[{"embeddable":true,"href":"https:\/\/bodur.com.tr\/de\/wp-json\/wp\/v2\/media\/41030"}],"wp:attachment":[{"href":"https:\/\/bodur.com.tr\/de\/wp-json\/wp\/v2\/media?parent=1054"}],"wp:term":[{"taxonomy":"product_brand","embeddable":true,"href":"https:\/\/bodur.com.tr\/de\/wp-json\/wp\/v2\/product_brand?post=1054"},{"taxonomy":"product_cat","embeddable":true,"href":"https:\/\/bodur.com.tr\/de\/wp-json\/wp\/v2\/product_cat?post=1054"},{"taxonomy":"product_tag","embeddable":true,"href":"https:\/\/bodur.com.tr\/de\/wp-json\/wp\/v2\/product_tag?post=1054"}],"curies":[{"name":"wp","href":"https:\/\/api.w.org\/{rel}","templated":true}]}}