{"id":21473,"date":"2025-05-18T19:07:35","date_gmt":"2025-05-18T16:07:35","guid":{"rendered":"https:\/\/bodur.com.tr\/kalite-politikasi-2"},"modified":"2025-05-19T22:06:49","modified_gmt":"2025-05-19T19:06:49","slug":"qualitatspolitik","status":"publish","type":"page","link":"https:\/\/bodur.com.tr\/de\/kalite-politikasi","title":{"rendered":"Qualit\u00e4tspolitik"},"content":{"rendered":"<div data-elementor-type=\"wp-page\" data-elementor-id=\"21473\" class=\"elementor elementor-21473\" data-elementor-post-type=\"page\">\n\t\t\t\t<div class=\"elementor-element elementor-element-432de279 e-flex e-con-boxed e-con e-parent\" data-id=\"432de279\" data-element_type=\"container\" data-e-type=\"container\">\n\t\t\t\t\t<div class=\"e-con-inner\">\n\t\t<div class=\"elementor-element elementor-element-6a318dc0 e-con-full e-flex e-con e-child\" data-id=\"6a318dc0\" data-element_type=\"container\" data-e-type=\"container\">\n\t\t\t\t<div class=\"elementor-element elementor-element-3128a4b4 color-scheme-inherit text-left elementor-widget elementor-widget-text-editor\" data-id=\"3128a4b4\" data-element_type=\"widget\" data-e-type=\"widget\" data-widget_type=\"text-editor.default\">\n\t\t\t\t<div class=\"elementor-widget-container\">\n\t\t\t\t\t\t\t\t\t<p><span style=\"color: #0163a1;\"><strong>UNSERE QUALIT\u00c4TSPOLITIK<\/strong><\/span><\/p>\t\t\t\t\t\t\t\t<\/div>\n\t\t\t\t<\/div>\n\t\t\t\t<div class=\"elementor-element elementor-element-2d6dffdb color-scheme-inherit text-left elementor-widget elementor-widget-text-editor\" data-id=\"2d6dffdb\" data-element_type=\"widget\" data-e-type=\"widget\" data-widget_type=\"text-editor.default\">\n\t\t\t\t<div class=\"elementor-widget-container\">\n\t\t\t\t\t\t\t\t\t<h4><span style=\"color: #053f75;\"><strong>Bodur Industrial hat sich zum Ziel gesetzt, das Vertrauen, das das Unternehmen in seiner Branche aufgebaut hat, durch die Qualit\u00e4t seiner Produkte und Dienstleistungen zu erhalten;<\/strong><\/span><\/h4>\t\t\t\t\t\t\t\t<\/div>\n\t\t\t\t<\/div>\n\t\t\t\t<\/div>\n\t\t<div class=\"elementor-element elementor-element-425d036 e-con-full e-flex e-con e-child\" data-id=\"425d036\" data-element_type=\"container\" data-e-type=\"container\">\n\t\t\t\t<div class=\"elementor-element elementor-element-1281390c elementor-icon-list--layout-traditional elementor-list-item-link-full_width elementor-widget elementor-widget-icon-list\" data-id=\"1281390c\" data-element_type=\"widget\" data-e-type=\"widget\" data-widget_type=\"icon-list.default\">\n\t\t\t\t<div class=\"elementor-widget-container\">\n\t\t\t\t\t\t\t<ul class=\"elementor-icon-list-items\">\n\t\t\t\t\t\t\t<li class=\"elementor-icon-list-item\">\n\t\t\t\t\t\t\t\t\t\t\t<span class=\"elementor-icon-list-icon\">\n\t\t\t\t\t\t\t<svg aria-hidden=\"true\" class=\"e-font-icon-svg e-fas-chevron-circle-right\" viewbox=\"0 0 512 512\" xmlns=\"http:\/\/www.w3.org\/2000\/svg\"><path d=\"M256 8c137 0 248 111 248 248S393 504 256 504 8 393 8 256 119 8 256 8zm113.9 231L234.4 103.5c-9.4-9.4-24.6-9.4-33.9 0l-17 17c-9.4 9.4-9.4 24.6 0 33.9L285.1 256 183.5 357.6c-9.4 9.4-9.4 24.6 0 33.9l17 17c9.4 9.4 24.6 9.4 33.9 0L369.9 273c9.4-9.4 9.4-24.6 0-34z\"><\/path><\/svg>\t\t\t\t\t\t<\/span>\n\t\t\t\t\t\t\t\t\t\t<span class=\"elementor-icon-list-text\">Um eine kontinuierliche Kundenzufriedenheit zu gew\u00e4hrleisten,<\/span>\n\t\t\t\t\t\t\t\t\t<\/li>\n\t\t\t\t\t\t\t\t<li class=\"elementor-icon-list-item\">\n\t\t\t\t\t\t\t\t\t\t\t<span class=\"elementor-icon-list-icon\">\n\t\t\t\t\t\t\t<svg aria-hidden=\"true\" class=\"e-font-icon-svg e-fas-chevron-circle-right\" viewbox=\"0 0 512 512\" xmlns=\"http:\/\/www.w3.org\/2000\/svg\"><path d=\"M256 8c137 0 248 111 248 248S393 504 256 504 8 393 8 256 119 8 256 8zm113.9 231L234.4 103.5c-9.4-9.4-24.6-9.4-33.9 0l-17 17c-9.4 9.4-9.4 24.6 0 33.9L285.1 256 183.5 357.6c-9.4 9.4-9.4 24.6 0 33.9l17 17c9.4 9.4 24.6 9.4 33.9 0L369.9 273c9.4-9.4 9.4-24.6 0-34z\"><\/path><\/svg>\t\t\t\t\t\t<\/span>\n\t\t\t\t\t\t\t\t\t\t<span class=\"elementor-icon-list-text\">Die Entwicklungen im Zusammenhang mit Fabriken und Servicebereichen weltweit genau zu beobachten und umzusetzen und sie auf den Markt zu bringen.,<\/span>\n\t\t\t\t\t\t\t\t\t<\/li>\n\t\t\t\t\t\t\t\t<li class=\"elementor-icon-list-item\">\n\t\t\t\t\t\t\t\t\t\t\t<span class=\"elementor-icon-list-icon\">\n\t\t\t\t\t\t\t<svg aria-hidden=\"true\" class=\"e-font-icon-svg e-fas-chevron-circle-right\" viewbox=\"0 0 512 512\" xmlns=\"http:\/\/www.w3.org\/2000\/svg\"><path d=\"M256 8c137 0 248 111 248 248S393 504 256 504 8 393 8 256 119 8 256 8zm113.9 231L234.4 103.5c-9.4-9.4-24.6-9.4-33.9 0l-17 17c-9.4 9.4-9.4 24.6 0 33.9L285.1 256 183.5 357.6c-9.4 9.4-9.4 24.6 0 33.9l17 17c9.4 9.4 24.6 9.4 33.9 0L369.9 273c9.4-9.4 9.4-24.6 0-34z\"><\/path><\/svg>\t\t\t\t\t\t<\/span>\n\t\t\t\t\t\t\t\t\t\t<span class=\"elementor-icon-list-text\">Um die Zahl zufriedener und vertrauensvoller Kunden zu erh\u00f6hen und die Qualit\u00e4t unserer Dienstleistungen zu verbessern, setzen wir uns f\u00fcr die kontinuierliche Weiterbildung unserer Mitarbeiter im gewerblichen und kaufm\u00e4nnischen Bereich ein.,<\/span>\n\t\t\t\t\t\t\t\t\t<\/li>\n\t\t\t\t\t\t\t\t<li class=\"elementor-icon-list-item\">\n\t\t\t\t\t\t\t\t\t\t\t<span class=\"elementor-icon-list-icon\">\n\t\t\t\t\t\t\t<svg aria-hidden=\"true\" class=\"e-font-icon-svg e-fas-chevron-circle-right\" viewbox=\"0 0 512 512\" xmlns=\"http:\/\/www.w3.org\/2000\/svg\"><path d=\"M256 8c137 0 248 111 248 248S393 504 256 504 8 393 8 256 119 8 256 8zm113.9 231L234.4 103.5c-9.4-9.4-24.6-9.4-33.9 0l-17 17c-9.4 9.4-9.4 24.6 0 33.9L285.1 256 183.5 357.6c-9.4 9.4-9.4 24.6 0 33.9l17 17c9.4 9.4 24.6 9.4 33.9 0L369.9 273c9.4-9.4 9.4-24.6 0-34z\"><\/path><\/svg>\t\t\t\t\t\t<\/span>\n\t\t\t\t\t\t\t\t\t\t<span class=\"elementor-icon-list-text\">Unser Ziel ist es nicht nur, unsere aktuelle Situation und unser Qualit\u00e4tssystem aufrechtzuerhalten, sondern auch die kontinuierliche Verbesserung in jeder Phase als unsere grundlegende Philosophie zu verinnerlichen.,<\/span>\n\t\t\t\t\t\t\t\t\t<\/li>\n\t\t\t\t\t\t\t\t<li class=\"elementor-icon-list-item\">\n\t\t\t\t\t\t\t\t\t\t\t<span class=\"elementor-icon-list-icon\">\n\t\t\t\t\t\t\t<svg aria-hidden=\"true\" class=\"e-font-icon-svg e-fas-chevron-circle-right\" viewbox=\"0 0 512 512\" xmlns=\"http:\/\/www.w3.org\/2000\/svg\"><path d=\"M256 8c137 0 248 111 248 248S393 504 256 504 8 393 8 256 119 8 256 8zm113.9 231L234.4 103.5c-9.4-9.4-24.6-9.4-33.9 0l-17 17c-9.4 9.4-9.4 24.6 0 33.9L285.1 256 183.5 357.6c-9.4 9.4-9.4 24.6 0 33.9l17 17c9.4 9.4 24.6 9.4 33.9 0L369.9 273c9.4-9.4 9.4-24.6 0-34z\"><\/path><\/svg>\t\t\t\t\t\t<\/span>\n\t\t\t\t\t\t\t\t\t\t<span class=\"elementor-icon-list-text\">Unser Ziel ist es, f\u00fcr beide Seiten vorteilhafte Beziehungen zu unseren Gesch\u00e4ftspartnern und Lieferanten aufzubauen.,<\/span>\n\t\t\t\t\t\t\t\t\t<\/li>\n\t\t\t\t\t\t\t\t<li class=\"elementor-icon-list-item\">\n\t\t\t\t\t\t\t\t\t\t<span class=\"elementor-icon-list-text\">Wir verpflichten uns, die Anforderungen des Qualit\u00e4tsmanagementsystems stets einzuhalten.<\/span>\n\t\t\t\t\t\t\t\t\t<\/li>\n\t\t\t\t\t\t<\/ul>\n\t\t\t\t\t\t<\/div>\n\t\t\t\t<\/div>\n\t\t\t\t<\/div>\n\t\t\t\t\t<\/div>\n\t\t\t\t<\/div>\n\t\t<div class=\"elementor-element elementor-element-7d7e73cb wd-section-stretch e-flex e-con-boxed e-con e-parent\" data-id=\"7d7e73cb\" data-element_type=\"container\" data-e-type=\"container\" data-settings=\"{&quot;background_background&quot;:&quot;classic&quot;}\">\n\t\t\t\t\t<div class=\"e-con-inner\">\n\t\t<div class=\"elementor-element elementor-element-be674c6 e-con-full e-flex e-con e-child\" data-id=\"be674c6\" data-element_type=\"container\" data-e-type=\"container\">\n\t\t\t\t<div class=\"elementor-element elementor-element-5708ab74 color-scheme-inherit text-left elementor-widget elementor-widget-text-editor\" data-id=\"5708ab74\" data-element_type=\"widget\" data-e-type=\"widget\" data-widget_type=\"text-editor.default\">\n\t\t\t\t<div class=\"elementor-widget-container\">\n\t\t\t\t\t\t\t\t\t<p><strong><span style=\"color: #0163a0;\">Unsere Vision<\/span><\/strong><\/p>\t\t\t\t\t\t\t\t<\/div>\n\t\t\t\t<\/div>\n\t\t\t\t<div class=\"elementor-element elementor-element-2f77c4d9 color-scheme-inherit text-left elementor-widget elementor-widget-text-editor\" data-id=\"2f77c4d9\" data-element_type=\"widget\" data-e-type=\"widget\" data-widget_type=\"text-editor.default\">\n\t\t\t\t<div class=\"elementor-widget-container\">\n\t\t\t\t\t\t\t\t\t<p>Bodur Industrial hat sich mit seinem sich st\u00e4ndig weiterentwickelnden Produktportfolio und dem wachsenden Leistungsspektrum den Grundsatz zu eigen gemacht, innovative und effektive L\u00f6sungen f\u00fcr alle Bed\u00fcrfnisse seiner Branche anzubieten und dabei stets die Kundenzufriedenheit in den Vordergrund zu stellen.<\/p><p>Mit seinem auf Qualit\u00e4t, Vertrauen und Nachhaltigkeit basierenden Ansatz hat sich unser Unternehmen zum Ziel gesetzt, eine Infrastruktur zu schaffen, die nicht nur den heutigen, sondern auch den zuk\u00fcnftigen Bed\u00fcrfnissen gerecht wird, und verfolgt die Vision, eine f\u00fchrende und beispielhafte Marke in seinem Bereich zu werden.<\/p>\t\t\t\t\t\t\t\t<\/div>\n\t\t\t\t<\/div>\n\t\t\t\t<\/div>\n\t\t<div class=\"elementor-element elementor-element-344e3a92 e-con-full e-flex e-con e-child\" data-id=\"344e3a92\" data-element_type=\"container\" data-e-type=\"container\">\n\t\t\t\t<div class=\"elementor-element elementor-element-462feb32 elementor-widget elementor-widget-image\" data-id=\"462feb32\" data-element_type=\"widget\" data-e-type=\"widget\" data-widget_type=\"image.default\">\n\t\t\t\t<div class=\"elementor-widget-container\">\n\t\t\t\t\t\t\t\t\t\t\t\t\t\t\t<img loading=\"lazy\" decoding=\"async\" width=\"390\" height=\"599\" src=\"https:\/\/bodur.com.tr\/wp-content\/uploads\/vizyon-misyon.png\" class=\"attachment-full size-full wp-image-13990\" alt=\"Vision Mission\" srcset=\"https:\/\/bodur.com.tr\/wp-content\/uploads\/vizyon-misyon.png 390w, https:\/\/bodur.com.tr\/wp-content\/uploads\/vizyon-misyon-150x230.png 150w, https:\/\/bodur.com.tr\/wp-content\/uploads\/vizyon-misyon-195x300.png 195w\" sizes=\"auto, (max-width: 390px) 100vw, 390px\" \/>\t\t\t\t\t\t\t\t\t\t\t\t\t\t\t<\/div>\n\t\t\t\t<\/div>\n\t\t\t\t<\/div>\n\t\t<div class=\"elementor-element elementor-element-274f39ce e-con-full e-flex e-con e-child\" data-id=\"274f39ce\" data-element_type=\"container\" data-e-type=\"container\">\n\t\t\t\t<div class=\"elementor-element elementor-element-872d3a color-scheme-inherit text-left elementor-widget elementor-widget-text-editor\" data-id=\"872d3a\" data-element_type=\"widget\" data-e-type=\"widget\" data-widget_type=\"text-editor.default\">\n\t\t\t\t<div class=\"elementor-widget-container\">\n\t\t\t\t\t\t\t\t\t<p><strong><span style=\"color: #0163a0;\">Unsere Mission<\/span><\/strong><\/p>\t\t\t\t\t\t\t\t<\/div>\n\t\t\t\t<\/div>\n\t\t\t\t<div class=\"elementor-element elementor-element-437515f6 color-scheme-inherit text-left elementor-widget elementor-widget-text-editor\" data-id=\"437515f6\" data-element_type=\"widget\" data-e-type=\"widget\" data-widget_type=\"text-editor.default\">\n\t\t\t\t<div class=\"elementor-widget-container\">\n\t\t\t\t\t\t\t\t\t<p>Bodur Industrial hat sich zum Ziel gesetzt, innovative und nachhaltige L\u00f6sungen zu entwickeln, die auf die Bed\u00fcrfnisse seiner Kunden und Gesch\u00e4ftspartner zugeschnitten sind; dauerhafte Kundenzufriedenheit zu gew\u00e4hrleisten; und bei seinen Produkten und Dienstleistungen ein H\u00f6chstma\u00df an Preis-Leistungs-Verh\u00e4ltnis zu bieten.<\/p><p>Durch die enge Verzahnung mit technologischen Entwicklungen strebt das Unternehmen kontinuierliches Wachstum, eine schnelle Anpassung an branchenspezifische Entwicklungen, die F\u00f6rderung der Mitarbeiterentwicklung und den Aufbau langfristiger Kooperationen an und wahrt dabei in all seinen Aktivit\u00e4ten ethische Werte.<\/p>\t\t\t\t\t\t\t\t<\/div>\n\t\t\t\t<\/div>\n\t\t\t\t<\/div>\n\t\t\t\t\t<\/div>\n\t\t\t\t<\/div>\n\t\t\t\t<\/div>","protected":false},"excerpt":{"rendered":"<p>UNSERE QUALIT\u00c4TSPOLITIK Bodur Industrial hat sich dem Grundsatz verschrieben, das in seiner Branche aufgebaute Vertrauen durch die Qualit\u00e4t seiner Produkte und Dienstleistungen zu sichern und kontinuierliche Kundenzufriedenheit zu gew\u00e4hrleisten.,<\/p>","protected":false},"author":1,"featured_media":0,"parent":0,"menu_order":0,"comment_status":"closed","ping_status":"closed","template":"","meta":{"footnotes":""},"class_list":["post-21473","page","type-page","status-publish","hentry"],"yoast_head":"<!-- This site is optimized with the Yoast SEO plugin v27.4 - https:\/\/yoast.com\/product\/yoast-seo-wordpress\/ -->\n<title>Kalite Politikas\u0131<\/title>\n<meta name=\"robots\" content=\"index, follow, max-snippet:-1, max-image-preview:large, max-video-preview:-1\" \/>\n<link rel=\"canonical\" href=\"https:\/\/bodur.com.tr\/de\/qualitatspolitik\/\" \/>\n<meta property=\"og:locale\" content=\"de_DE\" \/>\n<meta property=\"og:type\" content=\"article\" \/>\n<meta property=\"og:title\" content=\"Kalite Politikas\u0131\" \/>\n<meta property=\"og:description\" content=\"KAL\u0130TE POL\u0130T\u0130KAMIZ Bodur End\u00fcstriyel kendi sekt\u00f6r\u00fcnde \u00fcr\u00fcn ve hizmet kalitesiyle olu\u015fturdu\u011fu g\u00fcvenin s\u00fcreklili\u011fini sa\u011flamay\u0131 ilke edinerek; S\u00fcrekli m\u00fc\u015fteri memnuniyeti sunmay\u0131,\" \/>\n<meta property=\"og:url\" content=\"https:\/\/bodur.com.tr\/de\/qualitatspolitik\/\" \/>\n<meta property=\"og:site_name\" content=\"Bodur End\u00fcstriyel\" \/>\n<meta property=\"article:publisher\" content=\"https:\/\/www.facebook.com\/bodurendustriyel\" \/>\n<meta property=\"article:modified_time\" content=\"2025-05-19T19:06:49+00:00\" \/>\n<meta property=\"og:image\" content=\"https:\/\/bodur.com.tr\/wp-content\/uploads\/vizyon-misyon.png\" \/>\n\t<meta property=\"og:image:width\" content=\"390\" \/>\n\t<meta property=\"og:image:height\" content=\"599\" \/>\n\t<meta property=\"og:image:type\" content=\"image\/png\" \/>\n<meta name=\"twitter:card\" content=\"summary_large_image\" \/>\n<script type=\"application\/ld+json\" class=\"yoast-schema-graph\">{\"@context\":\"https:\\\/\\\/schema.org\",\"@graph\":[{\"@type\":\"WebPage\",\"@id\":\"https:\\\/\\\/bodur.com.tr\\\/kalite-politikasi\",\"url\":\"https:\\\/\\\/bodur.com.tr\\\/kalite-politikasi\",\"name\":\"Kalite Politikas\u0131\",\"isPartOf\":{\"@id\":\"https:\\\/\\\/bodur.com.tr\\\/#website\"},\"primaryImageOfPage\":{\"@id\":\"https:\\\/\\\/bodur.com.tr\\\/kalite-politikasi#primaryimage\"},\"image\":{\"@id\":\"https:\\\/\\\/bodur.com.tr\\\/kalite-politikasi#primaryimage\"},\"thumbnailUrl\":\"https:\\\/\\\/bodur.com.tr\\\/wp-content\\\/uploads\\\/vizyon-misyon.png\",\"datePublished\":\"2025-05-18T16:07:35+00:00\",\"dateModified\":\"2025-05-19T19:06:49+00:00\",\"breadcrumb\":{\"@id\":\"https:\\\/\\\/bodur.com.tr\\\/kalite-politikasi#breadcrumb\"},\"inLanguage\":\"de\",\"potentialAction\":[{\"@type\":\"ReadAction\",\"target\":[\"https:\\\/\\\/bodur.com.tr\\\/kalite-politikasi\"]}]},{\"@type\":\"ImageObject\",\"inLanguage\":\"de\",\"@id\":\"https:\\\/\\\/bodur.com.tr\\\/kalite-politikasi#primaryimage\",\"url\":\"https:\\\/\\\/bodur.com.tr\\\/wp-content\\\/uploads\\\/vizyon-misyon.png\",\"contentUrl\":\"https:\\\/\\\/bodur.com.tr\\\/wp-content\\\/uploads\\\/vizyon-misyon.png\"},{\"@type\":\"BreadcrumbList\",\"@id\":\"https:\\\/\\\/bodur.com.tr\\\/kalite-politikasi#breadcrumb\",\"itemListElement\":[{\"@type\":\"ListItem\",\"position\":1,\"name\":\"Anasayfa\",\"item\":\"https:\\\/\\\/bodur.com.tr\\\/\"},{\"@type\":\"ListItem\",\"position\":2,\"name\":\"Kalite Politikas\u0131\"}]},{\"@type\":\"WebSite\",\"@id\":\"https:\\\/\\\/bodur.com.tr\\\/#website\",\"url\":\"https:\\\/\\\/bodur.com.tr\\\/\",\"name\":\"Bodur End\u00fcstriyel\",\"description\":\"\",\"publisher\":{\"@id\":\"https:\\\/\\\/bodur.com.tr\\\/#organization\"},\"potentialAction\":[{\"@type\":\"SearchAction\",\"target\":{\"@type\":\"EntryPoint\",\"urlTemplate\":\"https:\\\/\\\/bodur.com.tr\\\/?s={search_term_string}\"},\"query-input\":{\"@type\":\"PropertyValueSpecification\",\"valueRequired\":true,\"valueName\":\"search_term_string\"}}],\"inLanguage\":\"de\"},{\"@type\":\"Organization\",\"@id\":\"https:\\\/\\\/bodur.com.tr\\\/#organization\",\"name\":\"Bodur End\u00fcstriyel\",\"url\":\"https:\\\/\\\/bodur.com.tr\\\/\",\"logo\":{\"@type\":\"ImageObject\",\"inLanguage\":\"de\",\"@id\":\"https:\\\/\\\/bodur.com.tr\\\/#\\\/schema\\\/logo\\\/image\\\/\",\"url\":\"https:\\\/\\\/bodur.com.tr\\\/wp-content\\\/uploads\\\/51834268_258721005017375_5556593430731161600_n.jpg\",\"contentUrl\":\"https:\\\/\\\/bodur.com.tr\\\/wp-content\\\/uploads\\\/51834268_258721005017375_5556593430731161600_n.jpg\",\"width\":320,\"height\":320,\"caption\":\"Bodur End\u00fcstriyel\"},\"image\":{\"@id\":\"https:\\\/\\\/bodur.com.tr\\\/#\\\/schema\\\/logo\\\/image\\\/\"},\"sameAs\":[\"https:\\\/\\\/www.facebook.com\\\/bodurendustriyel\",\"https:\\\/\\\/www.instagram.com\\\/bodurendustriyel\\\/\",\"https:\\\/\\\/www.youtube.com\\\/user\\\/harunbodur\"]}]}<\/script>\n<!-- \/ Yoast SEO plugin. -->","yoast_head_json":{"title":"Qualit\u00e4tspolitik","robots":{"index":"index","follow":"follow","max-snippet":"max-snippet:-1","max-image-preview":"max-image-preview:large","max-video-preview":"max-video-preview:-1"},"canonical":"https:\/\/bodur.com.tr\/de\/qualitatspolitik\/","og_locale":"de_DE","og_type":"article","og_title":"Kalite Politikas\u0131","og_description":"KAL\u0130TE POL\u0130T\u0130KAMIZ Bodur End\u00fcstriyel kendi sekt\u00f6r\u00fcnde \u00fcr\u00fcn ve hizmet kalitesiyle olu\u015fturdu\u011fu g\u00fcvenin s\u00fcreklili\u011fini sa\u011flamay\u0131 ilke edinerek; S\u00fcrekli m\u00fc\u015fteri memnuniyeti sunmay\u0131,","og_url":"https:\/\/bodur.com.tr\/de\/qualitatspolitik\/","og_site_name":"Bodur End\u00fcstriyel","article_publisher":"https:\/\/www.facebook.com\/bodurendustriyel","article_modified_time":"2025-05-19T19:06:49+00:00","og_image":[{"width":390,"height":599,"url":"https:\/\/bodur.com.tr\/wp-content\/uploads\/vizyon-misyon.png","type":"image\/png"}],"twitter_card":"summary_large_image","schema":{"@context":"https:\/\/schema.org","@graph":[{"@type":"WebPage","@id":"https:\/\/bodur.com.tr\/kalite-politikasi","url":"https:\/\/bodur.com.tr\/kalite-politikasi","name":"Qualit\u00e4tspolitik","isPartOf":{"@id":"https:\/\/bodur.com.tr\/#website"},"primaryImageOfPage":{"@id":"https:\/\/bodur.com.tr\/kalite-politikasi#primaryimage"},"image":{"@id":"https:\/\/bodur.com.tr\/kalite-politikasi#primaryimage"},"thumbnailUrl":"https:\/\/bodur.com.tr\/wp-content\/uploads\/vizyon-misyon.png","datePublished":"2025-05-18T16:07:35+00:00","dateModified":"2025-05-19T19:06:49+00:00","breadcrumb":{"@id":"https:\/\/bodur.com.tr\/kalite-politikasi#breadcrumb"},"inLanguage":"de","potentialAction":[{"@type":"ReadAction","target":["https:\/\/bodur.com.tr\/kalite-politikasi"]}]},{"@type":"ImageObject","inLanguage":"de","@id":"https:\/\/bodur.com.tr\/kalite-politikasi#primaryimage","url":"https:\/\/bodur.com.tr\/wp-content\/uploads\/vizyon-misyon.png","contentUrl":"https:\/\/bodur.com.tr\/wp-content\/uploads\/vizyon-misyon.png"},{"@type":"BreadcrumbList","@id":"https:\/\/bodur.com.tr\/kalite-politikasi#breadcrumb","itemListElement":[{"@type":"ListItem","position":1,"name":"Anasayfa","item":"https:\/\/bodur.com.tr\/"},{"@type":"ListItem","position":2,"name":"Kalite Politikas\u0131"}]},{"@type":"WebSite","@id":"https:\/\/bodur.com.tr\/#website","url":"https:\/\/bodur.com.tr\/","name":"Bodur Industrial","description":"","publisher":{"@id":"https:\/\/bodur.com.tr\/#organization"},"potentialAction":[{"@type":"SearchAction","target":{"@type":"EntryPoint","urlTemplate":"https:\/\/bodur.com.tr\/?s={search_term_string}"},"query-input":{"@type":"PropertyValueSpecification","valueRequired":true,"valueName":"search_term_string"}}],"inLanguage":"de"},{"@type":"Organization","@id":"https:\/\/bodur.com.tr\/#organization","name":"Bodur Industrial","url":"https:\/\/bodur.com.tr\/","logo":{"@type":"ImageObject","inLanguage":"de","@id":"https:\/\/bodur.com.tr\/#\/schema\/logo\/image\/","url":"https:\/\/bodur.com.tr\/wp-content\/uploads\/51834268_258721005017375_5556593430731161600_n.jpg","contentUrl":"https:\/\/bodur.com.tr\/wp-content\/uploads\/51834268_258721005017375_5556593430731161600_n.jpg","width":320,"height":320,"caption":"Bodur End\u00fcstriyel"},"image":{"@id":"https:\/\/bodur.com.tr\/#\/schema\/logo\/image\/"},"sameAs":["https:\/\/www.facebook.com\/bodurendustriyel","https:\/\/www.instagram.com\/bodurendustriyel\/","https:\/\/www.youtube.com\/user\/harunbodur"]}]}},"_links":{"self":[{"href":"https:\/\/bodur.com.tr\/de\/wp-json\/wp\/v2\/pages\/21473","targetHints":{"allow":["GET"]}}],"collection":[{"href":"https:\/\/bodur.com.tr\/de\/wp-json\/wp\/v2\/pages"}],"about":[{"href":"https:\/\/bodur.com.tr\/de\/wp-json\/wp\/v2\/types\/page"}],"author":[{"embeddable":true,"href":"https:\/\/bodur.com.tr\/de\/wp-json\/wp\/v2\/users\/1"}],"replies":[{"embeddable":true,"href":"https:\/\/bodur.com.tr\/de\/wp-json\/wp\/v2\/comments?post=21473"}],"version-history":[{"count":0,"href":"https:\/\/bodur.com.tr\/de\/wp-json\/wp\/v2\/pages\/21473\/revisions"}],"wp:attachment":[{"href":"https:\/\/bodur.com.tr\/de\/wp-json\/wp\/v2\/media?parent=21473"}],"curies":[{"name":"wp","href":"https:\/\/api.w.org\/{rel}","templated":true}]}}