{"id":21467,"date":"2025-05-18T19:07:35","date_gmt":"2025-05-18T16:07:35","guid":{"rendered":"https:\/\/bodur.com.tr\/bilgi-guvenligi-politikasi"},"modified":"2025-06-22T16:49:02","modified_gmt":"2025-06-22T13:49:02","slug":"informationssicherheitsrichtlinie","status":"publish","type":"page","link":"https:\/\/bodur.com.tr\/de\/bilgi-guvenligi-politikasi","title":{"rendered":"Informationssicherheitsrichtlinie"},"content":{"rendered":"<div data-elementor-type=\"wp-page\" data-elementor-id=\"21467\" class=\"elementor elementor-21467\" data-elementor-post-type=\"page\">\n\t\t\t\t<div class=\"elementor-element elementor-element-2cfe007a e-flex e-con-boxed e-con e-parent\" data-id=\"2cfe007a\" data-element_type=\"container\" data-e-type=\"container\">\n\t\t\t\t\t<div class=\"e-con-inner\">\n\t\t<div class=\"elementor-element elementor-element-7821db80 e-con-full e-flex e-con e-child\" data-id=\"7821db80\" data-element_type=\"container\" data-e-type=\"container\">\n\t\t\t\t<div class=\"elementor-element elementor-element-4c96a670 color-scheme-inherit text-left elementor-widget elementor-widget-text-editor\" data-id=\"4c96a670\" data-element_type=\"widget\" data-e-type=\"widget\" data-widget_type=\"text-editor.default\">\n\t\t\t\t<div class=\"elementor-widget-container\">\n\t\t\t\t\t\t\t\t\t<p><span style=\"color: #0163a1;\"><strong>UNSERE INFORMATIONSSICHERHEITSRICHTLINIE<\/strong><\/span><\/p>\t\t\t\t\t\t\t\t<\/div>\n\t\t\t\t<\/div>\n\t\t\t\t<div class=\"elementor-element elementor-element-7e63cada color-scheme-inherit text-left elementor-widget elementor-widget-text-editor\" data-id=\"7e63cada\" data-element_type=\"widget\" data-e-type=\"widget\" data-widget_type=\"text-editor.default\">\n\t\t\t\t<div class=\"elementor-widget-container\">\n\t\t\t\t\t\t\t\t\t<h4><span style=\"color: #053f75;\"><strong>Die Bodur Cabin Systems Limited Company hat sich zum Ziel gesetzt, das in ihrer Branche aufgebaute Vertrauen durch die Qualit\u00e4t ihrer Produkte und Dienstleistungen zu sichern;<\/strong><\/span><\/h4>\t\t\t\t\t\t\t\t<\/div>\n\t\t\t\t<\/div>\n\t\t\t\t<\/div>\n\t\t<div class=\"elementor-element elementor-element-40b2ac78 e-con-full e-flex e-con e-child\" data-id=\"40b2ac78\" data-element_type=\"container\" data-e-type=\"container\">\n\t\t\t\t<div class=\"elementor-element elementor-element-596f7300 color-scheme-inherit text-left elementor-widget elementor-widget-text-editor\" data-id=\"596f7300\" data-element_type=\"widget\" data-e-type=\"widget\" data-widget_type=\"text-editor.default\">\n\t\t\t\t<div class=\"elementor-widget-container\">\n\t\t\t\t\t\t\t\t\t<p><strong>1. Zielsetzung:<\/strong><br \/>Ziel dieser Richtlinie ist es, den Umfang und die Grenzen des von Bodur implementierten Informationssicherheitsmanagementsystems (ISMS) klar zu definieren.<\/p><p><strong>2. Anwendungsbereich:<\/strong><br \/>Im Falle einer Informationssicherheitsverletzung ist es zwingend erforderlich, die Dienste auf dem niedrigstm\u00f6glichen akzeptablen Niveau wiederherzustellen. Das Informationssicherheits-Managementsystem (ISMS) umfasst alle von ihm verwalteten Dienste. Es bildet die Grundlage f\u00fcr die Konzeption, Wartung und Aktualisierung der bereitgestellten Dienste und Prozesse.<\/p><p><strong>3. Anwendung:<\/strong><br \/>Dementsprechend entspricht unsere ISMS-Richtlinie den folgenden Anforderungen:;<\/p><p>-Sichere Verwaltung von Informationswerten, Ermittlung des Wertes, der Bed\u00fcrfnisse und der Risiken, denen diese Werte ausgesetzt sein k\u00f6nnen, sowie Entwicklung und Implementierung von Kontrollma\u00dfnahmen gegen Sicherheitsrisiken.<br \/>- Die Schaffung eines methodischen Rahmens zur Bestimmung von Faktoren wie Wert, Sicherheitsbedarf, Schwachstellen und Bedrohungsh\u00e4ufigkeit von Informationsressourcen.<br \/>- Einen Rahmen f\u00fcr die Analyse der potenziellen Auswirkungen von Bedrohungen auf die Vertraulichkeit, Integrit\u00e4t und Verf\u00fcgbarkeit von Verm\u00f6genswerten zu definieren.<br \/>-Die grundlegenden Prinzipien zu definieren, die bei der Bew\u00e4ltigung der Risiken zu befolgen sind.<br \/>- Kontinuierliche Bewertung der Sicherheitsrisiken durch \u00dcberwachung der technologischen Entwicklungen im Rahmen der erbrachten Dienstleistungen.<br \/>- Um die Anforderungen an die Informationssicherheit gem\u00e4\u00df den geltenden nationalen und internationalen Vorschriften, Rechtsvorschriften und Vereinbarungen sowie den unternehmerischen Verantwortlichkeiten gegen\u00fcber internen und externen Interessengruppen zu erf\u00fcllen.<br \/>-Um die Auswirkungen von Informationssicherheitsrisiken, die die Kontinuit\u00e4t des Dienstes gef\u00e4hrden k\u00f6nnten, zu minimieren und einen ununterbrochenen Betrieb zu gew\u00e4hrleisten.<br \/>-Die F\u00e4higkeit, effektiv auf Informationssicherheitsvorf\u00e4lle zu reagieren und deren Auswirkungen zu mindern.<\/p>\t\t\t\t\t\t\t\t<\/div>\n\t\t\t\t<\/div>\n\t\t\t\t<\/div>\n\t\t\t\t\t<\/div>\n\t\t\t\t<\/div>\n\t\t\t\t<\/div>","protected":false},"excerpt":{"rendered":"<p>UNSERE INFORMATIONSSICHERHEITSRICHTLINIE Die Bodur Cabin Systems Limited Company hat sich dem Grundsatz verschrieben, die Kontinuit\u00e4t des Vertrauens zu gew\u00e4hrleisten, das sie sich durch die Qualit\u00e4t ihrer Produkte und Dienstleistungen in ihrem Sektor aufgebaut hat;<\/p>","protected":false},"author":1,"featured_media":0,"parent":0,"menu_order":0,"comment_status":"closed","ping_status":"closed","template":"","meta":{"footnotes":""},"class_list":["post-21467","page","type-page","status-publish","hentry"],"yoast_head":"<!-- This site is optimized with the Yoast SEO plugin v27.4 - https:\/\/yoast.com\/product\/yoast-seo-wordpress\/ -->\n<title>Bilgi G\u00fcvenli\u011fi Politikas\u0131<\/title>\n<meta name=\"robots\" content=\"index, follow, max-snippet:-1, max-image-preview:large, max-video-preview:-1\" \/>\n<link rel=\"canonical\" href=\"https:\/\/bodur.com.tr\/de\/informationssicherheitsrichtlinie\/\" \/>\n<meta property=\"og:locale\" content=\"de_DE\" \/>\n<meta property=\"og:type\" content=\"article\" \/>\n<meta property=\"og:title\" content=\"Bilgi G\u00fcvenli\u011fi Politikas\u0131\" \/>\n<meta property=\"og:description\" content=\"B\u0130LG\u0130 G\u00dcVENL\u0130\u011e\u0130 POL\u0130T\u0130KAMIZ Bodur Kabin Sistemleri Limited \u015eirketi, kendi sekt\u00f6r\u00fcnde \u00fcr\u00fcn ve hizmet kalitesiyle olu\u015fturdu\u011fu g\u00fcvenin s\u00fcreklili\u011fini sa\u011flamay\u0131 ilke edinerek;\" \/>\n<meta property=\"og:url\" content=\"https:\/\/bodur.com.tr\/de\/informationssicherheitsrichtlinie\/\" \/>\n<meta property=\"og:site_name\" content=\"Bodur End\u00fcstriyel\" \/>\n<meta property=\"article:publisher\" content=\"https:\/\/www.facebook.com\/bodurendustriyel\" \/>\n<meta property=\"article:modified_time\" content=\"2025-06-22T13:49:02+00:00\" \/>\n<meta name=\"twitter:card\" content=\"summary_large_image\" \/>\n<script type=\"application\/ld+json\" class=\"yoast-schema-graph\">{\"@context\":\"https:\\\/\\\/schema.org\",\"@graph\":[{\"@type\":\"WebPage\",\"@id\":\"https:\\\/\\\/bodur.com.tr\\\/bilgi-guvenligi-politikasi\",\"url\":\"https:\\\/\\\/bodur.com.tr\\\/bilgi-guvenligi-politikasi\",\"name\":\"Bilgi G\u00fcvenli\u011fi Politikas\u0131\",\"isPartOf\":{\"@id\":\"https:\\\/\\\/bodur.com.tr\\\/#website\"},\"datePublished\":\"2025-05-18T16:07:35+00:00\",\"dateModified\":\"2025-06-22T13:49:02+00:00\",\"breadcrumb\":{\"@id\":\"https:\\\/\\\/bodur.com.tr\\\/bilgi-guvenligi-politikasi#breadcrumb\"},\"inLanguage\":\"de\",\"potentialAction\":[{\"@type\":\"ReadAction\",\"target\":[\"https:\\\/\\\/bodur.com.tr\\\/bilgi-guvenligi-politikasi\"]}]},{\"@type\":\"BreadcrumbList\",\"@id\":\"https:\\\/\\\/bodur.com.tr\\\/bilgi-guvenligi-politikasi#breadcrumb\",\"itemListElement\":[{\"@type\":\"ListItem\",\"position\":1,\"name\":\"Anasayfa\",\"item\":\"https:\\\/\\\/bodur.com.tr\\\/\"},{\"@type\":\"ListItem\",\"position\":2,\"name\":\"Bilgi G\u00fcvenli\u011fi Politikas\u0131\"}]},{\"@type\":\"WebSite\",\"@id\":\"https:\\\/\\\/bodur.com.tr\\\/#website\",\"url\":\"https:\\\/\\\/bodur.com.tr\\\/\",\"name\":\"Bodur End\u00fcstriyel\",\"description\":\"\",\"publisher\":{\"@id\":\"https:\\\/\\\/bodur.com.tr\\\/#organization\"},\"potentialAction\":[{\"@type\":\"SearchAction\",\"target\":{\"@type\":\"EntryPoint\",\"urlTemplate\":\"https:\\\/\\\/bodur.com.tr\\\/?s={search_term_string}\"},\"query-input\":{\"@type\":\"PropertyValueSpecification\",\"valueRequired\":true,\"valueName\":\"search_term_string\"}}],\"inLanguage\":\"de\"},{\"@type\":\"Organization\",\"@id\":\"https:\\\/\\\/bodur.com.tr\\\/#organization\",\"name\":\"Bodur End\u00fcstriyel\",\"url\":\"https:\\\/\\\/bodur.com.tr\\\/\",\"logo\":{\"@type\":\"ImageObject\",\"inLanguage\":\"de\",\"@id\":\"https:\\\/\\\/bodur.com.tr\\\/#\\\/schema\\\/logo\\\/image\\\/\",\"url\":\"https:\\\/\\\/bodur.com.tr\\\/wp-content\\\/uploads\\\/51834268_258721005017375_5556593430731161600_n.jpg\",\"contentUrl\":\"https:\\\/\\\/bodur.com.tr\\\/wp-content\\\/uploads\\\/51834268_258721005017375_5556593430731161600_n.jpg\",\"width\":320,\"height\":320,\"caption\":\"Bodur End\u00fcstriyel\"},\"image\":{\"@id\":\"https:\\\/\\\/bodur.com.tr\\\/#\\\/schema\\\/logo\\\/image\\\/\"},\"sameAs\":[\"https:\\\/\\\/www.facebook.com\\\/bodurendustriyel\",\"https:\\\/\\\/www.instagram.com\\\/bodurendustriyel\\\/\",\"https:\\\/\\\/www.youtube.com\\\/user\\\/harunbodur\"]}]}<\/script>\n<!-- \/ Yoast SEO plugin. -->","yoast_head_json":{"title":"Informationssicherheitsrichtlinie","robots":{"index":"index","follow":"follow","max-snippet":"max-snippet:-1","max-image-preview":"max-image-preview:large","max-video-preview":"max-video-preview:-1"},"canonical":"https:\/\/bodur.com.tr\/de\/informationssicherheitsrichtlinie\/","og_locale":"de_DE","og_type":"article","og_title":"Bilgi G\u00fcvenli\u011fi Politikas\u0131","og_description":"B\u0130LG\u0130 G\u00dcVENL\u0130\u011e\u0130 POL\u0130T\u0130KAMIZ Bodur Kabin Sistemleri Limited \u015eirketi, kendi sekt\u00f6r\u00fcnde \u00fcr\u00fcn ve hizmet kalitesiyle olu\u015fturdu\u011fu g\u00fcvenin s\u00fcreklili\u011fini sa\u011flamay\u0131 ilke edinerek;","og_url":"https:\/\/bodur.com.tr\/de\/informationssicherheitsrichtlinie\/","og_site_name":"Bodur End\u00fcstriyel","article_publisher":"https:\/\/www.facebook.com\/bodurendustriyel","article_modified_time":"2025-06-22T13:49:02+00:00","twitter_card":"summary_large_image","schema":{"@context":"https:\/\/schema.org","@graph":[{"@type":"WebPage","@id":"https:\/\/bodur.com.tr\/bilgi-guvenligi-politikasi","url":"https:\/\/bodur.com.tr\/bilgi-guvenligi-politikasi","name":"Informationssicherheitsrichtlinie","isPartOf":{"@id":"https:\/\/bodur.com.tr\/#website"},"datePublished":"2025-05-18T16:07:35+00:00","dateModified":"2025-06-22T13:49:02+00:00","breadcrumb":{"@id":"https:\/\/bodur.com.tr\/bilgi-guvenligi-politikasi#breadcrumb"},"inLanguage":"de","potentialAction":[{"@type":"ReadAction","target":["https:\/\/bodur.com.tr\/bilgi-guvenligi-politikasi"]}]},{"@type":"BreadcrumbList","@id":"https:\/\/bodur.com.tr\/bilgi-guvenligi-politikasi#breadcrumb","itemListElement":[{"@type":"ListItem","position":1,"name":"Anasayfa","item":"https:\/\/bodur.com.tr\/"},{"@type":"ListItem","position":2,"name":"Bilgi G\u00fcvenli\u011fi Politikas\u0131"}]},{"@type":"WebSite","@id":"https:\/\/bodur.com.tr\/#website","url":"https:\/\/bodur.com.tr\/","name":"Bodur Industrial","description":"","publisher":{"@id":"https:\/\/bodur.com.tr\/#organization"},"potentialAction":[{"@type":"SearchAction","target":{"@type":"EntryPoint","urlTemplate":"https:\/\/bodur.com.tr\/?s={search_term_string}"},"query-input":{"@type":"PropertyValueSpecification","valueRequired":true,"valueName":"search_term_string"}}],"inLanguage":"de"},{"@type":"Organization","@id":"https:\/\/bodur.com.tr\/#organization","name":"Bodur Industrial","url":"https:\/\/bodur.com.tr\/","logo":{"@type":"ImageObject","inLanguage":"de","@id":"https:\/\/bodur.com.tr\/#\/schema\/logo\/image\/","url":"https:\/\/bodur.com.tr\/wp-content\/uploads\/51834268_258721005017375_5556593430731161600_n.jpg","contentUrl":"https:\/\/bodur.com.tr\/wp-content\/uploads\/51834268_258721005017375_5556593430731161600_n.jpg","width":320,"height":320,"caption":"Bodur End\u00fcstriyel"},"image":{"@id":"https:\/\/bodur.com.tr\/#\/schema\/logo\/image\/"},"sameAs":["https:\/\/www.facebook.com\/bodurendustriyel","https:\/\/www.instagram.com\/bodurendustriyel\/","https:\/\/www.youtube.com\/user\/harunbodur"]}]}},"_links":{"self":[{"href":"https:\/\/bodur.com.tr\/de\/wp-json\/wp\/v2\/pages\/21467","targetHints":{"allow":["GET"]}}],"collection":[{"href":"https:\/\/bodur.com.tr\/de\/wp-json\/wp\/v2\/pages"}],"about":[{"href":"https:\/\/bodur.com.tr\/de\/wp-json\/wp\/v2\/types\/page"}],"author":[{"embeddable":true,"href":"https:\/\/bodur.com.tr\/de\/wp-json\/wp\/v2\/users\/1"}],"replies":[{"embeddable":true,"href":"https:\/\/bodur.com.tr\/de\/wp-json\/wp\/v2\/comments?post=21467"}],"version-history":[{"count":0,"href":"https:\/\/bodur.com.tr\/de\/wp-json\/wp\/v2\/pages\/21467\/revisions"}],"wp:attachment":[{"href":"https:\/\/bodur.com.tr\/de\/wp-json\/wp\/v2\/media?parent=21467"}],"curies":[{"name":"wp","href":"https:\/\/api.w.org\/{rel}","templated":true}]}}