{"id":21470,"date":"2025-05-18T19:07:35","date_gmt":"2025-05-18T16:07:35","guid":{"rendered":"https:\/\/bodur.com.tr\/kvkk-aydinlatma-metni"},"modified":"2025-05-19T21:43:28","modified_gmt":"2025-05-19T18:43:28","slug":"informacni-text-kvkk-zakon-o-ochrane-osobnich-udaju","status":"publish","type":"page","link":"https:\/\/bodur.com.tr\/cs\/kvkk-aydinlatma-metni","title":{"rendered":"Informa\u010dn\u00ed text k z\u00e1konu o ochran\u011b osobn\u00edch \u00fadaj\u016f (KVKK)"},"content":{"rendered":"<div data-elementor-type=\"wp-page\" data-elementor-id=\"21470\" class=\"elementor elementor-21470\" data-elementor-post-type=\"page\">\n\t\t\t\t<div class=\"elementor-element elementor-element-4a0fde0e e-flex e-con-boxed e-con e-parent\" data-id=\"4a0fde0e\" data-element_type=\"container\" data-e-type=\"container\">\n\t\t\t\t\t<div class=\"e-con-inner\">\n\t\t\t\t<div class=\"elementor-element elementor-element-3ed4148a color-scheme-inherit text-left elementor-widget elementor-widget-text-editor\" data-id=\"3ed4148a\" data-element_type=\"widget\" data-e-type=\"widget\" data-widget_type=\"text-editor.default\">\n\t\t\t\t<div class=\"elementor-widget-container\">\n\t\t\t\t\t\t\t\t\t<h3><span style=\"color: #053c6f;\"><strong>INFORMA\u010cN\u00cd TEXT SPOLE\u010cNOSTI BODUR INDUSTRIAL CABIN SYSTEMS LIMITED OHLEDN\u011a ZPRACOV\u00c1N\u00cd OSOBN\u00cdCH \u00daDAJ\u016e<\/strong><\/span><\/h3>\t\t\t\t\t\t\t\t<\/div>\n\t\t\t\t<\/div>\n\t\t\t\t<div class=\"elementor-element elementor-element-dfb29f7 color-scheme-inherit text-left elementor-widget elementor-widget-text-editor\" data-id=\"dfb29f7\" data-element_type=\"widget\" data-e-type=\"widget\" data-widget_type=\"text-editor.default\">\n\t\t\t\t<div class=\"elementor-widget-container\">\n\t\t\t\t\t\t\t\t\t<div class=\"wpb_text_column wpb_content_element wpb_animate_when_almost_visible wpb_fadeIn fadeIn vc_custom_1610353878440 wpb_start_animation animated\"><div class=\"wpb_wrapper\"><h3>A) <strong>Spr\u00e1vce \u00fadaj\u016f a z\u00e1stupce<\/strong><\/h3><p>V souladu se z\u00e1konem \u010d. 6698 o ochran\u011b osobn\u00edch \u00fadaj\u016f (\u201cz\u00e1kon \u010d. 6698\u201d) mohou b\u00fdt va\u0161e osobn\u00ed \u00fadaje zpracov\u00e1v\u00e1ny spole\u010dnost\u00ed Bodur Industrial Cabin Systems Limited Company (\u201cspole\u010dnost\u201d nebo \u201cBodur\u201d) jako spr\u00e1vcem \u00fadaj\u016f, a to v rozsahu popsan\u00e9m n\u00ed\u017ee.<\/p><\/div><\/div><div class=\"wpb_text_column wpb_content_element wpb_animate_when_almost_visible wpb_fadeIn fadeIn vc_custom_1610353864087 wpb_start_animation animated\"><div class=\"wpb_wrapper\"><h3>b) <strong>\u00da\u010del, pro kter\u00fd budou osobn\u00ed \u00fadaje zpracov\u00e1v\u00e1ny<\/strong><\/h3><p>Va\u0161e shrom\u00e1\u017ed\u011bn\u00e9 osobn\u00ed \u00fadaje budou zpracov\u00e1v\u00e1ny v rozsahu podm\u00ednek a \u00fa\u010del\u016f zpracov\u00e1n\u00ed osobn\u00edch \u00fadaj\u016f uveden\u00fdch v \u010dl\u00e1nc\u00edch 5 a 6 z\u00e1kona \u010d. 6698 pro n\u00e1sleduj\u00edc\u00ed \u00fa\u010dely: zaji\u0161t\u011bn\u00ed pr\u00e1vn\u00ed, technick\u00e9 a obchodn\u011b-obchodn\u00ed bezpe\u010dnosti Spole\u010dnosti a p\u0159\u00edslu\u0161n\u00fdch osob, se kter\u00fdmi m\u00e1 Spole\u010dnost obchodn\u00ed vztah; pl\u00e1nov\u00e1n\u00ed a prov\u00e1d\u011bn\u00ed nezbytn\u00fdch \u010dinnost\u00ed pro p\u0159izp\u016fsoben\u00ed a doporu\u010dov\u00e1n\u00ed produkt\u016f a slu\u017eeb nab\u00edzen\u00fdch Spole\u010dnost\u00ed p\u0159\u00edslu\u0161n\u00fdm osob\u00e1m podle jejich preferenc\u00ed, zvyklost\u00ed a pot\u0159eb; prov\u00e1d\u011bn\u00ed nezbytn\u00e9 pr\u00e1ce na\u0161imi obchodn\u00edmi jednotkami a prov\u00e1d\u011bn\u00ed p\u0159\u00edslu\u0161n\u00fdch obchodn\u00edch proces\u016f, aby p\u0159\u00edslu\u0161n\u00e9 osoby mohly vyu\u017e\u00edvat produkty a slu\u017eby nab\u00edzen\u00e9 Spole\u010dnost\u00ed; pl\u00e1nov\u00e1n\u00ed a prov\u00e1d\u011bn\u00ed obchodn\u00edch a\/nebo obchodn\u00edch strategi\u00ed Spole\u010dnosti; prov\u00e1d\u011bn\u00ed nezbytn\u00e9 pr\u00e1ce na\u0161imi p\u0159\u00edslu\u0161n\u00fdmi obchodn\u00edmi jednotkami a prov\u00e1d\u011bn\u00ed souvisej\u00edc\u00edch obchodn\u00edch proces\u016f pro realizaci obchodn\u00edch aktivit prov\u00e1d\u011bn\u00fdch Spole\u010dnost\u00ed; a pl\u00e1nov\u00e1n\u00ed a prov\u00e1d\u011bn\u00ed politik a proces\u016f Spole\u010dnosti v oblasti lidsk\u00fdch zdroj\u016f.<\/p><\/div><\/div><div class=\"wpb_text_column wpb_content_element wpb_animate_when_almost_visible wpb_fadeIn fadeIn vc_custom_1610353873819 wpb_start_animation animated\"><div class=\"wpb_wrapper\"><h3><strong>c) Komu a za jak\u00fdm \u00fa\u010delem mohou b\u00fdt zpracov\u00e1van\u00e9 osobn\u00ed \u00fadaje p\u0159ed\u00e1ny<\/strong><\/h3><p>Va\u0161e shrom\u00e1\u017ed\u011bn\u00e9 osobn\u00ed \u00fadaje mohou b\u00fdt p\u0159ed\u00e1ny na\u0161im obchodn\u00edm partner\u016fm, dodavatel\u016fm, akcion\u00e1\u0159\u016fm, p\u0159idru\u017een\u00fdm spole\u010dnostem, z\u00e1konem opr\u00e1vn\u011bn\u00fdm ve\u0159ejn\u00fdm instituc\u00edm a soukrom\u00fdm osob\u00e1m v rozsahu \u00fa\u010del\u016f uveden\u00fdch v \u010dl\u00e1nc\u00edch 8 a 9 z\u00e1kona \u010d. 6698 a omezeno na v\u00fd\u0161e uveden\u00e9 \u00fa\u010dely, pro n\u00e1sleduj\u00edc\u00ed \u00fa\u010dely: pl\u00e1nov\u00e1n\u00ed a prov\u00e1d\u011bn\u00ed \u010dinnost\u00ed nezbytn\u00fdch pro p\u0159izp\u016fsoben\u00ed a doporu\u010dov\u00e1n\u00ed produkt\u016f a slu\u017eeb nab\u00edzen\u00fdch Spole\u010dnost\u00ed p\u0159\u00edslu\u0161n\u00fdm osob\u00e1m podle jejich preferenc\u00ed, zvyklost\u00ed a pot\u0159eb; prov\u00e1d\u011bn\u00ed nezbytn\u00e9 pr\u00e1ce na\u0161imi p\u0159\u00edslu\u0161n\u00fdmi obchodn\u00edmi jednotkami a prov\u00e1d\u011bn\u00ed souvisej\u00edc\u00edch obchodn\u00edch proces\u016f pro v\u00fdkon obchodn\u00edch \u010dinnost\u00ed prov\u00e1d\u011bn\u00fdch Spole\u010dnost\u00ed; prov\u00e1d\u011bn\u00ed nezbytn\u00e9 pr\u00e1ce na\u0161imi obchodn\u00edmi jednotkami a prov\u00e1d\u011bn\u00ed souvisej\u00edc\u00edch obchodn\u00edch proces\u016f, aby p\u0159\u00edslu\u0161n\u00e9 osoby mohly t\u011b\u017eit z produkt\u016f a slu\u017eeb nab\u00edzen\u00fdch Spole\u010dnost\u00ed; pl\u00e1nov\u00e1n\u00ed a prov\u00e1d\u011bn\u00ed obchodn\u00edch a\/nebo obchodn\u00edch strategi\u00ed Spole\u010dnosti; a zaji\u0161t\u011bn\u00ed pr\u00e1vn\u00ed, technick\u00e9 a obchodn\u011b-obchodn\u00ed bezpe\u010dnosti Spole\u010dnosti a p\u0159\u00edslu\u0161n\u00fdch osob, se kter\u00fdmi m\u00e1 Spole\u010dnost obchodn\u00ed vztah.<\/p><\/div><\/div><div class=\"wpb_text_column wpb_content_element wpb_animate_when_almost_visible wpb_fadeIn fadeIn vc_custom_1610353937269 wpb_start_animation animated\"><div class=\"wpb_wrapper\"><h3><strong>c) Zp\u016fsob a pr\u00e1vn\u00ed z\u00e1klad pro shroma\u017e\u010fov\u00e1n\u00ed osobn\u00edch \u00fadaj\u016f<\/strong><\/h3><p>Va\u0161e osobn\u00ed \u00fadaje shroma\u017e\u010fujeme na\u0161\u00ed spole\u010dnost\u00ed prost\u0159ednictv\u00edm r\u016fzn\u00fdch kan\u00e1l\u016f a na z\u00e1klad\u011b r\u016fzn\u00fdch pr\u00e1vn\u00edch d\u016fvod\u016f za \u00fa\u010delem zlep\u0161ov\u00e1n\u00ed produkt\u016f a slu\u017eeb, kter\u00e9 nab\u00edz\u00edme, a prov\u00e1d\u011bn\u00ed na\u0161ich obchodn\u00edch aktivit. B\u011bhem tohoto procesu jsou va\u0161e osobn\u00ed \u00fadaje shroma\u017e\u010fov\u00e1ny prost\u0159ednictv\u00edm informa\u010dn\u00edch a popt\u00e1vkov\u00fdch formul\u00e1\u0159\u016f na na\u0161ich webov\u00fdch str\u00e1nk\u00e1ch a v mobiln\u00edch aplikac\u00edch nebo ve fyzick\u00e9 podob\u011b. Osobn\u00ed \u00fadaje shrom\u00e1\u017ed\u011bn\u00e9 na z\u00e1klad\u011b t\u011bchto pr\u00e1vn\u00edch d\u016fvod\u016f mohou b\u00fdt tak\u00e9 zpracov\u00e1v\u00e1ny a p\u0159ed\u00e1v\u00e1ny pro \u00fa\u010dely uveden\u00e9 v bodech (b) a (c) tohoto prohl\u00e1\u0161en\u00ed o zve\u0159ejn\u011bn\u00ed, v rozsahu podm\u00ednek a \u00fa\u010del\u016f zpracov\u00e1n\u00ed osobn\u00edch \u00fadaj\u016f uveden\u00fdch v \u010dl\u00e1nc\u00edch 5 a 6 z\u00e1kona \u010d. 6698.<\/p><\/div><\/div><div class=\"wpb_text_column wpb_content_element wpb_animate_when_almost_visible wpb_fadeIn fadeIn vc_custom_1610354171093 wpb_start_animation animated\"><div class=\"wpb_wrapper\"><h3><strong>d) Pr\u00e1va subjektu osobn\u00edch \u00fadaj\u016f uveden\u00e1 v \u010dl\u00e1nku 11 z\u00e1kona \u010d. 6698<\/strong><\/h3><p>Jako subjekty \u00fadaj\u016f, pokud pod\u00e1te Spole\u010dnosti \u017e\u00e1dosti t\u00fdkaj\u00edc\u00ed se Va\u0161ich pr\u00e1v, spole\u010dnost Bodur va\u0161i \u017e\u00e1dost vy\u0159\u00edd\u00ed co nejd\u0159\u00edve, nejpozd\u011bji v\u0161ak do t\u0159iceti dn\u016f, v z\u00e1vislosti na povaze \u017e\u00e1dosti. Pokud v\u0161ak proces vy\u017eaduje dodate\u010dn\u00e9 n\u00e1klady, spole\u010dnost Bodur si \u00fa\u010dtuje poplatek stanoven\u00fd \u00da\u0159adem pro ochranu osobn\u00edch \u00fadaj\u016f. V t\u00e9to souvislosti maj\u00ed subjekty \u00fadaj\u016f n\u00e1sleduj\u00edc\u00ed pr\u00e1va:;<\/p><p><span data-contrast=\"none\">\u2022 Chcete-li zjistit, zda jsou va\u0161e osobn\u00ed \u00fadaje zpracov\u00e1v\u00e1ny,<\/span><\/p><p><span data-contrast=\"none\">\u2022 \u017d\u00e1dost o informace t\u00fdkaj\u00edc\u00ed se zpracov\u00e1n\u00ed osobn\u00edch \u00fadaj\u016f,<\/span><\/p><p><span data-contrast=\"none\">\u2022 Zjistit \u00fa\u010del, pro kter\u00fd jsou osobn\u00ed \u00fadaje zpracov\u00e1v\u00e1ny, a zda jsou pro tento \u00fa\u010del pou\u017e\u00edv\u00e1ny vhodn\u00fdm zp\u016fsobem,<\/span><\/p><p><span data-contrast=\"none\">\u2022 Znalost t\u0159et\u00edch stran, kter\u00fdm jsou osobn\u00ed \u00fadaje p\u0159ed\u00e1v\u00e1ny, a\u0165 u\u017e v r\u00e1mci zem\u011b nebo mezin\u00e1rodn\u011b.,<\/span><\/p><p><span data-contrast=\"none\">\u2022 Pr\u00e1vo po\u017eadovat opravu osobn\u00edch \u00fadaj\u016f, pokud byly zpracov\u00e1v\u00e1ny ne\u00fapln\u011b nebo nespr\u00e1vn\u011b, a po\u017eadovat, aby tato oprava byla ozn\u00e1mena t\u0159et\u00edm stran\u00e1m, kter\u00fdm byly osobn\u00ed \u00fadaje p\u0159ed\u00e1ny.,<\/span><\/p><p><span data-contrast=\"none\">\u2022 Pr\u00e1vo po\u017eadovat v\u00fdmaz nebo zni\u010den\u00ed osobn\u00edch \u00fadaj\u016f, a to i v p\u0159\u00edpad\u011b, \u017ee jsou zpracov\u00e1v\u00e1ny v souladu se z\u00e1konem \u010d. 6698 a dal\u0161\u00edmi p\u0159\u00edslu\u0161n\u00fdmi z\u00e1kony, pokud pominou d\u016fvody vy\u017eaduj\u00edc\u00ed jejich zpracov\u00e1n\u00ed, a po\u017eadovat, aby o tomto \u00fakonu byly informov\u00e1ny t\u0159et\u00ed strany, kter\u00fdm byly osobn\u00ed \u00fadaje p\u0159ed\u00e1ny.,<\/span><\/p><p><span data-contrast=\"none\">\u2022 Pr\u00e1vo vzn\u00e9st n\u00e1mitku proti v\u00fdsledku anal\u00fdzy zpracov\u00e1van\u00fdch \u00fadaj\u016f v\u00fdhradn\u011b prost\u0159ednictv\u00edm automatizovan\u00fdch syst\u00e9m\u016f, kter\u00fd je pro v\u00e1s nep\u0159\u00edzniv\u00fd.,<\/span><\/p><p>\u2022 Fyzick\u00e9 osoby maj\u00ed pr\u00e1vo po\u017eadovat n\u00e1hradu \u0161kody vznikl\u00e9 v d\u016fsledku protipr\u00e1vn\u00edho zpracov\u00e1n\u00ed jejich osobn\u00edch \u00fadaj\u016f.\u00a0<\/p><\/div><\/div>\t\t\t\t\t\t\t\t<\/div>\n\t\t\t\t<\/div>\n\t\t\t\t\t<\/div>\n\t\t\t\t<\/div>\n\t\t\t\t<\/div>","protected":false},"excerpt":{"rendered":"<p>INFORMA\u010cN\u00cd TEXT SPOLE\u010cNOSTI BODUR INDUSTRIAL CABIN SYSTEMS LIMITED OHLEDN\u011a ZPRACOV\u00c1N\u00cd OSOBN\u00cdCH \u00daDAJ\u016e a) Z\u00e1kon \u010d. 6698 o osobn\u00edch \u00fadaj\u00edch, kter\u00fdm je spr\u00e1vce \u00fadaj\u016f a jeho z\u00e1stupce<\/p>","protected":false},"author":1,"featured_media":0,"parent":0,"menu_order":0,"comment_status":"closed","ping_status":"closed","template":"","meta":{"footnotes":""},"class_list":["post-21470","page","type-page","status-publish","hentry"],"yoast_head":"<!-- This site is optimized with the Yoast SEO plugin v27.4 - https:\/\/yoast.com\/product\/yoast-seo-wordpress\/ -->\n<title>KVKK Ayd\u0131nlatma Metni<\/title>\n<meta name=\"robots\" content=\"index, follow, max-snippet:-1, max-image-preview:large, max-video-preview:-1\" \/>\n<link rel=\"canonical\" href=\"https:\/\/bodur.com.tr\/cs\/informacni-text-kvkk-zakon-o-ochrane-osobnich-udaju\/\" \/>\n<meta property=\"og:locale\" content=\"cs_CZ\" \/>\n<meta property=\"og:type\" content=\"article\" \/>\n<meta property=\"og:title\" content=\"KVKK Ayd\u0131nlatma Metni\" \/>\n<meta property=\"og:description\" content=\"BODUR END\u00dcSTR\u0130YEL KAB\u0130N S\u0130STEMLER\u0130 L\u0130M\u0130TED \u015e\u0130RKET\u0130 K\u0130\u015e\u0130SEL VER\u0130LER\u0130N \u0130\u015eLENMES\u0130NE \u0130L\u0130\u015eK\u0130N AYDINLATMA METN\u0130 a) Veri Sorumlusu ve Temsilcisi 6698 say\u0131l\u0131 Ki\u015fisel\" \/>\n<meta property=\"og:url\" content=\"https:\/\/bodur.com.tr\/cs\/informacni-text-kvkk-zakon-o-ochrane-osobnich-udaju\/\" \/>\n<meta property=\"og:site_name\" content=\"Bodur End\u00fcstriyel\" \/>\n<meta property=\"article:publisher\" content=\"https:\/\/www.facebook.com\/bodurendustriyel\" \/>\n<meta property=\"article:modified_time\" content=\"2025-05-19T18:43:28+00:00\" \/>\n<meta name=\"twitter:card\" content=\"summary_large_image\" \/>\n<script type=\"application\/ld+json\" class=\"yoast-schema-graph\">{\"@context\":\"https:\\\/\\\/schema.org\",\"@graph\":[{\"@type\":\"WebPage\",\"@id\":\"https:\\\/\\\/bodur.com.tr\\\/kvkk-aydinlatma-metni\",\"url\":\"https:\\\/\\\/bodur.com.tr\\\/kvkk-aydinlatma-metni\",\"name\":\"KVKK Ayd\u0131nlatma Metni\",\"isPartOf\":{\"@id\":\"https:\\\/\\\/bodur.com.tr\\\/#website\"},\"datePublished\":\"2025-05-18T16:07:35+00:00\",\"dateModified\":\"2025-05-19T18:43:28+00:00\",\"breadcrumb\":{\"@id\":\"https:\\\/\\\/bodur.com.tr\\\/kvkk-aydinlatma-metni#breadcrumb\"},\"inLanguage\":\"cs\",\"potentialAction\":[{\"@type\":\"ReadAction\",\"target\":[\"https:\\\/\\\/bodur.com.tr\\\/kvkk-aydinlatma-metni\"]}]},{\"@type\":\"BreadcrumbList\",\"@id\":\"https:\\\/\\\/bodur.com.tr\\\/kvkk-aydinlatma-metni#breadcrumb\",\"itemListElement\":[{\"@type\":\"ListItem\",\"position\":1,\"name\":\"Anasayfa\",\"item\":\"https:\\\/\\\/bodur.com.tr\\\/\"},{\"@type\":\"ListItem\",\"position\":2,\"name\":\"KVKK Ayd\u0131nlatma Metni\"}]},{\"@type\":\"WebSite\",\"@id\":\"https:\\\/\\\/bodur.com.tr\\\/#website\",\"url\":\"https:\\\/\\\/bodur.com.tr\\\/\",\"name\":\"Bodur End\u00fcstriyel\",\"description\":\"\",\"publisher\":{\"@id\":\"https:\\\/\\\/bodur.com.tr\\\/#organization\"},\"potentialAction\":[{\"@type\":\"SearchAction\",\"target\":{\"@type\":\"EntryPoint\",\"urlTemplate\":\"https:\\\/\\\/bodur.com.tr\\\/?s={search_term_string}\"},\"query-input\":{\"@type\":\"PropertyValueSpecification\",\"valueRequired\":true,\"valueName\":\"search_term_string\"}}],\"inLanguage\":\"cs\"},{\"@type\":\"Organization\",\"@id\":\"https:\\\/\\\/bodur.com.tr\\\/#organization\",\"name\":\"Bodur End\u00fcstriyel\",\"url\":\"https:\\\/\\\/bodur.com.tr\\\/\",\"logo\":{\"@type\":\"ImageObject\",\"inLanguage\":\"cs\",\"@id\":\"https:\\\/\\\/bodur.com.tr\\\/#\\\/schema\\\/logo\\\/image\\\/\",\"url\":\"https:\\\/\\\/bodur.com.tr\\\/wp-content\\\/uploads\\\/51834268_258721005017375_5556593430731161600_n.jpg\",\"contentUrl\":\"https:\\\/\\\/bodur.com.tr\\\/wp-content\\\/uploads\\\/51834268_258721005017375_5556593430731161600_n.jpg\",\"width\":320,\"height\":320,\"caption\":\"Bodur End\u00fcstriyel\"},\"image\":{\"@id\":\"https:\\\/\\\/bodur.com.tr\\\/#\\\/schema\\\/logo\\\/image\\\/\"},\"sameAs\":[\"https:\\\/\\\/www.facebook.com\\\/bodurendustriyel\",\"https:\\\/\\\/www.instagram.com\\\/bodurendustriyel\\\/\",\"https:\\\/\\\/www.youtube.com\\\/user\\\/harunbodur\"]}]}<\/script>\n<!-- \/ Yoast SEO plugin. -->","yoast_head_json":{"title":"Informa\u010dn\u00ed text k z\u00e1konu o ochran\u011b osobn\u00edch \u00fadaj\u016f (KVKK)","robots":{"index":"index","follow":"follow","max-snippet":"max-snippet:-1","max-image-preview":"max-image-preview:large","max-video-preview":"max-video-preview:-1"},"canonical":"https:\/\/bodur.com.tr\/cs\/informacni-text-kvkk-zakon-o-ochrane-osobnich-udaju\/","og_locale":"cs_CZ","og_type":"article","og_title":"KVKK Ayd\u0131nlatma Metni","og_description":"BODUR END\u00dcSTR\u0130YEL KAB\u0130N S\u0130STEMLER\u0130 L\u0130M\u0130TED \u015e\u0130RKET\u0130 K\u0130\u015e\u0130SEL VER\u0130LER\u0130N \u0130\u015eLENMES\u0130NE \u0130L\u0130\u015eK\u0130N AYDINLATMA METN\u0130 a) Veri Sorumlusu ve Temsilcisi 6698 say\u0131l\u0131 Ki\u015fisel","og_url":"https:\/\/bodur.com.tr\/cs\/informacni-text-kvkk-zakon-o-ochrane-osobnich-udaju\/","og_site_name":"Bodur End\u00fcstriyel","article_publisher":"https:\/\/www.facebook.com\/bodurendustriyel","article_modified_time":"2025-05-19T18:43:28+00:00","twitter_card":"summary_large_image","schema":{"@context":"https:\/\/schema.org","@graph":[{"@type":"WebPage","@id":"https:\/\/bodur.com.tr\/kvkk-aydinlatma-metni","url":"https:\/\/bodur.com.tr\/kvkk-aydinlatma-metni","name":"Informa\u010dn\u00ed text k z\u00e1konu o ochran\u011b osobn\u00edch \u00fadaj\u016f (KVKK)","isPartOf":{"@id":"https:\/\/bodur.com.tr\/#website"},"datePublished":"2025-05-18T16:07:35+00:00","dateModified":"2025-05-19T18:43:28+00:00","breadcrumb":{"@id":"https:\/\/bodur.com.tr\/kvkk-aydinlatma-metni#breadcrumb"},"inLanguage":"cs","potentialAction":[{"@type":"ReadAction","target":["https:\/\/bodur.com.tr\/kvkk-aydinlatma-metni"]}]},{"@type":"BreadcrumbList","@id":"https:\/\/bodur.com.tr\/kvkk-aydinlatma-metni#breadcrumb","itemListElement":[{"@type":"ListItem","position":1,"name":"Anasayfa","item":"https:\/\/bodur.com.tr\/"},{"@type":"ListItem","position":2,"name":"KVKK Ayd\u0131nlatma Metni"}]},{"@type":"WebSite","@id":"https:\/\/bodur.com.tr\/#website","url":"https:\/\/bodur.com.tr\/","name":"Bodur Industrial","description":"","publisher":{"@id":"https:\/\/bodur.com.tr\/#organization"},"potentialAction":[{"@type":"SearchAction","target":{"@type":"EntryPoint","urlTemplate":"https:\/\/bodur.com.tr\/?s={search_term_string}"},"query-input":{"@type":"PropertyValueSpecification","valueRequired":true,"valueName":"search_term_string"}}],"inLanguage":"cs"},{"@type":"Organization","@id":"https:\/\/bodur.com.tr\/#organization","name":"Bodur Industrial","url":"https:\/\/bodur.com.tr\/","logo":{"@type":"ImageObject","inLanguage":"cs","@id":"https:\/\/bodur.com.tr\/#\/schema\/logo\/image\/","url":"https:\/\/bodur.com.tr\/wp-content\/uploads\/51834268_258721005017375_5556593430731161600_n.jpg","contentUrl":"https:\/\/bodur.com.tr\/wp-content\/uploads\/51834268_258721005017375_5556593430731161600_n.jpg","width":320,"height":320,"caption":"Bodur End\u00fcstriyel"},"image":{"@id":"https:\/\/bodur.com.tr\/#\/schema\/logo\/image\/"},"sameAs":["https:\/\/www.facebook.com\/bodurendustriyel","https:\/\/www.instagram.com\/bodurendustriyel\/","https:\/\/www.youtube.com\/user\/harunbodur"]}]}},"_links":{"self":[{"href":"https:\/\/bodur.com.tr\/cs\/wp-json\/wp\/v2\/pages\/21470","targetHints":{"allow":["GET"]}}],"collection":[{"href":"https:\/\/bodur.com.tr\/cs\/wp-json\/wp\/v2\/pages"}],"about":[{"href":"https:\/\/bodur.com.tr\/cs\/wp-json\/wp\/v2\/types\/page"}],"author":[{"embeddable":true,"href":"https:\/\/bodur.com.tr\/cs\/wp-json\/wp\/v2\/users\/1"}],"replies":[{"embeddable":true,"href":"https:\/\/bodur.com.tr\/cs\/wp-json\/wp\/v2\/comments?post=21470"}],"version-history":[{"count":0,"href":"https:\/\/bodur.com.tr\/cs\/wp-json\/wp\/v2\/pages\/21470\/revisions"}],"wp:attachment":[{"href":"https:\/\/bodur.com.tr\/cs\/wp-json\/wp\/v2\/media?parent=21470"}],"curies":[{"name":"wp","href":"https:\/\/api.w.org\/{rel}","templated":true}]}}